{"id":4867,"date":"2021-10-11T14:28:01","date_gmt":"2021-10-11T12:28:01","guid":{"rendered":"https:\/\/sixtcorpstage.wpengine.com\/it-it\/?page_id=4867"},"modified":"2025-11-03T10:37:51","modified_gmt":"2025-11-03T08:37:51","slug":"auto-aziendale-acquisto-o-noleggio","status":"publish","type":"page","link":"https:\/\/corporate.sixt.com\/it-it\/auto-aziendale-acquisto-o-noleggio\/","title":{"rendered":"SEA_Alternative di auto aziendali a lungo termine"},"content":{"rendered":"<div class=\"sxc-hero wbq_add_params_on_clickout\">\n    <img class=\"sxc-hero__image\" src=\"https:\/\/corporate.sixt.com\/it-it\/wp-content\/uploads\/sites\/14\/2021\/10\/sixt.com-alternative-di-auto-aziendali-a-lungo-termine-company-car-alternatives-hero.jpg\"\n         alt=\"SOLUZIONI FLESSIBILI DI FLOTTA E ALTERNATIVE DI AUTO AZIENDALI\">\n    <div class=\"sxc-hero__inner\">\n\t\t<h1 class=\"sxc-hero__inner__headline\">SOLUZIONI FLESSIBILI DI FLOTTA E ALTERNATIVE DI AUTO AZIENDALI<\/h1>        <div class=\"sxc-hero__inner__overview\">SIXT e la sua flotta aiutano la tua azienda a rimanere competitiva e soprattutto ad abbattere i costi: scegli l\u2019offerta pi\u00f9 conveniente per te e la tua azienda, il bilancio ti sorrider\u00e0 e potrai aumentare l\u2019ampiezza del tuo parco auto allo stesso tempo. Il noleggio a lungo termine business di SIXT ti garantisce vetture sempre moderne, senza limiti di tempo e con tariffe vantaggiose: personalizza il tuo piano di noleggio.<\/div>\n    <\/div>\n\t        <div class=\"sxc-hero__cta\">\n            <a href=\"https:\/\/corporate-signup.sixt.com\/?lang=it&amp;country_code=it&amp;product_type=sixt_plus\"\n               class=\"sxc-cta\">\n\t\t\t\tRicevi una offerta su misura            <\/a>\n        <\/div>\n\t<\/div>\n<div class=\"sxc-benefits-details\">\n    <div class=\"sxc-benefits-details__inner\">\n\t\t<h2 class=\"sxc-benefits-details__heading\">SIXT: I vantaggi della flotta<\/h2>        <div class=\"sxc-benefits-details__overview\">Con la flotta SIXT puoi portare la tua azienda in un\u2019altra dimensione. D\u00ec stop ai rigidi parchi auto, abbraccia la modernit\u00e0 con un parco vetture in continua evoluzione. Non importano le dimensioni, quello che conta \u00e8 la qualit\u00e0, qualit\u00e0 firmata SIXT.<\/div>\n        <div class=\"sxc-benefits-details__columns\" style=\"grid-template-columns: repeat(4, 1fr)\">\n\t\t\t\n<div class=\"sxc-benefits-details-column__icon\">\n\t<\/div>\n<h3 class=\"sxc-benefits-details-column__heading\">Massima flessibilit\u00e0 con il noleggio business di SIXT<\/h3><div class=\"sxc-benefits-details-column__contents\">\n    <ul class=\"sxc-benefits-details-column__list\">\n\t\t\t\t\t                <li class=\"sxc-benefits-details-column__list-item\">Vetture disponibili da subito<\/li>\n\t\t\t                <li class=\"sxc-benefits-details-column__list-item\">Nessuna durata minima per il contratto<\/li>\n\t\t\t                <li class=\"sxc-benefits-details-column__list-item\">Flessibilit\u00e0 del termine del noleggio<\/li>\n\t\t\t\t\t    <\/ul>\n    <div class=\"sxc-benefits-details-column__link\">\n\t\t    <\/div>\n<\/div>\n<div class=\"sxc-benefits-details-column__icon\">\n\t<\/div>\n<h3 class=\"sxc-benefits-details-column__heading\">I vantaggi per i dipendenti<\/h3><div class=\"sxc-benefits-details-column__contents\">\n    <ul class=\"sxc-benefits-details-column__list\">\n\t\t\t\t\t                <li class=\"sxc-benefits-details-column__list-item\">Zero pensieri per chi guida<\/li>\n\t\t\t                <li class=\"sxc-benefits-details-column__list-item\">Nuove auto ogni 6 mesi<\/li>\n\t\t\t                <li class=\"sxc-benefits-details-column__list-item\">Tariffe in base al tipo di veicolo<\/li>\n\t\t\t\t\t    <\/ul>\n    <div class=\"sxc-benefits-details-column__link\">\n\t\t    <\/div>\n<\/div>\n<div class=\"sxc-benefits-details-column__icon\">\n\t<\/div>\n<h3 class=\"sxc-benefits-details-column__heading\">Controllo completo dei costi e prevedibilit\u00e0<\/h3><div class=\"sxc-benefits-details-column__contents\">\n    <ul class=\"sxc-benefits-details-column__list\">\n\t\t\t\t\t                <li class=\"sxc-benefits-details-column__list-item\">Prova l\u2019elettromobilit\u00e0 senza rischi<\/li>\n\t\t\t                <li class=\"sxc-benefits-details-column__list-item\">Tariffa tutto-compreso<\/li>\n\t\t\t                <li class=\"sxc-benefits-details-column__list-item\">Noleggio in base alle necessit\u00e0<\/li>\n\t\t\t\t\t    <\/ul>\n    <div class=\"sxc-benefits-details-column__link\">\n\t\t    <\/div>\n<\/div>\n<div class=\"sxc-benefits-details-column__icon\">\n\t<\/div>\n<h3 class=\"sxc-benefits-details-column__heading\">Tutto col minimo sforzo<\/h3><div class=\"sxc-benefits-details-column__contents\">\n    <ul class=\"sxc-benefits-details-column__list\">\n\t\t\t\t\t                <li class=\"sxc-benefits-details-column__list-item\">Nessun contratto complesso<\/li>\n\t\t\t                <li class=\"sxc-benefits-details-column__list-item\">Facile da maneggiare<\/li>\n\t\t\t                <li class=\"sxc-benefits-details-column__list-item\">Processo di restituzione<\/li>\n\t\t\t\t\t    <\/ul>\n    <div class=\"sxc-benefits-details-column__link\">\n\t\t    <\/div>\n<\/div>\n        <\/div>\n    <\/div>\n\t<\/div>\n\n<div class=\"sxc-features-teasers wbq_add_params_on_clickout\" id=\"sxc_ft_69d4e7b3b1e132_83818274\">\n\t<h2 class=\"sxc-features-teasers__heading\">Per chi \u00e8 adatto il prodotto?<\/h2>    <div class=\"sxc-features-teasers__list\">\n\t\t\n<div class=\"sxc-features-teasers-item\">\n    <div class=\"sxc-features-teasers-item__image\">\n\t\t            <img src=\"https:\/\/corporate.sixt.com\/it-it\/wp-content\/uploads\/sites\/14\/2021\/10\/sixt.com-alternative-di-auto-aziendali-a-lungo-termine-long-term-classic.jpg\" alt=\"SIXT Long-Term Classic: Noleggio classico con termine su base giornaliera\">\n\t\t    <\/div>\n\t<h3 class=\"sxc-features-teasers-item__heading\">SIXT Long-Term Classic: Noleggio classico con termine su base giornaliera<\/h3>    <div class=\"sxc-features-teasers-item__content\">\n        <div class=\"sxc-features-teasers-item__content-title\">\n            <img src=\"\/wp-content\/themes\/sixt\/images\/chevron-right.svg\" alt=\"Toggle\">\n            <div>Mehr erfahren<\/div>\n        <\/div>\n        <div class=\"sxc-features-teasers-item__content-inner\">\n            <div class=\"sxc-features-teasers-item__text\">Con il noleggio classico a lungo termine di SIXT, guidi la tua vettura a un prezzo fisso mensile, altrimenti puoi anche decidere di farla guidare ai tuoi dipendenti. Si tratta di un servizio ideato per chi ha bisogno di vetture per progetti di durata ben definita o necessita temporaneamente di veicoli extra per il proprio parco vetture<\/div>\n\t\t\t        <\/div>\n    <\/div>\n\t        <div class=\"sxc-features-teasers-item__link\">\n            <a href=\"\/it-it\/lungo-termine\/\" class=\"sxc-link\">\n\t\t\t\tAll\u2019auto noleggio a lungo termine            <\/a>\n        <\/div>\n\t<\/div>\n<div class=\"sxc-features-teasers-item\">\n    <div class=\"sxc-features-teasers-item__image\">\n\t\t            <img src=\"https:\/\/corporate.sixt.com\/it-it\/wp-content\/uploads\/sites\/14\/2021\/10\/sixt.com-alternative-di-auto-aziendali-a-lungo-termine-long-term-fleet.jpeg\" alt=\"SIXT Long-Term Fleet\">\n\t\t    <\/div>\n\t<h3 class=\"sxc-features-teasers-item__heading\">SIXT Long-Term Fleet<\/h3>    <div class=\"sxc-features-teasers-item__content\">\n        <div class=\"sxc-features-teasers-item__content-title\">\n            <img src=\"\/wp-content\/themes\/sixt\/images\/chevron-right.svg\" alt=\"Toggle\">\n            <div>Mehr erfahren<\/div>\n        <\/div>\n        <div class=\"sxc-features-teasers-item__content-inner\">\n            <div class=\"sxc-features-teasers-item__text\">Grazie a questo servizio che dona flessibilit\u00e0 al concetto di noleggio a lungo termine, puoi noleggiare veicoli anche ibridi per almeno 6 mesi, con la garanzia di cambio periodico della flotta. \u00c8 particolarmente adatto a chi desidera noleggiare un\u2019intera flotta di automobili per la propria azienda.<\/div>\n\t\t\t        <\/div>\n    <\/div>\n\t        <div class=\"sxc-features-teasers-item__link\">\n            <a href=\"https:\/\/corporate-signup.sixt.com\/?lang=it&amp;country_code=it&amp;product_type=sixt_plus\" class=\"sxc-link\">\n\t\t\t\tVantaggi sicuri            <\/a>\n        <\/div>\n\t<\/div>\n<div class=\"sxc-features-teasers-item\">\n    <div class=\"sxc-features-teasers-item__image\">\n\t\t            <img src=\"https:\/\/corporate.sixt.com\/it-it\/wp-content\/uploads\/sites\/14\/2021\/10\/sixt.com-alternative-di-auto-aziendali-a-lungo-termine-sixt-plus.jpeg\" alt=\"SIXT+, l\u2019abbonamento completamente digitale\">\n\t\t    <\/div>\n\t<h3 class=\"sxc-features-teasers-item__heading\">SIXT+, l\u2019abbonamento completamente digitale<\/h3>    <div class=\"sxc-features-teasers-item__content\">\n        <div class=\"sxc-features-teasers-item__content-title\">\n            <img src=\"\/wp-content\/themes\/sixt\/images\/chevron-right.svg\" alt=\"Toggle\">\n            <div>Mehr erfahren<\/div>\n        <\/div>\n        <div class=\"sxc-features-teasers-item__content-inner\">\n            <div class=\"sxc-features-teasers-item__text\">Pacchetto all-inclusive con pacchetti di protezione e chilometrici configurabili individualmente. Alternativa flessibile alla classica auto aziendale che \u00e8 un modo perfetto per motivare i dipendenti.<br \/>\nPer esempio, i veicoli elettrici possono essere testati senza rischi e le tasse possono essere risparmiate. Questa \u00e8 la soluzione migliore per le aziende in fase di avvio.<\/div>\n\t\t\t        <\/div>\n    <\/div>\n\t        <div class=\"sxc-features-teasers-item__link\">\n            <a href=\"https:\/\/corporate-signup.sixt.com\/?lang=it&amp;country_code=it&amp;product_type=sixt_plus\" class=\"sxc-link\">\n\t\t\t\tSIXT+, guardalo subito            <\/a>\n        <\/div>\n\t<\/div>\n    <\/div>\n\t<\/div>\n<script>\n  window.addEventListener('load', () => {\n    new SxcFeaturesTeasers(document.getElementById('sxc_ft_69d4e7b3b1e132_83818274'));\n  });\n<\/script>\n<div class=\"sxc-product-table wbq_add_params_on_clickout\" data-columns=\"3\">\n    <div class=\"sxc-product-table__text\">\n\t\t<h2 class=\"sxc-product-table__text__headline\">Tutti i prodotti in un colpo d\u2019occhio<\/h2>        <div class=\"sxc-product-table__text__overview\">Le possibilit\u00e0 di noleggio offerte da SIXT sono diverse tra loro. Grazie alla consulenza dedicata, potrai beneficiare di tariffe ad hoc e soluzione idonee alle tue esigenze. Di seguito una tabella con le caratteristiche per ogni opzione.<\/div>\n    <\/div>\n    <div class=\"sxc-product-table__slide-btns\">\n        <div id=\"sxc-product-table__slide-right\"><img src=\"\/wp-content\/themes\/sixt\/images\/arrow-left-white.svg\" alt=\"\">\n        <\/div>\n        <div id=\"sxc-product-table__slide-left\"><img src=\"\/wp-content\/themes\/sixt\/images\/arrow-left-white.svg\" alt=\"\">\n        <\/div>\n    <\/div>\n    <div class=\"sxc-product-table__table\">\n        <div class=\"sxc-product-table-item\">\n            <div class=\"sxc-product-table-item__heading\"><\/div>\n\n            <div class=\"sxc-product-table-item__columns__scroll\">\n\n                <div class=\"sxc-product-table-item__columns sxc-product-table-item__columns_3\">\n\t\t\t\t\t                        <div class=\"sxc-product-table-item__row-wp first\">\n                            <div class=\"sxc-product-table-item__row-wp__row\">SIXT Long-Term Classic <\/div>\n                        <\/div>\n\t\t\t\t\t                        <div class=\"sxc-product-table-item__row-wp first\">\n                            <div class=\"sxc-product-table-item__row-wp__row\">SIXT LONG-TERM FLEET <\/div>\n                        <\/div>\n\t\t\t\t\t                        <div class=\"sxc-product-table-item__row-wp first\">\n                            <div class=\"sxc-product-table-item__row-wp__row\">L\u2019abbonamento SIXT+<\/div>\n                        <\/div>\n\t\t\t\t\t                <\/div>\n\n            <\/div>\n        <\/div>\n\t\t\n<div class=\"sxc-product-table-item\">\n\t<div class=\"sxc-product-table-item__heading\">Disponibilit\u00e0 immediata <\/div>\n    <div class=\"sxc-product-table-item__columns__scroll\">\n\n        <div class=\"sxc-product-table-item__columns sxc-product-table-item__columns_3\">\n\t\t\t                <div class=\"sxc-product-table-item__row-wp\">\n                    <div class=\"sxc-product-table-item__row-wp__row\">\n\t\t\t\t\t\t<img src='\/wp-content\/themes\/sixt\/images\/check-mark-black.svg' class='check-mark' alt='' width='20' height='15'>                    <\/div>\n                <\/div>\n\t\t\t                <div class=\"sxc-product-table-item__row-wp\">\n                    <div class=\"sxc-product-table-item__row-wp__row\">\n\t\t\t\t\t\t<img src='\/wp-content\/themes\/sixt\/images\/check-mark-black.svg' class='check-mark' alt='' width='20' height='15'>                    <\/div>\n                <\/div>\n\t\t\t                <div class=\"sxc-product-table-item__row-wp\">\n                    <div class=\"sxc-product-table-item__row-wp__row\">\n\t\t\t\t\t\t<img src='\/wp-content\/themes\/sixt\/images\/check-mark-black.svg' class='check-mark' alt='' width='20' height='15'>                    <\/div>\n                <\/div>\n\t\t\t        <\/div>\n\n    <\/div>\n\n<\/div>\n<div class=\"sxc-product-table-item\">\n\t<div class=\"sxc-product-table-item__heading\">Termine minimo di noleggio <\/div>\n    <div class=\"sxc-product-table-item__columns__scroll\">\n\n        <div class=\"sxc-product-table-item__columns sxc-product-table-item__columns_3\">\n\t\t\t                <div class=\"sxc-product-table-item__row-wp\">\n                    <div class=\"sxc-product-table-item__row-wp__row\">\n\t\t\t\t\t\tNessun minimo di giorni                     <\/div>\n                <\/div>\n\t\t\t                <div class=\"sxc-product-table-item__row-wp\">\n                    <div class=\"sxc-product-table-item__row-wp__row\">\n\t\t\t\t\t\t180 giorni                     <\/div>\n                <\/div>\n\t\t\t                <div class=\"sxc-product-table-item__row-wp\">\n                    <div class=\"sxc-product-table-item__row-wp__row\">\n\t\t\t\t\t\t30 giorni                     <\/div>\n                <\/div>\n\t\t\t        <\/div>\n\n    <\/div>\n\n<\/div>\n<div class=\"sxc-product-table-item\">\n\t<div class=\"sxc-product-table-item__heading\">Cancellazione dopo termine prestabilito <\/div>\n    <div class=\"sxc-product-table-item__columns__scroll\">\n\n        <div class=\"sxc-product-table-item__columns sxc-product-table-item__columns_3\">\n\t\t\t                <div class=\"sxc-product-table-item__row-wp\">\n                    <div class=\"sxc-product-table-item__row-wp__row\">\n\t\t\t\t\t\tGiornaliero                     <\/div>\n                <\/div>\n\t\t\t                <div class=\"sxc-product-table-item__row-wp\">\n                    <div class=\"sxc-product-table-item__row-wp__row\">\n\t\t\t\t\t\tGiornaliero                     <\/div>\n                <\/div>\n\t\t\t                <div class=\"sxc-product-table-item__row-wp\">\n                    <div class=\"sxc-product-table-item__row-wp__row\">\n\t\t\t\t\t\tBase mensile                     <\/div>\n                <\/div>\n\t\t\t        <\/div>\n\n    <\/div>\n\n<\/div>\n<div class=\"sxc-product-table-item\">\n\t<div class=\"sxc-product-table-item__heading\">Tariffa mensile tutto-compreso <\/div>\n    <div class=\"sxc-product-table-item__columns__scroll\">\n\n        <div class=\"sxc-product-table-item__columns sxc-product-table-item__columns_3\">\n\t\t\t                <div class=\"sxc-product-table-item__row-wp\">\n                    <div class=\"sxc-product-table-item__row-wp__row\">\n\t\t\t\t\t\t<img src='\/wp-content\/themes\/sixt\/images\/check-mark-black.svg' class='check-mark' alt='' width='20' height='15'>                    <\/div>\n                <\/div>\n\t\t\t                <div class=\"sxc-product-table-item__row-wp\">\n                    <div class=\"sxc-product-table-item__row-wp__row\">\n\t\t\t\t\t\t<img src='\/wp-content\/themes\/sixt\/images\/check-mark-black.svg' class='check-mark' alt='' width='20' height='15'>                    <\/div>\n                <\/div>\n\t\t\t                <div class=\"sxc-product-table-item__row-wp\">\n                    <div class=\"sxc-product-table-item__row-wp__row\">\n\t\t\t\t\t\t<img src='\/wp-content\/themes\/sixt\/images\/check-mark-black.svg' class='check-mark' alt='' width='20' height='15'>                    <\/div>\n                <\/div>\n\t\t\t        <\/div>\n\n    <\/div>\n\n<\/div>\n<div class=\"sxc-product-table-item\">\n\t<div class=\"sxc-product-table-item__heading\">Tariffa di iscrizione <\/div>\n    <div class=\"sxc-product-table-item__columns__scroll\">\n\n        <div class=\"sxc-product-table-item__columns sxc-product-table-item__columns_3\">\n\t\t\t                <div class=\"sxc-product-table-item__row-wp\">\n                    <div class=\"sxc-product-table-item__row-wp__row\">\n\t\t\t\t\t\tNo                    <\/div>\n                <\/div>\n\t\t\t                <div class=\"sxc-product-table-item__row-wp\">\n                    <div class=\"sxc-product-table-item__row-wp__row\">\n\t\t\t\t\t\tNo                    <\/div>\n                <\/div>\n\t\t\t                <div class=\"sxc-product-table-item__row-wp\">\n                    <div class=\"sxc-product-table-item__row-wp__row\">\n\t\t\t\t\t\tS\u00ec, rimborso<br \/>\ndopo 6 mesi                     <\/div>\n                <\/div>\n\t\t\t        <\/div>\n\n    <\/div>\n\n<\/div>\n<div class=\"sxc-product-table-item\">\n\t<div class=\"sxc-product-table-item__heading\">Pacchetti kilometrici <\/div>\n    <div class=\"sxc-product-table-item__columns__scroll\">\n\n        <div class=\"sxc-product-table-item__columns sxc-product-table-item__columns_3\">\n\t\t\t                <div class=\"sxc-product-table-item__row-wp\">\n                    <div class=\"sxc-product-table-item__row-wp__row\">\n\t\t\t\t\t\t4.000 km\/28 giorni                     <\/div>\n                <\/div>\n\t\t\t                <div class=\"sxc-product-table-item__row-wp\">\n                    <div class=\"sxc-product-table-item__row-wp__row\">\n\t\t\t\t\t\t10.000-60.000 km\/anno                     <\/div>\n                <\/div>\n\t\t\t                <div class=\"sxc-product-table-item__row-wp\">\n                    <div class=\"sxc-product-table-item__row-wp__row\">\n\t\t\t\t\t\t500-5000 km\/30 giorni                     <\/div>\n                <\/div>\n\t\t\t        <\/div>\n\n    <\/div>\n\n<\/div>\n<div class=\"sxc-product-table-item\">\n\t<div class=\"sxc-product-table-item__heading\">Noleggio illimitato nel proprio paese o all\u2019estero <\/div>\n    <div class=\"sxc-product-table-item__columns__scroll\">\n\n        <div class=\"sxc-product-table-item__columns sxc-product-table-item__columns_3\">\n\t\t\t                <div class=\"sxc-product-table-item__row-wp\">\n                    <div class=\"sxc-product-table-item__row-wp__row\">\n\t\t\t\t\t\t<img src='\/wp-content\/themes\/sixt\/images\/cross-black.svg' class='cross' alt='' width='14' height='14'>                    <\/div>\n                <\/div>\n\t\t\t                <div class=\"sxc-product-table-item__row-wp\">\n                    <div class=\"sxc-product-table-item__row-wp__row\">\n\t\t\t\t\t\t<img src='\/wp-content\/themes\/sixt\/images\/cross-black.svg' class='cross' alt='' width='14' height='14'>                    <\/div>\n                <\/div>\n\t\t\t                <div class=\"sxc-product-table-item__row-wp\">\n                    <div class=\"sxc-product-table-item__row-wp__row\">\n\t\t\t\t\t\t<img src='\/wp-content\/themes\/sixt\/images\/cross-black.svg' class='cross' alt='' width='14' height='14'>                    <\/div>\n                <\/div>\n\t\t\t        <\/div>\n\n    <\/div>\n\n<\/div>\n        <div class=\"sxc-product-table-item\">\n            <div class=\"sxc-product-table-item__heading\"><\/div>\n\n            <div class=\"sxc-product-table-item__columns__scroll\">\n                <div class=\"sxc-product-table-item__columns sxc-product-table-item__columns_3\">\n\n\t\t\t\t\t\n                        <div class=\"sxc-product-table-item__row-wp last\">\n                            <div class=\"sxc-product-table-item__row-wp__row\">\n                                <div class=\"sxc-product-table__cta\">\n                                    <a href=\"https:\/\/corporate-signup.sixt.com\/?lang=it&amp;country_code=it&amp;product_type=sixt_plus\"\n                                       class=\"sxc-cta sxc-cta--dark\">\n\t\t\t\t\t\t\t\t\t\tPer registrarti                                    <\/a>\n                                <\/div>\n                            <\/div>\n                        <\/div>\n\n\t\t\t\t\t\n                        <div class=\"sxc-product-table-item__row-wp last\">\n                            <div class=\"sxc-product-table-item__row-wp__row\">\n                                <div class=\"sxc-product-table__cta\">\n                                    <a href=\"https:\/\/corporate-signup.sixt.com\/?lang=it&amp;country_code=it&amp;product_type=sixt_plus\"\n                                       class=\"sxc-cta sxc-cta--dark\">\n\t\t\t\t\t\t\t\t\t\tPer registrarti                                    <\/a>\n                                <\/div>\n                            <\/div>\n                        <\/div>\n\n\t\t\t\t\t\n                        <div class=\"sxc-product-table-item__row-wp last\">\n                            <div class=\"sxc-product-table-item__row-wp__row\">\n                                <div class=\"sxc-product-table__cta\">\n                                    <a href=\"https:\/\/corporate-signup.sixt.com\/?lang=it&amp;country_code=it&amp;product_type=sixt_plus\"\n                                       class=\"sxc-cta sxc-cta--dark\">\n\t\t\t\t\t\t\t\t\t\tPer registrarti                                    <\/a>\n                                <\/div>\n                            <\/div>\n                        <\/div>\n\n\t\t\t\t\t\n                <\/div>\n            <\/div>\n\n        <\/div>\n    <\/div>\n<\/div>\n<div class=\"sxc-product-table-item__bottom-block wbq_add_params_on_clickout\">\n\t<h3 class=\"sxc-product-table-item__bottom-block__title\">ASSICURATI LA TUA TARIFFA AZIENDALE<\/h3>    <div class=\"sxc-product-table-item__bottom__cta\">\n        <a href=\"https:\/\/corporate-signup.sixt.com\/?lang=it&amp;country_code=it&amp;product_type=sixt_plus\"\n           class=\"sxc-cta sxc-cta--orange\">\n\t\t\tChiedi un preventio gratuito        <\/a>\n    <\/div>\n<\/div>\n<script>\n  window.addEventListener('load', () => {\n    new SxcProductTable(\".sxc-product-table\", \".sxc-product-table-item__columns\", 620);\n  });\n<\/script>\n","protected":false},"excerpt":{"rendered":"","protected":false},"author":48,"featured_media":0,"parent":0,"menu_order":0,"comment_status":"closed","ping_status":"closed","template":"","meta":[],"categories":[],"tags":[],"yst_prominent_words":[],"_links":{"self":[{"href":"https:\/\/corporate.sixt.com\/it-it\/wp-json\/wp\/v2\/pages\/4867"}],"collection":[{"href":"https:\/\/corporate.sixt.com\/it-it\/wp-json\/wp\/v2\/pages"}],"about":[{"href":"https:\/\/corporate.sixt.com\/it-it\/wp-json\/wp\/v2\/types\/page"}],"author":[{"embeddable":true,"href":"https:\/\/corporate.sixt.com\/it-it\/wp-json\/wp\/v2\/users\/48"}],"replies":[{"embeddable":true,"href":"https:\/\/corporate.sixt.com\/it-it\/wp-json\/wp\/v2\/comments?post=4867"}],"version-history":[{"count":0,"href":"https:\/\/corporate.sixt.com\/it-it\/wp-json\/wp\/v2\/pages\/4867\/revisions"}],"wp:attachment":[{"href":"https:\/\/corporate.sixt.com\/it-it\/wp-json\/wp\/v2\/media?parent=4867"}],"wp:term":[{"taxonomy":"category","embeddable":true,"href":"https:\/\/corporate.sixt.com\/it-it\/wp-json\/wp\/v2\/categories?post=4867"},{"taxonomy":"post_tag","embeddable":true,"href":"https:\/\/corporate.sixt.com\/it-it\/wp-json\/wp\/v2\/tags?post=4867"},{"taxonomy":"yst_prominent_words","embeddable":true,"href":"https:\/\/corporate.sixt.com\/it-it\/wp-json\/wp\/v2\/yst_prominent_words?post=4867"}],"curies":[{"name":"wp","href":"https:\/\/api.w.org\/{rel}","templated":true}]}}