{"id":4855,"date":"2021-09-21T13:43:43","date_gmt":"2021-09-21T11:43:43","guid":{"rendered":"https:\/\/sixtcorpstage.wpengine.com\/it-it\/?page_id=4855"},"modified":"2025-11-03T10:38:15","modified_gmt":"2025-11-03T08:38:15","slug":"lungo-termine-per-aziende","status":"publish","type":"page","link":"https:\/\/corporate.sixt.com\/it-it\/lungo-termine-per-aziende\/","title":{"rendered":"SEA_Noleggio a lungo termine per aziende"},"content":{"rendered":"<div class=\"sxc-hero wbq_add_params_on_clickout\">\n    <img class=\"sxc-hero__image\" src=\"https:\/\/corporate.sixt.com\/it-it\/wp-content\/uploads\/sites\/14\/2021\/11\/sixt.com-noleggio-a-lungo-termine-per-aziende-sixt-long-term-classic-hero.jpg\"\n         alt=\"Noleggio a lungo termine per aziende\">\n    <div class=\"sxc-hero__inner\">\n\t\t<h1 class=\"sxc-hero__inner__headline\">Noleggio a lungo termine per aziende<\/h1>        <div class=\"sxc-hero__inner__overview\">Hai bisogno di flessibilit\u00e0 e variare sul noleggio? Scegli il noleggio a lungo termine classico di SIXT, con esso vi verr\u00e0 messa a disposizione nel minor tempo possibile la flotta, dopo i 28 giorni minimi potrete cancellare giornalmente il contratto senza alcun problema. Potrete, inoltre, personalizzare i modelli per tutto il periodo del noleggio, riuscendo a soddisfare tutti i vostri desideri.<\/div>\n    <\/div>\n\t        <div class=\"sxc-hero__cta\">\n            <a href=\"https:\/\/corporate-signup.sixt.com\/?lang=it&amp;country_code=it&amp;product_type=sixt_plus\"\n               class=\"sxc-cta\">\n\t\t\t\tNoleggio a lungo termine sicuro            <\/a>\n        <\/div>\n\t<\/div>\n<div class=\"sxc-benefits-details\">\n    <div class=\"sxc-benefits-details__inner\">\n\t\t<h2 class=\"sxc-benefits-details__heading\">I vostri vantaggi con il noleggio auto a lungo termine<\/h2>        <div class=\"sxc-benefits-details__overview\">Il noleggio con SIXT porta diversi vantaggi: nessun termine fisso, nessuna propedeuticit\u00e0 aziendale, con vantaggi sempre frequenti per i clienti aziendali che si affidano alla filiale.<\/div>\n        <div class=\"sxc-benefits-details__columns\" style=\"grid-template-columns: repeat(4, 1fr)\">\n\t\t\t\n<div class=\"sxc-benefits-details-column__icon\">\n\t<\/div>\n<h3 class=\"sxc-benefits-details-column__heading\">Mobilit\u00e0 a prezzo fisso<\/h3><div class=\"sxc-benefits-details-column__contents\">\n    <ul class=\"sxc-benefits-details-column__list\">\n\t\t\t\t\t                <li class=\"sxc-benefits-details-column__list-item\">Prezzo fisso prevedibile con fatturazione giornaliera<\/li>\n\t\t\t                <li class=\"sxc-benefits-details-column__list-item\">Possibilit\u00e0 di cambiare modello e categoria<\/li>\n\t\t\t                <li class=\"sxc-benefits-details-column__list-item\">Fino al 15% di sconto per i clienti aziendali<\/li>\n\t\t\t\t\t    <\/ul>\n    <div class=\"sxc-benefits-details-column__link\">\n\t\t    <\/div>\n<\/div>\n<div class=\"sxc-benefits-details-column__icon\">\n\t<\/div>\n<h3 class=\"sxc-benefits-details-column__heading\">Meno amministrazione - pi\u00f9 tempo per le cose importanti<\/h3><div class=\"sxc-benefits-details-column__contents\">\n    <ul class=\"sxc-benefits-details-column__list\">\n\t\t\t\t\t                <li class=\"sxc-benefits-details-column__list-item\">Noleggio all-inclusive comprensivo di tasse e commissioni<\/li>\n\t\t\t                <li class=\"sxc-benefits-details-column__list-item\">Nessuna manutenzione o usura<\/li>\n\t\t\t                <li class=\"sxc-benefits-details-column__list-item\">Nessuno sforzo per cambiare o conservare le gomme<\/li>\n\t\t\t\t\t    <\/ul>\n    <div class=\"sxc-benefits-details-column__link\">\n\t\t    <\/div>\n<\/div>\n<div class=\"sxc-benefits-details-column__icon\">\n\t<\/div>\n<h3 class=\"sxc-benefits-details-column__heading\">Aumenta la voglia di guidare<\/h3><div class=\"sxc-benefits-details-column__contents\">\n    <ul class=\"sxc-benefits-details-column__list\">\n\t\t\t\t\t                <li class=\"sxc-benefits-details-column__list-item\">Ultimi modelli-non pi\u00f9 di sei mesi dalla produzione<\/li>\n\t\t\t                <li class=\"sxc-benefits-details-column__list-item\">Ampia gamma di veicoli di marchi premium<\/li>\n\t\t\t                <li class=\"sxc-benefits-details-column__list-item\">Sistemi di assistenza e attrezzature aggiuntive<\/li>\n\t\t\t\t\t    <\/ul>\n    <div class=\"sxc-benefits-details-column__link\">\n\t\t    <\/div>\n<\/div>\n<div class=\"sxc-benefits-details-column__icon\">\n\t<\/div>\n<h3 class=\"sxc-benefits-details-column__heading\">Noleggio flessibile<\/h3><div class=\"sxc-benefits-details-column__contents\">\n    <ul class=\"sxc-benefits-details-column__list\">\n\t\t\t\t\t                <li class=\"sxc-benefits-details-column__list-item\">La flotta di noleggio pu\u00f2 essere modificata in qualsiasi momento<\/li>\n\t\t\t                <li class=\"sxc-benefits-details-column__list-item\">Nessun vincolo contrattuale \u2013 prenota come richiesto<\/li>\n\t\t\t                <li class=\"sxc-benefits-details-column__list-item\">Veicoli subito disponibili<\/li>\n\t\t\t\t\t    <\/ul>\n    <div class=\"sxc-benefits-details-column__link\">\n\t\t    <\/div>\n<\/div>\n        <\/div>\n    <\/div>\n\t<\/div>\n\n<div class=\"sxc-features-teasers wbq_add_params_on_clickout\" id=\"sxc_ft_69d2b63fbf6fd9_36093702\">\n\t<h2 class=\"sxc-features-teasers__heading\">Quando scegliere il noleggio a lungo termine classico?<\/h2>    <div class=\"sxc-features-teasers__list\">\n\t\t\n<div class=\"sxc-features-teasers-item\">\n    <div class=\"sxc-features-teasers-item__image\">\n\t\t            <img src=\"https:\/\/corporate.sixt.com\/it-it\/wp-content\/uploads\/sites\/14\/2021\/11\/sixt.com-noleggio-a-lungo-termine-per-aziende-long-term-classic-planungssicherheit.jpg\" alt=\"Affidabilit\u00e0 di pianificazione per lunghi periodi\">\n\t\t    <\/div>\n\t<h3 class=\"sxc-features-teasers-item__heading\">Affidabilit\u00e0 di pianificazione per lunghi periodi<\/h3>    <div class=\"sxc-features-teasers-item__content\">\n        <div class=\"sxc-features-teasers-item__content-title\">\n            <img src=\"\/wp-content\/themes\/sixt\/images\/chevron-right.svg\" alt=\"Toggle\">\n            <div><\/div>\n        <\/div>\n        <div class=\"sxc-features-teasers-item__content-inner\">\n            <div class=\"sxc-features-teasers-item__text\">Ostacoli dovuti a tempi di consegna del veicolo in leasing, di un congedo parentale, per lavoratori interinali? Con il noleggio a lungo termine classico di SIXT potrete utilizzare, per 28 giorni senza rischi e termine minimo, i veicolo che pi\u00f9 desiderate. Se le tue esigenze aziendali e non cambieranno, sar\u00e0 possibile riconsegnare l\u2019auto in filiale e sceglierne un altro modello da poter utilizzare.<\/div>\n\t\t\t        <\/div>\n    <\/div>\n\t        <div class=\"sxc-features-teasers-item__link\">\n            <a href=\"https:\/\/corporate-signup.sixt.com\/?lang=it&amp;country_code=it&amp;product_type=sixt_plus\" class=\"sxc-link\">\n\t\t\t\tAssicurati lo sconto aziendale             <\/a>\n        <\/div>\n\t<\/div>\n<div class=\"sxc-features-teasers-item\">\n    <div class=\"sxc-features-teasers-item__image\">\n\t\t            <img src=\"https:\/\/corporate.sixt.com\/it-it\/wp-content\/uploads\/sites\/14\/2021\/11\/sixt.com-noleggio-a-lungo-termine-per-aziende-long-term-classic-spontaner-mehrbedarf.jpeg\" alt=\"Per tutte le esigenze\">\n\t\t    <\/div>\n\t<h3 class=\"sxc-features-teasers-item__heading\">Per tutte le esigenze<\/h3>    <div class=\"sxc-features-teasers-item__content\">\n        <div class=\"sxc-features-teasers-item__content-title\">\n            <img src=\"\/wp-content\/themes\/sixt\/images\/chevron-right.svg\" alt=\"Toggle\">\n            <div><\/div>\n        <\/div>\n        <div class=\"sxc-features-teasers-item__content-inner\">\n            <div class=\"sxc-features-teasers-item__text\">Attivit\u00e0 stagionale, cantiere, progetti: la dimensione della flotta varia a seconda della situazione lavorativa e dell\u2019ordine. Con il noleggio a lungo termine classico di SIXT \u00e8 possibile rispondere alle vostre esigenze, potendo estendere il contratto oltre i 28 giorni per i veicoli necessari. Grande vantaggio: i veicoli negli autonoleggi a lungo termine di SIXT sono disponibili immediatamente.<\/div>\n\t\t\t        <\/div>\n    <\/div>\n\t        <div class=\"sxc-features-teasers-item__link\">\n            <a href=\"https:\/\/corporate-signup.sixt.com\/?lang=it&amp;country_code=it&amp;product_type=sixt_plus\" class=\"sxc-link\">\n\t\t\t\tRegistrati ora             <\/a>\n        <\/div>\n\t<\/div>\n<div class=\"sxc-features-teasers-item\">\n    <div class=\"sxc-features-teasers-item__image\">\n\t\t            <img src=\"https:\/\/corporate.sixt.com\/it-it\/wp-content\/uploads\/sites\/14\/2021\/11\/sixt.com-noleggio-a-lungo-termine-per-aziende-long-term-classic-poolfahrzeug.jpeg\" alt=\"La soluzione perfetta per il car sharing aziendale\">\n\t\t    <\/div>\n\t<h3 class=\"sxc-features-teasers-item__heading\">La soluzione perfetta per il car sharing aziendale<\/h3>    <div class=\"sxc-features-teasers-item__content\">\n        <div class=\"sxc-features-teasers-item__content-title\">\n            <img src=\"\/wp-content\/themes\/sixt\/images\/chevron-right.svg\" alt=\"Toggle\">\n            <div><\/div>\n        <\/div>\n        <div class=\"sxc-features-teasers-item__content-inner\">\n            <div class=\"sxc-features-teasers-item__text\">Con il noleggio classico a lungo termine SIXT, lo stesso veicolo pu\u00f2 essere utilizzato anche da pi\u00f9 persone\/dipendenti possibili. I veicoli a noleggio a lungo termine possono essere permanenti o semplicemente usati temporaneamente come car-sharing aziendale per un evento o un progetto, ottimizzando cos\u00ec il carico di lavoro. Una flotta di veicoli condivisibili diventa una flotta di veicoli intelligente.<\/div>\n\t\t\t        <\/div>\n    <\/div>\n\t        <div class=\"sxc-features-teasers-item__link\">\n            <a href=\"https:\/\/corporate-signup.sixt.com\/?lang=it&amp;country_code=it&amp;product_type=sixt_plus\" class=\"sxc-link\">\n\t\t\t\tRegistrati ora             <\/a>\n        <\/div>\n\t<\/div>\n<div class=\"sxc-features-teasers-item\">\n    <div class=\"sxc-features-teasers-item__image\">\n\t\t            <img src=\"https:\/\/corporate.sixt.com\/it-it\/wp-content\/uploads\/sites\/14\/2021\/11\/sixt.com-noleggio-a-lungo-termine-per-aziende-long-term-classic-fuhrparkergaenzung.jpeg\" alt=\"Aggiunta di veicoli sotto richiesta\">\n\t\t    <\/div>\n\t<h3 class=\"sxc-features-teasers-item__heading\">Aggiunta di veicoli sotto richiesta<\/h3>    <div class=\"sxc-features-teasers-item__content\">\n        <div class=\"sxc-features-teasers-item__content-title\">\n            <img src=\"\/wp-content\/themes\/sixt\/images\/chevron-right.svg\" alt=\"Toggle\">\n            <div><\/div>\n        <\/div>\n        <div class=\"sxc-features-teasers-item__content-inner\">\n            <div class=\"sxc-features-teasers-item__text\">Le tue auto aziendali noleggiate e acquistate sono insufficienti e non disponi della flessibilit\u00e0 richiesta? Dai alla tua flotta di veicoli una rinfrescata attraverso il noleggio flessibile a lungo termine classico di SIXT, aggiungendo un supplemento quando richiesto. I veicoli inutilizzati possono essere rimandati in filiale immediatamente.<\/div>\n\t\t\t        <\/div>\n    <\/div>\n\t        <div class=\"sxc-features-teasers-item__link\">\n            <a href=\"https:\/\/corporate-signup.sixt.com\/?lang=it&amp;country_code=it&amp;product_type=sixt_plus\" class=\"sxc-link\">\n\t\t\t\tRichiedi senza impegno             <\/a>\n        <\/div>\n\t<\/div>\n    <\/div>\n\t        <div class=\"sxc-features-teasers__footer\">\n\t\t\t<div class=\"sxc-features-teasers__footer-headline\">La tua offerta gratuita individuale <\/div>            <a href=\"https:\/\/corporate-signup.sixt.com\/?lang=it&amp;country_code=it&amp;product_type=sixt_plus\" class=\"sxc-cta\">Richiedi ora<\/a>\n        <\/div>\n\t<\/div>\n<script>\n  window.addEventListener('load', () => {\n    new SxcFeaturesTeasers(document.getElementById('sxc_ft_69d2b63fbf6fd9_36093702'));\n  });\n<\/script>\n    <div class=\"sxc-advantages sxc-advantages--light sxc-advantages--layout-four sxc-advantages--headline-default\">\n\t\t\t\t<h2 class=\"sxc-advantages__headline\">Conducenti e decisori beneficiano del noleggio a lungo termine<\/h2>\t\t            <div class=\"sxc-advantages__tabs\">\n\t\t\t\t                    <div class=\"sxc-advantages__tabs__tab sxc-cta\">Cliente decisore<\/div>\n\t\t\t\t                    <div class=\"sxc-advantages__tabs__tab sxc-cta\">Autista<\/div>\n\t\t\t\t            <\/div>\n\t\t        <div class=\"sxc-advantages__inner\">\n    <div class=\"sxc-advantages-item hidden\" data-tab=\"1\">\n\t\t\t\t\t<h3 class=\"sxc-advantages-item__headline\">Meno sforzo amministrativo<\/h3>\t\t\t\t            <div class=\"sxc-advantages-item__list\">\n                <div class=\"sxc-advantages-item__list__toggler\">Mehr Infos<\/div>\n                <div class=\"sxc-advantages-item__list__inner\">\n\t\t\t\t\t                        <div class=\"sxc-advantages-item__list__inner__element\">Non \u00e8 necessario pianificare manutenzione, riparazione o ispezione<\/div>\n\t\t\t\t\t                        <div class=\"sxc-advantages-item__list__inner__element\">Offerta di servizi completi, compresa la protezione contro gli infortuni e le tasse<\/div>\n\t\t\t\t\t                        <div class=\"sxc-advantages-item__list__inner__element\">Approvvigionamento rapido e semplice<\/div>\n\t\t\t\t\t                <\/div>\n            <\/div>\n\t\t\t\t\t\t    <\/div>\n\n    <div class=\"sxc-advantages-item hidden\" data-tab=\"1\">\n\t\t\t\t\t<h3 class=\"sxc-advantages-item__headline\">Trasparenza<br \/>\ndel costo<\/h3>\t\t\t\t            <div class=\"sxc-advantages-item__list\">\n                <div class=\"sxc-advantages-item__list__toggler\">Mehr Infos<\/div>\n                <div class=\"sxc-advantages-item__list__inner\">\n\t\t\t\t\t                        <div class=\"sxc-advantages-item__list__inner__element\">Prezzo fisso prevedibile con fatturazione giornaliera<\/div>\n\t\t\t\t\t                        <div class=\"sxc-advantages-item__list__inner__element\">Senza impegno contrattuale o durata minima<\/div>\n\t\t\t\t\t                        <div class=\"sxc-advantages-item__list__inner__element\">Sconto per clienti aziendali fino al 15%<\/div>\n\t\t\t\t\t                <\/div>\n            <\/div>\n\t\t\t\t\t\t    <\/div>\n\n    <div class=\"sxc-advantages-item hidden\" data-tab=\"1\">\n\t\t\t\t\t<h3 class=\"sxc-advantages-item__headline\">Flessibilit\u00e0<br \/>\nmassima<\/h3>\t\t\t\t            <div class=\"sxc-advantages-item__list\">\n                <div class=\"sxc-advantages-item__list__toggler\">Mehr Infos<\/div>\n                <div class=\"sxc-advantages-item__list__inner\">\n\t\t\t\t\t                        <div class=\"sxc-advantages-item__list__inner__element\">Veicoli subito disponibili<\/div>\n\t\t\t\t\t                        <div class=\"sxc-advantages-item__list__inner__element\">Possibilit\u00e0 di cancellazione in qualsiasi momento, ogni giorno<\/div>\n\t\t\t\t\t                        <div class=\"sxc-advantages-item__list__inner__element\">Usa i veicoli della flotta sottoforma di car-sharing aziendale<\/div>\n\t\t\t\t\t                <\/div>\n            <\/div>\n\t\t\t\t\t\t    <\/div>\n\n    <div class=\"sxc-advantages-item hidden\" data-tab=\"1\">\n\t\t\t\t\t<h3 class=\"sxc-advantages-item__headline\">Amministrazione semplice<\/h3>\t\t\t\t            <div class=\"sxc-advantages-item__list\">\n                <div class=\"sxc-advantages-item__list__toggler\">Mehr Infos<\/div>\n                <div class=\"sxc-advantages-item__list__inner\">\n\t\t\t\t\t                        <div class=\"sxc-advantages-item__list__inner__element\">Fatturazione con tutti i costi relativi al veicolo<\/div>\n\t\t\t\t\t                        <div class=\"sxc-advantages-item__list__inner__element\">Rapporti dettagliati su tutte le prenotazioni<\/div>\n\t\t\t\t\t                        <div class=\"sxc-advantages-item__list__inner__element\">Self-service con amministrazione utenti 24 ore su 24, 7 giorni su 7<\/div>\n\t\t\t\t\t                <\/div>\n            <\/div>\n\t\t\t\t\t\t    <\/div>\n\n    <div class=\"sxc-advantages-item hidden\" data-tab=\"2\">\n\t\t\t\t\t<h3 class=\"sxc-advantages-item__headline\">Libert\u00e0 di progettazione<\/h3>\t\t\t\t            <div class=\"sxc-advantages-item__list\">\n                <div class=\"sxc-advantages-item__list__toggler\">Mehr Infos<\/div>\n                <div class=\"sxc-advantages-item__list__inner\">\n\t\t\t\t\t                        <div class=\"sxc-advantages-item__list__inner__element\">Selezione la classe del veicolo adatta a te<\/div>\n\t\t\t\t\t                        <div class=\"sxc-advantages-item__list__inner__element\">Cambia o restituisci il veicolo quando vuoi<\/div>\n\t\t\t\t\t                        <div class=\"sxc-advantages-item__list__inner__element\">Riduci i costi di tassazione<\/div>\n\t\t\t\t\t                <\/div>\n            <\/div>\n\t\t\t\t\t\t    <\/div>\n\n    <div class=\"sxc-advantages-item hidden\" data-tab=\"2\">\n\t\t\t\t\t<h3 class=\"sxc-advantages-item__headline\">Senza lunghi periodi di attesa<\/h3>\t\t\t\t            <div class=\"sxc-advantages-item__list\">\n                <div class=\"sxc-advantages-item__list__toggler\">Mehr Infos<\/div>\n                <div class=\"sxc-advantages-item__list__inner\">\n\t\t\t\t\t                        <div class=\"sxc-advantages-item__list__inner__element\">Tanti veicoli subito disponibili<\/div>\n\t\t\t\t\t                        <div class=\"sxc-advantages-item__list__inner__element\">Tanti centri SIXT vicini<\/div>\n\t\t\t\t\t                        <div class=\"sxc-advantages-item__list__inner__element\">Possibilit\u00e0 di consegna o ritiro in filiale<\/div>\n\t\t\t\t\t                <\/div>\n            <\/div>\n\t\t\t\t\t\t    <\/div>\n\n    <div class=\"sxc-advantages-item hidden\" data-tab=\"2\">\n\t\t\t\t\t<h3 class=\"sxc-advantages-item__headline\">L\u2019azienda del benessere su quattro ruote<\/h3>\t\t\t\t            <div class=\"sxc-advantages-item__list\">\n                <div class=\"sxc-advantages-item__list__toggler\">Mehr Infos<\/div>\n                <div class=\"sxc-advantages-item__list__inner\">\n\t\t\t\t\t                        <div class=\"sxc-advantages-item__list__inner__element\">Guida gli ultimi modelli di veicoli<\/div>\n\t\t\t\t\t                        <div class=\"sxc-advantages-item__list__inner__element\">Comfort e dotazione sempre aggiornate<\/div>\n\t\t\t\t\t                        <div class=\"sxc-advantages-item__list__inner__element\">Servizio eccellente nelle stazioni SIXT<\/div>\n\t\t\t\t\t                <\/div>\n            <\/div>\n\t\t\t\t\t\t    <\/div>\n\n    <div class=\"sxc-advantages-item hidden\" data-tab=\"2\">\n\t\t\t\t\t<h3 class=\"sxc-advantages-item__headline\">Prenotazioni<br \/>\nsemplici<\/h3>\t\t\t\t            <div class=\"sxc-advantages-item__list\">\n                <div class=\"sxc-advantages-item__list__toggler\">Mehr Infos<\/div>\n                <div class=\"sxc-advantages-item__list__inner\">\n\t\t\t\t\t                        <div class=\"sxc-advantages-item__list__inner__element\">Prenotazione facile e veloce<\/div>\n\t\t\t\t\t                        <div class=\"sxc-advantages-item__list__inner__element\">Ritiro veicolo senza complicazioni<\/div>\n\t\t\t\t\t                        <div class=\"sxc-advantages-item__list__inner__element\">Restituire l\u2019auto in qualsiasi centro SIXT e in qualsiasi momento<\/div>\n\t\t\t\t\t                <\/div>\n            <\/div>\n\t\t\t\t\t\t    <\/div>\n\n<\/div>\n    <\/div>\n    <script>\n      window.addEventListener('load', () => {\n        new SxcAdvantages(\".sxc-advantages__tabs__tab\", \".sxc-advantages-item\",\n            \".sxc-advantages-item__list__toggler\", \".sxc-advantages-item__list__inner\");\n      });\n    <\/script>\n\n<div class=\"sxc-next-steps wbq_add_params_on_clickout\">\n\t<div class=\"sxc-next-steps__headline\">Come registrarsi: pochi passi all\u2019auto noleggio a lungo termine <\/div>    <div class=\"sxc-next-steps__inner\">\n\t\t\n<div class=\"sxc-next-steps-item\">\n    <div class=\"sxc-next-steps-item__icon\"><img src=\"https:\/\/corporate.sixt.com\/it-it\/wp-content\/uploads\/sites\/14\/2021\/09\/sixt.com-noleggio-auto-per-aziende-online-anmelden.svg\" alt=\"\"><\/div>\n\t<div class=\"sxc-next-steps-item__headline\">Registrati online <\/div>    <div class=\"sxc-next-steps-item__overview\">Inserisci i dati sul sito Web o sull\u2019app, visualizza i termini e le condizioni adatte alla tua azienda con semplicit\u00e0 e, se hai esigenze pi\u00f9 specifiche, il nostro team di esperti ti contatter\u00e0 senza problemi. <\/div>\n<\/div>\n<div class=\"sxc-next-steps-item\">\n    <div class=\"sxc-next-steps-item__icon\"><img src=\"https:\/\/corporate.sixt.com\/it-it\/wp-content\/uploads\/sites\/14\/2021\/09\/sixt.com-noleggio-auto-per-aziende-ratenbestatigen.svg\" alt=\"\"><\/div>\n\t<div class=\"sxc-next-steps-item__headline\">Offerta ricevuta <\/div>    <div class=\"sxc-next-steps-item__overview\">Puoi confermare i tuoi pagamenti con un solo clic e accedere alle tue tariffe scontate, secondo le tue condizioni aziendali. Se hai delle domande, il team di esperti ti contatter\u00e0 nel mino tempo possibile. <\/div>\n<\/div>\n<div class=\"sxc-next-steps-item\">\n    <div class=\"sxc-next-steps-item__icon\"><img src=\"https:\/\/corporate.sixt.com\/it-it\/wp-content\/uploads\/sites\/14\/2021\/09\/sixt.com-noleggio-auto-per-aziende-businessprofilanlegen.svg\" alt=\"\"><\/div>\n\t<div class=\"sxc-next-steps-item__headline\">Prenota la vettura in base alle esigenze <\/div>    <div class=\"sxc-next-steps-item__overview\">Usa il consueto canale di prenotazione online e assicurati il noleggio a lungo termine con SIXT. Potrai prenotare tramite web, app, esterni o in filiale, scegli tu senza impegni. <\/div>\n<\/div>\n<div class=\"sxc-next-steps-item\">\n    <div class=\"sxc-next-steps-item__icon\"><img src=\"https:\/\/corporate.sixt.com\/it-it\/wp-content\/uploads\/sites\/14\/2021\/09\/sixt.com-noleggio-auto-per-aziende-autoabholen.svg\" alt=\"\"><\/div>\n\t<div class=\"sxc-next-steps-item__headline\">Ritira l\u2019auto e parti <\/div>    <div class=\"sxc-next-steps-item__overview\">Dopo aver effettuato la prenotazione, ritira l\u2019auto o fatti consegnare la vettura da un corriere, sali a bordo dell\u2019auto e parti nel maggior comfort possibile offerto dai veicoli di SIXT, sempre ben qeuipaggiati per le vostre esigenze. <\/div>\n<\/div>\n    <\/div>\n    <div class=\"sxc-next-steps__cta\">\n        <a href=\"https:\/\/corporate-signup.sixt.com\/?lang=it&amp;country_code=it&amp;product_type=sixt_plus\"\n           class=\"sxc-cta\">\n\t\t\tRichiedi un\u2019offerta        <\/a>\n    <\/div>\n<\/div>\n","protected":false},"excerpt":{"rendered":"","protected":false},"author":48,"featured_media":0,"parent":0,"menu_order":0,"comment_status":"closed","ping_status":"closed","template":"","meta":[],"categories":[],"tags":[],"yst_prominent_words":[],"_links":{"self":[{"href":"https:\/\/corporate.sixt.com\/it-it\/wp-json\/wp\/v2\/pages\/4855"}],"collection":[{"href":"https:\/\/corporate.sixt.com\/it-it\/wp-json\/wp\/v2\/pages"}],"about":[{"href":"https:\/\/corporate.sixt.com\/it-it\/wp-json\/wp\/v2\/types\/page"}],"author":[{"embeddable":true,"href":"https:\/\/corporate.sixt.com\/it-it\/wp-json\/wp\/v2\/users\/48"}],"replies":[{"embeddable":true,"href":"https:\/\/corporate.sixt.com\/it-it\/wp-json\/wp\/v2\/comments?post=4855"}],"version-history":[{"count":0,"href":"https:\/\/corporate.sixt.com\/it-it\/wp-json\/wp\/v2\/pages\/4855\/revisions"}],"wp:attachment":[{"href":"https:\/\/corporate.sixt.com\/it-it\/wp-json\/wp\/v2\/media?parent=4855"}],"wp:term":[{"taxonomy":"category","embeddable":true,"href":"https:\/\/corporate.sixt.com\/it-it\/wp-json\/wp\/v2\/categories?post=4855"},{"taxonomy":"post_tag","embeddable":true,"href":"https:\/\/corporate.sixt.com\/it-it\/wp-json\/wp\/v2\/tags?post=4855"},{"taxonomy":"yst_prominent_words","embeddable":true,"href":"https:\/\/corporate.sixt.com\/it-it\/wp-json\/wp\/v2\/yst_prominent_words?post=4855"}],"curies":[{"name":"wp","href":"https:\/\/api.w.org\/{rel}","templated":true}]}}