{"id":6903,"date":"2025-07-10T16:21:03","date_gmt":"2025-07-10T14:21:03","guid":{"rendered":"https:\/\/sixtcorpstage.wpengine.com\/fr-fr\/?page_id=6903"},"modified":"2025-07-24T16:23:01","modified_gmt":"2025-07-24T14:23:01","slug":"sixt-leasing","status":"publish","type":"page","link":"https:\/\/corporate.sixt.com\/fr-fr\/sixt-leasing\/","title":{"rendered":"SEA_SIXT_Leasing"},"content":{"rendered":"<div class=\"sxc-hero wbq_add_params_on_clickout\">\n    <img class=\"sxc-hero__image\" src=\"https:\/\/corporate.sixt.com\/fr-fr\/wp-content\/uploads\/sites\/8\/2023\/06\/sixt.com-sixt-plus-sixt-plus-header.jpg\"\n         alt=\"Vous cherchez \u00e0 louer une voiture? D\u00e9couvrez notre alternative SIXT+\">\n    <div class=\"sxc-hero__inner\">\n\t\t<h1 class=\"sxc-hero__inner__headline\">Vous cherchez \u00e0 louer une voiture? D\u00e9couvrez notre alternative SIXT+<\/h1>        <div class=\"sxc-hero__inner__overview\">Le leasing offre des mensualit\u00e9s plus faibles que l\u2019achat, mais implique souvent des co\u00fbts suppl\u00e9mentaires et des contrats \u00e0 long terme. SIXT+ est le choix intelligent pour les entreprises agiles : voitures haut de gamme disponibles imm\u00e9diatement, conditions flexibles et tarif tout compris. Id\u00e9al pour combler les lacunes de flotte, tester des v\u00e9hicules \u00e9lectriques ou remplacer le leasing traditionnel.<br \/>\nDes startups aux entreprises mondiales \u2013 nous couvrons tous vos besoins en mobilit\u00e9.<\/div>\n    <\/div>\n\t        <div class=\"sxc-hero__cta\">\n            <a href=\"https:\/\/corporate-signup.sixt.com\/?lang=fr&amp;country_code=fr&amp;product_type=sixt_plus\"\n               class=\"sxc-cta\">\n\t\t\t\tS\u2019inscrire en tant que client entreprise            <\/a>\n        <\/div>\n\t<\/div>\n<div  class='hr av-130n26q-63fb6d984dd6330e33ec535a248001d8 hr-default  avia-builder-el-1  el_after_sxc_hero  el_before_av_buttonrow  avia-builder-el-first  '><span class='hr-inner '><span class=\"hr-inner-style\"><\/span><\/span><\/div>\n<div  class='avia-buttonrow-wrap av-m986tid8-136a55e15d28ea70007e53ac5f43fdff avia-buttonrow-center  avia-builder-el-2  el_after_av_hr  el_before_av_hr  wbq_add_params_on_clickout invalid-custom-class-found '>\n\n<style type=\"text\/css\" id=\"style-css-av-m986s025-ae44183f45aee7cba9a3c485a33524af\">\n#top .avia-button.av-m986s025-ae44183f45aee7cba9a3c485a33524af{\nbackground-color:#ff5f00;\nborder-color:#ff5f00;\ncolor:#ffffff;\nborder-style:none;\ntransition:all 0.4s ease-in-out;\n-webkit-transition:all 0.4s ease-in-out;\n-moz-transition:all 0.4s ease-in-out;\n-ms-transition:all 0.4s ease-in-out;\n-o-transition:all 0.4s ease-in-out;\nmargin-bottom:5px;\nmargin-right:3px;\nmargin-left:3px;\n}\n#top .avia-button.av-m986s025-ae44183f45aee7cba9a3c485a33524af:hover{\nbackground-color:#ff5f00;\ncolor:#ffffff;\ntransition:all 0.4s ease-in-out;\n-webkit-transition:all 0.4s ease-in-out;\n-moz-transition:all 0.4s ease-in-out;\n-ms-transition:all 0.4s ease-in-out;\n-o-transition:all 0.4s ease-in-out;\n}\n<\/style>\n<a href='https:\/\/corporate-signup.sixt.com\/?lang=fr&amp;country_code=fr&amp;product_type=sixt_plus'  class='avia-button av-m986s025-ae44183f45aee7cba9a3c485a33524af avia-icon_select-no avia-size-small'  ><span class='avia_iconbox_title' >S\u2019inscrire en tant que client entreprise<\/span><\/a>\n\n<style type=\"text\/css\" id=\"style-css-av-m986v62f-41db553e01257b500b05ee44982c7ab9\">\n#top .avia-button.av-m986v62f-41db553e01257b500b05ee44982c7ab9{\nbackground-color:#939393;\nborder-color:#939393;\ncolor:#ffffff;\nborder-style:none;\ntransition:all 0.4s ease-in-out;\n-webkit-transition:all 0.4s ease-in-out;\n-moz-transition:all 0.4s ease-in-out;\n-ms-transition:all 0.4s ease-in-out;\n-o-transition:all 0.4s ease-in-out;\nmargin-bottom:5px;\nmargin-right:3px;\nmargin-left:3px;\n}\n#top .avia-button.av-m986v62f-41db553e01257b500b05ee44982c7ab9:hover{\nbackground-color:#939393;\ncolor:#ffffff;\ntransition:all 0.4s ease-in-out;\n-webkit-transition:all 0.4s ease-in-out;\n-moz-transition:all 0.4s ease-in-out;\n-ms-transition:all 0.4s ease-in-out;\n-o-transition:all 0.4s ease-in-out;\n}\n<\/style>\n<a href='https:\/\/www.sixt.fr\/plus\/?utm_source=corporate.sixt.com&amp;utm_medium=b2b-website-referral&amp;utm_campaign=FR_FR_btoc_PLUS-B2C-CTA_SP_LT_FRE&amp;utm_content=CTA&amp;utm_term=b2b_ref'  class='avia-button av-m986v62f-41db553e01257b500b05ee44982c7ab9 avia-icon_select-no avia-size-small'  ><span class='avia_iconbox_title' >Abonnez-vous maintenant<\/span><\/a>\n<\/div>\n<div  class='hr av-10r3qw2-a161a9063d48df7424f463f9f6ce5d70 hr-default  avia-builder-el-3  el_after_av_buttonrow  el_before_av_textblock  '><span class='hr-inner '><span class=\"hr-inner-style\"><\/span><\/span><\/div>\n<section class=\"av_textblock_section \"  itemscope=\"itemscope\" itemtype=\"https:\/\/schema.org\/CreativeWork\" ><div class='avia_textblock  '   itemprop=\"text\" ><h3><strong>Quels sont les avantages d\u2019un abonnement automobile par rapport au leasing?<\/strong><\/h3>\n<p>Les principaux avantages d\u2019un abonnement automobile par rapport au leasing classique sont sa\u00a0flexibilit\u00e9\u00a0et son\u00a0haut niveau de pr\u00e9visibilit\u00e9. La r\u00e9siliation d\u2019un abonnement est \u00e9galement tr\u00e8s simple: il suffit de\u00a0ramener le v\u00e9hicule dans une agence SIXT &#8211; et c\u2019est tout!<\/p>\n<p>En revanche, un contrat de leasing comporte souvent une\u00a0derni\u00e8re mensualit\u00e9 importante, qu\u2019il faut prendre en compte dans le calcul global. De plus, des\u00a0frais peuvent s\u2019appliquer\u00a0en cas de dommages d\u00e9passant l\u2019usure normale lors de la restitution du v\u00e9hicule.<\/p>\n<p>Consultez notre tableau comparatif pour d\u00e9couvrir tous les services inclus dans un abonnement automobile par rapport \u00e0 un contrat de leasing.<\/p>\n<\/div><\/section>\n<div  class='avia-table av-312jmv-5f305bb5d8a334029d35137d97219e11 main_color avia-pricing-table-container avia_pricing_default  avia-builder-el-5  el_after_av_textblock  el_before_av_hr  avia-table-1 '  itemscope=\"itemscope\" itemtype=\"https:\/\/schema.org\/Table\" ><div class=\"pricing-table-wrap\"><ul class='pricing-table '><li class='avia-heading-row empty-table-cell'><div class='first-table-item'><span class='fallback-table-val'>SIXT + car subscription<\/span><\/div><span class='pricing-extra'><\/span><\/li><li class=''>Prix mensuel fixe et previsible<\/li><li class=''>Disponible imm\u00e9diatement<\/li><li class=''>Dur\u00e9e minimale de 30 jours<\/li><li class=''>Mod\u00e8le flexible<\/li><li class=''>R\u00e9siliable mensuellement<\/li><li class=''>Pause possible<\/li><li class=''>Immatriculation et mise \u00e0 disposition<\/li><li class=''>Entretien inclus<\/li><\/ul><\/div><div class=\"pricing-table-wrap\"><ul class='pricing-table '><li class='avia-heading-row'><div class='first-table-item'>SIXT + car subscription<\/div><span class='pricing-extra'><\/span><\/li><li class=''>\u2713<\/li><li class=''>\u2713<\/li><li class=''>\u2713<\/li><li class=''>\u2713<\/li><li class=''>\u2713<\/li><li class=''>\u2713<\/li><li class=''>\u2713<\/li><li class=''>\u2713<\/li><\/ul><\/div><div class=\"pricing-table-wrap\"><ul class='pricing-table '><li class='avia-heading-row'><div class='first-table-item'>Car lease<\/div><span class='pricing-extra'><\/span><\/li><li class=''>\u2713<\/li><li class=''>X<\/li><li class=''>X<\/li><li class=''>X<\/li><li class=''>X<\/li><li class=''>X<\/li><li class=''>\u20ac\u20ac\u20ac<\/li><li class=''>\u20ac\u20ac\u20ac<\/li><\/ul><\/div><\/div>\n<div  class='hr av-9po0te-d6273480529ecf22e99c37852411a8ee hr-default  avia-builder-el-6  el_after_av_table  el_before_av_buttonrow  '><span class='hr-inner '><span class=\"hr-inner-style\"><\/span><\/span><\/div>\n<div  class='avia-buttonrow-wrap av-6ww6yq-c6cbdbc7b9f689f669821152fde4fcb8 avia-buttonrow-center  avia-builder-el-7  el_after_av_hr  el_before_av_hr  wbq_add_params_on_clickout invalid-custom-class-found '>\n\n<style type=\"text\/css\" id=\"style-css-av-k6b7m-4dd538991679735fce1d55b950f29b0a\">\n#top .avia-button.av-k6b7m-4dd538991679735fce1d55b950f29b0a{\nbackground-color:#ff5f00;\nborder-color:#ff5f00;\ncolor:#ffffff;\nborder-style:none;\ntransition:all 0.4s ease-in-out;\n-webkit-transition:all 0.4s ease-in-out;\n-moz-transition:all 0.4s ease-in-out;\n-ms-transition:all 0.4s ease-in-out;\n-o-transition:all 0.4s ease-in-out;\nmargin-bottom:5px;\nmargin-right:3px;\nmargin-left:3px;\n}\n#top .avia-button.av-k6b7m-4dd538991679735fce1d55b950f29b0a:hover{\nbackground-color:#ff5f00;\ncolor:#ffffff;\ntransition:all 0.4s ease-in-out;\n-webkit-transition:all 0.4s ease-in-out;\n-moz-transition:all 0.4s ease-in-out;\n-ms-transition:all 0.4s ease-in-out;\n-o-transition:all 0.4s ease-in-out;\n}\n<\/style>\n<a href='https:\/\/corporate-signup.sixt.com\/?lang=fr&amp;country_code=fr&amp;product_type=sixt_plus'  class='avia-button av-k6b7m-4dd538991679735fce1d55b950f29b0a avia-icon_select-no avia-size-small'  ><span class='avia_iconbox_title' >S\u2019inscrire en tant que client entreprise<\/span><\/a>\n\n<style type=\"text\/css\" id=\"style-css-av-47t92a-2b2f29fbc65b4eb07b23324ac32f77b4\">\n#top .avia-button.av-47t92a-2b2f29fbc65b4eb07b23324ac32f77b4{\nbackground-color:#939393;\nborder-color:#939393;\ncolor:#ffffff;\nborder-style:none;\ntransition:all 0.4s ease-in-out;\n-webkit-transition:all 0.4s ease-in-out;\n-moz-transition:all 0.4s ease-in-out;\n-ms-transition:all 0.4s ease-in-out;\n-o-transition:all 0.4s ease-in-out;\nmargin-bottom:5px;\nmargin-right:3px;\nmargin-left:3px;\n}\n#top .avia-button.av-47t92a-2b2f29fbc65b4eb07b23324ac32f77b4:hover{\nbackground-color:#939393;\ncolor:#ffffff;\ntransition:all 0.4s ease-in-out;\n-webkit-transition:all 0.4s ease-in-out;\n-moz-transition:all 0.4s ease-in-out;\n-ms-transition:all 0.4s ease-in-out;\n-o-transition:all 0.4s ease-in-out;\n}\n<\/style>\n<a href='https:\/\/www.sixt.fr\/plus\/?utm_source=corporate.sixt.com&amp;utm_medium=b2b-website-referral&amp;utm_campaign=FR_FR_btoc_PLUS-B2C-CTA_SP_LT_FRE&amp;utm_content=CTA&amp;utm_term=b2b_ref'  class='avia-button av-47t92a-2b2f29fbc65b4eb07b23324ac32f77b4 avia-icon_select-no avia-size-small'  ><span class='avia_iconbox_title' >Abonnez-vous maintenant<\/span><\/a>\n<\/div>\n<div  class='hr av-1vchgy-1b7a03d9ed01e325e89b41562b797caf hr-default  avia-builder-el-8  el_after_av_buttonrow  el_before_sxc_advantages  avia-builder-el-last  '><span class='hr-inner '><span class=\"hr-inner-style\"><\/span><\/span><\/div>\n    <div class=\"sxc-advantages sxc-advantages--light sxc-advantages--layout-four sxc-advantages--headline-default\">\n\t\t\t\t<h2 class=\"sxc-advantages__headline\">LES AVANTAGES DE LA LOCATION DE VOITURE<\/h2>\t\t            <div class=\"sxc-advantages__tabs\">\n\t\t\t\t                    <div class=\"sxc-advantages__tabs__tab sxc-cta\">D\u00e9cideurs<\/div>\n\t\t\t\t                    <div class=\"sxc-advantages__tabs__tab sxc-cta\">Conducteurs<\/div>\n\t\t\t\t            <\/div>\n\t\t        <div class=\"sxc-advantages__inner\">\n    <div class=\"sxc-advantages-item hidden\" data-tab=\"1\">\n\t\t\t\t\t<h3 class=\"sxc-advantages-item__headline\">UNE FLEXIBILITE MAXIMALE<\/h3>\t\t\t\t            <div class=\"sxc-advantages-item__list\">\n                <div class=\"sxc-advantages-item__list__toggler\">Meer<\/div>\n                <div class=\"sxc-advantages-item__list__inner\">\n\t\t\t\t\t                        <div class=\"sxc-advantages-item__list__inner__element\">A partir d\u2019un mois<\/div>\n\t\t\t\t\t                        <div class=\"sxc-advantages-item__list__inner__element\">R\u00e9siliation mensuelle possible<\/div>\n\t\t\t\t\t                        <div class=\"sxc-advantages-item__list__inner__element\">Pas d\u2019attente : collecte ultra rapide<\/div>\n\t\t\t\t\t                <\/div>\n            <\/div>\n\t\t\t\t\t\t    <\/div>\n\n    <div class=\"sxc-advantages-item hidden\" data-tab=\"1\">\n\t\t\t\t\t<h3 class=\"sxc-advantages-item__headline\">CONTR\u00d4LE TOTAL DES CO\u00dbTS<\/h3>\t\t\t\t            <div class=\"sxc-advantages-item__list\">\n                <div class=\"sxc-advantages-item__list__toggler\">Meer<\/div>\n                <div class=\"sxc-advantages-item__list__inner\">\n\t\t\t\t\t                        <div class=\"sxc-advantages-item__list__inner__element\">Faible investissement en capital<\/div>\n\t\t\t\t\t                        <div class=\"sxc-advantages-item__list__inner__element\">Un taux fixe qui permet une planification financi\u00e8re solide<\/div>\n\t\t\t\t\t                        <div class=\"sxc-advantages-item__list__inner__element\">Des ajustements possibles mensuellement<\/div>\n\t\t\t\t\t                <\/div>\n            <\/div>\n\t\t\t\t\t\t    <\/div>\n\n    <div class=\"sxc-advantages-item hidden\" data-tab=\"1\">\n\t\t\t\t\t<h3 class=\"sxc-advantages-item__headline\">DES COLLEGUES SATISFAITS<\/h3>\t\t\t\t            <div class=\"sxc-advantages-item__list\">\n                <div class=\"sxc-advantages-item__list__toggler\">Meer<\/div>\n                <div class=\"sxc-advantages-item__list__inner\">\n\t\t\t\t\t                        <div class=\"sxc-advantages-item__list__inner__element\">Des processus et une gestion simples<\/div>\n\t\t\t\t\t                        <div class=\"sxc-advantages-item__list__inner__element\">Assouplissez les directives sur les voitures de soci\u00e9t\u00e9<\/div>\n\t\t\t\t\t                        <div class=\"sxc-advantages-item__list__inner__element\">Des v\u00e9hicules qui n\u2018ont pas d\u2019impact sur les \u00e9tats financiers en d\u00e9pit des normes comptables US-GAAP<\/div>\n\t\t\t\t\t                <\/div>\n            <\/div>\n\t\t\t\t\t\t    <\/div>\n\n    <div class=\"sxc-advantages-item hidden\" data-tab=\"1\">\n\t\t\t\t\t<h3 class=\"sxc-advantages-item__headline\">UN EFFORT MINIMUM<\/h3>\t\t\t\t            <div class=\"sxc-advantages-item__list\">\n                <div class=\"sxc-advantages-item__list__toggler\">Meer<\/div>\n                <div class=\"sxc-advantages-item__list__inner\">\n\t\t\t\t\t                        <div class=\"sxc-advantages-item__list__inner__element\">Moins de n\u00e9gociations avec les constructeurs, les entreprises de leasing ou les compagnies d\u2019assurance.<\/div>\n\t\t\t\t\t                        <div class=\"sxc-advantages-item__list__inner__element\">Un contrat simple<\/div>\n\t\t\t\t\t                        <div class=\"sxc-advantages-item__list__inner__element\">Des t\u00e2ches administratives faciles gr\u00e2ce au compte professionnel SIXT<\/div>\n\t\t\t\t\t                        <div class=\"sxc-advantages-item__list__inner__element\">Une seule facture globale<\/div>\n\t\t\t\t\t                <\/div>\n            <\/div>\n\t\t\t\t\t\t    <\/div>\n\n    <div class=\"sxc-advantages-item hidden\" data-tab=\"2\">\n\t\t\t\t\t<h3 class=\"sxc-advantages-item__headline\">UNE ADPTATION MAXIMUM<\/h3>\t\t\t\t            <div class=\"sxc-advantages-item__list\">\n                <div class=\"sxc-advantages-item__list__toggler\">Meer<\/div>\n                <div class=\"sxc-advantages-item__list__inner\">\n\t\t\t\t\t                        <div class=\"sxc-advantages-item__list__inner__element\">Un abonnement qui s\u2019adapte \u00e0 vos besoins<\/div>\n\t\t\t\t\t                        <div class=\"sxc-advantages-item__list__inner__element\">Changement de mod\u00e8le dans un d\u00e9lai d\u2019un mois<\/div>\n\t\t\t\t\t                        <div class=\"sxc-advantages-item__list__inner__element\">Commencez imm\u00e9diatement sans attente interminable<\/div>\n\t\t\t\t\t                <\/div>\n            <\/div>\n\t\t\t\t\t\t    <\/div>\n\n    <div class=\"sxc-advantages-item hidden\" data-tab=\"2\">\n\t\t\t\t\t<h3 class=\"sxc-advantages-item__headline\">UN CO\u00dbT BASES SUR VOS BESOINS<\/h3>\t\t\t\t            <div class=\"sxc-advantages-item__list\">\n                <div class=\"sxc-advantages-item__list__toggler\">Meer<\/div>\n                <div class=\"sxc-advantages-item__list__inner\">\n\t\t\t\t\t                        <div class=\"sxc-advantages-item__list__inner__element\">Pas de longs engagements sur un mod\u00e8le de v\u00e9hicule sp\u00e9cifique<\/div>\n\t\t\t\t\t                        <div class=\"sxc-advantages-item__list__inner__element\">La base d\u2019imposition peut \u00eatre modifi\u00e9e avec la classe du v\u00e9hicule.<\/div>\n\t\t\t\t\t                        <div class=\"sxc-advantages-item__list__inner__element\">Annulez dans un d\u00e9lai d\u2019un mois et \u00e9liminez vos frais<\/div>\n\t\t\t\t\t                <\/div>\n            <\/div>\n\t\t\t\t\t\t    <\/div>\n\n    <div class=\"sxc-advantages-item hidden\" data-tab=\"2\">\n\t\t\t\t\t<h3 class=\"sxc-advantages-item__headline\">UN EFFORT MINIMUM<\/h3>\t\t\t\t            <div class=\"sxc-advantages-item__list\">\n                <div class=\"sxc-advantages-item__list__toggler\">Meer<\/div>\n                <div class=\"sxc-advantages-item__list__inner\">\n\t\t\t\t\t                        <div class=\"sxc-advantages-item__list__inner__element\">Aucune d\u00e9marche administrative requise aupr\u00e8s des autorit\u00e9s ou des compagnies d\u2019assurance<\/div>\n\t\t\t\t\t                        <div class=\"sxc-advantages-item__list__inner__element\">Pas d\u2019entretien (changement de pneus, r\u00e9vision)<\/div>\n\t\t\t\t\t                        <div class=\"sxc-advantages-item__list__inner__element\">Garantie de mobilit\u00e9 en option pour l\u2019\u00e9change de la voiture en cas de panne<\/div>\n\t\t\t\t\t                <\/div>\n            <\/div>\n\t\t\t\t\t\t    <\/div>\n\n    <div class=\"sxc-advantages-item hidden\" data-tab=\"2\">\n\t\t\t\t\t<h3 class=\"sxc-advantages-item__headline\">UNE MEILLEURE EXP\u00c9RIENCE DE CONDUITE<\/h3>\t\t\t\t            <div class=\"sxc-advantages-item__list\">\n                <div class=\"sxc-advantages-item__list__toggler\">Meer<\/div>\n                <div class=\"sxc-advantages-item__list__inner\">\n\t\t\t\t\t                        <div class=\"sxc-advantages-item__list__inner__element\">Nouvelle voiture premium apr\u00e8s max. 6 mois<\/div>\n\t\t\t\t\t                        <div class=\"sxc-advantages-item__list__inner__element\">Des normes de s\u00e9curit\u00e9 et des technologies toujours \u00e0 jour<\/div>\n\t\t\t\t\t                        <div class=\"sxc-advantages-item__list__inner__element\">Choisissez parmi une multitude de mod\u00e8les<\/div>\n\t\t\t\t\t                <\/div>\n            <\/div>\n\t\t\t\t\t\t    <\/div>\n\n<\/div>\n    <\/div>\n    <script>\n      window.addEventListener('load', () => {\n        new SxcAdvantages(\".sxc-advantages__tabs__tab\", \".sxc-advantages-item\",\n            \".sxc-advantages-item__list__toggler\", \".sxc-advantages-item__list__inner\");\n      });\n    <\/script>\n\n<div class=\"sxc-next-steps wbq_add_params_on_clickout\">\n\t<h2 class=\"sxc-next-steps__headline\">4 \u00c9TAPES POUR VOTRE ABONNEMENT AUTO<\/h2>    <div class=\"sxc-next-steps__inner\">\n\t\t\n<div class=\"sxc-next-steps-item\">\n    <div class=\"sxc-next-steps-item__icon\"><img src=\"https:\/\/corporate.sixt.com\/fr-fr\/wp-content\/uploads\/sites\/8\/2021\/11\/sixt.com-sixt-rent-online-anmelden.svg\" alt=\"\"><\/div>\n\t<div class=\"sxc-next-steps-item__headline\">ENREGISTREMENT EN LIGNE<\/div>    <div class=\"sxc-next-steps-item__overview\">Inscrivez-vous rapidement en ligne : saisissez vos donn\u00e9es dans le formulaire et faites-nous part de vos besoins sp\u00e9cifiques.\u202f<\/div>\n<\/div>\n<div class=\"sxc-next-steps-item\">\n    <div class=\"sxc-next-steps-item__icon\"><img src=\"https:\/\/corporate.sixt.com\/fr-fr\/wp-content\/uploads\/sites\/8\/2021\/11\/sixt.com-sixt-rent-ratenbestatigen.svg\" alt=\"\"><\/div>\n\t<div class=\"sxc-next-steps-item__headline\">RECEVEZ VOTRE DEVIS<\/div>    <div class=\"sxc-next-steps-item__overview\">Apr\u00e8s votre inscription, vous recevez une offre personnalis\u00e9e. Si vous avez d\u2019autres questions, nos experts vous appellent. \u202f<\/div>\n<\/div>\n<div class=\"sxc-next-steps-item\">\n    <div class=\"sxc-next-steps-item__icon\"><img src=\"https:\/\/corporate.sixt.com\/fr-fr\/wp-content\/uploads\/sites\/8\/2021\/11\/sixt.com-sixt-rent-businessprofilanlegen.svg\" alt=\"\"><\/div>\n\t<div class=\"sxc-next-steps-item__headline\">CR\u00c9EZ LE PROFIL DE VOTRE ENTREPRISE<\/div>    <div class=\"sxc-next-steps-item__overview\">Cr\u00e9ez un profil de conducteur \u00e0 l\u2018aide de notre lien d\u2019inscription. Avec ce profil pro SIXT, vous pouvez g\u00e9rer votre abonnement de location de voiture en ligne ou via l\u2019application<\/div>\n<\/div>\n<div class=\"sxc-next-steps-item\">\n    <div class=\"sxc-next-steps-item__icon\"><img src=\"https:\/\/corporate.sixt.com\/fr-fr\/wp-content\/uploads\/sites\/8\/2021\/11\/sixt.com-sixt-rent-autoabholen.svg\" alt=\"\"><\/div>\n\t<div class=\"sxc-next-steps-item__headline\">RECUPEREZ VOTRE VEHICULE ET EN ROUTE !<\/div>    <div class=\"sxc-next-steps-item__overview\">Pas de longs d\u00e9lais d\u2018attente : votre abonnement est imm\u00e9diatement activ\u00e9.\u202fRendez-vous \u00e0 l\u2019agence, r\u00e9cup\u00e9rez votre v\u00e9hicule et c\u2019est parti !<\/div>\n<\/div>\n    <\/div>\n    <div class=\"sxc-next-steps__cta\">\n        <a href=\"https:\/\/corporate-signup.sixt.com\/?lang=fr&amp;country_code=fr&amp;product_type=sixt_plus\"\n           class=\"sxc-cta\">\n\t\t\tVotre devis sans engagement        <\/a>\n    <\/div>\n<\/div>\n","protected":false},"excerpt":{"rendered":"","protected":false},"author":48,"featured_media":0,"parent":0,"menu_order":0,"comment_status":"closed","ping_status":"closed","template":"","meta":[],"categories":[],"tags":[],"yst_prominent_words":[571,215,552,3599,941,649,44],"_links":{"self":[{"href":"https:\/\/corporate.sixt.com\/fr-fr\/wp-json\/wp\/v2\/pages\/6903"}],"collection":[{"href":"https:\/\/corporate.sixt.com\/fr-fr\/wp-json\/wp\/v2\/pages"}],"about":[{"href":"https:\/\/corporate.sixt.com\/fr-fr\/wp-json\/wp\/v2\/types\/page"}],"author":[{"embeddable":true,"href":"https:\/\/corporate.sixt.com\/fr-fr\/wp-json\/wp\/v2\/users\/48"}],"replies":[{"embeddable":true,"href":"https:\/\/corporate.sixt.com\/fr-fr\/wp-json\/wp\/v2\/comments?post=6903"}],"version-history":[{"count":0,"href":"https:\/\/corporate.sixt.com\/fr-fr\/wp-json\/wp\/v2\/pages\/6903\/revisions"}],"wp:attachment":[{"href":"https:\/\/corporate.sixt.com\/fr-fr\/wp-json\/wp\/v2\/media?parent=6903"}],"wp:term":[{"taxonomy":"category","embeddable":true,"href":"https:\/\/corporate.sixt.com\/fr-fr\/wp-json\/wp\/v2\/categories?post=6903"},{"taxonomy":"post_tag","embeddable":true,"href":"https:\/\/corporate.sixt.com\/fr-fr\/wp-json\/wp\/v2\/tags?post=6903"},{"taxonomy":"yst_prominent_words","embeddable":true,"href":"https:\/\/corporate.sixt.com\/fr-fr\/wp-json\/wp\/v2\/yst_prominent_words?post=6903"}],"curies":[{"name":"wp","href":"https:\/\/api.w.org\/{rel}","templated":true}]}}