{"id":6792,"date":"2025-02-10T17:49:26","date_gmt":"2025-02-10T15:49:26","guid":{"rendered":"https:\/\/sixtcorpstage.wpengine.com\/fr-fr\/?page_id=6792"},"modified":"2025-10-08T17:14:21","modified_gmt":"2025-10-08T15:14:21","slug":"acheter-ou-location","status":"publish","type":"page","link":"https:\/\/corporate.sixt.com\/fr-fr\/acheter-ou-location\/","title":{"rendered":"SEA_Offres de locations longue dur\u00e9e"},"content":{"rendered":"<div class=\"sxc-hero wbq_add_params_on_clickout\">\n    <img class=\"sxc-hero__image\" src=\"https:\/\/corporate.sixt.com\/fr-fr\/wp-content\/uploads\/sites\/8\/2021\/11\/sixt.com-offres-de-locations-longue-duree-company-car-alternatives-hero.jpg\"\n         alt=\"Alternatives aux voitures de soci\u00e9t\u00e9 et solution de flotte\">\n    <div class=\"sxc-hero__inner\">\n\t\t<h1 class=\"sxc-hero__inner__headline\">Alternatives aux voitures de soci\u00e9t\u00e9 et solution de flotte<\/h1>        <div class=\"sxc-hero__inner__overview\">Gardez une flotte flexible gr\u00e2ce \u00e0 la location longue dur\u00e9e et aux alternatives \u00e0 la voiture de soci\u00e9t\u00e9 propos\u00e9es par SIXT. Que vous cherchiez une solution ponctuelle ou permanente, une option ing\u00e9nieuse ou un ajout pertinent \u00e0 votre parc de v\u00e9hicules : avec les solutions de mobilit\u00e9 de SIXT, votre flotte s\u2018adapte \u00e0 vos besoins, et non l\u2019inverse !<\/div>\n    <\/div>\n\t        <div class=\"sxc-hero__cta\">\n            <a href=\"https:\/\/corporate-signup.sixt.com\/?lang=fr&amp;country_code=fr&amp;product_type=sixt_plus\"\n               class=\"sxc-cta\">\n\t\t\t\tObtenez une offre            <\/a>\n        <\/div>\n\t<\/div>\n<div class=\"sxc-benefits-details\">\n    <div class=\"sxc-benefits-details__inner\">\n\t\t<h2 class=\"sxc-benefits-details__heading\">LES AVANTAGES DE LA LOCATION DE VOITURE COMMERCIAL<\/h2>        <div class=\"sxc-benefits-details__overview\">Avec l\u2018achat ou la location d\u2019une voiture commerciale, les entreprises prennent un engagement \u00e0 long terme qui s\u2018accompagne d\u2019obligations telles que l\u2019entretien et les r\u00e9parations. SIXT offre de nombreuses solutions de mobilit\u00e9 qui permettent de garder un parc automobile flexible, que vous pouvez agrandir ou r\u00e9duire quand vous le d\u00e9cidez.<\/div>\n        <div class=\"sxc-benefits-details__columns\" style=\"grid-template-columns: repeat(4, 1fr)\">\n\t\t\t\n<div class=\"sxc-benefits-details-column__icon\">\n\t<\/div>\n<h3 class=\"sxc-benefits-details-column__heading\">UNE FLEXIBILITE MAXIMUM<\/h3><div class=\"sxc-benefits-details-column__contents\">\n    <ul class=\"sxc-benefits-details-column__list\">\n\t\t\t\t\t                <li class=\"sxc-benefits-details-column__list-item\">Disponibilit\u00e9 imm\u00e9diate<\/li>\n\t\t\t                <li class=\"sxc-benefits-details-column__list-item\">Des contrats courts ou sans dur\u00e9e minimale<\/li>\n\t\t\t                <li class=\"sxc-benefits-details-column__list-item\">Des conditions d\u2019annulation souples<\/li>\n\t\t\t\t\t    <\/ul>\n    <div class=\"sxc-benefits-details-column__link\">\n\t\t    <\/div>\n<\/div>\n<div class=\"sxc-benefits-details-column__icon\">\n\t<\/div>\n<h3 class=\"sxc-benefits-details-column__heading\">MOTIVER VOS EMPLOYES<\/h3><div class=\"sxc-benefits-details-column__contents\">\n    <ul class=\"sxc-benefits-details-column__list\">\n\t\t\t\t\t                <li class=\"sxc-benefits-details-column__list-item\">Entretien et r\u00e9parations pris en charge<\/li>\n\t\t\t                <li class=\"sxc-benefits-details-column__list-item\">Des voitures de moins de 6 mois<\/li>\n\t\t\t                <li class=\"sxc-benefits-details-column__list-item\">Le choix du taux d\u2019imposition bas\u00e9 sur la taille et le moteur du v\u00e9hicule<\/li>\n\t\t\t\t\t    <\/ul>\n    <div class=\"sxc-benefits-details-column__link\">\n\t\t    <\/div>\n<\/div>\n<div class=\"sxc-benefits-details-column__icon\">\n\t<\/div>\n<h3 class=\"sxc-benefits-details-column__heading\">UN BUDGET MA\u00ceTRISE<\/h3><div class=\"sxc-benefits-details-column__contents\">\n    <ul class=\"sxc-benefits-details-column__list\">\n\t\t\t\t\t                <li class=\"sxc-benefits-details-column__list-item\">Testez l\u2018\u00e9lectrique ou l\u2019hybride sans risque<\/li>\n\t\t\t                <li class=\"sxc-benefits-details-column__list-item\">Des formules tout-compris sans frais cach\u00e9s<\/li>\n\t\t\t                <li class=\"sxc-benefits-details-column__list-item\">Echangez ou retournez les v\u00e9hicules selon vos besoins<\/li>\n\t\t\t\t\t    <\/ul>\n    <div class=\"sxc-benefits-details-column__link\">\n\t\t    <\/div>\n<\/div>\n<div class=\"sxc-benefits-details-column__icon\">\n\t<\/div>\n<h3 class=\"sxc-benefits-details-column__heading\">SANS EFFORT<\/h3><div class=\"sxc-benefits-details-column__contents\">\n    <ul class=\"sxc-benefits-details-column__list\">\n\t\t\t\t\t                <li class=\"sxc-benefits-details-column__list-item\">Pas de contrat d\u2019achat compliqu\u00e9<\/li>\n\t\t\t                <li class=\"sxc-benefits-details-column__list-item\">Une gestion administrative simple<\/li>\n\t\t\t                <li class=\"sxc-benefits-details-column__list-item\">Une restitution facile du v\u00e9hicule de location<\/li>\n\t\t\t\t\t    <\/ul>\n    <div class=\"sxc-benefits-details-column__link\">\n\t\t    <\/div>\n<\/div>\n        <\/div>\n    <\/div>\n\t<\/div>\n\n<div class=\"sxc-features-teasers\" id=\"sxc_ft_69d376077094a3_66051109\">\n\t<h2 class=\"sxc-features-teasers__heading\">LA LOCATION LONGUE DUREE DE VOITURES D\u2019ENTREPRISE QUI REPOND A VOS BESOINS<\/h2>    <div class=\"sxc-features-teasers__list\">\n\t\t\n<div class=\"sxc-features-teasers-item\">\n    <div class=\"sxc-features-teasers-item__image\">\n\t\t            <img src=\"https:\/\/corporate.sixt.com\/fr-fr\/wp-content\/uploads\/sites\/8\/2021\/11\/sixt.com-offres-de-locations-longue-duree-long-term-classic.jpg\" alt=\"LE CONTRAT LONGUE DUREE CLASSIQUE DE SIXT AVEC OPTION D\u2019ANNULATION POUR UNE FLEXIBILITE TOTALE\">\n\t\t    <\/div>\n\t<h3 class=\"sxc-features-teasers-item__heading\">LE CONTRAT LONGUE DUREE CLASSIQUE DE SIXT AVEC OPTION D\u2019ANNULATION POUR UNE FLEXIBILITE TOTALE<\/h3>    <div class=\"sxc-features-teasers-item__content\">\n        <div class=\"sxc-features-teasers-item__content-title\">\n            <img src=\"\/wp-content\/themes\/sixt\/images\/chevron-right.svg\" alt=\"Toggle\">\n            <div>Mehr erfahren<\/div>\n        <\/div>\n        <div class=\"sxc-features-teasers-item__content-inner\">\n            <div class=\"sxc-features-teasers-item__text\">Trouvez la location de voiture longue dur\u00e9e, adapt\u00e9e \u00e0 vos besoins professionnels avec une disponibilit\u00e9 imm\u00e9diate. Vous pouvez en modifier le mod\u00e8le ou la dur\u00e9e de location de voiture commerciale \u00e0 tout moment. Gr\u00e2ce aux paiements mensuels, cette option est parfaite pour s\u2018adapter \u00e0 des activit\u00e9s saisonni\u00e8res ou \u00e0 un projet ponctuel, que vous ayez un seul ou plusieurs v\u00e9hicules dans votre parc automobile d\u2019entreprise. Cette option est \u00e9galement id\u00e9ale pour l\u2019autopartage.<\/div>\n\t\t\t        <\/div>\n    <\/div>\n\t        <div class=\"sxc-features-teasers-item__link\">\n            <a href=\"\/fr-fr\/location-voiture-moyenne-duree\/\" class=\"sxc-link\">\n\t\t\t\tLocation de voiture longue dur\u00e9e            <\/a>\n        <\/div>\n\t<\/div>\n<div class=\"sxc-features-teasers-item\">\n    <div class=\"sxc-features-teasers-item__image\">\n\t\t            <img src=\"https:\/\/corporate.sixt.com\/fr-fr\/wp-content\/uploads\/sites\/8\/2021\/11\/sixt.com-offres-de-locations-longue-duree-sixt-plus.jpeg\" alt=\"VOTRE INSCRIPTION A SIXT+\">\n\t\t    <\/div>\n\t<h3 class=\"sxc-features-teasers-item__heading\">VOTRE INSCRIPTION A SIXT+<\/h3>    <div class=\"sxc-features-teasers-item__content\">\n        <div class=\"sxc-features-teasers-item__content-title\">\n            <img src=\"\/wp-content\/themes\/sixt\/images\/chevron-right.svg\" alt=\"Toggle\">\n            <div>Mehr erfahren<\/div>\n        <\/div>\n        <div class=\"sxc-features-teasers-item__content-inner\">\n            <div class=\"sxc-features-teasers-item__text\">L\u2019alternative \u00e0 la voiture de soci\u00e9t\u00e9 classique pour une solution tout compris. Un contrat sur mesure, avec des garanties et des indemnit\u00e9s kilom\u00e9triques personnalis\u00e9es. Un b\u00e9n\u00e9fice appr\u00e9ciable pour vos employ\u00e9s et un avantage concurrentiel pour attirer de nouvelles recrues. Pour les dirigeants et tous ceux qui souhaitent \u00eatre mobiles en restant flexible, pour un budget raisonnable et sans contraintes administratives.<\/div>\n\t\t\t        <\/div>\n    <\/div>\n\t        <div class=\"sxc-features-teasers-item__link\">\n            <a href=\"\/fr-fr\/sixt-plus\/\" class=\"sxc-link\">\n\t\t\t\tL\u2019abonnement voiture pros            <\/a>\n        <\/div>\n\t<\/div>\n    <\/div>\n\t<\/div>\n<script>\n  window.addEventListener('load', () => {\n    new SxcFeaturesTeasers(document.getElementById('sxc_ft_69d376077094a3_66051109'));\n  });\n<\/script>\n<div class=\"sxc-product-table wbq_add_params_on_clickout\" data-columns=\"4\">\n    <div class=\"sxc-product-table__text\">\n\t\t<h2 class=\"sxc-product-table__text__headline\">LES SOLUTIONS LONGUES DUREES DE SIXT EN UN COUP D\u2019OEIL<\/h2>        <div class=\"sxc-product-table__text__overview\">Toutes les informations sur les solutions SIXT Business d\u2018un seul coup d\u2019oeil pour vous aider \u00e0 choisir la formule la mieux adapt\u00e9e. Nous serons heureux de vous conseiller les meilleures solutions mobiles pour votre entreprise.<\/div>\n    <\/div>\n    <div class=\"sxc-product-table__slide-btns\">\n        <div id=\"sxc-product-table__slide-right\"><img src=\"\/wp-content\/themes\/sixt\/images\/arrow-left-white.svg\" alt=\"\">\n        <\/div>\n        <div id=\"sxc-product-table__slide-left\"><img src=\"\/wp-content\/themes\/sixt\/images\/arrow-left-white.svg\" alt=\"\">\n        <\/div>\n    <\/div>\n    <div class=\"sxc-product-table__table\">\n        <div class=\"sxc-product-table-item\">\n            <div class=\"sxc-product-table-item__heading\"><\/div>\n\n            <div class=\"sxc-product-table-item__columns__scroll\">\n\n                <div class=\"sxc-product-table-item__columns sxc-product-table-item__columns_4\">\n\t\t\t\t\t                        <div class=\"sxc-product-table-item__row-wp first\">\n                            <div class=\"sxc-product-table-item__row-wp__row\">SIXT LOCATION LONGUE DUREE <\/div>\n                        <\/div>\n\t\t\t\t\t                        <div class=\"sxc-product-table-item__row-wp first\">\n                            <div class=\"sxc-product-table-item__row-wp__row\">SIXT Long-Term Fleet<\/div>\n                        <\/div>\n\t\t\t\t\t                        <div class=\"sxc-product-table-item__row-wp first\">\n                            <div class=\"sxc-product-table-item__row-wp__row\">SIXT+ L\u2019ABONNEMENT VOITURE<\/div>\n                        <\/div>\n\t\t\t\t\t                        <div class=\"sxc-product-table-item__row-wp first\">\n                            <div class=\"sxc-product-table-item__row-wp__row\">SIXT+<br \/>\nunlimited<\/div>\n                        <\/div>\n\t\t\t\t\t                <\/div>\n\n            <\/div>\n        <\/div>\n\t\t\n<div class=\"sxc-product-table-item\">\n\t<div class=\"sxc-product-table-item__heading\">Disponibilit\u00e9 imm\u00e9diate<\/div>\n    <div class=\"sxc-product-table-item__columns__scroll\">\n\n        <div class=\"sxc-product-table-item__columns sxc-product-table-item__columns_4\">\n\t\t\t                <div class=\"sxc-product-table-item__row-wp\">\n                    <div class=\"sxc-product-table-item__row-wp__row\">\n\t\t\t\t\t\t<img src='\/wp-content\/themes\/sixt\/images\/check-mark-black.svg' class='check-mark' alt='' width='20' height='15'>                    <\/div>\n                <\/div>\n\t\t\t                <div class=\"sxc-product-table-item__row-wp\">\n                    <div class=\"sxc-product-table-item__row-wp__row\">\n\t\t\t\t\t\t<img src='\/wp-content\/themes\/sixt\/images\/check-mark-black.svg' class='check-mark' alt='' width='20' height='15'>                    <\/div>\n                <\/div>\n\t\t\t                <div class=\"sxc-product-table-item__row-wp\">\n                    <div class=\"sxc-product-table-item__row-wp__row\">\n\t\t\t\t\t\t<img src='\/wp-content\/themes\/sixt\/images\/check-mark-black.svg' class='check-mark' alt='' width='20' height='15'>                    <\/div>\n                <\/div>\n\t\t\t                <div class=\"sxc-product-table-item__row-wp\">\n                    <div class=\"sxc-product-table-item__row-wp__row\">\n\t\t\t\t\t\t<img src='\/wp-content\/themes\/sixt\/images\/check-mark-black.svg' class='check-mark' alt='' width='20' height='15'>                    <\/div>\n                <\/div>\n\t\t\t        <\/div>\n\n    <\/div>\n\n<\/div>\n<div class=\"sxc-product-table-item\">\n\t<div class=\"sxc-product-table-item__heading\">Dur\u00e9e minimale de contrat<\/div>\n    <div class=\"sxc-product-table-item__columns__scroll\">\n\n        <div class=\"sxc-product-table-item__columns sxc-product-table-item__columns_4\">\n\t\t\t                <div class=\"sxc-product-table-item__row-wp\">\n                    <div class=\"sxc-product-table-item__row-wp__row\">\n\t\t\t\t\t\t<img src='\/wp-content\/themes\/sixt\/images\/cross-black.svg' class='cross' alt='' width='14' height='14'>                    <\/div>\n                <\/div>\n\t\t\t                <div class=\"sxc-product-table-item__row-wp\">\n                    <div class=\"sxc-product-table-item__row-wp__row\">\n\t\t\t\t\t\t180 jours                    <\/div>\n                <\/div>\n\t\t\t                <div class=\"sxc-product-table-item__row-wp\">\n                    <div class=\"sxc-product-table-item__row-wp__row\">\n\t\t\t\t\t\t30 jours                    <\/div>\n                <\/div>\n\t\t\t                <div class=\"sxc-product-table-item__row-wp\">\n                    <div class=\"sxc-product-table-item__row-wp__row\">\n\t\t\t\t\t\t3 mois                    <\/div>\n                <\/div>\n\t\t\t        <\/div>\n\n    <\/div>\n\n<\/div>\n<div class=\"sxc-product-table-item\">\n\t<div class=\"sxc-product-table-item__heading\">Des options d\u2019annulation apr\u00e8s une dur\u00e9e minimum<\/div>\n    <div class=\"sxc-product-table-item__columns__scroll\">\n\n        <div class=\"sxc-product-table-item__columns sxc-product-table-item__columns_4\">\n\t\t\t                <div class=\"sxc-product-table-item__row-wp\">\n                    <div class=\"sxc-product-table-item__row-wp__row\">\n\t\t\t\t\t\tQuotidien                    <\/div>\n                <\/div>\n\t\t\t                <div class=\"sxc-product-table-item__row-wp\">\n                    <div class=\"sxc-product-table-item__row-wp__row\">\n\t\t\t\t\t\tQuotidien                    <\/div>\n                <\/div>\n\t\t\t                <div class=\"sxc-product-table-item__row-wp\">\n                    <div class=\"sxc-product-table-item__row-wp__row\">\n\t\t\t\t\t\tMensuel                    <\/div>\n                <\/div>\n\t\t\t                <div class=\"sxc-product-table-item__row-wp\">\n                    <div class=\"sxc-product-table-item__row-wp__row\">\n\t\t\t\t\t\tMensuel                    <\/div>\n                <\/div>\n\t\t\t        <\/div>\n\n    <\/div>\n\n<\/div>\n<div class=\"sxc-product-table-item\">\n\t<div class=\"sxc-product-table-item__heading\">Loyers mensuels tout inclus<\/div>\n    <div class=\"sxc-product-table-item__columns__scroll\">\n\n        <div class=\"sxc-product-table-item__columns sxc-product-table-item__columns_4\">\n\t\t\t                <div class=\"sxc-product-table-item__row-wp\">\n                    <div class=\"sxc-product-table-item__row-wp__row\">\n\t\t\t\t\t\t<img src='\/wp-content\/themes\/sixt\/images\/check-mark-black.svg' class='check-mark' alt='' width='20' height='15'>                    <\/div>\n                <\/div>\n\t\t\t                <div class=\"sxc-product-table-item__row-wp\">\n                    <div class=\"sxc-product-table-item__row-wp__row\">\n\t\t\t\t\t\t<img src='\/wp-content\/themes\/sixt\/images\/check-mark-black.svg' class='check-mark' alt='' width='20' height='15'>                    <\/div>\n                <\/div>\n\t\t\t                <div class=\"sxc-product-table-item__row-wp\">\n                    <div class=\"sxc-product-table-item__row-wp__row\">\n\t\t\t\t\t\t<img src='\/wp-content\/themes\/sixt\/images\/check-mark-black.svg' class='check-mark' alt='' width='20' height='15'>                    <\/div>\n                <\/div>\n\t\t\t                <div class=\"sxc-product-table-item__row-wp\">\n                    <div class=\"sxc-product-table-item__row-wp__row\">\n\t\t\t\t\t\t<img src='\/wp-content\/themes\/sixt\/images\/check-mark-black.svg' class='check-mark' alt='' width='20' height='15'>                    <\/div>\n                <\/div>\n\t\t\t        <\/div>\n\n    <\/div>\n\n<\/div>\n<div class=\"sxc-product-table-item\">\n\t<div class=\"sxc-product-table-item__heading\">Apport initial<\/div>\n    <div class=\"sxc-product-table-item__columns__scroll\">\n\n        <div class=\"sxc-product-table-item__columns sxc-product-table-item__columns_4\">\n\t\t\t                <div class=\"sxc-product-table-item__row-wp\">\n                    <div class=\"sxc-product-table-item__row-wp__row\">\n\t\t\t\t\t\tNein                    <\/div>\n                <\/div>\n\t\t\t                <div class=\"sxc-product-table-item__row-wp\">\n                    <div class=\"sxc-product-table-item__row-wp__row\">\n\t\t\t\t\t\tNein                    <\/div>\n                <\/div>\n\t\t\t                <div class=\"sxc-product-table-item__row-wp\">\n                    <div class=\"sxc-product-table-item__row-wp__row\">\n\t\t\t\t\t\tOui<br \/>\n(remboursement apr\u00e8s 6 mois)                    <\/div>\n                <\/div>\n\t\t\t                <div class=\"sxc-product-table-item__row-wp\">\n                    <div class=\"sxc-product-table-item__row-wp__row\">\n\t\t\t\t\t\tOui                    <\/div>\n                <\/div>\n\t\t\t        <\/div>\n\n    <\/div>\n\n<\/div>\n<div class=\"sxc-product-table-item\">\n\t<div class=\"sxc-product-table-item__heading\">Kilom\u00e9trage<\/div>\n    <div class=\"sxc-product-table-item__columns__scroll\">\n\n        <div class=\"sxc-product-table-item__columns sxc-product-table-item__columns_4\">\n\t\t\t                <div class=\"sxc-product-table-item__row-wp\">\n                    <div class=\"sxc-product-table-item__row-wp__row\">\n\t\t\t\t\t\t4.000 km \/ 28 jours                    <\/div>\n                <\/div>\n\t\t\t                <div class=\"sxc-product-table-item__row-wp\">\n                    <div class=\"sxc-product-table-item__row-wp__row\">\n\t\t\t\t\t\t10.000-60.000 km \/ ann\u00e9e                    <\/div>\n                <\/div>\n\t\t\t                <div class=\"sxc-product-table-item__row-wp\">\n                    <div class=\"sxc-product-table-item__row-wp__row\">\n\t\t\t\t\t\t500 - 5.000 km \/ 30 jours                    <\/div>\n                <\/div>\n\t\t\t                <div class=\"sxc-product-table-item__row-wp\">\n                    <div class=\"sxc-product-table-item__row-wp__row\">\n\t\t\t\t\t\t4.000 km \/ mois                    <\/div>\n                <\/div>\n\t\t\t        <\/div>\n\n    <\/div>\n\n<\/div>\n        <div class=\"sxc-product-table-item\">\n            <div class=\"sxc-product-table-item__heading\"><\/div>\n\n            <div class=\"sxc-product-table-item__columns__scroll\">\n                <div class=\"sxc-product-table-item__columns sxc-product-table-item__columns_4\">\n\n\t\t\t\t\t\n                        <div class=\"sxc-product-table-item__row-wp last\">\n                            <div class=\"sxc-product-table-item__row-wp__row\">\n                                <div class=\"sxc-product-table__cta\">\n                                    <a href=\"https:\/\/corporate-signup.sixt.com\/?lang=fr&amp;country_code=fr&amp;product_type=sixt_plus\"\n                                       class=\"sxc-cta sxc-cta--dark\">\n\t\t\t\t\t\t\t\t\t\tExplorez                                    <\/a>\n                                <\/div>\n                            <\/div>\n                        <\/div>\n\n\t\t\t\t\t\n                        <div class=\"sxc-product-table-item__row-wp last\">\n                            <div class=\"sxc-product-table-item__row-wp__row\">\n                                <div class=\"sxc-product-table__cta\">\n                                    <a href=\"https:\/\/corporate-signup.sixt.com\/?lang=fr&amp;country_code=fr&amp;product_type=sixt_plus\"\n                                       class=\"sxc-cta sxc-cta--dark\">\n\t\t\t\t\t\t\t\t\t\tExplorez                                    <\/a>\n                                <\/div>\n                            <\/div>\n                        <\/div>\n\n\t\t\t\t\t\n                        <div class=\"sxc-product-table-item__row-wp last\">\n                            <div class=\"sxc-product-table-item__row-wp__row\">\n                                <div class=\"sxc-product-table__cta\">\n                                    <a href=\"https:\/\/corporate-signup.sixt.com\/?lang=fr&amp;country_code=fr&amp;product_type=sixt_plus\"\n                                       class=\"sxc-cta sxc-cta--dark\">\n\t\t\t\t\t\t\t\t\t\tExplorez                                    <\/a>\n                                <\/div>\n                            <\/div>\n                        <\/div>\n\n\t\t\t\t\t\n                        <div class=\"sxc-product-table-item__row-wp last\">\n                            <div class=\"sxc-product-table-item__row-wp__row\">\n                                <div class=\"sxc-product-table__cta\">\n                                    <a href=\"https:\/\/corporate-signup.sixt.com\/?lang=fr&amp;country_code=fr&amp;product_type=sixt_plus\"\n                                       class=\"sxc-cta sxc-cta--dark\">\n\t\t\t\t\t\t\t\t\t\tExplorez                                    <\/a>\n                                <\/div>\n                            <\/div>\n                        <\/div>\n\n\t\t\t\t\t\n                <\/div>\n            <\/div>\n\n        <\/div>\n    <\/div>\n<\/div>\n<div class=\"sxc-product-table-item__bottom-block wbq_add_params_on_clickout\">\n\t<h3 class=\"sxc-product-table-item__bottom-block__title\">Obtenez votre r\u00e9duction d\u2019entreprise<\/h3>    <div class=\"sxc-product-table-item__bottom__cta\">\n        <a href=\"https:\/\/corporate-signup.sixt.com\/?lang=fr&amp;country_code=fr&amp;product_type=sixt_plus\"\n           class=\"sxc-cta sxc-cta--orange\">\n\t\t\tInscrivez-vous maintenant        <\/a>\n    <\/div>\n<\/div>\n<script>\n  window.addEventListener('load', () => {\n    new SxcProductTable(\".sxc-product-table\", \".sxc-product-table-item__columns\", 620);\n  });\n<\/script>\n","protected":false},"excerpt":{"rendered":"","protected":false},"author":48,"featured_media":0,"parent":0,"menu_order":0,"comment_status":"closed","ping_status":"closed","template":"","meta":[],"categories":[],"tags":[],"yst_prominent_words":[],"_links":{"self":[{"href":"https:\/\/corporate.sixt.com\/fr-fr\/wp-json\/wp\/v2\/pages\/6792"}],"collection":[{"href":"https:\/\/corporate.sixt.com\/fr-fr\/wp-json\/wp\/v2\/pages"}],"about":[{"href":"https:\/\/corporate.sixt.com\/fr-fr\/wp-json\/wp\/v2\/types\/page"}],"author":[{"embeddable":true,"href":"https:\/\/corporate.sixt.com\/fr-fr\/wp-json\/wp\/v2\/users\/48"}],"replies":[{"embeddable":true,"href":"https:\/\/corporate.sixt.com\/fr-fr\/wp-json\/wp\/v2\/comments?post=6792"}],"version-history":[{"count":0,"href":"https:\/\/corporate.sixt.com\/fr-fr\/wp-json\/wp\/v2\/pages\/6792\/revisions"}],"wp:attachment":[{"href":"https:\/\/corporate.sixt.com\/fr-fr\/wp-json\/wp\/v2\/media?parent=6792"}],"wp:term":[{"taxonomy":"category","embeddable":true,"href":"https:\/\/corporate.sixt.com\/fr-fr\/wp-json\/wp\/v2\/categories?post=6792"},{"taxonomy":"post_tag","embeddable":true,"href":"https:\/\/corporate.sixt.com\/fr-fr\/wp-json\/wp\/v2\/tags?post=6792"},{"taxonomy":"yst_prominent_words","embeddable":true,"href":"https:\/\/corporate.sixt.com\/fr-fr\/wp-json\/wp\/v2\/yst_prominent_words?post=6792"}],"curies":[{"name":"wp","href":"https:\/\/api.w.org\/{rel}","templated":true}]}}