{"id":6790,"date":"2025-02-10T17:48:09","date_gmt":"2025-02-10T15:48:09","guid":{"rendered":"https:\/\/sixtcorpstage.wpengine.com\/fr-fr\/?page_id=6790"},"modified":"2025-10-08T17:14:56","modified_gmt":"2025-10-08T15:14:56","slug":"utilitaires-pour-pros-moyenne-duree","status":"publish","type":"page","link":"https:\/\/corporate.sixt.com\/fr-fr\/utilitaires-pour-pros-moyenne-duree\/","title":{"rendered":"SEA_Location de camions long terme"},"content":{"rendered":"<div class=\"sxc-hero wbq_add_params_on_clickout\">\n    <img class=\"sxc-hero__image\" src=\"https:\/\/corporate.sixt.com\/fr-fr\/wp-content\/uploads\/sites\/8\/2022\/02\/sixt.com-location-de-camions-long-terme-sixt-vans.jpg\"\n         alt=\"Location d\u2019utilitaire professionnel longue dur\u00e9e\">\n    <div class=\"sxc-hero__inner\">\n\t\t<h1 class=\"sxc-hero__inner__headline\"> Location d\u2019utilitaire professionnel longue dur\u00e9e<\/h1>        <div class=\"sxc-hero__inner__overview\">Avec la location longue dur\u00e9e de v\u00e9hicules utilitaires professionnels d\u00e8s 28 jours, SIXT offre une alternative \u00e0 l\u2019achat ou au leasing, sans engagement \u00e0 long terme. Louez des camionnettes et des camions de toutes tailles afin de maintenir la flexibilit\u00e9 de votre flotte de v\u00e9hicules utilitaires.<\/div>\n    <\/div>\n\t        <div class=\"sxc-hero__cta\">\n            <a href=\"https:\/\/corporate-signup.sixt.com\/?lang=fr&amp;country_code=fr&amp;product_type=truck\"\n               class=\"sxc-cta\">\n\t\t\t\tFaites une location longue dur\u00e9e de camion            <\/a>\n        <\/div>\n\t<\/div>\n<div class=\"sxc-benefits-details\">\n    <div class=\"sxc-benefits-details__inner\">\n\t\t<h2 class=\"sxc-benefits-details__heading\">LES AVANTAGES DE LA LOCATION LONGUE DUREE D\u2019UTILITAIRES PROFESSIONNELS<\/h2>        <div class=\"sxc-benefits-details__overview\">La flotte de v\u00e9hicules utilitaires de SIXT est \u00e0 votre disposition comme solution ponctuelle ou permanente. Compl\u00e9tez votre flotte ou passez compl\u00e8tement \u00e0 la location longue dur\u00e9e d\u2019utilitaires professionnels et profitez d\u2018innombrables avantages par rapport \u00e0 l\u2019achat ou au leasing.<\/div>\n        <div class=\"sxc-benefits-details__columns\" style=\"grid-template-columns: repeat(4, 1fr)\">\n\t\t\t\n<div class=\"sxc-benefits-details-column__icon\">\n\t<\/div>\n<h3 class=\"sxc-benefits-details-column__heading\">TOUTES LES TAILLES - DISPONIBILITE IMMEDIATE<\/h3><div class=\"sxc-benefits-details-column__contents\">\n    <ul class=\"sxc-benefits-details-column__list\">\n\t\t\t\t\t                <li class=\"sxc-benefits-details-column__list-item\">Vaste r\u00e9seau d\u2019agences<\/li>\n\t\t\t                <li class=\"sxc-benefits-details-column__list-item\">Obtenez ce que vous avez r\u00e9serv\u00e9<\/li>\n\t\t\t                <li class=\"sxc-benefits-details-column__list-item\">Tous types de v\u00e9hicules utilitaires<\/li>\n\t\t\t\t\t    <\/ul>\n    <div class=\"sxc-benefits-details-column__link\">\n\t\t    <\/div>\n<\/div>\n<div class=\"sxc-benefits-details-column__icon\">\n\t<\/div>\n<h3 class=\"sxc-benefits-details-column__heading\">LES MEILLEURES CONDITIONS COMMERCIALES<\/h3><div class=\"sxc-benefits-details-column__contents\">\n    <ul class=\"sxc-benefits-details-column__list\">\n\t\t\t\t\t                <li class=\"sxc-benefits-details-column__list-item\">Des tarifs transparents<\/li>\n\t\t\t                <li class=\"sxc-benefits-details-column__list-item\">Pas de frais d\u2019acquisition<\/li>\n\t\t\t                <li class=\"sxc-benefits-details-column__list-item\">Des r\u00e9ductions allant jusqu\u2019\u00e0 15 %<\/li>\n\t\t\t\t\t    <\/ul>\n    <div class=\"sxc-benefits-details-column__link\">\n\t\t    <\/div>\n<\/div>\n<div class=\"sxc-benefits-details-column__icon\">\n\t<\/div>\n<h3 class=\"sxc-benefits-details-column__heading\">DU SUR MESURE<\/h3><div class=\"sxc-benefits-details-column__contents\">\n    <ul class=\"sxc-benefits-details-column__list\">\n\t\t\t\t\t                <li class=\"sxc-benefits-details-column__list-item\">Choisissez votre forfait garanties et kilom\u00e9trage<\/li>\n\t\t\t                <li class=\"sxc-benefits-details-column__list-item\">Equipements et accessoires en option<\/li>\n\t\t\t                <li class=\"sxc-benefits-details-column__list-item\">Possibilit\u00e9 de marquage du v\u00e9hicule<\/li>\n\t\t\t\t\t    <\/ul>\n    <div class=\"sxc-benefits-details-column__link\">\n\t\t    <\/div>\n<\/div>\n<div class=\"sxc-benefits-details-column__icon\">\n\t<\/div>\n<h3 class=\"sxc-benefits-details-column__heading\">RESTEZ FLEXIBLE GRACE A LA LOCATION<\/h3><div class=\"sxc-benefits-details-column__contents\">\n    <ul class=\"sxc-benefits-details-column__list\">\n\t\t\t\t\t                <li class=\"sxc-benefits-details-column__list-item\">R\u00e9paration \/ maintenance inclues<\/li>\n\t\t\t                <li class=\"sxc-benefits-details-column__list-item\">V\u00e9hicule remplac\u00e9 en cas de panne<\/li>\n\t\t\t                <li class=\"sxc-benefits-details-column__list-item\">Respect des normes d\u2019\u00e9mission de Co2<\/li>\n\t\t\t\t\t    <\/ul>\n    <div class=\"sxc-benefits-details-column__link\">\n\t\t    <\/div>\n<\/div>\n        <\/div>\n    <\/div>\n\t<\/div>\n\n<div class=\"sxc-features-teasers wbq_add_params_on_clickout\" id=\"sxc_ft_69e00549609ab7_46158051\">\n\t<h2 class=\"sxc-features-teasers__heading\"> La location longue dur\u00e9e d\u2019utilitaires en vaut toujours la peine<\/h2>    <div class=\"sxc-features-teasers__list\">\n\t\t\n<div class=\"sxc-features-teasers-item\">\n    <div class=\"sxc-features-teasers-item__image\">\n\t\t            <img src=\"https:\/\/corporate.sixt.com\/fr-fr\/wp-content\/uploads\/sites\/8\/2022\/02\/sixt.com-location-de-camions-long-terme-how-to-start-a-delivery-service.jpg\" alt=\"OBTENIR DES VEHICULES SUPPLEMENTAIRES FACILEMENT ET RAPIDEMENT\">\n\t\t    <\/div>\n\t<h3 class=\"sxc-features-teasers-item__heading\">OBTENIR DES VEHICULES SUPPLEMENTAIRES FACILEMENT ET RAPIDEMENT<\/h3>    <div class=\"sxc-features-teasers-item__content\">\n        <div class=\"sxc-features-teasers-item__content-title\">\n            <img src=\"\/wp-content\/themes\/sixt\/images\/chevron-right.svg\" alt=\"Toggle\">\n            <div><\/div>\n        <\/div>\n        <div class=\"sxc-features-teasers-item__content-inner\">\n            <div class=\"sxc-features-teasers-item__text\">La production tourne \u00e0 plein r\u00e9gime et vous avez un besoin suppl\u00e9mentaire de v\u00e9hicules utilitaires pour livrer vos marchandises. Aucun probl\u00e8me avec la location longue dur\u00e9e de camionnettes et de camions de SIXT. D\u00e9veloppez votre flotte - \u00e0 tout moment et sans complications. La solution optimale pour les transporteurs de colis, les exploitations agricoles et les services de livraison.<\/div>\n\t\t\t        <\/div>\n    <\/div>\n\t        <div class=\"sxc-features-teasers-item__link\">\n            <a href=\"https:\/\/corporate-signup.sixt.com\/?lang=fr&amp;country_code=fr&amp;product_type=truck\" class=\"sxc-link\">\n\t\t\t\tObtenez votre devis gratuit            <\/a>\n        <\/div>\n\t<\/div>\n<div class=\"sxc-features-teasers-item\">\n    <div class=\"sxc-features-teasers-item__image\">\n\t\t            <img src=\"https:\/\/corporate.sixt.com\/fr-fr\/wp-content\/uploads\/sites\/8\/2022\/02\/sixt.com-location-de-camions-long-terme-saisongeschaeft.jpg\" alt=\"ADAPT\u00c9 \u00c0 L\u2019ACTIVIT\u00c9 SAISONNI\u00c8RE\">\n\t\t    <\/div>\n\t<h3 class=\"sxc-features-teasers-item__heading\">ADAPT\u00c9 \u00c0 L\u2019ACTIVIT\u00c9 SAISONNI\u00c8RE<\/h3>    <div class=\"sxc-features-teasers-item__content\">\n        <div class=\"sxc-features-teasers-item__content-title\">\n            <img src=\"\/wp-content\/themes\/sixt\/images\/chevron-right.svg\" alt=\"Toggle\">\n            <div><\/div>\n        <\/div>\n        <div class=\"sxc-features-teasers-item__content-inner\">\n            <div class=\"sxc-features-teasers-item__text\">Votre solution de transport pour vos activit\u00e9s saisonni\u00e8res : pas de v\u00e9hicules en surplus \u00e0 la fin de la saison des r\u00e9coltes, entre vos foires commerciales ou pendant les intemp\u00e9ries dans le secteur de la construction. Avec la location de v\u00e9hicules commerciaux \u00e0 long terme, vous rendez simplement vos v\u00e9hicules inutiles \u00e0 la fin de la saison.<\/div>\n\t\t\t        <\/div>\n    <\/div>\n\t        <div class=\"sxc-features-teasers-item__link\">\n            <a href=\"https:\/\/corporate-signup.sixt.com\/?lang=fr&amp;country_code=fr&amp;product_type=truck\" class=\"sxc-link\">\n\t\t\t\tInscrivez-vous ici            <\/a>\n        <\/div>\n\t<\/div>\n<div class=\"sxc-features-teasers-item\">\n    <div class=\"sxc-features-teasers-item__image\">\n\t\t            <img src=\"https:\/\/corporate.sixt.com\/fr-fr\/wp-content\/uploads\/sites\/8\/2022\/02\/sixt.com-location-de-camions-long-terme-investionsfreier-fuhrpark.jpeg\" alt=\"VOTRE FLOTTE DE CAMIONS SANS RISQUE NI INVESTISSEMENT\">\n\t\t    <\/div>\n\t<h3 class=\"sxc-features-teasers-item__heading\">VOTRE FLOTTE DE CAMIONS SANS RISQUE NI INVESTISSEMENT<\/h3>    <div class=\"sxc-features-teasers-item__content\">\n        <div class=\"sxc-features-teasers-item__content-title\">\n            <img src=\"\/wp-content\/themes\/sixt\/images\/chevron-right.svg\" alt=\"Toggle\">\n            <div><\/div>\n        <\/div>\n        <div class=\"sxc-features-teasers-item__content-inner\">\n            <div class=\"sxc-features-teasers-item__text\">Des frais de fonctionnement au lieu de frais bancaires : votre bilan n\u2018est pas alourdi par vos utilitaires en location. Le prix mensuel fixe de la location longue dur\u00e9e de fourgonnettes et de camions facilite la planification financi\u00e8re. G\u00e9rer les p\u00e9riodes de d\u00e9tention du leasing et les co\u00fbts d\u2019achat de vos propres v\u00e9hicules appartient d\u00e9sormais au pass\u00e9.<\/div>\n\t\t\t        <\/div>\n    <\/div>\n\t        <div class=\"sxc-features-teasers-item__link\">\n            <a href=\"https:\/\/corporate-signup.sixt.com\/?lang=fr&amp;country_code=fr&amp;product_type=truck\" class=\"sxc-link\">\n\t\t\t\tInscrivez-vous sans engagement            <\/a>\n        <\/div>\n\t<\/div>\n<div class=\"sxc-features-teasers-item\">\n    <div class=\"sxc-features-teasers-item__image\">\n\t\t            <img src=\"https:\/\/corporate.sixt.com\/fr-fr\/wp-content\/uploads\/sites\/8\/2022\/02\/sixt.com-location-de-camions-long-terme-spontaner-mehrbedarf.jpeg\" alt=\"COLLECTE ET RETOUR RAPIDE POUR UNE UTILISATION OPTIMALE DE LA FLOTTE\">\n\t\t    <\/div>\n\t<h3 class=\"sxc-features-teasers-item__heading\">COLLECTE ET RETOUR RAPIDE POUR UNE UTILISATION OPTIMALE DE LA FLOTTE<\/h3>    <div class=\"sxc-features-teasers-item__content\">\n        <div class=\"sxc-features-teasers-item__content-title\">\n            <img src=\"\/wp-content\/themes\/sixt\/images\/chevron-right.svg\" alt=\"Toggle\">\n            <div><\/div>\n        <\/div>\n        <div class=\"sxc-features-teasers-item__content-inner\">\n            <div class=\"sxc-features-teasers-item__text\">\u00c9quiper rapidement votre flotte de v\u00e9hicules utilitaires n\u2018a jamais \u00e9t\u00e9 aussi simple. Les v\u00e9hicules utilitaires de SIXT sont disponibles en quelques jours seulement et peuvent \u00eatre restitu\u00e9s \u00e0 tout moment. Il n\u2019y a donc plus de p\u00e9riodes pendant lesquelles vos v\u00e9hicules utilitaires restent inutilis\u00e9s, ce qui se traduit par une autre r\u00e9duction des co\u00fbts.<\/div>\n\t\t\t        <\/div>\n    <\/div>\n\t        <div class=\"sxc-features-teasers-item__link\">\n            <a href=\"https:\/\/corporate-signup.sixt.com\/?lang=fr&amp;country_code=fr&amp;product_type=truck\" class=\"sxc-link\">\n\t\t\t\tInscrivez-vous facilement            <\/a>\n        <\/div>\n\t<\/div>\n    <\/div>\n\t        <div class=\"sxc-features-teasers__footer\">\n\t\t\t<div class=\"sxc-features-teasers__footer-headline\">LOCATION DE FOURGONNETTES ET DE CAMIONS \u00c0 LONG TERME AVEC LA REMISE ENTREPRISE<\/div>            <a href=\"https:\/\/corporate-signup.sixt.com\/?lang=fr&amp;country_code=fr&amp;product_type=truck\" class=\"sxc-cta\">S\u00e9curisez votre tarif entreprise<\/a>\n        <\/div>\n\t<\/div>\n<script>\n  window.addEventListener('load', () => {\n    new SxcFeaturesTeasers(document.getElementById('sxc_ft_69e00549609ab7_46158051'));\n  });\n<\/script>\n    <div class=\"sxc-advantages sxc-advantages--light sxc-advantages--layout-four sxc-advantages--headline-default\">\n\t\t\t\t<h2 class=\"sxc-advantages__headline\">DE NOMBREUX AVANTAGES POUR LES CONDUCTEURS ET LES D\u00c9CIDEURS<\/h2>\t\t            <div class=\"sxc-advantages__tabs\">\n\t\t\t\t                    <div class=\"sxc-advantages__tabs__tab sxc-cta\">D\u00e9cideurs<\/div>\n\t\t\t\t                    <div class=\"sxc-advantages__tabs__tab sxc-cta\">Conducteurs<\/div>\n\t\t\t\t            <\/div>\n\t\t        <div class=\"sxc-advantages__inner\">\n    <div class=\"sxc-advantages-item hidden\" data-tab=\"1\">\n\t\t\t\t\t<h3 class=\"sxc-advantages-item__headline\">UNE FIABILIT\u00c9 MAXIMALE<\/h3>\t\t\t\t            <div class=\"sxc-advantages-item__list\">\n                <div class=\"sxc-advantages-item__list__toggler\">Meer<\/div>\n                <div class=\"sxc-advantages-item__list__inner\">\n\t\t\t\t\t                        <div class=\"sxc-advantages-item__list__inner__element\">R\u00e9parations et maintenance inclues<\/div>\n\t\t\t\t\t                        <div class=\"sxc-advantages-item__list__inner__element\">Remplacement imm\u00e9diat en cas de panne<\/div>\n\t\t\t\t\t                        <div class=\"sxc-advantages-item__list__inner__element\">Les derniers mod\u00e8les de marques r\u00e9put\u00e9es<\/div>\n\t\t\t\t\t                <\/div>\n            <\/div>\n\t\t\t\t\t\t    <\/div>\n\n    <div class=\"sxc-advantages-item hidden\" data-tab=\"1\">\n\t\t\t\t\t<h3 class=\"sxc-advantages-item__headline\">DES CONDITIONS TRANSPARENTES<\/h3>\t\t\t\t            <div class=\"sxc-advantages-item__list\">\n                <div class=\"sxc-advantages-item__list__toggler\">Meer<\/div>\n                <div class=\"sxc-advantages-item__list__inner\">\n\t\t\t\t\t                        <div class=\"sxc-advantages-item__list__inner__element\">Jusqu\u2019\u00e0 15 % de r\u00e9duction entreprise<\/div>\n\t\t\t\t\t                        <div class=\"sxc-advantages-item__list__inner__element\">Une structure de tarification simple<\/div>\n\t\t\t\t\t                        <div class=\"sxc-advantages-item__list__inner__element\">De nombreuses garanties et forfaits kilom\u00e9triques<\/div>\n\t\t\t\t\t                <\/div>\n            <\/div>\n\t\t\t\t\t\t    <\/div>\n\n    <div class=\"sxc-advantages-item hidden\" data-tab=\"1\">\n\t\t\t\t\t<h3 class=\"sxc-advantages-item__headline\">UNE LARGE SELECTION<\/h3>\t\t\t\t            <div class=\"sxc-advantages-item__list\">\n                <div class=\"sxc-advantages-item__list__toggler\">Meer<\/div>\n                <div class=\"sxc-advantages-item__list__inner\">\n\t\t\t\t\t                        <div class=\"sxc-advantages-item__list__inner__element\">Toutes les tailles, des petites camionnettes aux gros camions<\/div>\n\t\t\t\t\t                        <div class=\"sxc-advantages-item__list__inner__element\">Obtenez exactement la cat\u00e9gorie de v\u00e9hicule que vous avez r\u00e9serv\u00e9e<\/div>\n\t\t\t\t\t                        <div class=\"sxc-advantages-item__list__inner__element\">Mod\u00e8les \u00e9lectriques disponibles pour une location responsable<\/div>\n\t\t\t\t\t                <\/div>\n            <\/div>\n\t\t\t\t\t\t    <\/div>\n\n    <div class=\"sxc-advantages-item hidden\" data-tab=\"1\">\n\t\t\t\t\t<h3 class=\"sxc-advantages-item__headline\">DES SOLUTIONS PERSONNALIS\u00c9ES<\/h3>\t\t\t\t            <div class=\"sxc-advantages-item__list\">\n                <div class=\"sxc-advantages-item__list__toggler\">Meer<\/div>\n                <div class=\"sxc-advantages-item__list__inner\">\n\t\t\t\t\t                        <div class=\"sxc-advantages-item__list__inner__element\">Des v\u00e9hicules neutres ou marqu\u00e9s sur demande<\/div>\n\t\t\t\t\t                        <div class=\"sxc-advantages-item__list__inner__element\">Prise en compte des souhaits en mati\u00e8re d\u2018\u00e9quipements et d\u2019accessoires<\/div>\n\t\t\t\t\t                        <div class=\"sxc-advantages-item__list__inner__element\">Une \u00e9quipe d\u00e9di\u00e9e \u00e0 votre compte client<\/div>\n\t\t\t\t\t                <\/div>\n            <\/div>\n\t\t\t\t\t\t    <\/div>\n\n    <div class=\"sxc-advantages-item hidden\" data-tab=\"2\">\n\t\t\t\t\t<h3 class=\"sxc-advantages-item__headline\">S\u00c9CURIT\u00c9 MAXIMALE<\/h3>\t\t\t\t            <div class=\"sxc-advantages-item__list\">\n                <div class=\"sxc-advantages-item__list__toggler\">Meer<\/div>\n                <div class=\"sxc-advantages-item__list__inner\">\n\t\t\t\t\t                        <div class=\"sxc-advantages-item__list__inner__element\">Service de d\u00e9pannage 24\/7<\/div>\n\t\t\t\t\t                        <div class=\"sxc-advantages-item__list__inner__element\">Package de garanties sur mesure<\/div>\n\t\t\t\t\t                        <div class=\"sxc-advantages-item__list__inner__element\">Des v\u00e9hicules r\u00e9cents \u00e9quip\u00e9s aux derni\u00e8res normes de s\u00e9curit\u00e9<\/div>\n\t\t\t\t\t                <\/div>\n            <\/div>\n\t\t\t\t\t\t    <\/div>\n\n    <div class=\"sxc-advantages-item hidden\" data-tab=\"2\">\n\t\t\t\t\t<h3 class=\"sxc-advantages-item__headline\">DES V\u00c9HICULES ULTRAMODERNES<\/h3>\t\t\t\t            <div class=\"sxc-advantages-item__list\">\n                <div class=\"sxc-advantages-item__list__toggler\">Meer<\/div>\n                <div class=\"sxc-advantages-item__list__inner\">\n\t\t\t\t\t                        <div class=\"sxc-advantages-item__list__inner__element\">V\u00e9hicules r\u00e9cents de constructeurs renomm\u00e9s<\/div>\n\t\t\t\t\t                        <div class=\"sxc-advantages-item__list__inner__element\">Possibilit\u00e9 de v\u00e9hicules \u00e0 bo\u00eete automatique<\/div>\n\t\t\t\t\t                        <div class=\"sxc-advantages-item__list__inner__element\">Bien \u00e9quip\u00e9 avec climatisation, hayon \u00e9l\u00e9vateur, etc.<\/div>\n\t\t\t\t\t                <\/div>\n            <\/div>\n\t\t\t\t\t\t    <\/div>\n\n    <div class=\"sxc-advantages-item hidden\" data-tab=\"2\">\n\t\t\t\t\t<h3 class=\"sxc-advantages-item__headline\">UN SERVICE CLIENT CONCRET<\/h3>\t\t\t\t            <div class=\"sxc-advantages-item__list\">\n                <div class=\"sxc-advantages-item__list__toggler\">Meer<\/div>\n                <div class=\"sxc-advantages-item__list__inner\">\n\t\t\t\t\t                        <div class=\"sxc-advantages-item__list__inner__element\">Manuel du v\u00e9hicule sur demande<\/div>\n\t\t\t\t\t                        <div class=\"sxc-advantages-item__list__inner__element\">Conseils disponibles pour une d\u00e9claration de sinistre<\/div>\n\t\t\t\t\t                        <div class=\"sxc-advantages-item__list__inner__element\">Syst\u00e8mes d\u2019assistance utiles<\/div>\n\t\t\t\t\t                <\/div>\n            <\/div>\n\t\t\t\t\t\t    <\/div>\n\n    <div class=\"sxc-advantages-item hidden\" data-tab=\"2\">\n\t\t\t\t\t<h3 class=\"sxc-advantages-item__headline\">PAS DE CONTRAINTES P\u00c9NIBLES<\/h3>\t\t\t\t            <div class=\"sxc-advantages-item__list\">\n                <div class=\"sxc-advantages-item__list__toggler\">Meer<\/div>\n                <div class=\"sxc-advantages-item__list__inner\">\n\t\t\t\t\t                        <div class=\"sxc-advantages-item__list__inner__element\">Conduisez nos v\u00e9hicules de transport avec un permis de conduire normal<\/div>\n\t\t\t\t\t                        <div class=\"sxc-advantages-item__list__inner__element\">Pas de probl\u00e8mes avec les zones environnementales gr\u00e2ce \u00e0 des v\u00e9hicules aux derni\u00e8res normes d\u2019\u00e9mission.<\/div>\n\t\t\t\t\t                        <div class=\"sxc-advantages-item__list__inner__element\">Quand vous n\u2018en avez plus besoin, retournez vos v\u00e9hicules en un clin d\u2019oeil<\/div>\n\t\t\t\t\t                <\/div>\n            <\/div>\n\t\t\t\t\t\t    <\/div>\n\n<\/div>\n    <\/div>\n    <script>\n      window.addEventListener('load', () => {\n        new SxcAdvantages(\".sxc-advantages__tabs__tab\", \".sxc-advantages-item\",\n            \".sxc-advantages-item__list__toggler\", \".sxc-advantages-item__list__inner\");\n      });\n    <\/script>\n\n<div class=\"sxc-next-steps wbq_add_params_on_clickout\">\n\t<h2 class=\"sxc-next-steps__headline\">4 \u00c9TAPES POUR LA LOCATION LONGUE DUR\u00c9E DE VOTRE V\u00c9HICULE UTILITAIRE<\/h2>    <div class=\"sxc-next-steps__inner\">\n\t\t\n<div class=\"sxc-next-steps-item\">\n    <div class=\"sxc-next-steps-item__icon\"><img src=\"https:\/\/corporate.sixt.com\/fr-fr\/wp-content\/uploads\/sites\/8\/2021\/11\/sixt.com-sixt-rent-online-anmelden.svg\" alt=\"\"><\/div>\n\t<div class=\"sxc-next-steps-item__headline\">INSCRIPTION<\/div>    <div class=\"sxc-next-steps-item__overview\">Inscrivez-vous en un rien de temps via le formulaire en ligne et pr\u00e9cisez vos besoins en utilitaires.<\/div>\n<\/div>\n<div class=\"sxc-next-steps-item\">\n    <div class=\"sxc-next-steps-item__icon\"><img src=\"https:\/\/corporate.sixt.com\/fr-fr\/wp-content\/uploads\/sites\/8\/2021\/11\/sixt.com-sixt-rent-ratenbestatigen.svg\" alt=\"\"><\/div>\n\t<div class=\"sxc-next-steps-item__headline\">OBTENEZ UN DEVIS<\/div>    <div class=\"sxc-next-steps-item__overview\">Vous recevrez sous peu une offre sur mesure. Il vous suffit de la confirmer pour commencer vos r\u00e9servations.<\/div>\n<\/div>\n<div class=\"sxc-next-steps-item\">\n    <div class=\"sxc-next-steps-item__icon\"><img src=\"https:\/\/corporate.sixt.com\/fr-fr\/wp-content\/uploads\/sites\/8\/2021\/11\/sixt.com-sixt-rent-businessprofilanlegen.svg\" alt=\"\"><\/div>\n\t<div class=\"sxc-next-steps-item__headline\">RESERVEZ UN VEHICULE<\/div>    <div class=\"sxc-next-steps-item__overview\">Vous pouvez d\u00e9sormais r\u00e9server vos camionnettes et camions au tarif d\u2018entreprise avec une r\u00e9duction allant jusqu\u2019\u00e0 15 % du prix public.<\/div>\n<\/div>\n<div class=\"sxc-next-steps-item\">\n    <div class=\"sxc-next-steps-item__icon\"><img src=\"https:\/\/corporate.sixt.com\/fr-fr\/wp-content\/uploads\/sites\/8\/2021\/11\/sixt.com-sixt-rent-autoabholen.svg\" alt=\"\"><\/div>\n\t<div class=\"sxc-next-steps-item__headline\">RECUPEREZ VOTRE VEHICULE &amp; EN ROUTE<\/div>    <div class=\"sxc-next-steps-item__overview\">Retirez votre v\u00e9hicule utilitaire dans une agence SIXT et b\u00e9n\u00e9ficiez de nombreux avantages.<\/div>\n<\/div>\n    <\/div>\n    <div class=\"sxc-next-steps__cta\">\n        <a href=\"https:\/\/corporate-signup.sixt.com\/?lang=fr&amp;country_code=fr&amp;product_type=truck\"\n           class=\"sxc-cta\">\n\t\t\tProfitez-en maintenant        <\/a>\n    <\/div>\n<\/div>\n","protected":false},"excerpt":{"rendered":"","protected":false},"author":48,"featured_media":0,"parent":0,"menu_order":0,"comment_status":"closed","ping_status":"closed","template":"","meta":[],"categories":[],"tags":[],"yst_prominent_words":[],"_links":{"self":[{"href":"https:\/\/corporate.sixt.com\/fr-fr\/wp-json\/wp\/v2\/pages\/6790"}],"collection":[{"href":"https:\/\/corporate.sixt.com\/fr-fr\/wp-json\/wp\/v2\/pages"}],"about":[{"href":"https:\/\/corporate.sixt.com\/fr-fr\/wp-json\/wp\/v2\/types\/page"}],"author":[{"embeddable":true,"href":"https:\/\/corporate.sixt.com\/fr-fr\/wp-json\/wp\/v2\/users\/48"}],"replies":[{"embeddable":true,"href":"https:\/\/corporate.sixt.com\/fr-fr\/wp-json\/wp\/v2\/comments?post=6790"}],"version-history":[{"count":0,"href":"https:\/\/corporate.sixt.com\/fr-fr\/wp-json\/wp\/v2\/pages\/6790\/revisions"}],"wp:attachment":[{"href":"https:\/\/corporate.sixt.com\/fr-fr\/wp-json\/wp\/v2\/media?parent=6790"}],"wp:term":[{"taxonomy":"category","embeddable":true,"href":"https:\/\/corporate.sixt.com\/fr-fr\/wp-json\/wp\/v2\/categories?post=6790"},{"taxonomy":"post_tag","embeddable":true,"href":"https:\/\/corporate.sixt.com\/fr-fr\/wp-json\/wp\/v2\/tags?post=6790"},{"taxonomy":"yst_prominent_words","embeddable":true,"href":"https:\/\/corporate.sixt.com\/fr-fr\/wp-json\/wp\/v2\/yst_prominent_words?post=6790"}],"curies":[{"name":"wp","href":"https:\/\/api.w.org\/{rel}","templated":true}]}}