{"id":6788,"date":"2025-02-10T17:45:22","date_gmt":"2025-02-10T15:45:22","guid":{"rendered":"https:\/\/sixtcorpstage.wpengine.com\/fr-fr\/?page_id=6788"},"modified":"2025-08-04T09:48:24","modified_gmt":"2025-08-04T07:48:24","slug":"utilitaires-pour-pros","status":"publish","type":"page","link":"https:\/\/corporate.sixt.com\/fr-fr\/utilitaires-pour-pros\/","title":{"rendered":"SEA_Location d\u2019utilitaires"},"content":{"rendered":"<div class=\"sxc-hero wbq_add_params_on_clickout\">\n    <img class=\"sxc-hero__image\" src=\"https:\/\/corporate.sixt.com\/fr-fr\/wp-content\/uploads\/sites\/8\/2022\/08\/sixt.com-location-de-camions-a-court-terme-hero-vehicule-commercial.jpeg\"\n         alt=\"LOCATION D\u2019UTILITAIRE: FOURGON ET CAMIONNETTE\">\n    <div class=\"sxc-hero__inner\">\n\t\t<h1 class=\"sxc-hero__inner__headline\">LOCATION D\u2019UTILITAIRE: FOURGON ET CAMIONNETTE <\/h1>        <div class=\"sxc-hero__inner__overview\">De la camionnette au fourgon: avec SIXT, louez \u00e0 la journ\u00e9e, \u00e0 la semaine ou au mois, selon vos besoins. Les v\u00e9hicules utilitaires SIXT pour les clients d\u2019entreprise peuvent \u00eatre lou\u00e9s dans de nombreuses agences et restitu\u00e9s \u00e0 tout moment. Et tout cela aux tarifs entreprises.<\/div>\n    <\/div>\n\t        <div class=\"sxc-hero__cta\">\n            <a href=\"https:\/\/corporate-signup.sixt.com\/?lang=fr&amp;country_code=fr&amp;product_type=truck\"\n               class=\"sxc-cta\">\n\t\t\t\tRecevoir une offre            <\/a>\n        <\/div>\n\t<\/div>\n<div class=\"sxc-benefits-details\">\n    <div class=\"sxc-benefits-details__inner\">\n\t\t<h2 class=\"sxc-benefits-details__heading\">VOS AVANTAGES AVEC LA LOCATION D\u2019UTILITAIRE<\/h2>        <div class=\"sxc-benefits-details__overview\">Quelles que soient vos exigences - SIXT est toujours l\u00e0 pour vous avec le v\u00e9hicule utilitaire qu\u2019il vous faut ainsi que les \u00e9quipements n\u00e9cessaires pour r\u00e9pondre \u00e0 vos besoins. Toutes les entreprises profitent des avantages de SIXT pour la location de v\u00e9hicules utilitaires pour entreprises.<\/div>\n        <div class=\"sxc-benefits-details__columns\" style=\"grid-template-columns: repeat(4, 1fr)\">\n\t\t\t\n<div class=\"sxc-benefits-details-column__icon\">\n\t<\/div>\n<h3 class=\"sxc-benefits-details-column__heading\">DES V\u00c9HICULES UTILITAIRES POUR TOUS LES BESOINS <\/h3><div class=\"sxc-benefits-details-column__contents\">\n    <ul class=\"sxc-benefits-details-column__list\">\n\t\t\t\t\t                <li class=\"sxc-benefits-details-column__list-item\">Grandes premium avec les derniers \u00e9quipements<\/li>\n\t\t\t                <li class=\"sxc-benefits-details-column__list-item\">Possibilit\u00e9 de r\u00e9pondre aux besoins d\u2019\u00e9quipements sp\u00e9cifiques<\/li>\n\t\t\t                <li class=\"sxc-benefits-details-column__list-item\">V\u00e9hicules utilitaires de toutes les tailles<\/li>\n\t\t\t\t\t    <\/ul>\n    <div class=\"sxc-benefits-details-column__link\">\n\t\t    <\/div>\n<\/div>\n<div class=\"sxc-benefits-details-column__icon\">\n\t<\/div>\n<h3 class=\"sxc-benefits-details-column__heading\">LE BON TARIF D\u2019ENTREPRISE <\/h3><div class=\"sxc-benefits-details-column__contents\">\n    <ul class=\"sxc-benefits-details-column__list\">\n\t\t\t\t\t                <li class=\"sxc-benefits-details-column__list-item\">Jusqu\u2019\u00e0 15 % de r\u00e9duction sur chaque location<\/li>\n\t\t\t                <li class=\"sxc-benefits-details-column__list-item\">Utilisation du v\u00e9hicule utilitaire en fonction du besoin<\/li>\n\t\t\t                <li class=\"sxc-benefits-details-column__list-item\">Options de restitutions flexibles<\/li>\n\t\t\t\t\t    <\/ul>\n    <div class=\"sxc-benefits-details-column__link\">\n\t\t    <\/div>\n<\/div>\n<div class=\"sxc-benefits-details-column__icon\">\n\t<\/div>\n<h3 class=\"sxc-benefits-details-column__heading\">R\u00c9SERVATION RAPIDE ET FACILE <\/h3><div class=\"sxc-benefits-details-column__contents\">\n    <ul class=\"sxc-benefits-details-column__list\">\n\t\t\t\t\t                <li class=\"sxc-benefits-details-column__list-item\">R\u00e9servation facile via le web et l\u2019application<\/li>\n\t\t\t                <li class=\"sxc-benefits-details-column__list-item\">R\u00e9seau d\u2019agences dense en France comme \u00e0 l\u2019\u00e9tranger<\/li>\n\t\t\t                <li class=\"sxc-benefits-details-column__list-item\">Bonne disponibilit\u00e9 m\u00eame \u00e0 court terme<\/li>\n\t\t\t\t\t    <\/ul>\n    <div class=\"sxc-benefits-details-column__link\">\n\t\t    <\/div>\n<\/div>\n<div class=\"sxc-benefits-details-column__icon\">\n\t<\/div>\n<h3 class=\"sxc-benefits-details-column__heading\">SANS SOUCIS SUR LA ROUTE <\/h3><div class=\"sxc-benefits-details-column__contents\">\n    <ul class=\"sxc-benefits-details-column__list\">\n\t\t\t\t\t                <li class=\"sxc-benefits-details-column__list-item\">Un large \u00e9ventail de forfaits de protection et de kilom\u00e9trage<\/li>\n\t\t\t                <li class=\"sxc-benefits-details-column__list-item\">Remplacement rapide en cas de panne<\/li>\n\t\t\t                <li class=\"sxc-benefits-details-column__list-item\">Conformit\u00e9 aux derni\u00e8res normes d\u2019\u00e9mission<\/li>\n\t\t\t\t\t    <\/ul>\n    <div class=\"sxc-benefits-details-column__link\">\n\t\t    <\/div>\n<\/div>\n        <\/div>\n    <\/div>\n\t<\/div>\n\n<div class=\"sxc-features-teasers wbq_add_params_on_clickout\" id=\"sxc_ft_69d52cc0140554_62657915\">\n\t<h2 class=\"sxc-features-teasers__heading\">LOCATION D\u2019UTILITAIRE \u00c0 COURT OU \u00c0 LONG TERME?<\/h2>    <div class=\"sxc-features-teasers__list\">\n\t\t\n<div class=\"sxc-features-teasers-item\">\n    <div class=\"sxc-features-teasers-item__image\">\n\t\t            <img src=\"https:\/\/corporate.sixt.com\/fr-fr\/wp-content\/uploads\/sites\/8\/2022\/08\/sixt.com-location-de-camions-a-court-terme-sixt-short-term-van-trucks.jpg\" alt=\"LOCATION D\u2019UTILITAIRE \u00c0 COURT TERME POUR DES BESOINS PONCTUELS\">\n\t\t    <\/div>\n\t<h3 class=\"sxc-features-teasers-item__heading\">LOCATION D\u2019UTILITAIRE \u00c0 COURT TERME POUR DES BESOINS PONCTUELS<\/h3>    <div class=\"sxc-features-teasers-item__content\">\n        <div class=\"sxc-features-teasers-item__content-title\">\n            <img src=\"\/wp-content\/themes\/sixt\/images\/chevron-right.svg\" alt=\"Toggle\">\n            <div><\/div>\n        <\/div>\n        <div class=\"sxc-features-teasers-item__content-inner\">\n            <div class=\"sxc-features-teasers-item__text\">Avec la location de v\u00e9hicules utilitaires jusqu\u2019\u00e0 27 jours, paliez en toute flexibilit\u00e9 \u00e0 vos besoins ponctuels en v\u00e9hicules utilitaires. Il suffit d\u2019une r\u00e9servation pour profiter d\u2019un v\u00e9hicule suppl\u00e9mentaire. La location et le retour sans stress sont particuli\u00e8rement avantageux pour un d\u00e9m\u00e9nagement \u00e0 venir, un salon professionnel ou en cas de p\u00e9nurie de v\u00e9hicules de livraison.<\/div>\n\t\t\t        <\/div>\n    <\/div>\n\t        <div class=\"sxc-features-teasers-item__link\">\n            <a href=\"\/fr-fr\/location-utilitaires\/location-camions-court-terme\/\" class=\"sxc-link\">\n\t\t\t\tVers la location d\u2019utilitaire court terme             <\/a>\n        <\/div>\n\t<\/div>\n<div class=\"sxc-features-teasers-item\">\n    <div class=\"sxc-features-teasers-item__image\">\n\t\t            <img src=\"https:\/\/corporate.sixt.com\/fr-fr\/wp-content\/uploads\/sites\/8\/2022\/08\/sixt.com-location-de-camions-a-court-terme-sixt-long-term-van-trucks.jpeg\" alt=\"LOCATION UTILITAIRE PROFESSIONNEL LONGUE DUR\u00c9E\">\n\t\t    <\/div>\n\t<h3 class=\"sxc-features-teasers-item__heading\">LOCATION UTILITAIRE PROFESSIONNEL LONGUE DUR\u00c9E<\/h3>    <div class=\"sxc-features-teasers-item__content\">\n        <div class=\"sxc-features-teasers-item__content-title\">\n            <img src=\"\/wp-content\/themes\/sixt\/images\/chevron-right.svg\" alt=\"Toggle\">\n            <div><\/div>\n        <\/div>\n        <div class=\"sxc-features-teasers-item__content-inner\">\n            <div class=\"sxc-features-teasers-item__text\">Location longue dur\u00e9e de v\u00e9hicules utilitaires plut\u00f4t: la meilleure alternative au leasing ou \u00e0 l\u2018achat. Location flexible \u00e0 partir de 28 jours pour les entreprises de toute taille, sans frais d\u2019investissement initiaux et interruption imm\u00e9diate de paiement lorsque les v\u00e9hicules ne sont plus utilis\u00e9s pour pr\u00e9server votre tr\u00e9sorerie. Tout aussi simple: agrandissez votre flotte de mani\u00e8re flexible et ajoutez de nouveaux mod\u00e8les en fonction de vos besoins.<\/div>\n\t\t\t        <\/div>\n    <\/div>\n\t        <div class=\"sxc-features-teasers-item__link\">\n            <a href=\"\/fr-fr\/location-longue-duree-utilitaire\/\" class=\"sxc-link\">\n\t\t\t\tVers la location d\u2019utilitaire \u00e0 long terme             <\/a>\n        <\/div>\n\t<\/div>\n    <\/div>\n\t        <div class=\"sxc-features-teasers__footer\">\n\t\t\t<div class=\"sxc-features-teasers__footer-headline\">Obtenez une r\u00e9duction entreprise<\/div>            <a href=\"https:\/\/corporate-signup.sixt.com\/?lang=fr&amp;country_code=fr&amp;product_type=truck\" class=\"sxc-cta\">Enregistrez-vous ici<\/a>\n        <\/div>\n\t<\/div>\n<script>\n  window.addEventListener('load', () => {\n    new SxcFeaturesTeasers(document.getElementById('sxc_ft_69d52cc0140554_62657915'));\n  });\n<\/script>\n","protected":false},"excerpt":{"rendered":"","protected":false},"author":48,"featured_media":0,"parent":0,"menu_order":0,"comment_status":"closed","ping_status":"closed","template":"","meta":[],"categories":[],"tags":[],"yst_prominent_words":[],"_links":{"self":[{"href":"https:\/\/corporate.sixt.com\/fr-fr\/wp-json\/wp\/v2\/pages\/6788"}],"collection":[{"href":"https:\/\/corporate.sixt.com\/fr-fr\/wp-json\/wp\/v2\/pages"}],"about":[{"href":"https:\/\/corporate.sixt.com\/fr-fr\/wp-json\/wp\/v2\/types\/page"}],"author":[{"embeddable":true,"href":"https:\/\/corporate.sixt.com\/fr-fr\/wp-json\/wp\/v2\/users\/48"}],"replies":[{"embeddable":true,"href":"https:\/\/corporate.sixt.com\/fr-fr\/wp-json\/wp\/v2\/comments?post=6788"}],"version-history":[{"count":0,"href":"https:\/\/corporate.sixt.com\/fr-fr\/wp-json\/wp\/v2\/pages\/6788\/revisions"}],"wp:attachment":[{"href":"https:\/\/corporate.sixt.com\/fr-fr\/wp-json\/wp\/v2\/media?parent=6788"}],"wp:term":[{"taxonomy":"category","embeddable":true,"href":"https:\/\/corporate.sixt.com\/fr-fr\/wp-json\/wp\/v2\/categories?post=6788"},{"taxonomy":"post_tag","embeddable":true,"href":"https:\/\/corporate.sixt.com\/fr-fr\/wp-json\/wp\/v2\/tags?post=6788"},{"taxonomy":"yst_prominent_words","embeddable":true,"href":"https:\/\/corporate.sixt.com\/fr-fr\/wp-json\/wp\/v2\/yst_prominent_words?post=6788"}],"curies":[{"name":"wp","href":"https:\/\/api.w.org\/{rel}","templated":true}]}}