{"id":6782,"date":"2025-02-10T17:43:40","date_gmt":"2025-02-10T15:43:40","guid":{"rendered":"https:\/\/sixtcorpstage.wpengine.com\/fr-fr\/?page_id=6782"},"modified":"2025-10-08T17:15:22","modified_gmt":"2025-10-08T15:15:22","slug":"moyenne-duree-pour-entreprises","status":"publish","type":"page","link":"https:\/\/corporate.sixt.com\/fr-fr\/moyenne-duree-pour-entreprises\/","title":{"rendered":"SEA_LOCATION MOYENNE DUREE DE VOITURES POUR LES ENTREPRISES"},"content":{"rendered":"<div class=\"sxc-hero wbq_add_params_on_clickout\">\n    <img class=\"sxc-hero__image\" src=\"https:\/\/corporate.sixt.com\/fr-fr\/wp-content\/uploads\/sites\/8\/2021\/12\/sixt.com-location-moyenne-duree-de-voitures-pour-les-entreprises-sixt-long-term-classic-hero.jpg\"\n         alt=\"Location moyenne dur\u00e9e de voitures pour les entreprises\">\n    <div class=\"sxc-hero__inner\">\n\t\t<h1 class=\"sxc-hero__inner__headline\">Location moyenne dur\u00e9e de voitures pour les entreprises<\/h1>        <div class=\"sxc-hero__inner__overview\">SIXT location moyenne dur\u00e9e pour les entreprises : la solution la plus flexible de location de voitures d\u2018affaires, \u00e0 partir de 28 jours. Nous sommes votre solution de transport globale. Disponible imm\u00e9diatement, avec annulation quotidienne. Adaptez le mod\u00e8le et la dur\u00e9e de location \u00e0 tout moment ! Soyez plus efficace, r\u00e9duisez vos co\u00fbts et r\u00e9pondez \u00e0 tous vos besoins. Autant d\u2019avantages pour vos voyages d\u2019affaires !<\/div>\n    <\/div>\n\t        <div class=\"sxc-hero__cta\">\n            <a href=\"https:\/\/corporate-signup.sixt.com\/?lang=fr&amp;country_code=fr&amp;product_type=sixt_plus\"\n               class=\"sxc-cta\">\n\t\t\t\tS\u2019inscrire            <\/a>\n        <\/div>\n\t<\/div>\n<div class=\"sxc-benefits-details\">\n    <div class=\"sxc-benefits-details__inner\">\n\t\t<h2 class=\"sxc-benefits-details__heading\">Les advantages de la location moyenne dur\u00e9e pour les entreprises<\/h2>        <div class=\"sxc-benefits-details__overview\">Un contrat sans dur\u00e9e fixe. Quel que soit le nombre de vos employ\u00e9s et la fr\u00e9quence de vos locations moyenne dur\u00e9e d\u2019entreprise, vos r\u00e9servations se font toujours dans les meilleures conditions. Et b\u00e9n\u00e9ficiez d\u2019avantages suppl\u00e9mentaires en tant que client entreprise de SIXT.<\/div>\n        <div class=\"sxc-benefits-details__columns\" style=\"grid-template-columns: repeat(4, 1fr)\">\n\t\t\t\n<div class=\"sxc-benefits-details-column__icon\">\n\t<\/div>\n<h3 class=\"sxc-benefits-details-column__heading\">LA MOBILIT\u00c9 POUR UN PRIX FIXE<\/h3><div class=\"sxc-benefits-details-column__contents\">\n    <ul class=\"sxc-benefits-details-column__list\">\n\t\t\t\t\t                <li class=\"sxc-benefits-details-column__list-item\">Prix fixe planifiable avec facturation quotidienne<\/li>\n\t\t\t                <li class=\"sxc-benefits-details-column__list-item\">Possibilit\u00e9 de changer de mod\u00e8le et de cat\u00e9gorie<\/li>\n\t\t\t                <li class=\"sxc-benefits-details-column__list-item\">Jusqu\u2019\u00e0 15 % de r\u00e9duction pour les clients professionnels<\/li>\n\t\t\t\t\t    <\/ul>\n    <div class=\"sxc-benefits-details-column__link\">\n\t\t    <\/div>\n<\/div>\n<div class=\"sxc-benefits-details-column__icon\">\n\t<\/div>\n<h3 class=\"sxc-benefits-details-column__heading\">MOINS DE TRAVAIL, PLUS DE TEMPS POUR CE QUI COMPTE<\/h3><div class=\"sxc-benefits-details-column__contents\">\n    <ul class=\"sxc-benefits-details-column__list\">\n\t\t\t\t\t                <li class=\"sxc-benefits-details-column__list-item\">Produit tout compris, taxes et frais inclus<\/li>\n\t\t\t                <li class=\"sxc-benefits-details-column__list-item\">La maintenance et l\u2019entretien inclus<\/li>\n\t\t\t                <li class=\"sxc-benefits-details-column__list-item\">Pas de frais pour le changement et le stockage des pneus<\/li>\n\t\t\t\t\t    <\/ul>\n    <div class=\"sxc-benefits-details-column__link\">\n\t\t    <\/div>\n<\/div>\n<div class=\"sxc-benefits-details-column__icon\">\n\t<\/div>\n<h3 class=\"sxc-benefits-details-column__heading\">PLUS DE PLAISIR \u00c0 CONDUIRE<\/h3><div class=\"sxc-benefits-details-column__contents\">\n    <ul class=\"sxc-benefits-details-column__list\">\n\t\t\t\t\t                <li class=\"sxc-benefits-details-column__list-item\">Mod\u00e8les les plus r\u00e9cents - au maximum de six mois<\/li>\n\t\t\t                <li class=\"sxc-benefits-details-column__list-item\">Large s\u00e9lection de v\u00e9hicules haut de gamme<\/li>\n\t\t\t                <li class=\"sxc-benefits-details-column__list-item\">Syst\u00e8mes d\u2019assistance et \u00e9quipements suppl\u00e9mentaires<\/li>\n\t\t\t\t\t    <\/ul>\n    <div class=\"sxc-benefits-details-column__link\">\n\t\t    <\/div>\n<\/div>\n<div class=\"sxc-benefits-details-column__icon\">\n\t<\/div>\n<h3 class=\"sxc-benefits-details-column__heading\">UNE FLOTTE D\u2019ENTREPRISE FLEXIBLE<\/h3><div class=\"sxc-benefits-details-column__contents\">\n    <ul class=\"sxc-benefits-details-column__list\">\n\t\t\t\t\t                <li class=\"sxc-benefits-details-column__list-item\">Possibilit\u00e9 de faire \u00e9voluer sa flotte \u00e0 tout moment<\/li>\n\t\t\t                <li class=\"sxc-benefits-details-column__list-item\">Pas d\u2019engagement contractuel - r\u00e9servez selon vos besoins<\/li>\n\t\t\t                <li class=\"sxc-benefits-details-column__list-item\">V\u00e9hicules disponibles imm\u00e9diatement<\/li>\n\t\t\t\t\t    <\/ul>\n    <div class=\"sxc-benefits-details-column__link\">\n\t\t    <\/div>\n<\/div>\n        <\/div>\n    <\/div>\n\t<\/div>\n\n<div class=\"sxc-features-teasers wbq_add_params_on_clickout\" id=\"sxc_ft_69ea3e16a47d07_95284943\">\n\t<h2 class=\"sxc-features-teasers__heading\">Quand la location moyenne dur\u00e9e est-elle int\u00e9ressante pour une entreprise ?<\/h2>    <div class=\"sxc-features-teasers__list\">\n\t\t\n<div class=\"sxc-features-teasers-item\">\n    <div class=\"sxc-features-teasers-item__image\">\n\t\t            <img src=\"https:\/\/corporate.sixt.com\/fr-fr\/wp-content\/uploads\/sites\/8\/2021\/12\/sixt.com-location-moyenne-duree-de-voitures-pour-les-entreprises-long-term-classic-planungssicherheit.jpg\" alt=\"SECURISEZ VOS PERIODES DE TRANSITION\">\n\t\t    <\/div>\n\t<h3 class=\"sxc-features-teasers-item__heading\">SECURISEZ VOS PERIODES DE TRANSITION<\/h3>    <div class=\"sxc-features-teasers-item__content\">\n        <div class=\"sxc-features-teasers-item__content-title\">\n            <img src=\"\/wp-content\/themes\/sixt\/images\/chevron-right.svg\" alt=\"Toggle\">\n            <div><\/div>\n        <\/div>\n        <div class=\"sxc-features-teasers-item__content-inner\">\n            <div class=\"sxc-features-teasers-item__text\">D\u00e9lai de livraison d\u2018un v\u00e9hicule en leasing, p\u00e9riode d\u2019essai, cong\u00e9 parental, int\u00e9rimaire qui ont besoin d\u2018\u00eatre mobiles ? Tout s\u2019arrange avec la location moyenne dur\u00e9e de SIXT : louez pour 28+ jours sans risque et sans dur\u00e9e minimale. Si vos besoins changent, il vous suffit de rendre le v\u00e9hicule \u00e0 l\u2019agence SIXT la plus proche.<\/div>\n\t\t\t        <\/div>\n    <\/div>\n\t        <div class=\"sxc-features-teasers-item__link\">\n            <a href=\"https:\/\/corporate-signup.sixt.com\/?lang=fr&amp;country_code=fr&amp;product_type=sixt_plus\" class=\"sxc-link\">\n\t\t\t\tB\u00e9n\u00e9ficiez d\u2019une r\u00e9duction entreprise            <\/a>\n        <\/div>\n\t<\/div>\n<div class=\"sxc-features-teasers-item\">\n    <div class=\"sxc-features-teasers-item__image\">\n\t\t            <img src=\"https:\/\/corporate.sixt.com\/fr-fr\/wp-content\/uploads\/sites\/8\/2021\/12\/sixt.com-location-moyenne-duree-de-voitures-pour-les-entreprises-long-term-classic-spontaner-mehrbedarf.jpeg\" alt=\"COUVRIR AUTOMATIQUEMENT TOUTE DEMANDE SUPPLEMENTAIRE\">\n\t\t    <\/div>\n\t<h3 class=\"sxc-features-teasers-item__heading\">COUVRIR AUTOMATIQUEMENT TOUTE DEMANDE SUPPLEMENTAIRE<\/h3>    <div class=\"sxc-features-teasers-item__content\">\n        <div class=\"sxc-features-teasers-item__content-title\">\n            <img src=\"\/wp-content\/themes\/sixt\/images\/chevron-right.svg\" alt=\"Toggle\">\n            <div><\/div>\n        <\/div>\n        <div class=\"sxc-features-teasers-item__content-inner\">\n            <div class=\"sxc-features-teasers-item__text\">Activit\u00e9 saisonni\u00e8re, chantier, projet : la taille de la flotte peut s\u2019adapter. Avec la location moyenne dur\u00e9e de SIXT, un besoin ponctuel de v\u00e9hicules requis pour plus de 28 jours peut \u00eatre satisfait rapidement et facilement. Gros avantage : les v\u00e9hicules sont disponibles imm\u00e9diatement.<\/div>\n\t\t\t        <\/div>\n    <\/div>\n\t        <div class=\"sxc-features-teasers-item__link\">\n            <a href=\"https:\/\/corporate-signup.sixt.com\/?lang=fr&amp;country_code=fr&amp;product_type=sixt_plus\" class=\"sxc-link\">\n\t\t\t\tS\u2019inscrire ici            <\/a>\n        <\/div>\n\t<\/div>\n<div class=\"sxc-features-teasers-item\">\n    <div class=\"sxc-features-teasers-item__image\">\n\t\t            <img src=\"https:\/\/corporate.sixt.com\/fr-fr\/wp-content\/uploads\/sites\/8\/2021\/12\/sixt.com-location-moyenne-duree-de-voitures-pour-les-entreprises-long-term-classic-poolfahrzeug.jpeg\" alt=\"LA SOLUTION ID\u00c9ALE POUR LES FLOTTES D\u2019ENTREPRISE\">\n\t\t    <\/div>\n\t<h3 class=\"sxc-features-teasers-item__heading\">LA SOLUTION ID\u00c9ALE POUR LES FLOTTES D\u2019ENTREPRISE<\/h3>    <div class=\"sxc-features-teasers-item__content\">\n        <div class=\"sxc-features-teasers-item__content-title\">\n            <img src=\"\/wp-content\/themes\/sixt\/images\/chevron-right.svg\" alt=\"Toggle\">\n            <div><\/div>\n        <\/div>\n        <div class=\"sxc-features-teasers-item__content-inner\">\n            <div class=\"sxc-features-teasers-item__text\">Avec la location moyenne dur\u00e9e de SIXT, il est possible pour plusieurs employ\u00e9s d\u2018utiliser le m\u00eame v\u00e9hicule. Les v\u00e9hicules lou\u00e9s \u00e0 long terme peuvent \u00eatre utilis\u00e9s comme v\u00e9hicules de soci\u00e9t\u00e9 de mani\u00e8re permanente ou dans le cadre d\u2019un \u00e9v\u00e9nement ou un projet, et ainsi optimiser la charge de travail. Votre parc de v\u00e9hicules devient ainsi agile !<\/div>\n\t\t\t        <\/div>\n    <\/div>\n\t        <div class=\"sxc-features-teasers-item__link\">\n            <a href=\"https:\/\/corporate-signup.sixt.com\/?lang=fr&amp;country_code=fr&amp;product_type=sixt_plus\" class=\"sxc-link\">\n\t\t\t\tInscrivez-vous maintenant            <\/a>\n        <\/div>\n\t<\/div>\n<div class=\"sxc-features-teasers-item\">\n    <div class=\"sxc-features-teasers-item__image\">\n\t\t            <img src=\"https:\/\/corporate.sixt.com\/fr-fr\/wp-content\/uploads\/sites\/8\/2021\/12\/sixt.com-location-moyenne-duree-de-voitures-pour-les-entreprises-long-term-classic-fuhrparkergaenzung.jpeg\" alt=\"FAITES DES AJOUTS A VOTRE FLOTTE EN FONCTION DE VOS BESOINS\">\n\t\t    <\/div>\n\t<h3 class=\"sxc-features-teasers-item__heading\">FAITES DES AJOUTS A VOTRE FLOTTE EN FONCTION DE VOS BESOINS<\/h3>    <div class=\"sxc-features-teasers-item__content\">\n        <div class=\"sxc-features-teasers-item__content-title\">\n            <img src=\"\/wp-content\/themes\/sixt\/images\/chevron-right.svg\" alt=\"Toggle\">\n            <div><\/div>\n        <\/div>\n        <div class=\"sxc-features-teasers-item__content-inner\">\n            <div class=\"sxc-features-teasers-item__text\">Vos voitures de soci\u00e9t\u00e9 achet\u00e9es et en leasing ne suffisent pas ou viennent avec des conditions trop strictes ? Obtenez une marge de manoeuvre et remplacez certains de ces v\u00e9hicules par des locations moyenne dur\u00e9e flexibles avec SIXT. Ou faites-le en compl\u00e9ment, puisque les v\u00e9hicules de location non utilis\u00e9s peuvent \u00eatre imm\u00e9diatement retir\u00e9s de votre flotte.<\/div>\n\t\t\t        <\/div>\n    <\/div>\n\t        <div class=\"sxc-features-teasers-item__link\">\n            <a href=\"https:\/\/corporate-signup.sixt.com\/?lang=fr&amp;country_code=fr&amp;product_type=sixt_plus\" class=\"sxc-link\">\n\t\t\t\tObtenez une offre sans engagement            <\/a>\n        <\/div>\n\t<\/div>\n    <\/div>\n\t        <div class=\"sxc-features-teasers__footer\">\n\t\t\t<div class=\"sxc-features-teasers__footer-headline\">VOTRE DEVIS INDIVIDUEL GRATUIT<\/div>            <a href=\"https:\/\/corporate-signup.sixt.com\/?lang=fr&amp;country_code=fr&amp;product_type=sixt_plus\" class=\"sxc-cta\">Demandez maintenant<\/a>\n        <\/div>\n\t<\/div>\n<script>\n  window.addEventListener('load', () => {\n    new SxcFeaturesTeasers(document.getElementById('sxc_ft_69ea3e16a47d07_95284943'));\n  });\n<\/script>\n<div class=\"sxc-fleet-static main_color\">\n    <div class=\"sxc-fleet-static__details\">\n\t\t<div class=\"sxc-fleet-static__heading\">La voiture adapt\u00e9e \u00e0 votre entreprise <\/div>        <div class=\"sxc-fleet-static__overview\">La flotte SIXT Premium offre \u00e0 chacun la voiture qui lui convient : berlines, breaks, SUV ou cabriolets.\u202fVous avez le choix entre plus de 180 mod\u00e8les de v\u00e9hicules dans la flotte SIXT, des voitures neuves qui ont en moyenne 3 mois et tous les \u00e9quipements actuels.<\/div>\n    <\/div>\n\t        <div class=\"sxc-fleet-static__products\">\n\t\t\t\n\n<div class=\"sxc-fleet-static__card\">\n    <div class=\"sxc-fleet-static__card-details\">\n\t\t<div class=\"sxc-fleet-static__card-title\">Audi A1 Sportback<\/div>\t\t    <\/div>\n\t        <div class=\"sxc-fleet-static__card-image\">\n            <img src=\"https:\/\/corporate.sixt.com\/fr-fr\/wp-content\/uploads\/sites\/8\/2023\/04\/sixt.com-sixt-plus-audi-a1-sportback-gelb-2019.png\" alt=\"Audi A1 Sportback\">\n        <\/div>\n\t<\/div>\n\n\n<div class=\"sxc-fleet-static__card\">\n    <div class=\"sxc-fleet-static__card-details\">\n\t\t<div class=\"sxc-fleet-static__card-title\">Peugeot e-208<\/div>\t\t    <\/div>\n\t        <div class=\"sxc-fleet-static__card-image\">\n            <img src=\"https:\/\/corporate.sixt.com\/fr-fr\/wp-content\/uploads\/sites\/8\/2023\/04\/sixt.com-sixt-plus-peugeot-208-5d-blau-2020.png\" alt=\"Peugeot e-208\">\n        <\/div>\n\t<\/div>\n\n\n<div class=\"sxc-fleet-static__card\">\n    <div class=\"sxc-fleet-static__card-details\">\n\t\t<div class=\"sxc-fleet-static__card-title\">BMW iX 40 <\/div>\t\t    <\/div>\n\t        <div class=\"sxc-fleet-static__card-image\">\n            <img src=\"https:\/\/corporate.sixt.com\/fr-fr\/wp-content\/uploads\/sites\/8\/2023\/04\/sixt.com-sixt-plus-bmw-ix-4d-suv-grey-2021.png\" alt=\"BMW iX 40 \">\n        <\/div>\n\t<\/div>\n\n\n<div class=\"sxc-fleet-static__card\">\n    <div class=\"sxc-fleet-static__card-details\">\n\t\t<div class=\"sxc-fleet-static__card-title\">Polestar 2<\/div>\t\t    <\/div>\n\t        <div class=\"sxc-fleet-static__card-image\">\n            <img src=\"https:\/\/corporate.sixt.com\/fr-fr\/wp-content\/uploads\/sites\/8\/2023\/12\/sixt.com-location-moyenne-duree-de-voitures-pour-les-entreprises-microsoftteams-image.png\" alt=\"Polestar 2\">\n        <\/div>\n\t<\/div>\n\n        <\/div>\n\t\t        <div class=\"sxc-fleet-static__link\">\n            <a href=\"\/fr-fr\/vehicules\/\" class=\"sxc-cta\">\n\t\t\t\tVOIR LA FLOTTE POUR LES ENTREPRISES            <\/a>\n        <\/div>\n\t<\/div>\n    <div class=\"sxc-advantages sxc-advantages--light sxc-advantages--layout-four sxc-advantages--headline-default\">\n\t\t\t\t<h2 class=\"sxc-advantages__headline\">Les conducteurs et les d\u00e9cideurs b\u00e9n\u00e9ficient d\u2019une location moyenne dur\u00e9e<\/h2>\t\t            <div class=\"sxc-advantages__tabs\">\n\t\t\t\t                    <div class=\"sxc-advantages__tabs__tab sxc-cta\">D\u00e9cideurs<\/div>\n\t\t\t\t                    <div class=\"sxc-advantages__tabs__tab sxc-cta\">Voyageurs<\/div>\n\t\t\t\t            <\/div>\n\t\t        <div class=\"sxc-advantages__inner\">\n    <div class=\"sxc-advantages-item hidden\" data-tab=\"1\">\n\t\t\t\t\t<h3 class=\"sxc-advantages-item__headline\">MOINS DE T\u00c2CHES ADMINISTRATIVES<\/h3>\t\t\t\t            <div class=\"sxc-advantages-item__list\">\n                <div class=\"sxc-advantages-item__list__toggler\">Meer<\/div>\n                <div class=\"sxc-advantages-item__list__inner\">\n\t\t\t\t\t                        <div class=\"sxc-advantages-item__list__inner__element\">Pas besoin de planifier l\u2019entretien, les r\u00e9parations et les inspections<\/div>\n\t\t\t\t\t                        <div class=\"sxc-advantages-item__list__inner__element\">Offre de service complet comprenant l\u2019assurance accident et les taxes<\/div>\n\t\t\t\t\t                        <div class=\"sxc-advantages-item__list__inner__element\">Un syst\u00e8me d\u2019approvisionnement rapide et simple<\/div>\n\t\t\t\t\t                <\/div>\n            <\/div>\n\t\t\t\t\t\t    <\/div>\n\n    <div class=\"sxc-advantages-item hidden\" data-tab=\"1\">\n\t\t\t\t\t<h3 class=\"sxc-advantages-item__headline\">UNE TRANSPARENCE TOTALE DES CO\u00dbTS<\/h3>\t\t\t\t            <div class=\"sxc-advantages-item__list\">\n                <div class=\"sxc-advantages-item__list__toggler\">Meer<\/div>\n                <div class=\"sxc-advantages-item__list__inner\">\n\t\t\t\t\t                        <div class=\"sxc-advantages-item__list__inner__element\">Prix fixe planifiable avec facturation quotidienne<\/div>\n\t\t\t\t\t                        <div class=\"sxc-advantages-item__list__inner__element\">Aucun engagement contractuel ou dur\u00e9e minimale<\/div>\n\t\t\t\t\t                        <div class=\"sxc-advantages-item__list__inner__element\">Remise pour les entreprises jusqu\u2019\u00e0 15 %.<\/div>\n\t\t\t\t\t                <\/div>\n            <\/div>\n\t\t\t\t\t\t    <\/div>\n\n    <div class=\"sxc-advantages-item hidden\" data-tab=\"1\">\n\t\t\t\t\t<h3 class=\"sxc-advantages-item__headline\">UNE FLEXIBILITE MAXIMALE<\/h3>\t\t\t\t            <div class=\"sxc-advantages-item__list\">\n                <div class=\"sxc-advantages-item__list__toggler\">Meer<\/div>\n                <div class=\"sxc-advantages-item__list__inner\">\n\t\t\t\t\t                        <div class=\"sxc-advantages-item__list__inner__element\">Des v\u00e9hicules disponibles imm\u00e9diatement<\/div>\n\t\t\t\t\t                        <div class=\"sxc-advantages-item__list__inner__element\">Annulation le jour m\u00eame, \u00e0 tout moment<\/div>\n\t\t\t\t\t                        <div class=\"sxc-advantages-item__list__inner__element\">Une utilisation efficace de votre flotte<\/div>\n\t\t\t\t\t                <\/div>\n            <\/div>\n\t\t\t\t\t\t    <\/div>\n\n    <div class=\"sxc-advantages-item hidden\" data-tab=\"1\">\n\t\t\t\t\t<h3 class=\"sxc-advantages-item__headline\">UNE ADMINISTRATION SIMPLE<\/h3>\t\t\t\t            <div class=\"sxc-advantages-item__list\">\n                <div class=\"sxc-advantages-item__list__toggler\">Meer<\/div>\n                <div class=\"sxc-advantages-item__list__inner\">\n\t\t\t\t\t                        <div class=\"sxc-advantages-item__list__inner__element\">Comptabilisation de tous les co\u00fbts li\u00e9s au v\u00e9hicule<\/div>\n\t\t\t\t\t                        <div class=\"sxc-advantages-item__list__inner__element\">Rapport d\u00e9taill\u00e9 sur toutes les r\u00e9servations<\/div>\n\t\t\t\t\t                        <div class=\"sxc-advantages-item__list__inner__element\">Self-service avec une gestion des utilisateurs 24\/7<\/div>\n\t\t\t\t\t                <\/div>\n            <\/div>\n\t\t\t\t\t\t    <\/div>\n\n    <div class=\"sxc-advantages-item hidden\" data-tab=\"2\">\n\t\t\t\t\t<h3 class=\"sxc-advantages-item__headline\">TOUJOURS PLUS DE POSSIBILITES<\/h3>\t\t\t\t            <div class=\"sxc-advantages-item__list\">\n                <div class=\"sxc-advantages-item__list__toggler\">Meer<\/div>\n                <div class=\"sxc-advantages-item__list__inner\">\n\t\t\t\t\t                        <div class=\"sxc-advantages-item__list__inner__element\">Choisissez la classe du v\u00e9hicule selon vos besoins<\/div>\n\t\t\t\t\t                        <div class=\"sxc-advantages-item__list__inner__element\">Changer de v\u00e9hicule ou le restituer \u00e0 tout moment<\/div>\n\t\t\t\t\t                        <div class=\"sxc-advantages-item__list__inner__element\">Influencer le montant des taxes<\/div>\n\t\t\t\t\t                <\/div>\n            <\/div>\n\t\t\t\t\t\t    <\/div>\n\n    <div class=\"sxc-advantages-item hidden\" data-tab=\"2\">\n\t\t\t\t\t<h3 class=\"sxc-advantages-item__headline\">PAS DE LONGUES ATTENTES<\/h3>\t\t\t\t            <div class=\"sxc-advantages-item__list\">\n                <div class=\"sxc-advantages-item__list__toggler\">Meer<\/div>\n                <div class=\"sxc-advantages-item__list__inner\">\n\t\t\t\t\t                        <div class=\"sxc-advantages-item__list__inner__element\">De nombreux v\u00e9hicules imm\u00e9diatement disponibles<\/div>\n\t\t\t\t\t                        <div class=\"sxc-advantages-item__list__inner__element\">Un court trajet pour aller chercher le v\u00e9hicule dans l\u2019une des nombreuses agences SIXT.<\/div>\n\t\t\t\t\t                        <div class=\"sxc-advantages-item__list__inner__element\">Service de livraison et de collecte possible<\/div>\n\t\t\t\t\t                <\/div>\n            <\/div>\n\t\t\t\t\t\t    <\/div>\n\n    <div class=\"sxc-advantages-item hidden\" data-tab=\"2\">\n\t\t\t\t\t<h3 class=\"sxc-advantages-item__headline\">LA VOITURE DE SOCI\u00c9T\u00c9 QUI FAIT DU BIEN<\/h3>\t\t\t\t            <div class=\"sxc-advantages-item__list\">\n                <div class=\"sxc-advantages-item__list__toggler\">Meer<\/div>\n                <div class=\"sxc-advantages-item__list__inner\">\n\t\t\t\t\t                        <div class=\"sxc-advantages-item__list__inner__element\">Conduire les tous derniers mod\u00e8les de v\u00e9hicules<\/div>\n\t\t\t\t\t                        <div class=\"sxc-advantages-item__list__inner__element\">Confort et \u00e9quipements les plus r\u00e9cents<\/div>\n\t\t\t\t\t                        <div class=\"sxc-advantages-item__list__inner__element\">Un service client excellent dans les agences SIXT.<\/div>\n\t\t\t\t\t                <\/div>\n            <\/div>\n\t\t\t\t\t\t    <\/div>\n\n    <div class=\"sxc-advantages-item hidden\" data-tab=\"2\">\n\t\t\t\t\t<h3 class=\"sxc-advantages-item__headline\">UN PROCESSUS SIMPLE<\/h3>\t\t\t\t            <div class=\"sxc-advantages-item__list\">\n                <div class=\"sxc-advantages-item__list__toggler\">Meer<\/div>\n                <div class=\"sxc-advantages-item__list__inner\">\n\t\t\t\t\t                        <div class=\"sxc-advantages-item__list__inner__element\">R\u00e9servation simple et rapide<\/div>\n\t\t\t\t\t                        <div class=\"sxc-advantages-item__list__inner__element\">Prise en charge du v\u00e9hicule facile<\/div>\n\t\t\t\t\t                        <div class=\"sxc-advantages-item__list__inner__element\">Rendez la voiture en agence \u00e0 tout moment<\/div>\n\t\t\t\t\t                <\/div>\n            <\/div>\n\t\t\t\t\t\t    <\/div>\n\n<\/div>\n    <\/div>\n    <script>\n      window.addEventListener('load', () => {\n        new SxcAdvantages(\".sxc-advantages__tabs__tab\", \".sxc-advantages-item\",\n            \".sxc-advantages-item__list__toggler\", \".sxc-advantages-item__list__inner\");\n      });\n    <\/script>\n\n<div class=\"sxc-next-steps wbq_add_params_on_clickout\">\n\t<div class=\"sxc-next-steps__headline\">Comment \u00e7a marche ? Quelques \u00e9tapes seulement pour la location moyenne dur\u00e9e de votre voiture de societe<\/div>    <div class=\"sxc-next-steps__inner\">\n\t\t\n<div class=\"sxc-next-steps-item\">\n    <div class=\"sxc-next-steps-item__icon\"><img src=\"https:\/\/corporate.sixt.com\/fr-fr\/wp-content\/uploads\/sites\/8\/2021\/11\/sixt.com-sixt-rent-online-anmelden.svg\" alt=\"\"><\/div>\n\t<div class=\"sxc-next-steps-item__headline\">INSCRIVEZ-VOUS EN LIGNE<\/div>    <div class=\"sxc-next-steps-item__overview\">Saisissez vos donn\u00e9es en ligne, configurez vos exigences et consultez les conditions de l\u2018entreprise. C\u2019est aussi simple que cela. Et si vous avez des demandes plus sp\u00e9cifiques, notre \u00e9quipe d\u2019experts vous contactera.<\/div>\n<\/div>\n<div class=\"sxc-next-steps-item\">\n    <div class=\"sxc-next-steps-item__icon\"><img src=\"https:\/\/corporate.sixt.com\/fr-fr\/wp-content\/uploads\/sites\/8\/2021\/11\/sixt.com-sixt-rent-ratenbestatigen.svg\" alt=\"\"><\/div>\n\t<div class=\"sxc-next-steps-item__headline\">OBTENEZ UN DEVIS<\/div>    <div class=\"sxc-next-steps-item__overview\">En confirmant vos tarifs, vous pouvez commencer \u00e0 profiter de vos avantages d\u2018entreprise \u00e0 prix r\u00e9duit. Si vous avez des questions, notre \u00e9quipe d\u2019experts vous contactera.<\/div>\n<\/div>\n<div class=\"sxc-next-steps-item\">\n    <div class=\"sxc-next-steps-item__icon\"><img src=\"https:\/\/corporate.sixt.com\/fr-fr\/wp-content\/uploads\/sites\/8\/2021\/11\/sixt.com-sixt-rent-businessprofilanlegen.svg\" alt=\"\"><\/div>\n\t<div class=\"sxc-next-steps-item__headline\">FAITES VOS RESERVATIONS<\/div>    <div class=\"sxc-next-steps-item__overview\">Utilisez votre canal de r\u00e9servation habituel (site internet, app SIXT ,outil de r\u00e9servation externe) et profitez de votre location moyenne dur\u00e9e avec SIXT. <\/div>\n<\/div>\n<div class=\"sxc-next-steps-item\">\n    <div class=\"sxc-next-steps-item__icon\"><img src=\"https:\/\/corporate.sixt.com\/fr-fr\/wp-content\/uploads\/sites\/8\/2021\/11\/sixt.com-sixt-rent-autoabholen.svg\" alt=\"\"><\/div>\n\t<div class=\"sxc-next-steps-item__headline\">OBTENEZ VOTRE VEHICULE ET GO<\/div>    <div class=\"sxc-next-steps-item__overview\">R\u00e9cup\u00e9rez votre voiture dans une agence SIXT ou faites-la livrer, montez \u00e0 bord et mettez-vous en route.<\/div>\n<\/div>\n    <\/div>\n    <div class=\"sxc-next-steps__cta\">\n        <a href=\"https:\/\/corporate-signup.sixt.com\/?lang=fr&amp;country_code=fr&amp;product_type=sixt_plus\"\n           class=\"sxc-cta\">\n\t\t\tDemandez un devis        <\/a>\n    <\/div>\n<\/div>\n","protected":false},"excerpt":{"rendered":"","protected":false},"author":48,"featured_media":0,"parent":0,"menu_order":0,"comment_status":"closed","ping_status":"closed","template":"","meta":[],"categories":[],"tags":[],"yst_prominent_words":[],"_links":{"self":[{"href":"https:\/\/corporate.sixt.com\/fr-fr\/wp-json\/wp\/v2\/pages\/6782"}],"collection":[{"href":"https:\/\/corporate.sixt.com\/fr-fr\/wp-json\/wp\/v2\/pages"}],"about":[{"href":"https:\/\/corporate.sixt.com\/fr-fr\/wp-json\/wp\/v2\/types\/page"}],"author":[{"embeddable":true,"href":"https:\/\/corporate.sixt.com\/fr-fr\/wp-json\/wp\/v2\/users\/48"}],"replies":[{"embeddable":true,"href":"https:\/\/corporate.sixt.com\/fr-fr\/wp-json\/wp\/v2\/comments?post=6782"}],"version-history":[{"count":0,"href":"https:\/\/corporate.sixt.com\/fr-fr\/wp-json\/wp\/v2\/pages\/6782\/revisions"}],"wp:attachment":[{"href":"https:\/\/corporate.sixt.com\/fr-fr\/wp-json\/wp\/v2\/media?parent=6782"}],"wp:term":[{"taxonomy":"category","embeddable":true,"href":"https:\/\/corporate.sixt.com\/fr-fr\/wp-json\/wp\/v2\/categories?post=6782"},{"taxonomy":"post_tag","embeddable":true,"href":"https:\/\/corporate.sixt.com\/fr-fr\/wp-json\/wp\/v2\/tags?post=6782"},{"taxonomy":"yst_prominent_words","embeddable":true,"href":"https:\/\/corporate.sixt.com\/fr-fr\/wp-json\/wp\/v2\/yst_prominent_words?post=6782"}],"curies":[{"name":"wp","href":"https:\/\/api.w.org\/{rel}","templated":true}]}}