{"id":6780,"date":"2025-02-10T17:40:45","date_gmt":"2025-02-10T15:40:45","guid":{"rendered":"https:\/\/sixtcorpstage.wpengine.com\/fr-fr\/?page_id=6780"},"modified":"2025-10-08T17:15:37","modified_gmt":"2025-10-08T15:15:37","slug":"sixt-pour-entreprises-avantages","status":"publish","type":"page","link":"https:\/\/corporate.sixt.com\/fr-fr\/sixt-pour-entreprises-avantages\/","title":{"rendered":"SEA_Pourquoi SIXT Business"},"content":{"rendered":"<div class=\"sxc-hero wbq_add_params_on_clickout\">\n    <img class=\"sxc-hero__image\" src=\"https:\/\/corporate.sixt.com\/fr-fr\/wp-content\/uploads\/sites\/8\/2021\/10\/sixt.com-pourquoi-louer-un-vehicule-chez-sixt-why-sx-biz.jpg\"\n         alt=\"PROFITEZ DES AVANTAGES D\u2019UNE VOITURE DE SOCI\u00c9T\u00c9\">\n    <div class=\"sxc-hero__inner\">\n\t\t<h1 class=\"sxc-hero__inner__headline\">PROFITEZ DES AVANTAGES D\u2019UNE VOITURE DE SOCI\u00c9T\u00c9<\/h1>        <div class=\"sxc-hero__inner__overview\">Inscrivez-vous en ligne, remplissez les documents n\u00e9cessaires et ayez acc\u00e8s \u00e0 notre flotte de v\u00e9hicules de haute qualit\u00e9 en quelques minutes ! D\u00e9couvrez les diff\u00e9rentes caract\u00e9ristiques, les classes de prix et obtenez m\u00eame un tarif personnalis\u00e9 pour une location \u00e0 long terme ou \u00e0 court terme. Trouvez des locations dans le monde entier et suivez-les sur votre profil SIXT.<\/div>\n    <\/div>\n\t        <div class=\"sxc-hero__cta\">\n            <a href=\"https:\/\/corporate-signup.sixt.com\/?lang=fr&amp;country_code=fr\"\n               class=\"sxc-cta\">\n\t\t\t\tInscrivez-vous gratuitement aujourd\u2019hui            <\/a>\n        <\/div>\n\t<\/div>\n<div class=\"sxc-reason-why wbq_add_params_on_clickout\">\n    <div class=\"sxc-reason-why__text\">\n\t\t<h2 class=\"sxc-reason-why__text__headline\">POURQUOI LOUER UN V\u00c9HICULE CHEZ SIXT ?<\/h2>        <div class=\"sxc-reason-why__text__overview\">Les avantages d\u2018une voiture de soci\u00e9t\u00e9 sont nombreux. Vous pouvez \u00e9viter des investissements et des frais d\u2019entretien \u00e9lev\u00e9s, mais aussi rester mobile et flexible. Avec un compte professionnel SIXT, vous b\u00e9n\u00e9ficiez de nombreux avantages suppl\u00e9mentaires.<\/div>\n    <\/div>\n    <div class=\"sxc-reason-why__table\">\n        <div class=\"sxc-reason-why-item\">\n            <div class=\"sxc-reason-why-item__heading\"><\/div>\n            <div class=\"sxc-reason-why-item__b2b-wp first\">\n\t\t\t\t<div class=\"sxc-reason-why-item__b2b-wp__b2b\">Professionnel<\/div>            <\/div>\n            <div class=\"sxc-reason-why-item__b2c-wp first\">\n\t\t\t\t<div class=\"sxc-reason-why-item__b2c-wp__b2c\">Particulier<\/div>            <\/div>\n        <\/div>\n\t\t\n<div class=\"sxc-reason-why-item\">\n    <div class=\"sxc-reason-why-item__heading\">Conseil en mobilit\u00e9<\/div>\n    <div class=\"sxc-reason-why-item__b2b-wp\">\n        <div class=\"sxc-reason-why-item__b2b-wp__b2b\"><img src='\/wp-content\/themes\/sixt\/images\/check-mark-black.svg' class='check-mark' alt='' width='20' height='15'>        <\/div>\n    <\/div>\n    <div class=\"sxc-reason-why-item__b2c-wp\">\n        <div class=\"sxc-reason-why-item__b2c-wp__b2c\"><img src='\/wp-content\/themes\/sixt\/images\/cross-black.svg' class='cross' alt='' width='14' height='14'>        <\/div>\n    <\/div>\n<\/div>\n<div class=\"sxc-reason-why-item\">\n    <div class=\"sxc-reason-why-item__heading\">Compte gratuit<\/div>\n    <div class=\"sxc-reason-why-item__b2b-wp\">\n        <div class=\"sxc-reason-why-item__b2b-wp__b2b\"><img src='\/wp-content\/themes\/sixt\/images\/check-mark-black.svg' class='check-mark' alt='' width='20' height='15'>        <\/div>\n    <\/div>\n    <div class=\"sxc-reason-why-item__b2c-wp\">\n        <div class=\"sxc-reason-why-item__b2c-wp__b2c\"><img src='\/wp-content\/themes\/sixt\/images\/check-mark-black.svg' class='check-mark' alt='' width='20' height='15'>        <\/div>\n    <\/div>\n<\/div>\n<div class=\"sxc-reason-why-item\">\n    <div class=\"sxc-reason-why-item__heading\">Conseiller client\u00e8le d\u00e9di\u00e9<\/div>\n    <div class=\"sxc-reason-why-item__b2b-wp\">\n        <div class=\"sxc-reason-why-item__b2b-wp__b2b\"><img src='\/wp-content\/themes\/sixt\/images\/check-mark-black.svg' class='check-mark' alt='' width='20' height='15'>        <\/div>\n    <\/div>\n    <div class=\"sxc-reason-why-item__b2c-wp\">\n        <div class=\"sxc-reason-why-item__b2c-wp__b2c\"><img src='\/wp-content\/themes\/sixt\/images\/cross-black.svg' class='cross' alt='' width='14' height='14'>        <\/div>\n    <\/div>\n<\/div>\n<div class=\"sxc-reason-why-item\">\n    <div class=\"sxc-reason-why-item__heading\">Jusqu\u2019\u00e0 15 % de r\u00e9duction<\/div>\n    <div class=\"sxc-reason-why-item__b2b-wp\">\n        <div class=\"sxc-reason-why-item__b2b-wp__b2b\"><img src='\/wp-content\/themes\/sixt\/images\/check-mark-black.svg' class='check-mark' alt='' width='20' height='15'>        <\/div>\n    <\/div>\n    <div class=\"sxc-reason-why-item__b2c-wp\">\n        <div class=\"sxc-reason-why-item__b2c-wp__b2c\"><img src='\/wp-content\/themes\/sixt\/images\/cross-black.svg' class='cross' alt='' width='14' height='14'>        <\/div>\n    <\/div>\n<\/div>\n<div class=\"sxc-reason-why-item\">\n    <div class=\"sxc-reason-why-item__heading\">Contrats \u00e0 taux fixes<\/div>\n    <div class=\"sxc-reason-why-item__b2b-wp\">\n        <div class=\"sxc-reason-why-item__b2b-wp__b2b\"><img src='\/wp-content\/themes\/sixt\/images\/check-mark-black.svg' class='check-mark' alt='' width='20' height='15'>        <\/div>\n    <\/div>\n    <div class=\"sxc-reason-why-item__b2c-wp\">\n        <div class=\"sxc-reason-why-item__b2c-wp__b2c\"><img src='\/wp-content\/themes\/sixt\/images\/cross-black.svg' class='cross' alt='' width='14' height='14'>        <\/div>\n    <\/div>\n<\/div>\n<div class=\"sxc-reason-why-item\">\n    <div class=\"sxc-reason-why-item__heading\">Paiement par facture &amp; Airplus<\/div>\n    <div class=\"sxc-reason-why-item__b2b-wp\">\n        <div class=\"sxc-reason-why-item__b2b-wp__b2b\"><img src='\/wp-content\/themes\/sixt\/images\/check-mark-black.svg' class='check-mark' alt='' width='20' height='15'>        <\/div>\n    <\/div>\n    <div class=\"sxc-reason-why-item__b2c-wp\">\n        <div class=\"sxc-reason-why-item__b2c-wp__b2c\"><img src='\/wp-content\/themes\/sixt\/images\/cross-black.svg' class='cross' alt='' width='14' height='14'>        <\/div>\n    <\/div>\n<\/div>\n<div class=\"sxc-reason-why-item\">\n    <div class=\"sxc-reason-why-item__heading\">Services &amp; produits additionnels<\/div>\n    <div class=\"sxc-reason-why-item__b2b-wp\">\n        <div class=\"sxc-reason-why-item__b2b-wp__b2b\"><img src='\/wp-content\/themes\/sixt\/images\/check-mark-black.svg' class='check-mark' alt='' width='20' height='15'>        <\/div>\n    <\/div>\n    <div class=\"sxc-reason-why-item__b2c-wp\">\n        <div class=\"sxc-reason-why-item__b2c-wp__b2c\"><img src='\/wp-content\/themes\/sixt\/images\/cross-black.svg' class='cross' alt='' width='14' height='14'>        <\/div>\n    <\/div>\n<\/div>\n<div class=\"sxc-reason-why-item\">\n    <div class=\"sxc-reason-why-item__heading\">Louer pour une tierce personne<\/div>\n    <div class=\"sxc-reason-why-item__b2b-wp\">\n        <div class=\"sxc-reason-why-item__b2b-wp__b2b\"><img src='\/wp-content\/themes\/sixt\/images\/check-mark-black.svg' class='check-mark' alt='' width='20' height='15'>        <\/div>\n    <\/div>\n    <div class=\"sxc-reason-why-item__b2c-wp\">\n        <div class=\"sxc-reason-why-item__b2c-wp__b2c\"><img src='\/wp-content\/themes\/sixt\/images\/cross-black.svg' class='cross' alt='' width='14' height='14'>        <\/div>\n    <\/div>\n<\/div>\n<div class=\"sxc-reason-why-item\">\n    <div class=\"sxc-reason-why-item__heading\">Syst\u00e8mes de r\u00e9servation connect\u00e9s<\/div>\n    <div class=\"sxc-reason-why-item__b2b-wp\">\n        <div class=\"sxc-reason-why-item__b2b-wp__b2b\"><img src='\/wp-content\/themes\/sixt\/images\/check-mark-black.svg' class='check-mark' alt='' width='20' height='15'>        <\/div>\n    <\/div>\n    <div class=\"sxc-reason-why-item__b2c-wp\">\n        <div class=\"sxc-reason-why-item__b2c-wp__b2c\"><img src='\/wp-content\/themes\/sixt\/images\/cross-black.svg' class='cross' alt='' width='14' height='14'>        <\/div>\n    <\/div>\n<\/div>\n<div class=\"sxc-reason-why-item\">\n    <div class=\"sxc-reason-why-item__heading\">Outils administratifs<\/div>\n    <div class=\"sxc-reason-why-item__b2b-wp\">\n        <div class=\"sxc-reason-why-item__b2b-wp__b2b\"><img src='\/wp-content\/themes\/sixt\/images\/check-mark-black.svg' class='check-mark' alt='' width='20' height='15'>        <\/div>\n    <\/div>\n    <div class=\"sxc-reason-why-item__b2c-wp\">\n        <div class=\"sxc-reason-why-item__b2c-wp__b2c\"><img src='\/wp-content\/themes\/sixt\/images\/cross-black.svg' class='cross' alt='' width='14' height='14'>        <\/div>\n    <\/div>\n<\/div>\n        <div class=\"sxc-reason-why-item\">\n            <div class=\"sxc-reason-why-item__heading\"><\/div>\n            <div class=\"sxc-reason-why-item__b2b-wp last\">\n                <div class=\"sxc-reason-why-item__b2b-wp__b2b\">\n\t\t\t\t\t                        <div class=\"sxc-reason-why__cta\">\n                            <a href=\"https:\/\/corporate-signup.sixt.com\/?lang=fr&amp;country_code=fr\"\n                               class=\"sxc-cta sxc-cta--dark\">\n\t\t\t\t\t\t\t\tEXPLOREZ                            <\/a>\n                        <\/div>\n\t\t\t\t\t                <\/div>\n            <\/div>\n            <div class=\"sxc-reason-why-item__b2c-wp last\">\n                <div class=\"sxc-reason-why-item__b2c-wp__b2c\"><\/div>\n            <\/div>\n        <\/div>\n    <\/div>\n<\/div>\n<div class=\"sxc-hdiw-scroller-wrapper wbq_add_params_on_clickout\">\n    <div class=\"sxc-hdiw-scroller\">\n        <div class=\"sxc-hdiw-scroller__text-wp\">\n            <div class=\"sxc-hdiw-scroller__text\">\n\t\t\t\t<h2 class=\"sxc-hdiw-scroller__text__title\">LOUEZ VOTRE V\u00c9HICULE EN QUELQUES \u00c9TAPES<\/h2>                <div class=\"sxc-hdiw-scroller__text__overview\">Commencez par vous inscrire gratuitement en ligne pour acc\u00e9der aux avantages d\u2018une voiture de soci\u00e9t\u00e9 de SIXT. Vous recevrez une offre personnalis\u00e9e et des tarifs qui correspondent parfaitement \u00e0 vos besoins et \u00e0 ceux de votre entreprise. C\u2019est aussi simple que cela !<\/div>\n            <\/div>\n        <\/div>\n        <ol class=\"sxc-hdiw-scroller__inner\">\n\t\t\t\n<li class=\"sxc-hdiw-scroller-item-list-item show-on-scroll\">\n    <div class=\"sxc-hdiw-scroller-item\">\n\t\t<h3 class=\"sxc-hdiw-scroller-item__headline\">Indiquez vos besoins<\/h3>        <div class=\"sxc-hdiw-scroller-item__overview\">Quel type de v\u00e9hicule recherchez-vous, et pour combien de temps ? Trouvez le v\u00e9hicule id\u00e9al en quelques secondes, sans frais suppl\u00e9mentaires.<\/div>\n        <div class=\"sxc-hdiw-scroller-item__icon\">\n\t\t\t                <img src=\"https:\/\/corporate.sixt.com\/fr-fr\/wp-content\/uploads\/sites\/8\/2021\/10\/sixt.com-pourquoi-louer-un-vehicule-chez-sixt-mask-group-1.svg\" alt=\"Indiquez vos besoins\">\n\t\t\t        <\/div>\n        <img class=\"sxc-hdiw-scroller-item__arrow\" src=\"\/wp-content\/themes\/sixt\/images\/arrow-down-black.svg\" width=\"14\"\n             height=\"8\" alt=\"\">\n    <\/div>\n<\/li>\n<li class=\"sxc-hdiw-scroller-item-list-item show-on-scroll\">\n    <div class=\"sxc-hdiw-scroller-item\">\n\t\t<h3 class=\"sxc-hdiw-scroller-item__headline\"> Une offre personnalis\u00e9e<\/h3>        <div class=\"sxc-hdiw-scroller-item__overview\">Obtenez imm\u00e9diatement vos conditions de location et votre tarif, ou adressez-vous \u00e0 un conseiller pour obtenir des informations sur vos options - l\u2018un des nombreux avantages d\u2019une voiture de soci\u00e9t\u00e9 de SIXT !<\/div>\n        <div class=\"sxc-hdiw-scroller-item__icon\">\n\t\t\t                <img src=\"https:\/\/corporate.sixt.com\/fr-fr\/wp-content\/uploads\/sites\/8\/2021\/10\/sixt.com-pourquoi-louer-un-vehicule-chez-sixt-mask-group-1-1.svg\" alt=\" Une offre personnalis\u00e9e\">\n\t\t\t        <\/div>\n        <img class=\"sxc-hdiw-scroller-item__arrow\" src=\"\/wp-content\/themes\/sixt\/images\/arrow-down-black.svg\" width=\"14\"\n             height=\"8\" alt=\"\">\n    <\/div>\n<\/li>\n<li class=\"sxc-hdiw-scroller-item-list-item show-on-scroll\">\n    <div class=\"sxc-hdiw-scroller-item\">\n\t\t<h3 class=\"sxc-hdiw-scroller-item__headline\">Connectez-vous et faites votre r\u00e9servation<\/h3>        <div class=\"sxc-hdiw-scroller-item__overview\">Utilisez votre compte SIXT Business pour faire un suivi de vos locations, r\u00e9server le v\u00e9hicule souhait\u00e9 via le site ou l\u2019appli, ou explorer notre flotte. Vous pouvez \u00e9galement r\u00e9cup\u00e9rer votre v\u00e9hicule sans paperasse suppl\u00e9mentaire.<\/div>\n        <div class=\"sxc-hdiw-scroller-item__icon\">\n\t\t\t                <img src=\"https:\/\/corporate.sixt.com\/fr-fr\/wp-content\/uploads\/sites\/8\/2021\/10\/sixt.com-pourquoi-louer-un-vehicule-chez-sixt-mask-group-key.svg\" alt=\"Connectez-vous et faites votre r\u00e9servation\">\n\t\t\t        <\/div>\n        <img class=\"sxc-hdiw-scroller-item__arrow\" src=\"\/wp-content\/themes\/sixt\/images\/arrow-down-black.svg\" width=\"14\"\n             height=\"8\" alt=\"\">\n    <\/div>\n<\/li>\n        <\/ol>\n        <div class=\"sxc-hdiw-scroller__bottom-link show-on-scroll\">\n            <img class=\"sxc-hdiw-scroller__bottom-link__icon\"\n                 src=\"\/wp-content\/themes\/sixt\/images\/check-mark-black.svg\"\n                 alt=\"\" width=\"29\" height=\"23\">\n\t\t\t<div class=\"sxc-hdiw-scroller__bottom-link__text\">Inscrivez-vous sans engagement<\/div>            <div class=\"sxc-hdiw-scroller__cta\">\n                <a href=\"https:\/\/corporate-signup.sixt.com\/?lang=fr&amp;country_code=fr\"\n                   class=\"sxc-cta sxc-cta--dark\">\n\t\t\t\t\tInscrivez-vous ici !                <\/a>\n            <\/div>\n        <\/div>\n    <\/div>\n<\/div>\n<script>\n  window.addEventListener('load', () => {\n    new SxcHdiwScroller(\".sxc-hdiw-scroller\");\n  });\n<\/script>\n","protected":false},"excerpt":{"rendered":"","protected":false},"author":48,"featured_media":0,"parent":0,"menu_order":0,"comment_status":"closed","ping_status":"closed","template":"","meta":[],"categories":[],"tags":[],"yst_prominent_words":[],"_links":{"self":[{"href":"https:\/\/corporate.sixt.com\/fr-fr\/wp-json\/wp\/v2\/pages\/6780"}],"collection":[{"href":"https:\/\/corporate.sixt.com\/fr-fr\/wp-json\/wp\/v2\/pages"}],"about":[{"href":"https:\/\/corporate.sixt.com\/fr-fr\/wp-json\/wp\/v2\/types\/page"}],"author":[{"embeddable":true,"href":"https:\/\/corporate.sixt.com\/fr-fr\/wp-json\/wp\/v2\/users\/48"}],"replies":[{"embeddable":true,"href":"https:\/\/corporate.sixt.com\/fr-fr\/wp-json\/wp\/v2\/comments?post=6780"}],"version-history":[{"count":0,"href":"https:\/\/corporate.sixt.com\/fr-fr\/wp-json\/wp\/v2\/pages\/6780\/revisions"}],"wp:attachment":[{"href":"https:\/\/corporate.sixt.com\/fr-fr\/wp-json\/wp\/v2\/media?parent=6780"}],"wp:term":[{"taxonomy":"category","embeddable":true,"href":"https:\/\/corporate.sixt.com\/fr-fr\/wp-json\/wp\/v2\/categories?post=6780"},{"taxonomy":"post_tag","embeddable":true,"href":"https:\/\/corporate.sixt.com\/fr-fr\/wp-json\/wp\/v2\/tags?post=6780"},{"taxonomy":"yst_prominent_words","embeddable":true,"href":"https:\/\/corporate.sixt.com\/fr-fr\/wp-json\/wp\/v2\/yst_prominent_words?post=6780"}],"curies":[{"name":"wp","href":"https:\/\/api.w.org\/{rel}","templated":true}]}}