{"id":3727,"date":"2025-07-24T16:35:12","date_gmt":"2025-07-24T14:35:12","guid":{"rendered":"https:\/\/sixtcorpstage.wpengine.com\/es-es\/?page_id=3727"},"modified":"2025-07-24T16:35:12","modified_gmt":"2025-07-24T14:35:12","slug":"sixt-leasing","status":"publish","type":"page","link":"https:\/\/corporate.sixt.com\/es-es\/sixt-leasing\/","title":{"rendered":"SEA_SIXT-leasing"},"content":{"rendered":"<div class=\"sxc-hero\">\n    <img class=\"sxc-hero__image\" src=\"https:\/\/corporate.sixt.com\/es-es\/wp-content\/uploads\/sites\/9\/2023\/06\/sixt.com-sixt-sixt-plus-header.jpg\"\n         alt=\"\u00bfBuscas un coche de leasing? Descubre nuestra alternativa: SIXT+\">\n    <div class=\"sxc-hero__inner\">\n\t\t<h1 class=\"sxc-hero__inner__headline\">\u00bfBuscas un coche de leasing? Descubre nuestra alternativa: SIXT+<\/h1>        <div class=\"sxc-hero__inner__overview\">El leasing ofrece cuotas mensuales m\u00e1s bajas que la compra, pero a menudo conlleva costes adicionales y contratos a largo plazo. SIXT+ es la opci\u00f3n m\u00e1s inteligente para empresas \u00e1giles: coches premium disponibles al instante, condiciones flexibles y precio todo incluido.<br \/>\nPerfecto para cubrir necesidades temporales de flota, probar veh\u00edculos el\u00e9ctricos o sustituir el leasing tradicional.<br \/>\nDesde startups hasta grandes corporaciones: tenemos tu movilidad cubierta.<br \/>\n<\/div>\n    <\/div>\n\t        <div class=\"sxc-hero__cta\">\n            <a href=\"https:\/\/corporate-signup.sixt.com\/?lang=es&amp;country_code=es&amp;product_type=sixt_plus\"\n               class=\"sxc-cta\">\n\t\t\t\tDetalles de la oferta             <\/a>\n        <\/div>\n\t<\/div>\n<div  class='hr av-9k5hb2-2ccacd174d3fb9607a198208e0ea02a9 hr-default  avia-builder-el-1  el_after_sxc_hero  el_before_av_buttonrow  avia-builder-el-first  '><span class='hr-inner '><span class=\"hr-inner-style\"><\/span><\/span><\/div>\n<div  class='avia-buttonrow-wrap av-mamirk5k-cbf85c74b0f9e4c59dd169a5eb564d07 avia-buttonrow-center  avia-builder-el-2  el_after_av_hr  el_before_av_hr  '>\n\n<style type=\"text\/css\" id=\"style-css-av-mamiraf9-61812c384e051ccf3967fdf75130cfd3\">\n#top .avia-button.av-mamiraf9-61812c384e051ccf3967fdf75130cfd3{\nbackground-color:#ff5f00;\nborder-color:#ff5f00;\ncolor:#ffffff;\nborder-style:none;\ntransition:all 0.4s ease-in-out;\n-webkit-transition:all 0.4s ease-in-out;\n-moz-transition:all 0.4s ease-in-out;\n-ms-transition:all 0.4s ease-in-out;\n-o-transition:all 0.4s ease-in-out;\nmargin-bottom:5px;\nmargin-right:3px;\nmargin-left:3px;\n}\n#top .avia-button.av-mamiraf9-61812c384e051ccf3967fdf75130cfd3:hover{\nbackground-color:#ff5f00;\ncolor:#ffffff;\ntransition:all 0.4s ease-in-out;\n-webkit-transition:all 0.4s ease-in-out;\n-moz-transition:all 0.4s ease-in-out;\n-ms-transition:all 0.4s ease-in-out;\n-o-transition:all 0.4s ease-in-out;\n}\n<\/style>\n<a href='https:\/\/corporate-signup.sixt.com\/?lang=es&amp;country_code=es&amp;product_type=sixt_plus'  class='avia-button av-mamiraf9-61812c384e051ccf3967fdf75130cfd3 avia-icon_select-no avia-size-small'  ><span class='avia_iconbox_title' >Reg\u00edstrese ahora como cliente corporativo<\/span><\/a>\n\n<style type=\"text\/css\" id=\"style-css-av-mamirgtd-2b0bdaec88f73aa682c65bfe553f5a13\">\n#top .avia-button.av-mamirgtd-2b0bdaec88f73aa682c65bfe553f5a13{\nbackground-color:#939393;\nborder-color:#939393;\ncolor:#ffffff;\nborder-style:none;\ntransition:all 0.4s ease-in-out;\n-webkit-transition:all 0.4s ease-in-out;\n-moz-transition:all 0.4s ease-in-out;\n-ms-transition:all 0.4s ease-in-out;\n-o-transition:all 0.4s ease-in-out;\nmargin-bottom:5px;\nmargin-right:3px;\nmargin-left:3px;\n}\n#top .avia-button.av-mamirgtd-2b0bdaec88f73aa682c65bfe553f5a13:hover{\nbackground-color:#939393;\ncolor:#ffffff;\ntransition:all 0.4s ease-in-out;\n-webkit-transition:all 0.4s ease-in-out;\n-moz-transition:all 0.4s ease-in-out;\n-ms-transition:all 0.4s ease-in-out;\n-o-transition:all 0.4s ease-in-out;\n}\n<\/style>\n<a href='https:\/\/www.sixt.es\/plus\/'  class='avia-button av-mamirgtd-2b0bdaec88f73aa682c65bfe553f5a13 avia-icon_select-no avia-size-small'  ><span class='avia_iconbox_title' >Para clientes privados<\/span><\/a>\n<\/div>\n<div  class='hr av-6zr07y-d62f13a7d87c8d4ec69842e918ee5292 hr-default  avia-builder-el-3  el_after_av_buttonrow  el_before_av_textblock  '><span class='hr-inner '><span class=\"hr-inner-style\"><\/span><\/span><\/div>\n<section class=\"av_textblock_section \"  itemscope=\"itemscope\" itemtype=\"https:\/\/schema.org\/CreativeWork\" ><div class='avia_textblock  '   itemprop=\"text\" ><h3><strong>\u00bfCu\u00e1les son las ventajas de una suscripci\u00f3n de coche frente al leasing?<\/strong><\/h3>\n<p>Las principales ventajas de una suscripci\u00f3n de coche frente al leasing tradicional son su\u00a0flexibilidad\u00a0y su\u00a0alta previsibilidad de costes. Adem\u00e1s, cancelar una suscripci\u00f3n es muy sencillo:\u00a0simplemente devuelve el veh\u00edculo en una estaci\u00f3n SIXT \u2013 \u00a1y listo!<br \/>\nEn cambio, el leasing suele incluir una cuota final que debe tenerse en cuenta en el c\u00e1lculo mensual. Tambi\u00e9n pueden aplicarse costes adicionales por da\u00f1os que excedan el uso normal al devolver el coche.<\/p>\n<p>Consulta nuestra tabla comparativa para ver todos los servicios incluidos en una suscripci\u00f3n de coche frente al leasing.<\/p>\n<\/div><\/section>\n<div  class='avia-table av-1qsfgrj-8135d3559b3a1f30d0478fadeb326797 main_color avia-pricing-table-container avia_pricing_default  avia-builder-el-5  el_after_av_textblock  el_before_av_hr  avia-table-1 '  itemscope=\"itemscope\" itemtype=\"https:\/\/schema.org\/Table\" ><div class=\"pricing-table-wrap\"><ul class='pricing-table '><li class='avia-heading-row'><div class='first-table-item'>&#8211;<\/div><span class='pricing-extra'><\/span><\/li><li class=''>Precio mensual fijo<\/li><li class=''>Disponible de inmediato<\/li><li class=''>Duraci\u00f3n m\u00ednima de 30 d\u00edas<\/li><li class=''>Modelo flexible<\/li><li class=''>Cancelaci\u00f3n mensual<\/li><li class=''>Pausa posible<\/li><li class=''>Matriculaci\u00f3n y entrega<\/li><li class=''>Mantenimiento incluido<\/li><\/ul><\/div><div class=\"pricing-table-wrap\"><ul class='pricing-table '><li class='avia-heading-row'><div class='first-table-item'>SXIT + car subscription<\/div><span class='pricing-extra'><\/span><\/li><li class=''>\u2714<\/li><li class=''>\u2714<\/li><li class=''>\u2714<\/li><li class=''>\u2714<\/li><li class=''>\u2714<\/li><li class=''>\u2714<\/li><li class=''>\u2714<\/li><li class=''>\u2714<\/li><\/ul><\/div><div class=\"pricing-table-wrap\"><ul class='pricing-table '><li class='avia-heading-row'><div class='first-table-item'>Leasing<\/div><span class='pricing-extra'><\/span><\/li><li class=''>\u2714<\/li><li class=''>X<\/li><li class=''>X<\/li><li class=''>X<\/li><li class=''>X<\/li><li class=''>X<\/li><li class=''>\u20ac\u20ac\u20ac<\/li><li class=''>\u20ac\u20ac\u20ac<\/li><\/ul><\/div><\/div>\n<div  class='hr av-oupku-695a95681c081e18f3737afc4e582c0e hr-default  avia-builder-el-6  el_after_av_table  el_before_av_buttonrow  '><span class='hr-inner '><span class=\"hr-inner-style\"><\/span><\/span><\/div>\n<div  class='avia-buttonrow-wrap av-mamjx4ao-cecdc3d7e91761ea142c7af23b7ab73d avia-buttonrow-center  avia-builder-el-7  el_after_av_hr  el_before_av_hr  '>\n\n<style type=\"text\/css\" id=\"style-css-av-6legji-205fef52a7f71fdbd4b83e656d5a971f\">\n#top .avia-button.av-6legji-205fef52a7f71fdbd4b83e656d5a971f{\nbackground-color:#ff5f00;\nborder-color:#ff5f00;\ncolor:#ffffff;\nborder-style:none;\ntransition:all 0.4s ease-in-out;\n-webkit-transition:all 0.4s ease-in-out;\n-moz-transition:all 0.4s ease-in-out;\n-ms-transition:all 0.4s ease-in-out;\n-o-transition:all 0.4s ease-in-out;\nmargin-bottom:5px;\nmargin-right:3px;\nmargin-left:3px;\n}\n#top .avia-button.av-6legji-205fef52a7f71fdbd4b83e656d5a971f:hover{\nbackground-color:#ff5f00;\ncolor:#ffffff;\ntransition:all 0.4s ease-in-out;\n-webkit-transition:all 0.4s ease-in-out;\n-moz-transition:all 0.4s ease-in-out;\n-ms-transition:all 0.4s ease-in-out;\n-o-transition:all 0.4s ease-in-out;\n}\n<\/style>\n<a href='https:\/\/corporate-signup.sixt.com\/?lang=es&amp;country_code=es&amp;product_type=sixt_plus'  class='avia-button av-6legji-205fef52a7f71fdbd4b83e656d5a971f avia-icon_select-no avia-size-small'  ><span class='avia_iconbox_title' >Reg\u00edstrese ahora como cliente corporativo<\/span><\/a>\n\n<style type=\"text\/css\" id=\"style-css-av-4q9eni-6bb87dfe7eebe4a116718978bac40d86\">\n#top .avia-button.av-4q9eni-6bb87dfe7eebe4a116718978bac40d86{\nbackground-color:#939393;\nborder-color:#939393;\ncolor:#ffffff;\nborder-style:none;\ntransition:all 0.4s ease-in-out;\n-webkit-transition:all 0.4s ease-in-out;\n-moz-transition:all 0.4s ease-in-out;\n-ms-transition:all 0.4s ease-in-out;\n-o-transition:all 0.4s ease-in-out;\nmargin-bottom:5px;\nmargin-right:3px;\nmargin-left:3px;\n}\n#top .avia-button.av-4q9eni-6bb87dfe7eebe4a116718978bac40d86:hover{\nbackground-color:#939393;\ncolor:#ffffff;\ntransition:all 0.4s ease-in-out;\n-webkit-transition:all 0.4s ease-in-out;\n-moz-transition:all 0.4s ease-in-out;\n-ms-transition:all 0.4s ease-in-out;\n-o-transition:all 0.4s ease-in-out;\n}\n<\/style>\n<a href='https:\/\/www.sixt.es\/plus\/'  class='avia-button av-4q9eni-6bb87dfe7eebe4a116718978bac40d86 avia-icon_select-no avia-size-small'  ><span class='avia_iconbox_title' >Para clientes privados<\/span><\/a>\n<\/div>\n<div  class='hr av-368372-46073fb13c330d502e171045b8da4b6d hr-default  avia-builder-el-8  el_after_av_buttonrow  el_before_sxc_advantages  avia-builder-el-last  '><span class='hr-inner '><span class=\"hr-inner-style\"><\/span><\/span><\/div>\n    <div class=\"sxc-advantages sxc-advantages--light sxc-advantages--layout-four sxc-advantages--headline-default\">\n\t\t\t\t<h2 class=\"sxc-advantages__headline\">Ventajas para los responsables de la toma de decisiones<\/h2>\t\t            <div class=\"sxc-advantages__tabs\">\n\t\t\t\t                    <div class=\"sxc-advantages__tabs__tab sxc-cta\">RESPONSABLE<\/div>\n\t\t\t\t                    <div class=\"sxc-advantages__tabs__tab sxc-cta\">CONDUCTOR<\/div>\n\t\t\t\t            <\/div>\n\t\t        <div class=\"sxc-advantages__inner\">\n    <div class=\"sxc-advantages-item hidden\" data-tab=\"1\">\n\t\t\t\t\t<h3 class=\"sxc-advantages-item__headline\">M\u00e1xima flexibilidad<\/h3>\t\t\t\t            <div class=\"sxc-advantages-item__list\">\n                <div class=\"sxc-advantages-item__list__toggler\">Mehr Infos<\/div>\n                <div class=\"sxc-advantages-item__list__inner\">\n\t\t\t\t\t                        <div class=\"sxc-advantages-item__list__inner__element\">A partir de un mes<\/div>\n\t\t\t\t\t                        <div class=\"sxc-advantages-item__list__inner__element\">Cancelaci\u00f3n mensual posible<\/div>\n\t\t\t\t\t                        <div class=\"sxc-advantages-item__list__inner__element\">Sin esperas: recogida ultrarr\u00e1pida<\/div>\n\t\t\t\t\t                <\/div>\n            <\/div>\n\t\t\t\t\t\t    <\/div>\n\n    <div class=\"sxc-advantages-item hidden\" data-tab=\"1\">\n\t\t\t\t\t<h3 class=\"sxc-advantages-item__headline\">Control total de los costes<\/h3>\t\t\t\t            <div class=\"sxc-advantages-item__list\">\n                <div class=\"sxc-advantages-item__list__toggler\">Mehr Infos<\/div>\n                <div class=\"sxc-advantages-item__list__inner\">\n\t\t\t\t\t                        <div class=\"sxc-advantages-item__list__inner__element\">Baja inversi\u00f3n de capital<\/div>\n\t\t\t\t\t                        <div class=\"sxc-advantages-item__list__inner__element\">Tarifa fija que permite una planificaci\u00f3n financiera s\u00f3lida<\/div>\n\t\t\t\t\t                        <div class=\"sxc-advantages-item__list__inner__element\">Ajustes posibles cada mes<\/div>\n\t\t\t\t\t                <\/div>\n            <\/div>\n\t\t\t\t\t\t    <\/div>\n\n    <div class=\"sxc-advantages-item hidden\" data-tab=\"1\">\n\t\t\t\t\t<h3 class=\"sxc-advantages-item__headline\">Empleados satisfechos<\/h3>\t\t\t\t            <div class=\"sxc-advantages-item__list\">\n                <div class=\"sxc-advantages-item__list__toggler\">Mehr Infos<\/div>\n                <div class=\"sxc-advantages-item__list__inner\">\n\t\t\t\t\t                        <div class=\"sxc-advantages-item__list__inner__element\">Procesos y gesti\u00f3n sencillos<\/div>\n\t\t\t\t\t                        <div class=\"sxc-advantages-item__list__inner__element\">Flexibilizaci\u00f3n de las pol\u00edticas de veh\u00edculos de empresa<\/div>\n\t\t\t\t\t                        <div class=\"sxc-advantages-item__list__inner__element\">Veh\u00edculos que no afectan a los estados financieros, incluso seg\u00fan las normas contables US-GAAP<\/div>\n\t\t\t\t\t                <\/div>\n            <\/div>\n\t\t\t\t\t\t    <\/div>\n\n    <div class=\"sxc-advantages-item hidden\" data-tab=\"1\">\n\t\t\t\t\t<h3 class=\"sxc-advantages-item__headline\">Esfuerzo m\u00ednimo<\/h3>\t\t\t\t            <div class=\"sxc-advantages-item__list\">\n                <div class=\"sxc-advantages-item__list__toggler\">Mehr Infos<\/div>\n                <div class=\"sxc-advantages-item__list__inner\">\n\t\t\t\t\t                        <div class=\"sxc-advantages-item__list__inner__element\">Menos negociaciones con fabricantes, empresas de leasing o aseguradoras<\/div>\n\t\t\t\t\t                        <div class=\"sxc-advantages-item__list__inner__element\">Contrato sencillo<\/div>\n\t\t\t\t\t                        <div class=\"sxc-advantages-item__list__inner__element\">Tareas administrativas f\u00e1ciles gracias a la cuenta profesional de SIXT<\/div>\n\t\t\t\t\t                        <div class=\"sxc-advantages-item__list__inner__element\">Una \u00fanica factura global<\/div>\n\t\t\t\t\t                <\/div>\n            <\/div>\n\t\t\t\t\t\t    <\/div>\n\n    <div class=\"sxc-advantages-item hidden\" data-tab=\"2\">\n\t\t\t\t\t<h3 class=\"sxc-advantages-item__headline\">M\u00e1xima adaptaci\u00f3n<\/h3>\t\t\t\t            <div class=\"sxc-advantages-item__list\">\n                <div class=\"sxc-advantages-item__list__toggler\">Mehr Infos<\/div>\n                <div class=\"sxc-advantages-item__list__inner\">\n\t\t\t\t\t                        <div class=\"sxc-advantages-item__list__inner__element\">Una suscripci\u00f3n que se adapta a tus necesidades<\/div>\n\t\t\t\t\t                        <div class=\"sxc-advantages-item__list__inner__element\">Cambio de modelo en un plazo de un mes<\/div>\n\t\t\t\t\t                        <div class=\"sxc-advantages-item__list__inner__element\">Comienza de inmediato sin largas esperas<\/div>\n\t\t\t\t\t                <\/div>\n            <\/div>\n\t\t\t\t\t\t    <\/div>\n\n    <div class=\"sxc-advantages-item hidden\" data-tab=\"2\">\n\t\t\t\t\t<h3 class=\"sxc-advantages-item__headline\">Coste basado en tus necesidades<\/h3>\t\t\t\t            <div class=\"sxc-advantages-item__list\">\n                <div class=\"sxc-advantages-item__list__toggler\">Mehr Infos<\/div>\n                <div class=\"sxc-advantages-item__list__inner\">\n\t\t\t\t\t                        <div class=\"sxc-advantages-item__list__inner__element\">Sin compromisos largos con un modelo espec\u00edfico<\/div>\n\t\t\t\t\t                        <div class=\"sxc-advantages-item__list__inner__element\">La base impositiva puede ajustarse seg\u00fan la clase del veh\u00edculo<\/div>\n\t\t\t\t\t                        <div class=\"sxc-advantages-item__list__inner__element\">Cancela en un mes y elimina tus costes<\/div>\n\t\t\t\t\t                <\/div>\n            <\/div>\n\t\t\t\t\t\t    <\/div>\n\n    <div class=\"sxc-advantages-item hidden\" data-tab=\"2\">\n\t\t\t\t\t<h3 class=\"sxc-advantages-item__headline\">Esfuerzo m\u00ednimo<\/h3>\t\t\t\t            <div class=\"sxc-advantages-item__list\">\n                <div class=\"sxc-advantages-item__list__toggler\">Mehr Infos<\/div>\n                <div class=\"sxc-advantages-item__list__inner\">\n\t\t\t\t\t                        <div class=\"sxc-advantages-item__list__inner__element\">Sin tr\u00e1mites administrativos con autoridades o aseguradoras<\/div>\n\t\t\t\t\t                        <div class=\"sxc-advantages-item__list__inner__element\">Sin mantenimiento (cambio de neum\u00e1ticos, revisiones)<\/div>\n\t\t\t\t\t                        <div class=\"sxc-advantages-item__list__inner__element\">Opci\u00f3n de garant\u00eda de movilidad para cambio en caso de aver\u00eda<\/div>\n\t\t\t\t\t                <\/div>\n            <\/div>\n\t\t\t\t\t\t    <\/div>\n\n    <div class=\"sxc-advantages-item hidden\" data-tab=\"2\">\n\t\t\t\t\t<h3 class=\"sxc-advantages-item__headline\">Mejor experiencia de conducci\u00f3n<\/h3>\t\t\t\t            <div class=\"sxc-advantages-item__list\">\n                <div class=\"sxc-advantages-item__list__toggler\">Mehr Infos<\/div>\n                <div class=\"sxc-advantages-item__list__inner\">\n\t\t\t\t\t                        <div class=\"sxc-advantages-item__list__inner__element\">Coche nuevo premium tras un m\u00e1ximo de 6 meses<\/div>\n\t\t\t\t\t                        <div class=\"sxc-advantages-item__list__inner__element\">Normas de seguridad y tecnolog\u00eda siempre actualizadas<\/div>\n\t\t\t\t\t                        <div class=\"sxc-advantages-item__list__inner__element\">Elige entre una gran variedad de modelos<\/div>\n\t\t\t\t\t                <\/div>\n            <\/div>\n\t\t\t\t\t\t    <\/div>\n\n<\/div>\n    <\/div>\n    <script>\n      window.addEventListener('load', () => {\n        new SxcAdvantages(\".sxc-advantages__tabs__tab\", \".sxc-advantages-item\",\n            \".sxc-advantages-item__list__toggler\", \".sxc-advantages-item__list__inner\");\n      });\n    <\/script>\n\n<div class=\"sxc-next-steps\">\n\t<div class=\"sxc-next-steps__headline\">EL VEH\u00cdCULO IDEAL INMEDIATAMENTE DISPONIBLE<\/div>    <div class=\"sxc-next-steps__inner\">\n\t\t\n<div class=\"sxc-next-steps-item\">\n    <div class=\"sxc-next-steps-item__icon\"><img src=\"https:\/\/corporate.sixt.com\/es-es\/wp-content\/uploads\/sites\/9\/2021\/09\/sixt.com-alquiler-de-coches-para-empresas-online-anmelden.svg\" alt=\"\"><\/div>\n\t<div class=\"sxc-next-steps-item__headline\">REGISTRO EN L\u00cdNEA <\/div>    <div class=\"sxc-next-steps-item__overview\">Reg\u00edstrate en el sitio web o a trav\u00e9s de la aplicaci\u00f3n de manera f\u00e1cil y r\u00e1pida: introduce los datos en el formulario en l\u00ednea y especifica las necesidades individuales.<\/div>\n<\/div>\n<div class=\"sxc-next-steps-item\">\n    <div class=\"sxc-next-steps-item__icon\"><img src=\"https:\/\/corporate.sixt.com\/es-es\/wp-content\/uploads\/sites\/9\/2021\/09\/sixt.com-alquiler-de-coches-para-empresas-ratenbestatigen.svg\" alt=\"\"><\/div>\n\t<div class=\"sxc-next-steps-item__headline\">OFERTA RECIBIDA <\/div>    <div class=\"sxc-next-steps-item__overview\">Despu\u00e9s de registrarte, recibir\u00e1s una oferta personalizada.\u202fSi tienes m\u00e1s preguntas, nuestros expertos se comunicar\u00e1n contigo por tel\u00e9fono para hacerse cargo de tus necesidades. <\/div>\n<\/div>\n<div class=\"sxc-next-steps-item\">\n    <div class=\"sxc-next-steps-item__icon\"><img src=\"https:\/\/corporate.sixt.com\/es-es\/wp-content\/uploads\/sites\/9\/2021\/09\/sixt.com-alquiler-de-coches-para-empresas-businessprofilanlegen.svg\" alt=\"\"><\/div>\n\t<div class=\"sxc-next-steps-item__headline\">CREAR PERFIL DE EMPRESA <\/div>    <div class=\"sxc-next-steps-item__overview\">Crea un perfil de conductor utilizando nuestro enlace de registro.\u202fCon tu cuenta SIXT Business, administra tu suscripci\u00f3n de la forma que m\u00e1s te convenga a trav\u00e9s de la web y la aplicaci\u00f3n. <\/div>\n<\/div>\n<div class=\"sxc-next-steps-item\">\n    <div class=\"sxc-next-steps-item__icon\"><img src=\"https:\/\/corporate.sixt.com\/es-es\/wp-content\/uploads\/sites\/9\/2021\/09\/sixt.com-alquiler-de-coches-para-empresas-autoabholen.svg\" alt=\"\"><\/div>\n\t<div class=\"sxc-next-steps-item__headline\">RECOGER Y EMPEZAR EL VIAJE <\/div>    <div class=\"sxc-next-steps-item__overview\">Sin largos tiempos de espera: tu suscripci\u00f3n est\u00e1 disponible de inmediato.\u202f\u00a1Corre a la sucursal, recoge tu veh\u00edculo y empieza a viajar! <\/div>\n<\/div>\n    <\/div>\n    <div class=\"sxc-next-steps__cta\">\n        <a href=\"https:\/\/corporate-signup.sixt.com\/?lang=es&amp;country_code=es&amp;product_type=sixt_plus\"\n           class=\"sxc-cta\">\n\t\t\tSolicitar presupuesto        <\/a>\n    <\/div>\n<\/div>\n<div class=\"sxc-seo-links\">\n    <div class=\"sxc-seo-links__text\">\n\t\t<div class=\"sxc-seo-links__text__title\">M\u00e1s informaci\u00f3n aqu\u00ed: <\/div>        <div class=\"sxc-seo-links__text__overview\">Otros clientes de SIXT han encontrado estos temas interesantes. Obt\u00e9n m\u00e1s informaci\u00f3n sobre las opciones de movilidad y optimizaci\u00f3n de la flota junto con SIXT. <\/div>\n    <\/div>\n    <div class=\"sxc-seo-links__inner\">\n\t\t\n<div class=\"sxc-seo-link\">\n    <div class=\"sxc-seo-link__icon\">\n\t\t            <img src=\"https:\/\/corporate.sixt.com\/es-es\/wp-content\/uploads\/sites\/9\/2017\/05\/sixt.com-sixt-cards-hero.jpg\" alt=\"SIXT para empresas ventajas\">\n\t\t    <\/div>\n    <div class=\"sxc-seo-link__body\">\n\t\t<div class=\"sxc-seo-link__body__headline\">SIXT para empresas ventajas<\/div>        <a class=\"sxc-link\"\n           href=\"https:\/\/corporate.sixt.com\/es-es\/sixt-para-empresas-ventajas\/\">Lee m\u00e1s<\/a>\n    <\/div>\n<\/div>\n\n<div class=\"sxc-seo-link\">\n    <div class=\"sxc-seo-link__icon\">\n\t\t            <img src=\"https:\/\/corporate.sixt.com\/es-es\/wp-content\/uploads\/sites\/9\/2020\/03\/sixt.com-contacto-preguntas-frecuentes.jpg\" alt=\"Long term classic para empresas\">\n\t\t    <\/div>\n    <div class=\"sxc-seo-link__body\">\n\t\t<div class=\"sxc-seo-link__body__headline\">Long term classic para empresas<\/div>        <a class=\"sxc-link\"\n           href=\"https:\/\/corporate.sixt.com\/es-es\/long-term-classic-para-empresas\/\">Lee m\u00e1s<\/a>\n    <\/div>\n<\/div>\n\n<div class=\"sxc-seo-link\">\n    <div class=\"sxc-seo-link__icon\">\n\t\t            <img src=\"https:\/\/corporate.sixt.com\/es-es\/wp-content\/uploads\/sites\/9\/2017\/04\/sixt.com-unlimited-349159507288821.jpeg\" alt=\"Furgonetas para empresas\">\n\t\t    <\/div>\n    <div class=\"sxc-seo-link__body\">\n\t\t<div class=\"sxc-seo-link__body__headline\">Furgonetas para empresas<\/div>        <a class=\"sxc-link\"\n           href=\"https:\/\/corporate.sixt.com\/es-es\/furgonetas-para-empresas\/\">Lee m\u00e1s<\/a>\n    <\/div>\n<\/div>\n\n<div class=\"sxc-seo-link\">\n    <div class=\"sxc-seo-link__icon\">\n\t\t            <img src=\"https:\/\/corporate.sixt.com\/es-es\/wp-content\/uploads\/sites\/9\/2023\/02\/sixt.com-alquiler-de-camiones-pequenos-truck-fleet.jpeg\" alt=\"Furgonetas para empresas largo plazo\">\n\t\t    <\/div>\n    <div class=\"sxc-seo-link__body\">\n\t\t<div class=\"sxc-seo-link__body__headline\">Furgonetas para empresas largo plazo<\/div>        <a class=\"sxc-link\"\n           href=\"https:\/\/corporate.sixt.com\/es-es\/furgonetas-para-empresas-largo-plazo\/\">Lee m\u00e1s<\/a>\n    <\/div>\n<\/div>\n\n<div class=\"sxc-seo-link\">\n    <div class=\"sxc-seo-link__icon\">\n\t\t            <img src=\"https:\/\/corporate.sixt.com\/es-es\/wp-content\/uploads\/sites\/9\/2023\/06\/sixt.com-alquiler-de-coches-para-empresas-bmw-3er-front-wf02-lay-online-only.jpg\" alt=\"Comprar o alquilar\">\n\t\t    <\/div>\n    <div class=\"sxc-seo-link__body\">\n\t\t<div class=\"sxc-seo-link__body__headline\">Comprar o alquilar<\/div>        <a class=\"sxc-link\"\n           href=\"https:\/\/corporate.sixt.com\/es-es\/comprar-o-alquilar\/\">Lee m\u00e1s<\/a>\n    <\/div>\n<\/div>\n\n<div class=\"sxc-seo-link\">\n    <div class=\"sxc-seo-link__icon\">\n\t\t            <img src=\"https:\/\/corporate.sixt.com\/es-es\/wp-content\/uploads\/sites\/9\/2022\/08\/sixt.com-alquiler-de-coches-para-empresas-sixt-plus-leasing-alternative.jpeg\" alt=\"Alquiler de coches viajes de negocios\">\n\t\t    <\/div>\n    <div class=\"sxc-seo-link__body\">\n\t\t<div class=\"sxc-seo-link__body__headline\">Alquiler de coches viajes de negocios<\/div>        <a class=\"sxc-link\"\n           href=\"https:\/\/corporate.sixt.com\/es-es\/alquiler-de-coches-viajes-de-negocios\/\">Lee m\u00e1s<\/a>\n    <\/div>\n<\/div>\n\n    <\/div>\n<\/div>\n\n","protected":false},"excerpt":{"rendered":"","protected":false},"author":48,"featured_media":0,"parent":0,"menu_order":0,"comment_status":"closed","ping_status":"closed","template":"","meta":[],"categories":[],"tags":[],"yst_prominent_words":[176],"_links":{"self":[{"href":"https:\/\/corporate.sixt.com\/es-es\/wp-json\/wp\/v2\/pages\/3727"}],"collection":[{"href":"https:\/\/corporate.sixt.com\/es-es\/wp-json\/wp\/v2\/pages"}],"about":[{"href":"https:\/\/corporate.sixt.com\/es-es\/wp-json\/wp\/v2\/types\/page"}],"author":[{"embeddable":true,"href":"https:\/\/corporate.sixt.com\/es-es\/wp-json\/wp\/v2\/users\/48"}],"replies":[{"embeddable":true,"href":"https:\/\/corporate.sixt.com\/es-es\/wp-json\/wp\/v2\/comments?post=3727"}],"version-history":[{"count":0,"href":"https:\/\/corporate.sixt.com\/es-es\/wp-json\/wp\/v2\/pages\/3727\/revisions"}],"wp:attachment":[{"href":"https:\/\/corporate.sixt.com\/es-es\/wp-json\/wp\/v2\/media?parent=3727"}],"wp:term":[{"taxonomy":"category","embeddable":true,"href":"https:\/\/corporate.sixt.com\/es-es\/wp-json\/wp\/v2\/categories?post=3727"},{"taxonomy":"post_tag","embeddable":true,"href":"https:\/\/corporate.sixt.com\/es-es\/wp-json\/wp\/v2\/tags?post=3727"},{"taxonomy":"yst_prominent_words","embeddable":true,"href":"https:\/\/corporate.sixt.com\/es-es\/wp-json\/wp\/v2\/yst_prominent_words?post=3727"}],"curies":[{"name":"wp","href":"https:\/\/api.w.org\/{rel}","templated":true}]}}