{"id":3620,"date":"2025-02-10T18:04:35","date_gmt":"2025-02-10T16:04:35","guid":{"rendered":"https:\/\/sixtcorpstage.wpengine.com\/es-es\/?page_id=3620"},"modified":"2025-11-03T10:18:03","modified_gmt":"2025-11-03T08:18:03","slug":"furgonetas-para-empresas-largo-plazo","status":"publish","type":"page","link":"https:\/\/corporate.sixt.com\/es-es\/furgonetas-para-empresas-largo-plazo\/","title":{"rendered":"SEA_Alquiler de camiones a largo plazo con SIXT"},"content":{"rendered":"<div class=\"sxc-hero wbq_add_params_on_clickout\">\n    <img class=\"sxc-hero__image\" src=\"https:\/\/corporate.sixt.com\/es-es\/wp-content\/uploads\/sites\/9\/2021\/11\/sixt.com-alquiler-de-camiones-a-largo-plazo-con-sixt-sixt-vans.jpg\"\n         alt=\"Alquiler de furgonetas y camiones a largo plazo con SIXT\">\n    <div class=\"sxc-hero__inner\">\n\t\t<h1 class=\"sxc-hero__inner__headline\">Alquiler de furgonetas y camiones a largo plazo con SIXT<\/h1>        <div class=\"sxc-hero__inner__overview\">SIXT te ofrece una soluci\u00f3n c\u00f3moda y rentable, especialmente pensada para alquileres corporativos superiores a 28 d\u00edas. Olv\u00eddate de los problemas y costes que implica la compra de veh\u00edculos para tu negocio y comienza a disfrutar de los beneficios del alquiler de veh\u00edculos industriales a largo plazo. Elige entre varios modelos de furgonetas y camiones de distintos tama\u00f1os.<\/div>\n    <\/div>\n\t        <div class=\"sxc-hero__cta\">\n            <a href=\"https:\/\/corporate-signup.sixt.com\/?lang=es&amp;country_code=es&amp;product_type=truck\"\n               class=\"sxc-cta\">\n\t\t\t\tAlquila tu fugoneta o cami\u00f3n a largo plazo             <\/a>\n        <\/div>\n\t<\/div>\n<div class=\"sxc-benefits-details\">\n    <div class=\"sxc-benefits-details__inner\">\n\t\t<h2 class=\"sxc-benefits-details__heading\">Ventajas de ser cliente corporativo<\/h2>        <div class=\"sxc-benefits-details__overview\">Una alternativa ideal a la compra de veh\u00edculos corporativos es el alquiler de camiones y furgonetas. Aumenta tu flota comercial y disfruta de las numerosas ventajas que SIXT te ofrece.<\/div>\n        <div class=\"sxc-benefits-details__columns\" style=\"grid-template-columns: repeat(4, 1fr)\">\n\t\t\t\n<div class=\"sxc-benefits-details-column__icon\">\n\t<\/div>\n<h3 class=\"sxc-benefits-details-column__heading\">ENCUENTRA TU VEH\u00cdCULO IDEAL<\/h3><div class=\"sxc-benefits-details-column__contents\">\n    <ul class=\"sxc-benefits-details-column__list\">\n\t\t\t\t\t                <li class=\"sxc-benefits-details-column__list-item\">Extensa flota de veh\u00edculos disponible<\/li>\n\t\t\t                <li class=\"sxc-benefits-details-column__list-item\">Posibilidad de garantizar un modelo<\/li>\n\t\t\t                <li class=\"sxc-benefits-details-column__list-item\">Furgonetas y camiones de muchos tipos<\/li>\n\t\t\t\t\t    <\/ul>\n    <div class=\"sxc-benefits-details-column__link\">\n\t\t    <\/div>\n<\/div>\n<div class=\"sxc-benefits-details-column__icon\">\n\t<\/div>\n<h3 class=\"sxc-benefits-details-column__heading\">LAS MEJORES CONDICIONES PARA TU EMPRESA<\/h3><div class=\"sxc-benefits-details-column__contents\">\n    <ul class=\"sxc-benefits-details-column__list\">\n\t\t\t\t\t                <li class=\"sxc-benefits-details-column__list-item\">Precios transparentes<\/li>\n\t\t\t                <li class=\"sxc-benefits-details-column__list-item\">Sin costes de adquisici\u00f3n<\/li>\n\t\t\t                <li class=\"sxc-benefits-details-column__list-item\">Tarifa corporativa con hasta un 15% de descuento<\/li>\n\t\t\t\t\t    <\/ul>\n    <div class=\"sxc-benefits-details-column__link\">\n\t\t    <\/div>\n<\/div>\n<div class=\"sxc-benefits-details-column__icon\">\n\t<\/div>\n<h3 class=\"sxc-benefits-details-column__heading\">ADAPTADO A TUS NECESIDADES<\/h3><div class=\"sxc-benefits-details-column__contents\">\n    <ul class=\"sxc-benefits-details-column__list\">\n\t\t\t\t\t                <li class=\"sxc-benefits-details-column__list-item\">Elige el paquete de kil\u00f3metros que m\u00e1s te convenga<\/li>\n\t\t\t                <li class=\"sxc-benefits-details-column__list-item\">Opci\u00f3n de contrataci\u00f3n de equipos y accesorios<\/li>\n\t\t\t                <li class=\"sxc-benefits-details-column__list-item\">Opci\u00f3n de rotulaci\u00f3n de los veh\u00edculos<\/li>\n\t\t\t\t\t    <\/ul>\n    <div class=\"sxc-benefits-details-column__link\">\n\t\t    <\/div>\n<\/div>\n<div class=\"sxc-benefits-details-column__icon\">\n\t<\/div>\n<h3 class=\"sxc-benefits-details-column__heading\">ALQUILA SIN PREOCUPACIONES<\/h3><div class=\"sxc-benefits-details-column__contents\">\n    <ul class=\"sxc-benefits-details-column__list\">\n\t\t\t\t\t                <li class=\"sxc-benefits-details-column__list-item\">Sin preocuparte de reparaciones \/ mantenimiento<\/li>\n\t\t\t                <li class=\"sxc-benefits-details-column__list-item\">Veh\u00edculos de sustituci\u00f3n en caso de aver\u00eda<\/li>\n\t\t\t                <li class=\"sxc-benefits-details-column__list-item\">Todos nuestros veh\u00edculos cumplen con los est\u00e1ndares de emisi\u00f3n vigentes<\/li>\n\t\t\t\t\t    <\/ul>\n    <div class=\"sxc-benefits-details-column__link\">\n\t\t    <\/div>\n<\/div>\n        <\/div>\n    <\/div>\n\t<\/div>\n\n<div class=\"sxc-features-teasers wbq_add_params_on_clickout\" id=\"sxc_ft_6a06d9e21be248_39539779\">\n\t<h2 class=\"sxc-features-teasers__heading\">Flota de camiones flexible para el alquiler a largo plazo <\/h2>    <div class=\"sxc-features-teasers__list\">\n\t\t\n<div class=\"sxc-features-teasers-item\">\n    <div class=\"sxc-features-teasers-item__image\">\n\t\t            <img src=\"https:\/\/corporate.sixt.com\/es-es\/wp-content\/uploads\/sites\/9\/2021\/11\/sixt.com-alquiler-de-camiones-a-largo-plazo-con-sixt-how-to-start-a-delivery-service.jpg\" alt=\"NECESIDAD INMEDIATA DE VEH\u00cdCULOS INDUSTRIALES\">\n\t\t    <\/div>\n\t<h3 class=\"sxc-features-teasers-item__heading\">NECESIDAD INMEDIATA DE VEH\u00cdCULOS INDUSTRIALES<\/h3>    <div class=\"sxc-features-teasers-item__content\">\n        <div class=\"sxc-features-teasers-item__content-title\">\n            <img src=\"\/wp-content\/themes\/sixt\/images\/chevron-right.svg\" alt=\"Toggle\">\n            <div><\/div>\n        <\/div>\n        <div class=\"sxc-features-teasers-item__content-inner\">\n            <div class=\"sxc-features-teasers-item__text\">\u00bfLa producci\u00f3n aumenta, pero el sistema de distribuci\u00f3n se te queda peque\u00f1o? No te preocupes. Podr\u00e1s realizar todos los portes a tiempo gracias al alquiler de furgonetas y camiones de larga duraci\u00f3n de SIXT. Aumenta tu servicio de distribuci\u00f3n, en cualquier momento y f\u00e1cilmente. La soluci\u00f3n \u00f3ptima para proveedores de servicios de paqueter\u00eda, granjas y servicios de entrega.<\/div>\n\t\t\t        <\/div>\n    <\/div>\n\t        <div class=\"sxc-features-teasers-item__link\">\n            <a href=\"https:\/\/corporate-signup.sixt.com\/?lang=es&amp;country_code=es&amp;product_type=truck\" class=\"sxc-link\">\n\t\t\t\tAlquiler de furgonetas y camiones a largo plazo            <\/a>\n        <\/div>\n\t<\/div>\n<div class=\"sxc-features-teasers-item\">\n    <div class=\"sxc-features-teasers-item__image\">\n\t\t            <img src=\"https:\/\/corporate.sixt.com\/es-es\/wp-content\/uploads\/sites\/9\/2021\/11\/sixt.com-alquiler-de-camiones-a-largo-plazo-con-sixt-saisongeschaeft.jpg\" alt=\"IDEAL PARA NEGOCIOS DE TEMPORADA\">\n\t\t    <\/div>\n\t<h3 class=\"sxc-features-teasers-item__heading\">IDEAL PARA NEGOCIOS DE TEMPORADA<\/h3>    <div class=\"sxc-features-teasers-item__content\">\n        <div class=\"sxc-features-teasers-item__content-title\">\n            <img src=\"\/wp-content\/themes\/sixt\/images\/chevron-right.svg\" alt=\"Toggle\">\n            <div><\/div>\n        <\/div>\n        <div class=\"sxc-features-teasers-item__content-inner\">\n            <div class=\"sxc-features-teasers-item__text\">La soluci\u00f3n de transporte perfecta para negocios estacionales: utiliza los veh\u00edculos \u00fanicamente cuando lo necesites. Gracias al alquiler de furgonetas y camiones de empresa a largo plazo, no se derrochar\u00e1n recursos. Alquila el veh\u00edculo cuando lo necesites y devu\u00e9lvelo al final de la temporada.<\/div>\n\t\t\t        <\/div>\n    <\/div>\n\t        <div class=\"sxc-features-teasers-item__link\">\n            <a href=\"https:\/\/corporate-signup.sixt.com\/?lang=es&amp;country_code=es&amp;product_type=truck\" class=\"sxc-link\">\n\t\t\t\tReg\u00edstrate aqu\u00ed            <\/a>\n        <\/div>\n\t<\/div>\n<div class=\"sxc-features-teasers-item\">\n    <div class=\"sxc-features-teasers-item__image\">\n\t\t            <img src=\"https:\/\/corporate.sixt.com\/es-es\/wp-content\/uploads\/sites\/9\/2021\/11\/sixt.com-alquiler-de-camiones-a-largo-plazo-con-sixt-investionsfreier-fuhrpark.jpeg\" alt=\"TU FLOTA DE VEH\u00cdCULOS INDUSTRIALES SIN RIESGOS NI INVERSIONES\">\n\t\t    <\/div>\n\t<h3 class=\"sxc-features-teasers-item__heading\">TU FLOTA DE VEH\u00cdCULOS INDUSTRIALES SIN RIESGOS NI INVERSIONES<\/h3>    <div class=\"sxc-features-teasers-item__content\">\n        <div class=\"sxc-features-teasers-item__content-title\">\n            <img src=\"\/wp-content\/themes\/sixt\/images\/chevron-right.svg\" alt=\"Toggle\">\n            <div><\/div>\n        <\/div>\n        <div class=\"sxc-features-teasers-item__content-inner\">\n            <div class=\"sxc-features-teasers-item__text\">Gastos comerciales en lugar de pr\u00e9stamos bancarios: los veh\u00edculos industriales de alquiler no supondr\u00e1n una carga en tus finanzas. El precio fijo mensual, totalmente transparente, de nuestras furgonetas y camiones de larga duraci\u00f3n, te ayudar\u00e1 a planificar tus cuentas. Olv\u00eddate de los altos costes de inversi\u00f3n y disfruta de las ventajas del alquiler a largo plazo.<\/div>\n\t\t\t        <\/div>\n    <\/div>\n\t        <div class=\"sxc-features-teasers-item__link\">\n            <a href=\"https:\/\/corporate-signup.sixt.com\/?lang=es&amp;country_code=es&amp;product_type=truck\" class=\"sxc-link\">\n\t\t\t\tReg\u00edstrate sin compromiso            <\/a>\n        <\/div>\n\t<\/div>\n<div class=\"sxc-features-teasers-item\">\n    <div class=\"sxc-features-teasers-item__image\">\n\t\t            <img src=\"https:\/\/corporate.sixt.com\/es-es\/wp-content\/uploads\/sites\/9\/2021\/11\/sixt.com-alquiler-de-camiones-a-largo-plazo-con-sixt-spontaner-mehrbedarf.jpeg\" alt=\"ALQUILER R\u00c1PIDO \u2013 DEVOLUCI\u00d3N FLEXIBLE\">\n\t\t    <\/div>\n\t<h3 class=\"sxc-features-teasers-item__heading\">ALQUILER R\u00c1PIDO \u2013 DEVOLUCI\u00d3N FLEXIBLE<\/h3>    <div class=\"sxc-features-teasers-item__content\">\n        <div class=\"sxc-features-teasers-item__content-title\">\n            <img src=\"\/wp-content\/themes\/sixt\/images\/chevron-right.svg\" alt=\"Toggle\">\n            <div><\/div>\n        <\/div>\n        <div class=\"sxc-features-teasers-item__content-inner\">\n            <div class=\"sxc-features-teasers-item__text\">Aumenta tu flota c\u00f3modamente y de manera pr\u00e1cticamente inmediata. Las furgonetas y los camiones de SIXT estar\u00e1n a tu disposici\u00f3n en tan s\u00f3lo unos d\u00edas y los podr\u00e1s utilizar y devolver en cualquier momento, evitando tiempos de inactividad.<\/div>\n\t\t\t        <\/div>\n    <\/div>\n\t        <div class=\"sxc-features-teasers-item__link\">\n            <a href=\"https:\/\/corporate-signup.sixt.com\/?lang=es&amp;country_code=es&amp;product_type=truck\" class=\"sxc-link\">\n\t\t\t\tReg\u00edstrate f\u00e1cilmente            <\/a>\n        <\/div>\n\t<\/div>\n    <\/div>\n\t        <div class=\"sxc-features-teasers__footer\">\n\t\t\t<div class=\"sxc-features-teasers__footer-headline\">VEH\u00cdCULOS COMERCIALES CON DESCUENTO DE EMPRESA <\/div>            <a href=\"https:\/\/corporate-signup.sixt.com\/?lang=es&amp;country_code=es&amp;product_type=truck\" class=\"sxc-cta\">Obtenga la mejor tarifa <\/a>\n        <\/div>\n\t<\/div>\n<script>\n  window.addEventListener('load', () => {\n    new SxcFeaturesTeasers(document.getElementById('sxc_ft_6a06d9e21be248_39539779'));\n  });\n<\/script>\n    <div class=\"sxc-advantages sxc-advantages--light sxc-advantages--layout-four sxc-advantages--headline-default\">\n\t\t\t\t<h2 class=\"sxc-advantages__headline\">VENTAJAS TANTO PARA ENCARGADOS COMO PARA CONDUCTORES<\/h2>\t\t            <div class=\"sxc-advantages__tabs\">\n\t\t\t\t                    <div class=\"sxc-advantages__tabs__tab sxc-cta\">Encargado<\/div>\n\t\t\t\t                    <div class=\"sxc-advantages__tabs__tab sxc-cta\">Conductor<\/div>\n\t\t\t\t            <\/div>\n\t\t        <div class=\"sxc-advantages__inner\">\n    <div class=\"sxc-advantages-item hidden\" data-tab=\"1\">\n\t\t\t\t\t<h3 class=\"sxc-advantages-item__headline\">FIABILIDAD ABSOLUTA <\/h3>\t\t\t\t            <div class=\"sxc-advantages-item__list\">\n                <div class=\"sxc-advantages-item__list__toggler\">Mehr Infos<\/div>\n                <div class=\"sxc-advantages-item__list__inner\">\n\t\t\t\t\t                        <div class=\"sxc-advantages-item__list__inner__element\">Costes de reparaci\u00f3n y mantenimiento incluidos<\/div>\n\t\t\t\t\t                        <div class=\"sxc-advantages-item__list__inner__element\">Sustituci\u00f3n inmediata en caso de aver\u00eda<\/div>\n\t\t\t\t\t                        <div class=\"sxc-advantages-item__list__inner__element\">\u00daltimos modelos de las mejores marcas<\/div>\n\t\t\t\t\t                <\/div>\n            <\/div>\n\t\t\t\t\t\t    <\/div>\n\n    <div class=\"sxc-advantages-item hidden\" data-tab=\"1\">\n\t\t\t\t\t<h3 class=\"sxc-advantages-item__headline\">TRANSPARENCIA TOTAL<\/h3>\t\t\t\t            <div class=\"sxc-advantages-item__list\">\n                <div class=\"sxc-advantages-item__list__toggler\">Mehr Infos<\/div>\n                <div class=\"sxc-advantages-item__list__inner\">\n\t\t\t\t\t                        <div class=\"sxc-advantages-item__list__inner__element\">Hasta un 15% de descuento para clientes corporativos<\/div>\n\t\t\t\t\t                        <div class=\"sxc-advantages-item__list__inner__element\">Estructura de precios clara<\/div>\n\t\t\t\t\t                        <div class=\"sxc-advantages-item__list__inner__element\">Varios paquetes de kil\u00f3metros y seguros<\/div>\n\t\t\t\t\t                <\/div>\n            <\/div>\n\t\t\t\t\t\t    <\/div>\n\n    <div class=\"sxc-advantages-item hidden\" data-tab=\"1\">\n\t\t\t\t\t<h3 class=\"sxc-advantages-item__headline\">GRAN SELECCI\u00d3N DE MODELOS <\/h3>\t\t\t\t            <div class=\"sxc-advantages-item__list\">\n                <div class=\"sxc-advantages-item__list__toggler\">Mehr Infos<\/div>\n                <div class=\"sxc-advantages-item__list__inner\">\n\t\t\t\t\t                        <div class=\"sxc-advantages-item__list__inner__element\">Todos los tama\u00f1os, desde furgonetas hasta camiones<\/div>\n\t\t\t\t\t                        <div class=\"sxc-advantages-item__list__inner__element\">Posibilidad de garantizar el modelo<\/div>\n\t\t\t\t\t                        <div class=\"sxc-advantages-item__list__inner__element\">Diferentes modelos disponibles<\/div>\n\t\t\t\t\t                <\/div>\n            <\/div>\n\t\t\t\t\t\t    <\/div>\n\n    <div class=\"sxc-advantages-item hidden\" data-tab=\"1\">\n\t\t\t\t\t<h3 class=\"sxc-advantages-item__headline\">SOLUCIONES PERSONALIZADAS<\/h3>\t\t\t\t            <div class=\"sxc-advantages-item__list\">\n                <div class=\"sxc-advantages-item__list__toggler\">Mehr Infos<\/div>\n                <div class=\"sxc-advantages-item__list__inner\">\n\t\t\t\t\t                        <div class=\"sxc-advantages-item__list__inner__element\">Opci\u00f3n de rotulaci\u00f3n del veh\u00edculo de empresa<\/div>\n\t\t\t\t\t                        <div class=\"sxc-advantages-item__list__inner__element\">Posibilidad de contratar equipaci\u00f3n y accesorios<\/div>\n\t\t\t\t\t                        <div class=\"sxc-advantages-item__list__inner__element\">Asesor personal<\/div>\n\t\t\t\t\t                <\/div>\n            <\/div>\n\t\t\t\t\t\t    <\/div>\n\n    <div class=\"sxc-advantages-item hidden\" data-tab=\"2\">\n\t\t\t\t\t<h3 class=\"sxc-advantages-item__headline\">M\u00c1XIMA SEGURIDAD PARA EL CONDUCTOR<\/h3>\t\t\t\t            <div class=\"sxc-advantages-item__list\">\n                <div class=\"sxc-advantages-item__list__toggler\">Mehr Infos<\/div>\n                <div class=\"sxc-advantages-item__list__inner\">\n\t\t\t\t\t                        <div class=\"sxc-advantages-item__list__inner__element\">Servicio de asistencia 24 horas al d\u00eda, 7 d\u00edas a la semana<\/div>\n\t\t\t\t\t                        <div class=\"sxc-advantages-item__list__inner__element\">Paquetes de seguro y protecci\u00f3n<\/div>\n\t\t\t\t\t                        <div class=\"sxc-advantages-item__list__inner__element\">\u00daltimas tecnolog\u00edas de seguridad<\/div>\n\t\t\t\t\t                <\/div>\n            <\/div>\n\t\t\t\t\t\t    <\/div>\n\n    <div class=\"sxc-advantages-item hidden\" data-tab=\"2\">\n\t\t\t\t\t<h3 class=\"sxc-advantages-item__headline\">FLOTA DE VEH\u00cdCULOS MODERNA<\/h3>\t\t\t\t            <div class=\"sxc-advantages-item__list\">\n                <div class=\"sxc-advantages-item__list__toggler\">Mehr Infos<\/div>\n                <div class=\"sxc-advantages-item__list__inner\">\n\t\t\t\t\t                        <div class=\"sxc-advantages-item__list__inner__element\">\u00daltimos modelos de las mejores marcas<\/div>\n\t\t\t\t\t                        <div class=\"sxc-advantages-item__list__inner__element\">Opci\u00f3n de transmisi\u00f3n autom\u00e1tica<\/div>\n\t\t\t\t\t                        <div class=\"sxc-advantages-item__list__inner__element\">Aire acondicionado, plataforma de elevaci\u00f3n, etc.<\/div>\n\t\t\t\t\t                <\/div>\n            <\/div>\n\t\t\t\t\t\t    <\/div>\n\n    <div class=\"sxc-advantages-item hidden\" data-tab=\"2\">\n\t\t\t\t\t<h3 class=\"sxc-advantages-item__headline\">ASISTENCIA PR\u00c1CTICA <\/h3>\t\t\t\t            <div class=\"sxc-advantages-item__list\">\n                <div class=\"sxc-advantages-item__list__toggler\">Mehr Infos<\/div>\n                <div class=\"sxc-advantages-item__list__inner\">\n\t\t\t\t\t                        <div class=\"sxc-advantages-item__list__inner__element\">Formaci\u00f3n acerca del veh\u00edculo a petici\u00f3n<\/div>\n\t\t\t\t\t                        <div class=\"sxc-advantages-item__list__inner__element\">Instrucciones para informes de da\u00f1os<\/div>\n\t\t\t\t\t                        <div class=\"sxc-advantages-item__list__inner__element\">Numerosos sistemas de asistencia<\/div>\n\t\t\t\t\t                <\/div>\n            <\/div>\n\t\t\t\t\t\t    <\/div>\n\n    <div class=\"sxc-advantages-item hidden\" data-tab=\"2\">\n\t\t\t\t\t<h3 class=\"sxc-advantages-item__headline\">SIN OBST\u00c1CULOS MOLESTOS <\/h3>\t\t\t\t            <div class=\"sxc-advantages-item__list\">\n                <div class=\"sxc-advantages-item__list__toggler\">Mehr Infos<\/div>\n                <div class=\"sxc-advantages-item__list__inner\">\n\t\t\t\t\t                        <div class=\"sxc-advantages-item__list__inner__element\">Conduce furgonetas con una licencia del tipo B<\/div>\n\t\t\t\t\t                        <div class=\"sxc-advantages-item__list__inner__element\">Todos los veh\u00edculos cumplen con los est\u00e1ndares de emisiones<\/div>\n\t\t\t\t\t                        <div class=\"sxc-advantages-item__list__inner__element\">Proceso de devoluci\u00f3n sencillo<\/div>\n\t\t\t\t\t                <\/div>\n            <\/div>\n\t\t\t\t\t\t    <\/div>\n\n<\/div>\n    <\/div>\n    <script>\n      window.addEventListener('load', () => {\n        new SxcAdvantages(\".sxc-advantages__tabs__tab\", \".sxc-advantages-item\",\n            \".sxc-advantages-item__list__toggler\", \".sxc-advantages-item__list__inner\");\n      });\n    <\/script>\n\n<div class=\"sxc-next-steps wbq_add_params_on_clickout\">\n\t<div class=\"sxc-next-steps__headline\">ALQUILA TU FURGONETA O CAMI\u00d3N A LARGO PLAZO EN 4 PASOS<\/div>    <div class=\"sxc-next-steps__inner\">\n\t\t\n<div class=\"sxc-next-steps-item\">\n    <div class=\"sxc-next-steps-item__icon\"><img src=\"https:\/\/corporate.sixt.com\/es-es\/wp-content\/uploads\/sites\/9\/2021\/09\/sixt.com-alquiler-de-coches-para-empresas-online-anmelden.svg\" alt=\"\"><\/div>\n\t<div class=\"sxc-next-steps-item__headline\">INICIE SESI\u00d3N <\/div>    <div class=\"sxc-next-steps-item__overview\">R\u00e1pido y sencillo: registra tus datos a trav\u00e9s del formulario en l\u00ednea e indica tus necesidades espec\u00edficas sin ning\u00fan tipo de compromiso.<\/div>\n<\/div>\n<div class=\"sxc-next-steps-item\">\n    <div class=\"sxc-next-steps-item__icon\"><img src=\"https:\/\/corporate.sixt.com\/es-es\/wp-content\/uploads\/sites\/9\/2021\/09\/sixt.com-alquiler-de-coches-para-empresas-ratenbestatigen.svg\" alt=\"\"><\/div>\n\t<div class=\"sxc-next-steps-item__headline\">RECIBE TU OFERTA<\/div>    <div class=\"sxc-next-steps-item__overview\">Recibir\u00e1 una oferta adaptada a tus necesidades de forma inmediata. Si te parece adecuada, la confirmas y listo.<\/div>\n<\/div>\n<div class=\"sxc-next-steps-item\">\n    <div class=\"sxc-next-steps-item__icon\"><img src=\"https:\/\/corporate.sixt.com\/es-es\/wp-content\/uploads\/sites\/9\/2021\/09\/sixt.com-alquiler-de-coches-para-empresas-businessprofilanlegen.svg\" alt=\"\"><\/div>\n\t<div class=\"sxc-next-steps-item__headline\">RESERVA CON DESCUENTO DE EMPRESA<\/div>    <div class=\"sxc-next-steps-item__overview\">Puedes reservar tus furgonetas y camiones, a partir de ahora, con una tarifa de empresa que incluye un descuento de hasta el 15% sobre el precio p\u00fablico.<\/div>\n<\/div>\n<div class=\"sxc-next-steps-item\">\n    <div class=\"sxc-next-steps-item__icon\"><img src=\"https:\/\/corporate.sixt.com\/es-es\/wp-content\/uploads\/sites\/9\/2021\/09\/sixt.com-alquiler-de-coches-para-empresas-autoabholen.svg\" alt=\"\"><\/div>\n\t<div class=\"sxc-next-steps-item__headline\">RECOGER Y SALIR<\/div>    <div class=\"sxc-next-steps-item__overview\">Recoge tu furgoneta o cami\u00f3n en la sucursal de SIXT y disfruta de tu nuevo veh\u00edculo de empresa todo el tiempo que te haga falta.<\/div>\n<\/div>\n    <\/div>\n    <div class=\"sxc-next-steps__cta\">\n        <a href=\"https:\/\/corporate-signup.sixt.com\/?lang=es&amp;country_code=es&amp;product_type=truck\"\n           class=\"sxc-cta\">\n\t\t\tEmpieza a disfrutar        <\/a>\n    <\/div>\n<\/div>\n","protected":false},"excerpt":{"rendered":"","protected":false},"author":48,"featured_media":0,"parent":0,"menu_order":0,"comment_status":"closed","ping_status":"closed","template":"","meta":[],"categories":[],"tags":[],"yst_prominent_words":[],"_links":{"self":[{"href":"https:\/\/corporate.sixt.com\/es-es\/wp-json\/wp\/v2\/pages\/3620"}],"collection":[{"href":"https:\/\/corporate.sixt.com\/es-es\/wp-json\/wp\/v2\/pages"}],"about":[{"href":"https:\/\/corporate.sixt.com\/es-es\/wp-json\/wp\/v2\/types\/page"}],"author":[{"embeddable":true,"href":"https:\/\/corporate.sixt.com\/es-es\/wp-json\/wp\/v2\/users\/48"}],"replies":[{"embeddable":true,"href":"https:\/\/corporate.sixt.com\/es-es\/wp-json\/wp\/v2\/comments?post=3620"}],"version-history":[{"count":0,"href":"https:\/\/corporate.sixt.com\/es-es\/wp-json\/wp\/v2\/pages\/3620\/revisions"}],"wp:attachment":[{"href":"https:\/\/corporate.sixt.com\/es-es\/wp-json\/wp\/v2\/media?parent=3620"}],"wp:term":[{"taxonomy":"category","embeddable":true,"href":"https:\/\/corporate.sixt.com\/es-es\/wp-json\/wp\/v2\/categories?post=3620"},{"taxonomy":"post_tag","embeddable":true,"href":"https:\/\/corporate.sixt.com\/es-es\/wp-json\/wp\/v2\/tags?post=3620"},{"taxonomy":"yst_prominent_words","embeddable":true,"href":"https:\/\/corporate.sixt.com\/es-es\/wp-json\/wp\/v2\/yst_prominent_words?post=3620"}],"curies":[{"name":"wp","href":"https:\/\/api.w.org\/{rel}","templated":true}]}}