{"id":3617,"date":"2025-02-10T18:02:28","date_gmt":"2025-02-10T16:02:28","guid":{"rendered":"https:\/\/sixtcorpstage.wpengine.com\/es-es\/?page_id=3617"},"modified":"2025-11-03T10:18:28","modified_gmt":"2025-11-03T08:18:28","slug":"furgonetas-para-empresas","status":"publish","type":"page","link":"https:\/\/corporate.sixt.com\/es-es\/furgonetas-para-empresas\/","title":{"rendered":"SEA_Alquiler de furgonetas"},"content":{"rendered":"<div class=\"sxc-hero wbq_add_params_on_clickout\">\n    <img class=\"sxc-hero__image\" src=\"https:\/\/corporate.sixt.com\/es-es\/wp-content\/uploads\/sites\/9\/2022\/02\/sixt.com-alquiler-de-furgonetas-hero-lkw-transporter.jpeg\"\n         alt=\"Alquiler de todo tipo de furgonetas y camiones\">\n    <div class=\"sxc-hero__inner\">\n\t\t<h1 class=\"sxc-hero__inner__headline\">Alquiler de todo tipo de furgonetas y camiones<\/h1>        <div class=\"sxc-hero__inner__overview\">Desde furgonetas peque\u00f1as hasta camiones: con SIXT puedes alquilar por d\u00edas, semanas o meses.\u202fLos veh\u00edculos industriales de SIXT para clientes corporativos, se pueden encontrar en numerosas sucursales, lo que te permite alquilarlos y devolverlos en cualquier momento disfrutando de tu tarifa corporativa!<\/div>\n    <\/div>\n\t        <div class=\"sxc-hero__cta\">\n            <a href=\"https:\/\/corporate-signup.sixt.com\/?lang=es&amp;country_code=es&amp;product_type=truck\"\n               class=\"sxc-cta\">\n\t\t\t\tRecibe tu oferta            <\/a>\n        <\/div>\n\t<\/div>\n<div class=\"sxc-benefits-details\">\n    <div class=\"sxc-benefits-details__inner\">\n\t\t<h2 class=\"sxc-benefits-details__heading\">Alquiler de furgonetas y camiones: ventajas<\/h2>        <div class=\"sxc-benefits-details__overview\">Sean cuales sean tus necesidades, SIXT siempre dispondr\u00e1 del veh\u00edculo industrial adecuado, con un equipamiento ajustado a tus necesidades.\u202fCualquier empresa se puede beneficiar de las ventajas que ofrece SIXT en el alquiler de veh\u00edculos industriales.<\/div>\n        <div class=\"sxc-benefits-details__columns\" style=\"grid-template-columns: repeat(4, 1fr)\">\n\t\t\t\n<div class=\"sxc-benefits-details-column__icon\">\n\t        <img src=\"https:\/\/corporate.sixt.com\/es-es\/wp-content\/uploads\/sites\/9\/2022\/02\/sixt.com-alquiler-de-furgonetas-ico-cars-vans-40.svg\" alt=\"Veh\u00edculos industriales para cada necesidad \">\n\t<\/div>\n<h3 class=\"sxc-benefits-details-column__heading\">Veh\u00edculos industriales para cada necesidad <\/h3><div class=\"sxc-benefits-details-column__contents\">\n    <ul class=\"sxc-benefits-details-column__list\">\n\t\t\t\t\t                <li class=\"sxc-benefits-details-column__list-item\">Las mejores marcas con lo \u00faltimo en equipamiento<\/li>\n\t\t\t                <li class=\"sxc-benefits-details-column__list-item\">Posibilidad de peticiones especiales en cuanto a equipamiento<\/li>\n\t\t\t                <li class=\"sxc-benefits-details-column__list-item\">Veh\u00edculos industriales de diferentes tama\u00f1os y variantes<\/li>\n\t\t\t\t\t    <\/ul>\n    <div class=\"sxc-benefits-details-column__link\">\n\t\t    <\/div>\n<\/div>\n<div class=\"sxc-benefits-details-column__icon\">\n\t        <img src=\"https:\/\/corporate.sixt.com\/es-es\/wp-content\/uploads\/sites\/9\/2022\/02\/sixt.com-alquiler-de-furgonetas-ico-bank-notes-40.svg\" alt=\"La tarifa corporativa adecuada\">\n\t<\/div>\n<h3 class=\"sxc-benefits-details-column__heading\">La tarifa corporativa adecuada<\/h3><div class=\"sxc-benefits-details-column__contents\">\n    <ul class=\"sxc-benefits-details-column__list\">\n\t\t\t\t\t                <li class=\"sxc-benefits-details-column__list-item\">Hasta un 15% de descuento en cada alquiler<\/li>\n\t\t\t                <li class=\"sxc-benefits-details-column__list-item\">Utiliza los veh\u00edculos comerciales cuando lo necesites<\/li>\n\t\t\t                <li class=\"sxc-benefits-details-column__list-item\">Opciones de devoluci\u00f3n flexibles<\/li>\n\t\t\t\t\t    <\/ul>\n    <div class=\"sxc-benefits-details-column__link\">\n\t\t    <\/div>\n<\/div>\n<div class=\"sxc-benefits-details-column__icon\">\n\t        <img src=\"https:\/\/corporate.sixt.com\/es-es\/wp-content\/uploads\/sites\/9\/2022\/02\/sixt.com-alquiler-de-furgonetas-ico-desktop-smartphone-40.svg\" alt=\"Reserva r\u00e1pida y sencilla\">\n\t<\/div>\n<h3 class=\"sxc-benefits-details-column__heading\">Reserva r\u00e1pida y sencilla<\/h3><div class=\"sxc-benefits-details-column__contents\">\n    <ul class=\"sxc-benefits-details-column__list\">\n\t\t\t\t\t                <li class=\"sxc-benefits-details-column__list-item\">Reserva f\u00e1cilmente a trav\u00e9s de la web y la aplicaci\u00f3n<\/li>\n\t\t\t                <li class=\"sxc-benefits-details-column__list-item\">Amplia red de sucursales en Espa\u00f1a y en el extranjero<\/li>\n\t\t\t                <li class=\"sxc-benefits-details-column__list-item\">Buena disponibilidad incluso con poca antelaci\u00f3n<\/li>\n\t\t\t\t\t    <\/ul>\n    <div class=\"sxc-benefits-details-column__link\">\n\t\t    <\/div>\n<\/div>\n<div class=\"sxc-benefits-details-column__icon\">\n\t        <img src=\"https:\/\/corporate.sixt.com\/es-es\/wp-content\/uploads\/sites\/9\/2022\/02\/sixt.com-alquiler-de-furgonetas-ico-road-hazard-40.svg\" alt=\"Sin preocupaciones en la carretera \">\n\t<\/div>\n<h3 class=\"sxc-benefits-details-column__heading\">Sin preocupaciones en la carretera <\/h3><div class=\"sxc-benefits-details-column__contents\">\n    <ul class=\"sxc-benefits-details-column__list\">\n\t\t\t\t\t                <li class=\"sxc-benefits-details-column__list-item\">Una amplia variedad de paquetes de protecci\u00f3n y kilometraje<\/li>\n\t\t\t                <li class=\"sxc-benefits-details-column__list-item\">Reemplazo r\u00e1pido en caso de aver\u00eda<\/li>\n\t\t\t                <li class=\"sxc-benefits-details-column__list-item\">Cumplimiento de los \u00faltimos est\u00e1ndares de emisi\u00f3n<\/li>\n\t\t\t\t\t    <\/ul>\n    <div class=\"sxc-benefits-details-column__link\">\n\t\t    <\/div>\n<\/div>\n        <\/div>\n    <\/div>\n\t<\/div>\n\n<div class=\"sxc-features-teasers wbq_add_params_on_clickout\" id=\"sxc_ft_69e4df1ddac876_89979694\">\n\t<h2 class=\"sxc-features-teasers__heading\">ALQUILAR UN VEH\u00cdCULO INDUSTRIAL A CORTO PLAZO Y CU\u00c1NDO A LARGO PLAZO<\/h2>    <div class=\"sxc-features-teasers__list\">\n\t\t\n<div class=\"sxc-features-teasers-item\">\n    <div class=\"sxc-features-teasers-item__image\">\n\t\t            <img src=\"https:\/\/corporate.sixt.com\/es-es\/wp-content\/uploads\/sites\/9\/2022\/02\/sixt.com-alquiler-de-furgonetas-lkw-kurzzeitmiete.jpg\" alt=\"Alquiler de corta duraci\u00f3n para necesidades especiales\">\n\t\t    <\/div>\n\t<h3 class=\"sxc-features-teasers-item__heading\">Alquiler de corta duraci\u00f3n para necesidades especiales<\/h3>    <div class=\"sxc-features-teasers-item__content\">\n        <div class=\"sxc-features-teasers-item__content-title\">\n            <img src=\"\/wp-content\/themes\/sixt\/images\/chevron-right.svg\" alt=\"Toggle\">\n            <div><\/div>\n        <\/div>\n        <div class=\"sxc-features-teasers-item__content-inner\">\n            <div class=\"sxc-features-teasers-item__text\">Con un alquiler de veh\u00edculos industriales de hasta 27 d\u00edas, puedes satisfacer r\u00e1pida y f\u00e1cilmente cualquier necesidad adicional de una manera sencilla.\u202fLa furgoneta o cami\u00f3nadecuado simplemente se reserva y se recoge.\u202fRecoger y devolver sin complicaciones es especialmente importante, ya sea para una pr\u00f3xima mudanza, para una feria comercial o si hay veh\u00edculos averiados en tu flota.<\/div>\n\t\t\t        <\/div>\n    <\/div>\n\t        <div class=\"sxc-features-teasers-item__link\">\n            <a href=\"https:\/\/corporate.sixt.com\/es-es\/?page_id=2958\" class=\"sxc-link\">\n\t\t\t\tAlquiler de furgonetas y camiones a corto plazo            <\/a>\n        <\/div>\n\t<\/div>\n<div class=\"sxc-features-teasers-item\">\n    <div class=\"sxc-features-teasers-item__image\">\n\t\t            <img src=\"https:\/\/corporate.sixt.com\/es-es\/wp-content\/uploads\/sites\/9\/2022\/02\/sixt.com-alquiler-de-furgonetas-investionsfreier-fuhrpark.jpeg\" alt=\"Alquiler de furgonetas y camiones para necesidades a largo plazo\">\n\t\t    <\/div>\n\t<h3 class=\"sxc-features-teasers-item__heading\">Alquiler de furgonetas y camiones para necesidades a largo plazo<\/h3>    <div class=\"sxc-features-teasers-item__content\">\n        <div class=\"sxc-features-teasers-item__content-title\">\n            <img src=\"\/wp-content\/themes\/sixt\/images\/chevron-right.svg\" alt=\"Toggle\">\n            <div><\/div>\n        <\/div>\n        <div class=\"sxc-features-teasers-item__content-inner\">\n            <div class=\"sxc-features-teasers-item__text\">Alquila un veh\u00edculo industrial a largo plazo en lugar de mantener una flota propia: la alternativa perfecta a comprar.\u202fEl alquiler de SIXT es flexible: a partir de 28 d\u00edas, para empresas de todos los tama\u00f1os, sin costes de inversi\u00f3n y sin pago continuado en caso de no utilizaci\u00f3n.\u202fAhorra dinero en el uso de tus veh\u00edculos.\u202fSer\u00e1 muy f\u00e1cil ampliar tu flota con modelos basados en tus necesidades.<\/div>\n\t\t\t        <\/div>\n    <\/div>\n\t        <div class=\"sxc-features-teasers-item__link\">\n            <a href=\"https:\/\/corporate.sixt.com\/es-es\/?page_id=2995\" class=\"sxc-link\">\n\t\t\t\tAlquiler de furgonetas y camiones a largo plazo            <\/a>\n        <\/div>\n\t<\/div>\n<div class=\"sxc-features-teasers-item\">\n    <div class=\"sxc-features-teasers-item__image\">\n\t\t            <img src=\"https:\/\/corporate.sixt.com\/es-es\/wp-content\/uploads\/sites\/9\/2021\/11\/sixt.com-alquiler-de-camiones-a-largo-plazo-con-sixt-spontaner-mehrbedarf.jpeg\" alt=\"LA SOLUCI\u00d3N RENTABLE A LARGO PLAZO A PARTIR DE 3 MESES \">\n\t\t    <\/div>\n\t<h3 class=\"sxc-features-teasers-item__heading\">LA SOLUCI\u00d3N RENTABLE A LARGO PLAZO A PARTIR DE 3 MESES <\/h3>    <div class=\"sxc-features-teasers-item__content\">\n        <div class=\"sxc-features-teasers-item__content-title\">\n            <img src=\"\/wp-content\/themes\/sixt\/images\/chevron-right.svg\" alt=\"Toggle\">\n            <div><\/div>\n        <\/div>\n        <div class=\"sxc-features-teasers-item__content-inner\">\n            <div class=\"sxc-features-teasers-item__text\">Costes estables con una \u00f3ptima relaci\u00f3n calidad-precio: esa es su tarifa de flota a largo plazo de para el alquiler de veh\u00edculos de empresa: SIXT Long-Term Fleet. Elija entre un plazo de 3, 6 o 12 meses y cancele con flexibilidad todos los d\u00edas despu\u00e9s del plazo m\u00ednimo. Para sus necesidades de veh\u00edculos predecibles, una utilizaci\u00f3n \u00f3ptima de la flota con un tiempo de inactividad reducido y como una alternativa perfecta a la compra o al alquiler.<\/div>\n\t\t\t        <\/div>\n    <\/div>\n\t        <div class=\"sxc-features-teasers-item__link\">\n            <a href=\"https:\/\/corporate-signup.sixt.com\/?lang=es&amp;country_code=es&amp;product_type=truck\" class=\"sxc-link\">\n\t\t\t\tReg\u00edstrate aqu\u00ed            <\/a>\n        <\/div>\n\t<\/div>\n    <\/div>\n\t        <div class=\"sxc-features-teasers__footer\">\n\t\t\t<div class=\"sxc-features-teasers__footer-headline\">REG\u00cdSTRATE GRATIS Y SIN COMPROMISO<\/div>            <a href=\"https:\/\/corporate-signup.sixt.com\/?lang=es&amp;country_code=es&amp;product_type=truck\" class=\"sxc-cta\">CONTINUAR<\/a>\n        <\/div>\n\t<\/div>\n<script>\n  window.addEventListener('load', () => {\n    new SxcFeaturesTeasers(document.getElementById('sxc_ft_69e4df1ddac876_89979694'));\n  });\n<\/script>\n","protected":false},"excerpt":{"rendered":"","protected":false},"author":48,"featured_media":0,"parent":0,"menu_order":0,"comment_status":"closed","ping_status":"closed","template":"","meta":[],"categories":[],"tags":[],"yst_prominent_words":[],"_links":{"self":[{"href":"https:\/\/corporate.sixt.com\/es-es\/wp-json\/wp\/v2\/pages\/3617"}],"collection":[{"href":"https:\/\/corporate.sixt.com\/es-es\/wp-json\/wp\/v2\/pages"}],"about":[{"href":"https:\/\/corporate.sixt.com\/es-es\/wp-json\/wp\/v2\/types\/page"}],"author":[{"embeddable":true,"href":"https:\/\/corporate.sixt.com\/es-es\/wp-json\/wp\/v2\/users\/48"}],"replies":[{"embeddable":true,"href":"https:\/\/corporate.sixt.com\/es-es\/wp-json\/wp\/v2\/comments?post=3617"}],"version-history":[{"count":0,"href":"https:\/\/corporate.sixt.com\/es-es\/wp-json\/wp\/v2\/pages\/3617\/revisions"}],"wp:attachment":[{"href":"https:\/\/corporate.sixt.com\/es-es\/wp-json\/wp\/v2\/media?parent=3617"}],"wp:term":[{"taxonomy":"category","embeddable":true,"href":"https:\/\/corporate.sixt.com\/es-es\/wp-json\/wp\/v2\/categories?post=3617"},{"taxonomy":"post_tag","embeddable":true,"href":"https:\/\/corporate.sixt.com\/es-es\/wp-json\/wp\/v2\/tags?post=3617"},{"taxonomy":"yst_prominent_words","embeddable":true,"href":"https:\/\/corporate.sixt.com\/es-es\/wp-json\/wp\/v2\/yst_prominent_words?post=3617"}],"curies":[{"name":"wp","href":"https:\/\/api.w.org\/{rel}","templated":true}]}}