{"id":3608,"date":"2025-02-10T18:00:15","date_gmt":"2025-02-10T16:00:15","guid":{"rendered":"https:\/\/sixtcorpstage.wpengine.com\/es-es\/?page_id=3608"},"modified":"2025-11-03T10:18:53","modified_gmt":"2025-11-03T08:18:53","slug":"sixt-para-empresas-ventajas","status":"publish","type":"page","link":"https:\/\/corporate.sixt.com\/es-es\/sixt-para-empresas-ventajas\/","title":{"rendered":"SEA_Por qu\u00e9 SIXT Business"},"content":{"rendered":"<div class=\"sxc-hero wbq_add_params_on_clickout\">\n    <img class=\"sxc-hero__image\" src=\"https:\/\/corporate.sixt.com\/es-es\/wp-content\/uploads\/sites\/9\/2021\/07\/sixt.com-por-que-sixt-business-warum-sx-biz.jpg\"\n         alt=\"Ventajas del coche de empresa con SIXT\">\n    <div class=\"sxc-hero__inner\">\n\t\t<h1 class=\"sxc-hero__inner__headline\">Ventajas del coche de empresa con SIXT <\/h1>        <div class=\"sxc-hero__inner__overview\">\u00bfPor qu\u00e9 crear una cuenta SIXT business? Convertirse en cliente corporativo de SIXT merece la pena, ya que el registro es gratuito y sin compromiso. Los clientes corporativos de SIXT disfrutan de las ventajas del coche de empresa (flota premium, red mundial de sucursales, alta calidad de servicio) y mucho m\u00e1s. <\/div>\n    <\/div>\n\t        <div class=\"sxc-hero__cta\">\n            <a href=\"https:\/\/corporate-signup.sixt.com\/?lang=es&amp;country_code=es\"\n               class=\"sxc-cta\">\n\t\t\t\t\u00a1Reg\u00edstrate gratis!            <\/a>\n        <\/div>\n\t<\/div>\n<div class=\"sxc-reason-why wbq_add_params_on_clickout\">\n    <div class=\"sxc-reason-why__text\">\n\t\t<h2 class=\"sxc-reason-why__text__headline\">\u00bfPor qu\u00e9 elegir SIXT Business? <\/h2>        <div class=\"sxc-reason-why__text__overview\">Queremos que sepas que es posible crear una cuenta SIXT Business, con la diferencia de que con la cuenta comercial de SIXT puedes encontrar m\u00e1s opciones que con una cuenta est\u00e1ndar SIXT.<\/div>\n    <\/div>\n    <div class=\"sxc-reason-why__table\">\n        <div class=\"sxc-reason-why-item\">\n            <div class=\"sxc-reason-why-item__heading\"><\/div>\n            <div class=\"sxc-reason-why-item__b2b-wp first\">\n\t\t\t\t<div class=\"sxc-reason-why-item__b2b-wp__b2b\">NEGOCIO <\/div>            <\/div>\n            <div class=\"sxc-reason-why-item__b2c-wp first\">\n\t\t\t\t<div class=\"sxc-reason-why-item__b2c-wp__b2c\">PRIVADO <\/div>            <\/div>\n        <\/div>\n\t\t\n<div class=\"sxc-reason-why-item\">\n    <div class=\"sxc-reason-why-item__heading\">CUENTA GRATIS <\/div>\n    <div class=\"sxc-reason-why-item__b2b-wp\">\n        <div class=\"sxc-reason-why-item__b2b-wp__b2b\"><img src='\/wp-content\/themes\/sixt\/images\/check-mark-black.svg' class='check-mark' alt='' width='20' height='15'>        <\/div>\n    <\/div>\n    <div class=\"sxc-reason-why-item__b2c-wp\">\n        <div class=\"sxc-reason-why-item__b2c-wp__b2c\"><img src='\/wp-content\/themes\/sixt\/images\/check-mark-black.svg' class='check-mark' alt='' width='20' height='15'>        <\/div>\n    <\/div>\n<\/div>\n<div class=\"sxc-reason-why-item\">\n    <div class=\"sxc-reason-why-item__heading\">ASESORAMIENTO DE MOVILIDAD <\/div>\n    <div class=\"sxc-reason-why-item__b2b-wp\">\n        <div class=\"sxc-reason-why-item__b2b-wp__b2b\"><img src='\/wp-content\/themes\/sixt\/images\/check-mark-black.svg' class='check-mark' alt='' width='20' height='15'>        <\/div>\n    <\/div>\n    <div class=\"sxc-reason-why-item__b2c-wp\">\n        <div class=\"sxc-reason-why-item__b2c-wp__b2c\"><img src='\/wp-content\/themes\/sixt\/images\/cross-black.svg' class='cross' alt='' width='14' height='14'>        <\/div>\n    <\/div>\n<\/div>\n<div class=\"sxc-reason-why-item\">\n    <div class=\"sxc-reason-why-item__heading\">ACCOUNT MANAGER PERSONAL <\/div>\n    <div class=\"sxc-reason-why-item__b2b-wp\">\n        <div class=\"sxc-reason-why-item__b2b-wp__b2b\"><img src='\/wp-content\/themes\/sixt\/images\/check-mark-black.svg' class='check-mark' alt='' width='20' height='15'>        <\/div>\n    <\/div>\n    <div class=\"sxc-reason-why-item__b2c-wp\">\n        <div class=\"sxc-reason-why-item__b2c-wp__b2c\"><img src='\/wp-content\/themes\/sixt\/images\/cross-black.svg' class='cross' alt='' width='14' height='14'>        <\/div>\n    <\/div>\n<\/div>\n<div class=\"sxc-reason-why-item\">\n    <div class=\"sxc-reason-why-item__heading\">HASTA EL 15 POR CIENTO DE DESCUENTO <\/div>\n    <div class=\"sxc-reason-why-item__b2b-wp\">\n        <div class=\"sxc-reason-why-item__b2b-wp__b2b\"><img src='\/wp-content\/themes\/sixt\/images\/check-mark-black.svg' class='check-mark' alt='' width='20' height='15'>        <\/div>\n    <\/div>\n    <div class=\"sxc-reason-why-item__b2c-wp\">\n        <div class=\"sxc-reason-why-item__b2c-wp__b2c\"><img src='\/wp-content\/themes\/sixt\/images\/cross-black.svg' class='cross' alt='' width='14' height='14'>        <\/div>\n    <\/div>\n<\/div>\n<div class=\"sxc-reason-why-item\">\n    <div class=\"sxc-reason-why-item__heading\">ACUERDO DE TARIFAS FIJAS <\/div>\n    <div class=\"sxc-reason-why-item__b2b-wp\">\n        <div class=\"sxc-reason-why-item__b2b-wp__b2b\"><img src='\/wp-content\/themes\/sixt\/images\/check-mark-black.svg' class='check-mark' alt='' width='20' height='15'>        <\/div>\n    <\/div>\n    <div class=\"sxc-reason-why-item__b2c-wp\">\n        <div class=\"sxc-reason-why-item__b2c-wp__b2c\"><img src='\/wp-content\/themes\/sixt\/images\/cross-black.svg' class='cross' alt='' width='14' height='14'>        <\/div>\n    <\/div>\n<\/div>\n<div class=\"sxc-reason-why-item\">\n    <div class=\"sxc-reason-why-item__heading\">PAGO A CUENTA Y AIRPLUS <\/div>\n    <div class=\"sxc-reason-why-item__b2b-wp\">\n        <div class=\"sxc-reason-why-item__b2b-wp__b2b\"><img src='\/wp-content\/themes\/sixt\/images\/check-mark-black.svg' class='check-mark' alt='' width='20' height='15'>        <\/div>\n    <\/div>\n    <div class=\"sxc-reason-why-item__b2c-wp\">\n        <div class=\"sxc-reason-why-item__b2c-wp__b2c\"><img src='\/wp-content\/themes\/sixt\/images\/cross-black.svg' class='cross' alt='' width='14' height='14'>        <\/div>\n    <\/div>\n<\/div>\n<div class=\"sxc-reason-why-item\">\n    <div class=\"sxc-reason-why-item__heading\">SERVICIOS Y PRODUCTOS ADICIONALES <\/div>\n    <div class=\"sxc-reason-why-item__b2b-wp\">\n        <div class=\"sxc-reason-why-item__b2b-wp__b2b\"><img src='\/wp-content\/themes\/sixt\/images\/check-mark-black.svg' class='check-mark' alt='' width='20' height='15'>        <\/div>\n    <\/div>\n    <div class=\"sxc-reason-why-item__b2c-wp\">\n        <div class=\"sxc-reason-why-item__b2c-wp__b2c\"><img src='\/wp-content\/themes\/sixt\/images\/cross-black.svg' class='cross' alt='' width='14' height='14'>        <\/div>\n    <\/div>\n<\/div>\n<div class=\"sxc-reason-why-item\">\n    <div class=\"sxc-reason-why-item__heading\">RESERVAS POR Y PARA OTROS <\/div>\n    <div class=\"sxc-reason-why-item__b2b-wp\">\n        <div class=\"sxc-reason-why-item__b2b-wp__b2b\"><img src='\/wp-content\/themes\/sixt\/images\/check-mark-black.svg' class='check-mark' alt='' width='20' height='15'>        <\/div>\n    <\/div>\n    <div class=\"sxc-reason-why-item__b2c-wp\">\n        <div class=\"sxc-reason-why-item__b2c-wp__b2c\"><img src='\/wp-content\/themes\/sixt\/images\/cross-black.svg' class='cross' alt='' width='14' height='14'>        <\/div>\n    <\/div>\n<\/div>\n<div class=\"sxc-reason-why-item\">\n    <div class=\"sxc-reason-why-item__heading\">CONEXI\u00d3N A SISTEMAS DE RESERVA <\/div>\n    <div class=\"sxc-reason-why-item__b2b-wp\">\n        <div class=\"sxc-reason-why-item__b2b-wp__b2b\"><img src='\/wp-content\/themes\/sixt\/images\/check-mark-black.svg' class='check-mark' alt='' width='20' height='15'>        <\/div>\n    <\/div>\n    <div class=\"sxc-reason-why-item__b2c-wp\">\n        <div class=\"sxc-reason-why-item__b2c-wp__b2c\"><img src='\/wp-content\/themes\/sixt\/images\/cross-black.svg' class='cross' alt='' width='14' height='14'>        <\/div>\n    <\/div>\n<\/div>\n<div class=\"sxc-reason-why-item\">\n    <div class=\"sxc-reason-why-item__heading\">HERRAMIENTA DE ADMINISTRACI\u00d3N <\/div>\n    <div class=\"sxc-reason-why-item__b2b-wp\">\n        <div class=\"sxc-reason-why-item__b2b-wp__b2b\"><img src='\/wp-content\/themes\/sixt\/images\/check-mark-black.svg' class='check-mark' alt='' width='20' height='15'>        <\/div>\n    <\/div>\n    <div class=\"sxc-reason-why-item__b2c-wp\">\n        <div class=\"sxc-reason-why-item__b2c-wp__b2c\"><img src='\/wp-content\/themes\/sixt\/images\/cross-black.svg' class='cross' alt='' width='14' height='14'>        <\/div>\n    <\/div>\n<\/div>\n        <div class=\"sxc-reason-why-item\">\n            <div class=\"sxc-reason-why-item__heading\"><\/div>\n            <div class=\"sxc-reason-why-item__b2b-wp last\">\n                <div class=\"sxc-reason-why-item__b2b-wp__b2b\">\n\t\t\t\t\t                        <div class=\"sxc-reason-why__cta\">\n                            <a href=\"https:\/\/corporate-signup.sixt.com\/?lang=es&amp;country_code=es\"\n                               class=\"sxc-cta sxc-cta--dark\">\n\t\t\t\t\t\t\t\tReg\u00edstrate                            <\/a>\n                        <\/div>\n\t\t\t\t\t                <\/div>\n            <\/div>\n            <div class=\"sxc-reason-why-item__b2c-wp last\">\n                <div class=\"sxc-reason-why-item__b2c-wp__b2c\"><\/div>\n            <\/div>\n        <\/div>\n    <\/div>\n<\/div>\n<div class=\"sxc-hdiw-scroller-wrapper wbq_add_params_on_clickout\">\n    <div class=\"sxc-hdiw-scroller\">\n        <div class=\"sxc-hdiw-scroller__text-wp\">\n            <div class=\"sxc-hdiw-scroller__text\">\n\t\t\t\t<h2 class=\"sxc-hdiw-scroller__text__title\">C\u00f3mo registrarse <\/h2>                <div class=\"sxc-hdiw-scroller__text__overview\">Reg\u00edstrate en l\u00ednea en unos pocos pasos. Solicita de forma sencilla y gratuita tu oferta a medida. Confirma la oferta que deseas y recoge tu autom\u00f3vil al momento.<\/div>\n            <\/div>\n        <\/div>\n        <ol class=\"sxc-hdiw-scroller__inner\">\n\t\t\t\n<li class=\"sxc-hdiw-scroller-item-list-item show-on-scroll\">\n    <div class=\"sxc-hdiw-scroller-item\">\n\t\t<h3 class=\"sxc-hdiw-scroller-item__headline\">Necesidades <\/h3>        <div class=\"sxc-hdiw-scroller-item__overview\">Determinaci\u00f3n sencilla de las necesidades de alquiler online. Ya sea un alquiler diario o una soluci\u00f3n permanente, SIXT tiene una soluci\u00f3n a medida.<\/div>\n        <div class=\"sxc-hdiw-scroller-item__icon\">\n\t\t\t                <img src=\"https:\/\/corporate.sixt.com\/es-es\/wp-content\/uploads\/sites\/9\/2021\/07\/sixt.com-por-que-sixt-business-mask-group-1.svg\" alt=\"Necesidades \">\n\t\t\t        <\/div>\n        <img class=\"sxc-hdiw-scroller-item__arrow\" src=\"\/wp-content\/themes\/sixt\/images\/arrow-down-black.svg\" width=\"14\"\n             height=\"8\" alt=\"\">\n    <\/div>\n<\/li>\n<li class=\"sxc-hdiw-scroller-item-list-item show-on-scroll\">\n    <div class=\"sxc-hdiw-scroller-item\">\n\t\t<h3 class=\"sxc-hdiw-scroller-item__headline\">Ofertas <\/h3>        <div class=\"sxc-hdiw-scroller-item__overview\">En SIXT creamos una oferta personalizada a partir de las necesidades de nuestros clientes. Contacta con un especialista de soporte en caso de que necesites algo.<\/div>\n        <div class=\"sxc-hdiw-scroller-item__icon\">\n\t\t\t                <img src=\"https:\/\/corporate.sixt.com\/es-es\/wp-content\/uploads\/sites\/9\/2021\/07\/sixt.com-por-que-sixt-business-mask-group-1-1.svg\" alt=\"Ofertas \">\n\t\t\t        <\/div>\n        <img class=\"sxc-hdiw-scroller-item__arrow\" src=\"\/wp-content\/themes\/sixt\/images\/arrow-down-black.svg\" width=\"14\"\n             height=\"8\" alt=\"\">\n    <\/div>\n<\/li>\n<li class=\"sxc-hdiw-scroller-item-list-item show-on-scroll\">\n    <div class=\"sxc-hdiw-scroller-item\">\n\t\t<h3 class=\"sxc-hdiw-scroller-item__headline\">Login <\/h3>        <div class=\"sxc-hdiw-scroller-item__overview\">Una vez confirmada la oferta, puedes aprovechar las ventajas de tu cuenta SIXT Y reservar inmediatamente tu coche a trav\u00e9s de la p\u00e1gina web o de la app.<\/div>\n        <div class=\"sxc-hdiw-scroller-item__icon\">\n\t\t\t                <img src=\"https:\/\/corporate.sixt.com\/es-es\/wp-content\/uploads\/sites\/9\/2021\/07\/sixt.com-por-que-sixt-business-mask-group-key.svg\" alt=\"Login \">\n\t\t\t        <\/div>\n        <img class=\"sxc-hdiw-scroller-item__arrow\" src=\"\/wp-content\/themes\/sixt\/images\/arrow-down-black.svg\" width=\"14\"\n             height=\"8\" alt=\"\">\n    <\/div>\n<\/li>\n        <\/ol>\n        <div class=\"sxc-hdiw-scroller__bottom-link show-on-scroll\">\n            <img class=\"sxc-hdiw-scroller__bottom-link__icon\"\n                 src=\"\/wp-content\/themes\/sixt\/images\/check-mark-black.svg\"\n                 alt=\"\" width=\"29\" height=\"23\">\n\t\t\t<div class=\"sxc-hdiw-scroller__bottom-link__text\">Reg\u00edstrate gratis y sin compromiso<\/div>            <div class=\"sxc-hdiw-scroller__cta\">\n                <a href=\"https:\/\/corporate-signup.sixt.com\/?lang=es&amp;country_code=es\"\n                   class=\"sxc-cta sxc-cta--dark\">\n\t\t\t\t\tContinuar                <\/a>\n            <\/div>\n        <\/div>\n    <\/div>\n<\/div>\n<script>\n  window.addEventListener('load', () => {\n    new SxcHdiwScroller(\".sxc-hdiw-scroller\");\n  });\n<\/script>\n","protected":false},"excerpt":{"rendered":"","protected":false},"author":48,"featured_media":0,"parent":0,"menu_order":0,"comment_status":"closed","ping_status":"closed","template":"","meta":[],"categories":[],"tags":[],"yst_prominent_words":[],"_links":{"self":[{"href":"https:\/\/corporate.sixt.com\/es-es\/wp-json\/wp\/v2\/pages\/3608"}],"collection":[{"href":"https:\/\/corporate.sixt.com\/es-es\/wp-json\/wp\/v2\/pages"}],"about":[{"href":"https:\/\/corporate.sixt.com\/es-es\/wp-json\/wp\/v2\/types\/page"}],"author":[{"embeddable":true,"href":"https:\/\/corporate.sixt.com\/es-es\/wp-json\/wp\/v2\/users\/48"}],"replies":[{"embeddable":true,"href":"https:\/\/corporate.sixt.com\/es-es\/wp-json\/wp\/v2\/comments?post=3608"}],"version-history":[{"count":0,"href":"https:\/\/corporate.sixt.com\/es-es\/wp-json\/wp\/v2\/pages\/3608\/revisions"}],"wp:attachment":[{"href":"https:\/\/corporate.sixt.com\/es-es\/wp-json\/wp\/v2\/media?parent=3608"}],"wp:term":[{"taxonomy":"category","embeddable":true,"href":"https:\/\/corporate.sixt.com\/es-es\/wp-json\/wp\/v2\/categories?post=3608"},{"taxonomy":"post_tag","embeddable":true,"href":"https:\/\/corporate.sixt.com\/es-es\/wp-json\/wp\/v2\/tags?post=3608"},{"taxonomy":"yst_prominent_words","embeddable":true,"href":"https:\/\/corporate.sixt.com\/es-es\/wp-json\/wp\/v2\/yst_prominent_words?post=3608"}],"curies":[{"name":"wp","href":"https:\/\/api.w.org\/{rel}","templated":true}]}}