{"id":17181,"date":"2025-05-13T13:59:11","date_gmt":"2025-05-13T11:59:11","guid":{"rendered":"https:\/\/sixtcorpstage.wpengine.com\/de-de\/?page_id=17181"},"modified":"2025-07-25T12:00:41","modified_gmt":"2025-07-25T10:00:41","slug":"sixt-leasing","status":"publish","type":"page","link":"https:\/\/corporate.sixt.com\/de-de\/sixt-leasing\/","title":{"rendered":"SEA_Sixt-Leasing"},"content":{"rendered":"<div class=\"sxc-hero wbq_add_params_on_clickout\">\n    <img class=\"sxc-hero__image\" src=\"https:\/\/corporate.sixt.com\/de-de\/wp-content\/uploads\/sites\/10\/2023\/06\/sixt.com-sixt-sixt-plus-header.jpg\"\n         alt=\"Leasing und Auto Abo im Vergleich\">\n    <div class=\"sxc-hero__inner\">\n\t\t<h1 class=\"sxc-hero__inner__headline\">Leasing und Auto Abo im Vergleich<\/h1>        <div class=\"sxc-hero__inner__overview\">Sharing ist caring \u2013 immer weniger kaufen ein Auto, hohe Anschaffungskosten und Wertverlust sprechen gegen Besitz. Zeitschriften waren schon immer im Abo, Fernsehen inzwischen auch \u2013 warum nicht auch ein Auto Abo f\u00fcr die Firma? Auto nutzen statt Auto besitzen ist das Motto der n\u00e4chsten Generation. Ist ein Auto Abo ein all-inclusive Leasing oder gibt es andere Unterschiede?<\/div>\n    <\/div>\n\t<\/div>\n<div  class='hr av-11bj4tr-0750d7b2ad4f9518a0dd85023d53d496 hr-default  avia-builder-el-1  el_after_sxc_hero  el_before_av_buttonrow  avia-builder-el-first  '><span class='hr-inner '><span class=\"hr-inner-style\"><\/span><\/span><\/div>\n<div  class='avia-buttonrow-wrap av-m8q1w388-2d2619e59354a8d188ecb9a1395ce24b avia-buttonrow-center  avia-builder-el-2  el_after_av_hr  el_before_av_hr  wbq_add_params_on_clickout invalid-custom-class-found '>\n\n<style type=\"text\/css\" id=\"style-css-av-m8q1vhy6-75563c7e15ce39ad53e324d2f1105d70\">\n#top .avia-button.av-m8q1vhy6-75563c7e15ce39ad53e324d2f1105d70{\nbackground-color:#ff5f00;\nborder-color:#ff5f00;\ncolor:#ffffff;\nborder-style:none;\ntransition:all 0.4s ease-in-out;\n-webkit-transition:all 0.4s ease-in-out;\n-moz-transition:all 0.4s ease-in-out;\n-ms-transition:all 0.4s ease-in-out;\n-o-transition:all 0.4s ease-in-out;\nmargin-bottom:5px;\nmargin-right:3px;\nmargin-left:3px;\n}\n#top .avia-button.av-m8q1vhy6-75563c7e15ce39ad53e324d2f1105d70:hover{\nbackground-color:#ff5f00;\ncolor:#ffffff;\ntransition:all 0.4s ease-in-out;\n-webkit-transition:all 0.4s ease-in-out;\n-moz-transition:all 0.4s ease-in-out;\n-ms-transition:all 0.4s ease-in-out;\n-o-transition:all 0.4s ease-in-out;\n}\n<\/style>\n<a href='https:\/\/corporate-signup.sixt.com\/?lang=de&amp;country_code=de&amp;product_type=sixt_plus'  class='avia-button av-m8q1vhy6-75563c7e15ce39ad53e324d2f1105d70 avia-icon_select-no avia-size-small'  ><span class='avia_iconbox_title' >Jetzt als Firmenkunde registrieren<\/span><\/a>\n\n<style type=\"text\/css\" id=\"style-css-av-m8q1vnb7-677750f3dd7525588135910cc69607da\">\n#top .avia-button.av-m8q1vnb7-677750f3dd7525588135910cc69607da{\nbackground-color:#939393;\nborder-color:#939393;\ncolor:#ffffff;\nborder-style:none;\nbox-shadow:none;\n-webkit-box-shadow:none;\n-moz-box-shadow:none;\ntransition:all 0.4s ease-in-out;\n-webkit-transition:all 0.4s ease-in-out;\n-moz-transition:all 0.4s ease-in-out;\n-ms-transition:all 0.4s ease-in-out;\n-o-transition:all 0.4s ease-in-out;\nmargin-bottom:5px;\nmargin-right:3px;\nmargin-left:3px;\n}\n#top .avia-button.av-m8q1vnb7-677750f3dd7525588135910cc69607da:hover{\nbackground-color:#8e8e8e;\ncolor:#ffffff;\ntransition:all 0.4s ease-in-out;\n-webkit-transition:all 0.4s ease-in-out;\n-moz-transition:all 0.4s ease-in-out;\n-ms-transition:all 0.4s ease-in-out;\n-o-transition:all 0.4s ease-in-out;\n}\n<\/style>\n<a href='https:\/\/www.sixt.de\/plus\/?utm_source=corporate.sixt.com&amp;utm_medium=b2b-website-referral&amp;utm_campaign=DE_DE_btoc_PLUS-B2C-CTA_SP_LT_GER&amp;utm_content=CTA&amp;utm_term=b2b_ref'  class='avia-button av-m8q1vnb7-677750f3dd7525588135910cc69607da avia-icon_select-no avia-size-small'  ><span class='avia_iconbox_title' >F\u00fcr Privatkunden<\/span><\/a>\n<\/div>\n<div  class='hr av-vim4nj-d98ed59f50822381f2c0204bc382a7c4 hr-default  avia-builder-el-3  el_after_av_buttonrow  el_before_av_one_full  '><span class='hr-inner '><span class=\"hr-inner-style\"><\/span><\/span><\/div>\n\n<style type=\"text\/css\" id=\"style-css-av-b72cmhp-ddb1af18c2c1a03d436da595b38c6dd3\">\n#top .flex_column.av-b72cmhp-ddb1af18c2c1a03d436da595b38c6dd3{\nborder-radius:0px;\n-webkit-border-radius:0px;\n-moz-border-radius:0px;\npadding:0px;\n}\n<\/style>\n<div class='flex_column av-b72cmhp-ddb1af18c2c1a03d436da595b38c6dd3 av_one_full  avia-builder-el-4  el_after_av_hr  el_before_av_hr  first flex_column_div av-zero-column-padding '   ><section class=\"av_textblock_section \"  itemscope=\"itemscope\" itemtype=\"https:\/\/schema.org\/CreativeWork\" ><div class='avia_textblock  '   itemprop=\"text\" ><h3 class=\"sc-1609ze3-0 jVRzgF\">Ist ein Firmen Auto Abo f\u00fcr Unternehmen sinnvoller als Firmenleasing?<\/h3>\n<p>Auto Abo ist nur ein Leasing 2.0? Denken viele, Gemeinsamkeiten sind vorhanden, aber es gibt auch viele Unterschiede. Was ist drin in den Paketen?<\/p>\n<p>Gr\u00f6\u00dfter Unterschied ist die Flexibilit\u00e4t. Das\u00a0Firmen Auto Abo\u00a0hat flexible Laufzeiten und ist theoretisch unbegrenzt m\u00f6glich. Also: vom Mitarbeiter in Probezeit bis alteingesessenem Produktionsleiter f\u00fcr jeden etwas dabei.<\/p>\n<p>Das klassische Firmenleasing l\u00e4uft meist \u00fcber einen Zeitraum von 12 Monaten bis zu 5 Jahren. Regelfall sind allerdings eher ab 24 Monate, da eine k\u00fcrzere Laufzeit die Leasingrate anhebt, welche sich am Wertverlust des Leasing Autos orientiert. Auch eine vorzeitige Beendigung ist nicht ohne: oft erreichen die Auszahlungskosten fast die H\u00f6he der verbleibenden Raten. Untervermietung ist riskant, Leasing\u00fcbernahme durch einen Dritten oft nicht einfach. Beim Auto Abo f\u00fcr Unternehmen, Firmen, Freiberufler und Co mit seiner kleineren Laufzeit gibt es K\u00fcndigungsm\u00f6glichkeiten, die nicht in einer vierstelligen Abschlussrechnung enden.<\/p>\n<p>SIXT Tipp: Sonderzahlung anschauen, ist die Rate niedrig, k\u00f6nnte sich hier eine Kostenfalle verstecken. Hier ist der n\u00e4chste Punkt: die Kosten. Beim Leasing fallen f\u00fcr \u00dcberf\u00fchrung und Zulassung Kosten an. Bei unserem Auto Abo f\u00fcr Firmenwagen holen Sie sich Ihr Auto an einer der vielen Stationen in der N\u00e4he ab. Das spart Geld. Und die Zulassung, Versicherung und KFZ-Steuer ist in der Monatsrate enthalten. Klare Kostentransparenz beim Auto Abo, beim Leasing gibt es (versteckte) Zuatzkosten.<\/p>\n<\/div><\/section><br \/>\n<div  class='avia-table av-aorqx3x-ed1c77beedde9c23f9216cc24739b71d main_color avia-pricing-table-container avia_pricing_default  avia-builder-el-6  el_after_av_textblock  avia-builder-el-last  avia-table-1 '  itemscope=\"itemscope\" itemtype=\"https:\/\/schema.org\/Table\" ><div class=\"pricing-table-wrap\"><ul class='pricing-table '><li class='avia-heading-row'><div class='first-table-item'>SIXT Auto Abo<\/div><span class='pricing-extra'><\/span><\/li><li class=''>kurze Laufzeit beim Firmen Auto Abo, flexibel<\/li><li class=''>keine Schlussrate nach Vertragsende<\/p>\n<p><\/li><li class=''>Monatsrate all-inklusive<\/li><li class=''>Auto direkt bei der SIXT auto abo Station abholen<\/li><li class=''>Wartung und Inspektion inklusive<\/p>\n<p><\/li><li class=''>kein Besitz, kein Wertverlust<\/p>\n<p><\/li><\/ul><\/div><div class=\"pricing-table-wrap\"><ul class='pricing-table '><li class='avia-heading-row'><div class='first-table-item'>Klassisches Leasing<\/div><span class='pricing-extra'><\/span><\/li><li class=''>lange, starre Laufzeit beim Firmenleasing<\/p>\n<p><\/li><li class=''>Schlussrate<\/li><li class=''>Zusatzkosten wie Versicherung, KFZ-Steuer<\/p>\n<p><\/li><li class=''>\u00dcberf\u00fchrungskosten ab Werk<\/p>\n<p><\/li><li class=''>Wartungs- und Inspektionskosten<\/p>\n<p><\/li><li class=''>Restwert<\/li><\/ul><\/div><\/div><\/p><\/div>\n<div  class='hr av-rgbxgd-776f78a3bcff1841c1ed5414f8797513 hr-default  avia-builder-el-7  el_after_av_one_full  el_before_av_buttonrow  '><span class='hr-inner '><span class=\"hr-inner-style\"><\/span><\/span><\/div>\n<div  class='avia-buttonrow-wrap av-m8wviq7i-2b7dc770dfa82d4c06be3a9aaa64ea40 avia-buttonrow-center  avia-builder-el-8  el_after_av_hr  el_before_av_hr  wbq_add_params_on_clickout invalid-custom-class-found '>\n\n<style type=\"text\/css\" id=\"style-css-av-12bm033-a43097c481f463e8cea8cdccb20102ba\">\n#top .avia-button.av-12bm033-a43097c481f463e8cea8cdccb20102ba{\nbackground-color:#ff5f00;\nborder-color:#ff5f00;\ncolor:#ffffff;\nborder-style:none;\ntransition:all 0.4s ease-in-out;\n-webkit-transition:all 0.4s ease-in-out;\n-moz-transition:all 0.4s ease-in-out;\n-ms-transition:all 0.4s ease-in-out;\n-o-transition:all 0.4s ease-in-out;\nmargin-bottom:5px;\nmargin-right:3px;\nmargin-left:3px;\n}\n#top .avia-button.av-12bm033-a43097c481f463e8cea8cdccb20102ba:hover{\nbackground-color:#ff5f00;\ncolor:#ffffff;\ntransition:all 0.4s ease-in-out;\n-webkit-transition:all 0.4s ease-in-out;\n-moz-transition:all 0.4s ease-in-out;\n-ms-transition:all 0.4s ease-in-out;\n-o-transition:all 0.4s ease-in-out;\n}\n<\/style>\n<a href='https:\/\/corporate-signup.sixt.com\/?lang=de&amp;country_code=de&amp;product_type=sixt_plus'  class='avia-button av-12bm033-a43097c481f463e8cea8cdccb20102ba avia-icon_select-no avia-size-small'  ><span class='avia_iconbox_title' >Jetzt als Firmenkunde registrieren<\/span><\/a>\n\n<style type=\"text\/css\" id=\"style-css-av-2r76i7-4298c18424519c7619096986cd81872d\">\n#top .avia-button.av-2r76i7-4298c18424519c7619096986cd81872d{\nbackground-color:#939393;\nborder-color:#939393;\ncolor:#ffffff;\nborder-style:none;\nbox-shadow:none;\n-webkit-box-shadow:none;\n-moz-box-shadow:none;\ntransition:all 0.4s ease-in-out;\n-webkit-transition:all 0.4s ease-in-out;\n-moz-transition:all 0.4s ease-in-out;\n-ms-transition:all 0.4s ease-in-out;\n-o-transition:all 0.4s ease-in-out;\nmargin-bottom:5px;\nmargin-right:3px;\nmargin-left:3px;\n}\n#top .avia-button.av-2r76i7-4298c18424519c7619096986cd81872d:hover{\nbackground-color:#8e8e8e;\ncolor:#ffffff;\ntransition:all 0.4s ease-in-out;\n-webkit-transition:all 0.4s ease-in-out;\n-moz-transition:all 0.4s ease-in-out;\n-ms-transition:all 0.4s ease-in-out;\n-o-transition:all 0.4s ease-in-out;\n}\n<\/style>\n<a href='https:\/\/www.sixt.de\/plus\/?utm_source=corporate.sixt.com&amp;utm_medium=b2b-website-referral&amp;utm_campaign=DE_DE_btoc_PLUS-B2C-CTA_SP_LT_GER&amp;utm_content=CTA&amp;utm_term=b2b_ref'  class='avia-button av-2r76i7-4298c18424519c7619096986cd81872d avia-icon_select-no avia-size-small'  ><span class='avia_iconbox_title' >F\u00fcr Privatkunden<\/span><\/a>\n<\/div>\n<div  class='hr av-19kokun-8cd1835673ec7f0297531047c40f51cd hr-default  avia-builder-el-9  el_after_av_buttonrow  el_before_sxc_advantages  avia-builder-el-last  '><span class='hr-inner '><span class=\"hr-inner-style\"><\/span><\/span><\/div>\n    <div class=\"sxc-advantages sxc-advantages--white sxc-advantages--layout-four sxc-advantages--headline-default\">\n\t\t\t\t<h2 class=\"sxc-advantages__headline\">DIE VORTEILE F\u00dcR ENTSCHEIDER UND FAHRER<\/h2>\t\t            <div class=\"sxc-advantages__tabs\">\n\t\t\t\t                    <div class=\"sxc-advantages__tabs__tab sxc-cta\">Entscheider<\/div>\n\t\t\t\t                    <div class=\"sxc-advantages__tabs__tab sxc-cta\">Fahrer<\/div>\n\t\t\t\t            <\/div>\n\t\t        <div class=\"sxc-advantages__inner\">\n    <div class=\"sxc-advantages-item hidden\" data-tab=\"1\">\n\t\t\t\t\t<h3 class=\"sxc-advantages-item__headline\">H\u00d6CHSTE FLEXIBILIT\u00c4T<\/h3>\t\t\t\t            <div class=\"sxc-advantages-item__list\">\n                <div class=\"sxc-advantages-item__list__toggler\">Mehr Infos<\/div>\n                <div class=\"sxc-advantages-item__list__inner\">\n\t\t\t\t\t                        <div class=\"sxc-advantages-item__list__inner__element\">Auf ver\u00e4nderten Mobilit\u00e4tsbedarf reagieren<\/div>\n\t\t\t\t\t                        <div class=\"sxc-advantages-item__list__inner__element\">Ab 1 Monat Laufzeit<\/div>\n\t\t\t\t\t                        <div class=\"sxc-advantages-item__list__inner__element\">Monatlich k\u00fcndbar<\/div>\n\t\t\t\t\t                        <div class=\"sxc-advantages-item__list__inner__element\">Kein Warten, kurzfristig abholen!<\/div>\n\t\t\t\t\t                <\/div>\n            <\/div>\n\t\t\t\t\t\t    <\/div>\n\n    <div class=\"sxc-advantages-item hidden\" data-tab=\"1\">\n\t\t\t\t\t<h3 class=\"sxc-advantages-item__headline\">VOLLE KOSTENKONTROLLE<\/h3>\t\t\t\t            <div class=\"sxc-advantages-item__list\">\n                <div class=\"sxc-advantages-item__list__toggler\">Mehr Infos<\/div>\n                <div class=\"sxc-advantages-item__list__inner\">\n\t\t\t\t\t                        <div class=\"sxc-advantages-item__list__inner__element\">Alles-inklusive in der fixen Monatsrate*<\/div>\n\t\t\t\t\t                        <div class=\"sxc-advantages-item__list__inner__element\">Geringer Kapitaleinsatz<\/div>\n\t\t\t\t\t                        <div class=\"sxc-advantages-item__list__inner__element\">Feste Rate schafft solide Finanzplanung<\/div>\n\t\t\t\t\t                        <div class=\"sxc-advantages-item__list__inner__element\">Monatlich anpassen bei \u00c4nderungen<\/div>\n\t\t\t\t\t                <\/div>\n            <\/div>\n\t\t\t\t\t\t    <\/div>\n\n    <div class=\"sxc-advantages-item hidden\" data-tab=\"1\">\n\t\t\t\t\t<h3 class=\"sxc-advantages-item__headline\">ZUFRIEDENE KOLLEGEN<\/h3>\t\t\t\t            <div class=\"sxc-advantages-item__list\">\n                <div class=\"sxc-advantages-item__list__toggler\">Mehr Infos<\/div>\n                <div class=\"sxc-advantages-item__list__inner\">\n\t\t\t\t\t                        <div class=\"sxc-advantages-item__list__inner__element\">Einfache Prozesse und Verwaltung<\/div>\n\t\t\t\t\t                        <div class=\"sxc-advantages-item__list__inner__element\">Dienstwagenrichtlinie flexibler gestalten (z.B. statt max. Audi A3 jetzt \u00bd Jahr VW Polo, \u00bd Jahr BMW X4)<\/div>\n\t\t\t\t\t                        <div class=\"sxc-advantages-item__list__inner__element\">Bilanzneutrale Fahrzeuge trotz IFRS 16<\/div>\n\t\t\t\t\t                <\/div>\n            <\/div>\n\t\t\t\t\t\t    <\/div>\n\n    <div class=\"sxc-advantages-item hidden\" data-tab=\"1\">\n\t\t\t\t\t<h3 class=\"sxc-advantages-item__headline\">GERINGERER AUFWAND<\/h3>\t\t\t\t            <div class=\"sxc-advantages-item__list\">\n                <div class=\"sxc-advantages-item__list__toggler\">Mehr Infos<\/div>\n                <div class=\"sxc-advantages-item__list__inner\">\n\t\t\t\t\t                        <div class=\"sxc-advantages-item__list__inner__element\">Weniger Verhandlungen mit Herstellern, H\u00e4ndlern und Leasinggebern<\/div>\n\t\t\t\t\t                        <div class=\"sxc-advantages-item__list__inner__element\">Unkomplizierter Vertragsabschluss<\/div>\n\t\t\t\t\t                        <div class=\"sxc-advantages-item__list__inner__element\">Einfache Administration dank SIXT Business Account<\/div>\n\t\t\t\t\t                        <div class=\"sxc-advantages-item__list__inner__element\">Alles in einer Abrechnungs\u00fcbersicht<\/div>\n\t\t\t\t\t                <\/div>\n            <\/div>\n\t\t\t\t\t\t    <\/div>\n\n    <div class=\"sxc-advantages-item hidden\" data-tab=\"2\">\n\t\t\t\t\t<h3 class=\"sxc-advantages-item__headline\">MAXIMALE ANPASSUNGSF\u00c4HIGKEIT<\/h3>\t\t\t\t            <div class=\"sxc-advantages-item__list\">\n                <div class=\"sxc-advantages-item__list__toggler\">Mehr Infos<\/div>\n                <div class=\"sxc-advantages-item__list__inner\">\n\t\t\t\t\t                        <div class=\"sxc-advantages-item__list__inner__element\">Abo passt sich der Lebenssituation an<\/div>\n\t\t\t\t\t                        <div class=\"sxc-advantages-item__list__inner__element\">Modellwechsel innerhalb eines Monats<\/div>\n\t\t\t\t\t                        <div class=\"sxc-advantages-item__list__inner__element\">Ohne lange Wartezeit sofort starten<\/div>\n\t\t\t\t\t                <\/div>\n            <\/div>\n\t\t\t\t\t\t    <\/div>\n\n    <div class=\"sxc-advantages-item hidden\" data-tab=\"2\">\n\t\t\t\t\t<h3 class=\"sxc-advantages-item__headline\">BEDARFSGERECHTE KOSTENSITUATION<\/h3>\t\t\t\t            <div class=\"sxc-advantages-item__list\">\n                <div class=\"sxc-advantages-item__list__toggler\">Mehr Infos<\/div>\n                <div class=\"sxc-advantages-item__list__inner\">\n\t\t\t\t\t                        <div class=\"sxc-advantages-item__list__inner__element\">Keine lange Bindung an ein bestimmtes Fahrzeugmodell<\/div>\n\t\t\t\t\t                        <div class=\"sxc-advantages-item__list__inner__element\">Versteuerungsbasis mit Fahrzeugklasse anpassbar<\/div>\n\t\t\t\t\t                        <div class=\"sxc-advantages-item__list__inner__element\">Innerhalb eines Monats k\u00fcndigen und Kosten eliminieren<\/div>\n\t\t\t\t\t                <\/div>\n            <\/div>\n\t\t\t\t\t\t    <\/div>\n\n    <div class=\"sxc-advantages-item hidden\" data-tab=\"2\">\n\t\t\t\t\t<h3 class=\"sxc-advantages-item__headline\">MINIMALER AUFWAND<\/h3>\t\t\t\t            <div class=\"sxc-advantages-item__list\">\n                <div class=\"sxc-advantages-item__list__toggler\">Mehr Infos<\/div>\n                <div class=\"sxc-advantages-item__list__inner\">\n\t\t\t\t\t                        <div class=\"sxc-advantages-item__list__inner__element\">Keine Verwaltung bei Beh\u00f6rden, Versicherung und GEZ<\/div>\n\t\t\t\t\t                        <div class=\"sxc-advantages-item__list__inner__element\">Keine Wartung (Reifenwechsel, Inspektion)<\/div>\n\t\t\t\t\t                        <div class=\"sxc-advantages-item__list__inner__element\">Mobilit\u00e4tsgarantie zubuchbar f\u00fcr Autotausch bei Schaden<\/div>\n\t\t\t\t\t                <\/div>\n            <\/div>\n\t\t\t\t\t\t    <\/div>\n\n    <div class=\"sxc-advantages-item hidden\" data-tab=\"2\">\n\t\t\t\t\t<h3 class=\"sxc-advantages-item__headline\">BESTES FAHRERLEBNIS<\/h3>\t\t\t\t            <div class=\"sxc-advantages-item__list\">\n                <div class=\"sxc-advantages-item__list__toggler\">Mehr Infos<\/div>\n                <div class=\"sxc-advantages-item__list__inner\">\n\t\t\t\t\t                        <div class=\"sxc-advantages-item__list__inner__element\">Neues Premiumauto nach maximal 6 Monaten<\/div>\n\t\t\t\t\t                        <div class=\"sxc-advantages-item__list__inner__element\">Sicherheitsstandards und Technologien immer auf dem aktuellesten Stand<\/div>\n\t\t\t\t\t                        <div class=\"sxc-advantages-item__list__inner__element\">Neufahrzeug versteuern und fahren!<\/div>\n\t\t\t\t\t                <\/div>\n            <\/div>\n\t\t\t\t\t\t    <\/div>\n\n<\/div>\n    <\/div>\n    <script>\n      window.addEventListener('load', () => {\n        new SxcAdvantages(\".sxc-advantages__tabs__tab\", \".sxc-advantages-item\",\n            \".sxc-advantages-item__list__toggler\", \".sxc-advantages-item__list__inner\");\n      });\n    <\/script>\n\n<div class=\"sxc-next-steps wbq_add_params_on_clickout\">\n\t<div class=\"sxc-next-steps__headline\">IN 4 SCHRITTEN ZU IHREM INDIVIDUELLEN AUTO ABO<\/div>    <div class=\"sxc-next-steps__inner\">\n\t\t\n<div class=\"sxc-next-steps-item\">\n    <div class=\"sxc-next-steps-item__icon\"><img src=\"https:\/\/corporate.sixt.com\/de-de\/wp-content\/uploads\/sites\/10\/2023\/07\/sixt.com-car-long-term-rental-for-companies-sixt.com-online-anmelden.svg\" alt=\"\"><\/div>\n\t<div class=\"sxc-next-steps-item__headline\">ONLINE ANMELDEN<\/div>    <div class=\"sxc-next-steps-item__overview\">Schnell und einfach: Daten in das Onlineformular eingeben und den individuellen Bedarf angeben.<\/div>\n<\/div>\n<div class=\"sxc-next-steps-item\">\n    <div class=\"sxc-next-steps-item__icon\"><img src=\"https:\/\/corporate.sixt.com\/de-de\/wp-content\/uploads\/sites\/10\/2023\/07\/sixt.com-car-long-term-rental-for-companies-sixt.com-ratenbestaetigen.svg\" alt=\"\"><\/div>\n\t<div class=\"sxc-next-steps-item__headline\">ANGEBOT ERHALTEN<\/div>    <div class=\"sxc-next-steps-item__overview\">Sie erhalten umgehend ein Angebot, das perfekt auf Sie zugeschnitten ist. Bei weiteren Fragen melden sich unsere Experten telefonisch, um Ihren Bedarf zu ermitteln.<\/div>\n<\/div>\n<div class=\"sxc-next-steps-item\">\n    <div class=\"sxc-next-steps-item__icon\"><img src=\"https:\/\/corporate.sixt.com\/de-de\/wp-content\/uploads\/sites\/10\/2023\/07\/sixt.com-car-long-term-rental-for-companies-sixt.com-businessprofilanlegen.svg\" alt=\"\"><\/div>\n\t<div class=\"sxc-next-steps-item__headline\">BUSINESS PROFIL ANLEGEN<\/div>    <div class=\"sxc-next-steps-item__overview\">Legen Sie ein Fahrerprofil mit Hilfe unseres Registrierungslinks an. Mit dem SIXT Business Profil verwalten Sie Ihr Abo bequem online per Web und App.<\/div>\n<\/div>\n<div class=\"sxc-next-steps-item\">\n    <div class=\"sxc-next-steps-item__icon\"><img src=\"https:\/\/corporate.sixt.com\/de-de\/wp-content\/uploads\/sites\/10\/2023\/07\/sixt.com-car-long-term-rental-for-companies-sixt.com-autoabholen.svg\" alt=\"\"><\/div>\n\t<div class=\"sxc-next-steps-item__headline\">ABHOLEN UND LOSFAHREN<\/div>    <div class=\"sxc-next-steps-item__overview\">Keine lange Wartezeit - Ihr Auto Abo ist umgehend verf\u00fcgbar. Jetzt hei\u00dft es: abholen und losfahren.<\/div>\n<\/div>\n    <\/div>\n    <div class=\"sxc-next-steps__cta\">\n        <a href=\"https:\/\/corporate-signup.sixt.com\/?lang=de&amp;country_code=de&amp;product_type=sixt_plus\"\n           class=\"sxc-cta\">\n\t\t\tUnverbindlich anfragen        <\/a>\n    <\/div>\n<\/div>\n<div class=\"sxc-seo-links\">\n    <div class=\"sxc-seo-links__text\">\n\t\t<div class=\"sxc-seo-links__text__title\">MEHR INFOS<\/div>        <div class=\"sxc-seo-links__text__overview\">Andere Besucher haben sich f\u00fcr diese Themen interessiert. Entdecken auch Sie die SIXT-Welt der Mobilit\u00e4t mit spannenden Infos rund um den Mietwagen und der Fuhrparkoptimierung.<\/div>\n    <\/div>\n    <div class=\"sxc-seo-links__inner\">\n\t\t\n<div class=\"sxc-seo-link\">\n    <div class=\"sxc-seo-link__icon\">\n\t\t            <img src=\"https:\/\/corporate.sixt.com\/de-de\/wp-content\/uploads\/sites\/10\/2021\/06\/BMW-3er-Limousine-2-1.jpg\" alt=\"SIXT BUSINESS VORTEILE\">\n\t\t    <\/div>\n    <div class=\"sxc-seo-link__body\">\n\t\t<div class=\"sxc-seo-link__body__headline\">SIXT BUSINESS VORTEILE<\/div>        <a class=\"sxc-link\"\n           href=\"https:\/\/corporate.sixt.com\/de-de\/sixt-business-vorteile\/\">Infos zu den SIXT business Vorteilen<\/a>\n    <\/div>\n<\/div>\n\n<div class=\"sxc-seo-link\">\n    <div class=\"sxc-seo-link__icon\">\n\t\t            <img src=\"https:\/\/corporate.sixt.com\/de-de\/wp-content\/uploads\/sites\/10\/2019\/10\/sixt.com-firmenwagen-privatnutzung.jpg\" alt=\"SIXT LANGZEITMIETE F\u00dcR AUTOS\">\n\t\t    <\/div>\n    <div class=\"sxc-seo-link__body\">\n\t\t<div class=\"sxc-seo-link__body__headline\">SIXT LANGZEITMIETE F\u00dcR AUTOS<\/div>        <a class=\"sxc-link\"\n           href=\"https:\/\/corporate.sixt.com\/de-de\/auto-langzeitmiete\/\">Infos zur Langzeitmiete<\/a>\n    <\/div>\n<\/div>\n\n<div class=\"sxc-seo-link\">\n    <div class=\"sxc-seo-link__icon\">\n\t\t            <img src=\"https:\/\/corporate.sixt.com\/de-de\/wp-content\/uploads\/sites\/10\/2019\/09\/sixt.com-cleveres-zum-arbeitsweg-alles-rund-ums-pendeln-arbeitsweg-pendeln.jpeg\" alt=\"SIXT NUTZFAHRZEUGE MIETEN\">\n\t\t    <\/div>\n    <div class=\"sxc-seo-link__body\">\n\t\t<div class=\"sxc-seo-link__body__headline\">SIXT NUTZFAHRZEUGE MIETEN<\/div>        <a class=\"sxc-link\"\n           href=\"https:\/\/corporate.sixt.com\/de-de\/sixt-nutzfahrzeuge-mieten\/\">Infos zu SIXT Nutzfahrzeugen<\/a>\n    <\/div>\n<\/div>\n\n<div class=\"sxc-seo-link\">\n    <div class=\"sxc-seo-link__icon\">\n\t\t            <img src=\"https:\/\/corporate.sixt.com\/de-de\/wp-content\/uploads\/sites\/10\/2019\/10\/sixt.com-fahrtenbuch.jpg\" alt=\"SIXT LKW LANGZEITMIETE\">\n\t\t    <\/div>\n    <div class=\"sxc-seo-link__body\">\n\t\t<div class=\"sxc-seo-link__body__headline\">SIXT LKW LANGZEITMIETE<\/div>        <a class=\"sxc-link\"\n           href=\"https:\/\/corporate.sixt.com\/de-de\/lkw-langzeitmiete-infos\">Infos zur SIXT LKW Langzeitmiete<\/a>\n    <\/div>\n<\/div>\n\n<div class=\"sxc-seo-link\">\n    <div class=\"sxc-seo-link__icon\">\n\t\t            <img src=\"https:\/\/corporate.sixt.com\/de-de\/wp-content\/uploads\/sites\/10\/2021\/12\/sixt.com-digitale-mobilitaetsservices-fuer-reisende-mobilitaetsservices-reisende-1.jpeg\" alt=\"SIXT DIENSTWAGENALTERNATIVEN\">\n\t\t    <\/div>\n    <div class=\"sxc-seo-link__body\">\n\t\t<div class=\"sxc-seo-link__body__headline\">SIXT DIENSTWAGENALTERNATIVEN<\/div>        <a class=\"sxc-link\"\n           href=\"https:\/\/corporate.sixt.com\/de-de\/dienstwagenalternativen-infos\/\">Infos zu SIXT Dienstwagenalternativen<\/a>\n    <\/div>\n<\/div>\n\n<div class=\"sxc-seo-link\">\n    <div class=\"sxc-seo-link__icon\">\n\t\t            <img src=\"https:\/\/corporate.sixt.com\/de-de\/wp-content\/uploads\/sites\/10\/2019\/08\/sixt.com-mobility-as-a-service-maas-sixt-autoschluessel.jpg\" alt=\"SIXT AUTOVERMIETUNG\">\n\t\t    <\/div>\n    <div class=\"sxc-seo-link__body\">\n\t\t<div class=\"sxc-seo-link__body__headline\">SIXT AUTOVERMIETUNG<\/div>        <a class=\"sxc-link\"\n           href=\"https:\/\/corporate.sixt.com\/de-de\/b2b-autovermietung\/\">Infos zur SIXT B2B Autovermietung<\/a>\n    <\/div>\n<\/div>\n\n    <\/div>\n<\/div>\n\n","protected":false},"excerpt":{"rendered":"","protected":false},"author":48,"featured_media":0,"parent":0,"menu_order":0,"comment_status":"closed","ping_status":"closed","template":"","meta":[],"categories":[],"tags":[],"yst_prominent_words":[4413,4412,127,358,4133,4411,2194,4226,307,3738,481,4229,4227,41,476,3668,494,4228,4221,3748],"_links":{"self":[{"href":"https:\/\/corporate.sixt.com\/de-de\/wp-json\/wp\/v2\/pages\/17181"}],"collection":[{"href":"https:\/\/corporate.sixt.com\/de-de\/wp-json\/wp\/v2\/pages"}],"about":[{"href":"https:\/\/corporate.sixt.com\/de-de\/wp-json\/wp\/v2\/types\/page"}],"author":[{"embeddable":true,"href":"https:\/\/corporate.sixt.com\/de-de\/wp-json\/wp\/v2\/users\/48"}],"replies":[{"embeddable":true,"href":"https:\/\/corporate.sixt.com\/de-de\/wp-json\/wp\/v2\/comments?post=17181"}],"version-history":[{"count":0,"href":"https:\/\/corporate.sixt.com\/de-de\/wp-json\/wp\/v2\/pages\/17181\/revisions"}],"wp:attachment":[{"href":"https:\/\/corporate.sixt.com\/de-de\/wp-json\/wp\/v2\/media?parent=17181"}],"wp:term":[{"taxonomy":"category","embeddable":true,"href":"https:\/\/corporate.sixt.com\/de-de\/wp-json\/wp\/v2\/categories?post=17181"},{"taxonomy":"post_tag","embeddable":true,"href":"https:\/\/corporate.sixt.com\/de-de\/wp-json\/wp\/v2\/tags?post=17181"},{"taxonomy":"yst_prominent_words","embeddable":true,"href":"https:\/\/corporate.sixt.com\/de-de\/wp-json\/wp\/v2\/yst_prominent_words?post=17181"}],"curies":[{"name":"wp","href":"https:\/\/api.w.org\/{rel}","templated":true}]}}