{"id":17015,"date":"2025-01-22T17:56:19","date_gmt":"2025-01-22T15:56:19","guid":{"rendered":"https:\/\/sixtcorpstage.wpengine.com\/de-de\/?page_id=17015"},"modified":"2025-06-30T14:38:22","modified_gmt":"2025-06-30T12:38:22","slug":"sixt-business-vorteile","status":"publish","type":"page","link":"https:\/\/corporate.sixt.com\/de-de\/sixt-business-vorteile\/","title":{"rendered":"SEA_SIXT-Business-Vorteile"},"content":{"rendered":"<div class=\"sxc-hero wbq_add_params_on_clickout\">\n    <img class=\"sxc-hero__image\" src=\"https:\/\/corporate.sixt.com\/de-de\/wp-content\/uploads\/sites\/10\/2021\/06\/warum_sx_biz.jpg\"\n         alt=\"DIE SIXT-B2B-VORTEILE\">\n    <div class=\"sxc-hero__inner\">\n\t\t<h1 class=\"sxc-hero__inner__headline\">DIE SIXT-B2B-VORTEILE<\/h1>        <div class=\"sxc-hero__inner__overview\">Perfekt auf die Bed\u00fcrfnisse von Unternehmen zugeschnitten, bietet ein Firmenkundenaccount von SIXT nicht nur exklusive Firmenkonditionen, sondern dar\u00fcber hinaus eine individuelle Mobilit\u00e4tsberatung, exklusive B2B-Produkte und -Services, sowie eine zuverl\u00e4ssige Betreuung.<\/div>\n    <\/div>\n\t        <div class=\"sxc-hero__cta\">\n            <a href=\"https:\/\/corporate-signup.sixt.com\/?lang=de&amp;country_code=de\"\n               class=\"sxc-cta\">\n\t\t\t\tUnverbindlich anmelden            <\/a>\n        <\/div>\n\t<\/div>\n<div class=\"sxc-reason-why wbq_add_params_on_clickout\">\n    <div class=\"sxc-reason-why__text\">\n\t\t<h2 class=\"sxc-reason-why__text__headline\">SIXT FIRMENKUNDE WERDEN UND VORTEILE NUTZEN<\/h2>        <div class=\"sxc-reason-why__text__overview\">Als Firmenkunde mit SIXT Business Account erhalten Unternehmen jeder Art und Gr\u00f6\u00dfe Mobilit\u00e4tsl\u00f6sungen nach Ma\u00df. Ein SIXT Firmenkundenaccount bietet entscheidende Vorteile gegen\u00fcber einem gew\u00f6hnlichen Account.<\/div>\n    <\/div>\n    <div class=\"sxc-reason-why__table\">\n        <div class=\"sxc-reason-why-item\">\n            <div class=\"sxc-reason-why-item__heading\"><\/div>\n            <div class=\"sxc-reason-why-item__b2b-wp first\">\n\t\t\t\t<div class=\"sxc-reason-why-item__b2b-wp__b2b\">BUSINESS<\/div>            <\/div>\n            <div class=\"sxc-reason-why-item__b2c-wp first\">\n\t\t\t\t<div class=\"sxc-reason-why-item__b2c-wp__b2c\">PRIVAT<\/div>            <\/div>\n        <\/div>\n\t\t\n<div class=\"sxc-reason-why-item\">\n    <div class=\"sxc-reason-why-item__heading\">KOSTENLOSER ACCOUNT<\/div>\n    <div class=\"sxc-reason-why-item__b2b-wp\">\n        <div class=\"sxc-reason-why-item__b2b-wp__b2b\"><img src='\/wp-content\/themes\/sixt\/images\/check-mark-black.svg' class='check-mark' alt='' width='20' height='15'>        <\/div>\n    <\/div>\n    <div class=\"sxc-reason-why-item__b2c-wp\">\n        <div class=\"sxc-reason-why-item__b2c-wp__b2c\"><img src='\/wp-content\/themes\/sixt\/images\/check-mark-black.svg' class='check-mark' alt='' width='20' height='15'>        <\/div>\n    <\/div>\n<\/div>\n<div class=\"sxc-reason-why-item\">\n    <div class=\"sxc-reason-why-item__heading\">MOBILIT\u00c4TSBERATUNG<\/div>\n    <div class=\"sxc-reason-why-item__b2b-wp\">\n        <div class=\"sxc-reason-why-item__b2b-wp__b2b\"><img src='\/wp-content\/themes\/sixt\/images\/check-mark-black.svg' class='check-mark' alt='' width='20' height='15'>        <\/div>\n    <\/div>\n    <div class=\"sxc-reason-why-item__b2c-wp\">\n        <div class=\"sxc-reason-why-item__b2c-wp__b2c\"><img src='\/wp-content\/themes\/sixt\/images\/cross-black.svg' class='cross' alt='' width='14' height='14'>        <\/div>\n    <\/div>\n<\/div>\n<div class=\"sxc-reason-why-item\">\n    <div class=\"sxc-reason-why-item__heading\">DEDIZIERTER KUNDENBETREUER<\/div>\n    <div class=\"sxc-reason-why-item__b2b-wp\">\n        <div class=\"sxc-reason-why-item__b2b-wp__b2b\"><img src='\/wp-content\/themes\/sixt\/images\/check-mark-black.svg' class='check-mark' alt='' width='20' height='15'>        <\/div>\n    <\/div>\n    <div class=\"sxc-reason-why-item__b2c-wp\">\n        <div class=\"sxc-reason-why-item__b2c-wp__b2c\"><img src='\/wp-content\/themes\/sixt\/images\/cross-black.svg' class='cross' alt='' width='14' height='14'>        <\/div>\n    <\/div>\n<\/div>\n<div class=\"sxc-reason-why-item\">\n    <div class=\"sxc-reason-why-item__heading\">BIS ZU 15 PROZENT RABATT<\/div>\n    <div class=\"sxc-reason-why-item__b2b-wp\">\n        <div class=\"sxc-reason-why-item__b2b-wp__b2b\"><img src='\/wp-content\/themes\/sixt\/images\/check-mark-black.svg' class='check-mark' alt='' width='20' height='15'>        <\/div>\n    <\/div>\n    <div class=\"sxc-reason-why-item__b2c-wp\">\n        <div class=\"sxc-reason-why-item__b2c-wp__b2c\"><img src='\/wp-content\/themes\/sixt\/images\/cross-black.svg' class='cross' alt='' width='14' height='14'>        <\/div>\n    <\/div>\n<\/div>\n<div class=\"sxc-reason-why-item\">\n    <div class=\"sxc-reason-why-item__heading\">VEREINBARUNG VON FIXEN RATEN<\/div>\n    <div class=\"sxc-reason-why-item__b2b-wp\">\n        <div class=\"sxc-reason-why-item__b2b-wp__b2b\"><img src='\/wp-content\/themes\/sixt\/images\/check-mark-black.svg' class='check-mark' alt='' width='20' height='15'>        <\/div>\n    <\/div>\n    <div class=\"sxc-reason-why-item__b2c-wp\">\n        <div class=\"sxc-reason-why-item__b2c-wp__b2c\"><img src='\/wp-content\/themes\/sixt\/images\/cross-black.svg' class='cross' alt='' width='14' height='14'>        <\/div>\n    <\/div>\n<\/div>\n<div class=\"sxc-reason-why-item\">\n    <div class=\"sxc-reason-why-item__heading\">ZAHLUNG AUF RECHNUNG &amp; AIRPLUS<\/div>\n    <div class=\"sxc-reason-why-item__b2b-wp\">\n        <div class=\"sxc-reason-why-item__b2b-wp__b2b\"><img src='\/wp-content\/themes\/sixt\/images\/check-mark-black.svg' class='check-mark' alt='' width='20' height='15'>        <\/div>\n    <\/div>\n    <div class=\"sxc-reason-why-item__b2c-wp\">\n        <div class=\"sxc-reason-why-item__b2c-wp__b2c\"><img src='\/wp-content\/themes\/sixt\/images\/cross-black.svg' class='cross' alt='' width='14' height='14'>        <\/div>\n    <\/div>\n<\/div>\n<div class=\"sxc-reason-why-item\">\n    <div class=\"sxc-reason-why-item__heading\">ZUS\u00c4TZLICHE SERVICES &amp; PRODUKTE<\/div>\n    <div class=\"sxc-reason-why-item__b2b-wp\">\n        <div class=\"sxc-reason-why-item__b2b-wp__b2b\"><img src='\/wp-content\/themes\/sixt\/images\/check-mark-black.svg' class='check-mark' alt='' width='20' height='15'>        <\/div>\n    <\/div>\n    <div class=\"sxc-reason-why-item__b2c-wp\">\n        <div class=\"sxc-reason-why-item__b2c-wp__b2c\"><img src='\/wp-content\/themes\/sixt\/images\/cross-black.svg' class='cross' alt='' width='14' height='14'>        <\/div>\n    <\/div>\n<\/div>\n<div class=\"sxc-reason-why-item\">\n    <div class=\"sxc-reason-why-item__heading\">ANBINDUNG AN BUCHUNGSSYSTEME<\/div>\n    <div class=\"sxc-reason-why-item__b2b-wp\">\n        <div class=\"sxc-reason-why-item__b2b-wp__b2b\"><img src='\/wp-content\/themes\/sixt\/images\/check-mark-black.svg' class='check-mark' alt='' width='20' height='15'>        <\/div>\n    <\/div>\n    <div class=\"sxc-reason-why-item__b2c-wp\">\n        <div class=\"sxc-reason-why-item__b2c-wp__b2c\"><img src='\/wp-content\/themes\/sixt\/images\/cross-black.svg' class='cross' alt='' width='14' height='14'>        <\/div>\n    <\/div>\n<\/div>\n<div class=\"sxc-reason-why-item\">\n    <div class=\"sxc-reason-why-item__heading\">BUCHUNG DURCH UND F\u00dcR ANDERE<\/div>\n    <div class=\"sxc-reason-why-item__b2b-wp\">\n        <div class=\"sxc-reason-why-item__b2b-wp__b2b\"><img src='\/wp-content\/themes\/sixt\/images\/check-mark-black.svg' class='check-mark' alt='' width='20' height='15'>        <\/div>\n    <\/div>\n    <div class=\"sxc-reason-why-item__b2c-wp\">\n        <div class=\"sxc-reason-why-item__b2c-wp__b2c\"><img src='\/wp-content\/themes\/sixt\/images\/cross-black.svg' class='cross' alt='' width='14' height='14'>        <\/div>\n    <\/div>\n<\/div>\n<div class=\"sxc-reason-why-item\">\n    <div class=\"sxc-reason-why-item__heading\">ADMINISTRATIONSTOOL<\/div>\n    <div class=\"sxc-reason-why-item__b2b-wp\">\n        <div class=\"sxc-reason-why-item__b2b-wp__b2b\"><img src='\/wp-content\/themes\/sixt\/images\/check-mark-black.svg' class='check-mark' alt='' width='20' height='15'>        <\/div>\n    <\/div>\n    <div class=\"sxc-reason-why-item__b2c-wp\">\n        <div class=\"sxc-reason-why-item__b2c-wp__b2c\"><img src='\/wp-content\/themes\/sixt\/images\/cross-black.svg' class='cross' alt='' width='14' height='14'>        <\/div>\n    <\/div>\n<\/div>\n        <div class=\"sxc-reason-why-item\">\n            <div class=\"sxc-reason-why-item__heading\"><\/div>\n            <div class=\"sxc-reason-why-item__b2b-wp last\">\n                <div class=\"sxc-reason-why-item__b2b-wp__b2b\">\n\t\t\t\t\t                        <div class=\"sxc-reason-why__cta\">\n                            <a href=\"https:\/\/corporate-signup.sixt.com\/?lang=de&amp;country_code=de\"\n                               class=\"sxc-cta sxc-cta--dark\">\n\t\t\t\t\t\t\t\tAnmelden                            <\/a>\n                        <\/div>\n\t\t\t\t\t                <\/div>\n            <\/div>\n            <div class=\"sxc-reason-why-item__b2c-wp last\">\n                <div class=\"sxc-reason-why-item__b2c-wp__b2c\"><\/div>\n            <\/div>\n        <\/div>\n    <\/div>\n<\/div>\n<div class=\"sxc-hdiw-scroller-wrapper wbq_add_params_on_clickout\">\n    <div class=\"sxc-hdiw-scroller\">\n        <div class=\"sxc-hdiw-scroller__text-wp\">\n            <div class=\"sxc-hdiw-scroller__text\">\n\t\t\t\t<h2 class=\"sxc-hdiw-scroller__text__title\">SO EINFACH PROFITIEREN SIE MIT SIXT<\/h2>                <div class=\"sxc-hdiw-scroller__text__overview\">Registrieren Sie sich online in wenigen Schritten und erhalten Sie ein unverbindliches, ma\u00dfgeschneidertes Angebot. Nach Best\u00e4tigung des Angebots ist Ihr SIXT Business Account sofort f\u00fcr Sie aktiviert.<\/div>\n            <\/div>\n        <\/div>\n        <ol class=\"sxc-hdiw-scroller__inner\">\n\t\t\t\n<li class=\"sxc-hdiw-scroller-item-list-item show-on-scroll\">\n    <div class=\"sxc-hdiw-scroller-item\">\n\t\t<h3 class=\"sxc-hdiw-scroller-item__headline\">IHR BEDARF<\/h3>        <div class=\"sxc-hdiw-scroller-item__overview\">Sie konfigurieren Ihren Fahrzeugbedarf \u00fcber unser Onlineformular - wir konfigurieren den besten Tarif f\u00fcr Sie. Im Anschluss erhalten Sie Ihr individuelles Angebot.<\/div>\n        <div class=\"sxc-hdiw-scroller-item__icon\">\n\t\t\t                <img src=\"https:\/\/corporate.sixt.com\/de-de\/wp-content\/uploads\/sites\/10\/2021\/06\/Mask-Group.svg\" alt=\"IHR BEDARF\">\n\t\t\t        <\/div>\n        <img class=\"sxc-hdiw-scroller-item__arrow\" src=\"\/wp-content\/themes\/sixt\/images\/arrow-down-black.svg\" width=\"14\"\n             height=\"8\" alt=\"\">\n    <\/div>\n<\/li>\n<li class=\"sxc-hdiw-scroller-item-list-item show-on-scroll\">\n    <div class=\"sxc-hdiw-scroller-item\">\n\t\t<h3 class=\"sxc-hdiw-scroller-item__headline\">UNSER ANGEBOT<\/h3>        <div class=\"sxc-hdiw-scroller-item__overview\">Nach Ausf\u00fcllen des Onlineformulars k\u00f6nnen Sie Ihre Firmenkonditionen direkt einsehen.<br \/>\nOder wir rufen Sie schnellstm\u00f6glich zur\u00fcck, um Ihren Bedarf an spezifischen Mobilit\u00e4tsl\u00f6sungen \u00fcber eine telefonische Beratung mit Ihnen zu kl\u00e4ren.<\/div>\n        <div class=\"sxc-hdiw-scroller-item__icon\">\n\t\t\t                <img src=\"https:\/\/corporate.sixt.com\/de-de\/wp-content\/uploads\/sites\/10\/2021\/06\/Mask-Group-2.svg\" alt=\"UNSER ANGEBOT\">\n\t\t\t        <\/div>\n        <img class=\"sxc-hdiw-scroller-item__arrow\" src=\"\/wp-content\/themes\/sixt\/images\/arrow-down-black.svg\" width=\"14\"\n             height=\"8\" alt=\"\">\n    <\/div>\n<\/li>\n<li class=\"sxc-hdiw-scroller-item-list-item show-on-scroll\">\n    <div class=\"sxc-hdiw-scroller-item\">\n\t\t<h3 class=\"sxc-hdiw-scroller-item__headline\">EINLOGGEN UND BUCHEN<\/h3>        <div class=\"sxc-hdiw-scroller-item__overview\">Sobald Sie das Angebot best\u00e4tigt und ein Fahrer-Profil angelegt haben, buchen Sie \u00fcber Web oder App zu Ihren Firmenkonditionen.<\/div>\n        <div class=\"sxc-hdiw-scroller-item__icon\">\n\t\t\t                <img src=\"https:\/\/corporate.sixt.com\/de-de\/wp-content\/uploads\/sites\/10\/2021\/06\/Mask-Group-Key.svg\" alt=\"EINLOGGEN UND BUCHEN\">\n\t\t\t        <\/div>\n        <img class=\"sxc-hdiw-scroller-item__arrow\" src=\"\/wp-content\/themes\/sixt\/images\/arrow-down-black.svg\" width=\"14\"\n             height=\"8\" alt=\"\">\n    <\/div>\n<\/li>\n        <\/ol>\n        <div class=\"sxc-hdiw-scroller__bottom-link show-on-scroll\">\n            <img class=\"sxc-hdiw-scroller__bottom-link__icon\"\n                 src=\"\/wp-content\/themes\/sixt\/images\/check-mark-black.svg\"\n                 alt=\"\" width=\"29\" height=\"23\">\n\t\t\t<div class=\"sxc-hdiw-scroller__bottom-link__text\">KOSTENLOS UND UNVERBINDLICH REGISTRIEREN<\/div>            <div class=\"sxc-hdiw-scroller__cta\">\n                <a href=\"https:\/\/corporate-signup.sixt.com\/?lang=de&amp;country_code=de\"\n                   class=\"sxc-cta sxc-cta--dark\">\n\t\t\t\t\tLos Geht\u2019s                <\/a>\n            <\/div>\n        <\/div>\n    <\/div>\n<\/div>\n<script>\n  window.addEventListener('load', () => {\n    new SxcHdiwScroller(\".sxc-hdiw-scroller\");\n  });\n<\/script>\n<div class=\"sxc-seo-links\">\n    <div class=\"sxc-seo-links__text\">\n\t\t<div class=\"sxc-seo-links__text__title\">MEHR INFOS<\/div>        <div class=\"sxc-seo-links__text__overview\">Andere Besucher haben sich f\u00fcr diese Themen interessiert. Entdecken auch Sie die SIXT-Welt der Mobilit\u00e4t mit spannenden Infos rund um den Mietwagen und der Fuhrparkoptimierung.<\/div>\n    <\/div>\n    <div class=\"sxc-seo-links__inner\">\n\t\t\n<div class=\"sxc-seo-link\">\n    <div class=\"sxc-seo-link__icon\">\n\t\t            <img src=\"https:\/\/corporate.sixt.com\/de-de\/wp-content\/uploads\/sites\/10\/2021\/06\/BMW-3er-Limousine-2-1.jpg\" alt=\"SIXT BUSINESS VORTEILE\">\n\t\t    <\/div>\n    <div class=\"sxc-seo-link__body\">\n\t\t<div class=\"sxc-seo-link__body__headline\">SIXT BUSINESS VORTEILE<\/div>        <a class=\"sxc-link\"\n           href=\"https:\/\/corporate.sixt.com\/de-de\/sixt-business-vorteile\/\">Infos zu den SIXT business Vorteilen<\/a>\n    <\/div>\n<\/div>\n\n<div class=\"sxc-seo-link\">\n    <div class=\"sxc-seo-link__icon\">\n\t\t            <img src=\"https:\/\/corporate.sixt.com\/de-de\/wp-content\/uploads\/sites\/10\/2019\/10\/sixt.com-firmenwagen-privatnutzung.jpg\" alt=\"SIXT LANGZEITMIETE F\u00dcR AUTOS\">\n\t\t    <\/div>\n    <div class=\"sxc-seo-link__body\">\n\t\t<div class=\"sxc-seo-link__body__headline\">SIXT LANGZEITMIETE F\u00dcR AUTOS<\/div>        <a class=\"sxc-link\"\n           href=\"https:\/\/corporate.sixt.com\/de-de\/auto-langzeitmiete\/\">Infos zur Langzeitmiete<\/a>\n    <\/div>\n<\/div>\n\n<div class=\"sxc-seo-link\">\n    <div class=\"sxc-seo-link__icon\">\n\t\t            <img src=\"https:\/\/corporate.sixt.com\/de-de\/wp-content\/uploads\/sites\/10\/2019\/09\/sixt.com-cleveres-zum-arbeitsweg-alles-rund-ums-pendeln-arbeitsweg-pendeln.jpeg\" alt=\"SIXT NUTZFAHRZEUGE MIETEN\">\n\t\t    <\/div>\n    <div class=\"sxc-seo-link__body\">\n\t\t<div class=\"sxc-seo-link__body__headline\">SIXT NUTZFAHRZEUGE MIETEN<\/div>        <a class=\"sxc-link\"\n           href=\"https:\/\/corporate.sixt.com\/de-de\/sixt-nutzfahrzeuge-mieten\/\">Infos zu SIXT Nutzfahrzeugen<\/a>\n    <\/div>\n<\/div>\n\n<div class=\"sxc-seo-link\">\n    <div class=\"sxc-seo-link__icon\">\n\t\t            <img src=\"https:\/\/corporate.sixt.com\/de-de\/wp-content\/uploads\/sites\/10\/2019\/10\/sixt.com-fahrtenbuch.jpg\" alt=\"SIXT LKW LANGZEITMIETE\">\n\t\t    <\/div>\n    <div class=\"sxc-seo-link__body\">\n\t\t<div class=\"sxc-seo-link__body__headline\">SIXT LKW LANGZEITMIETE<\/div>        <a class=\"sxc-link\"\n           href=\"https:\/\/corporate.sixt.com\/de-de\/lkw-langzeitmiete-infos\">Infos zur SIXT LKW Langzeitmiete<\/a>\n    <\/div>\n<\/div>\n\n<div class=\"sxc-seo-link\">\n    <div class=\"sxc-seo-link__icon\">\n\t\t            <img src=\"https:\/\/corporate.sixt.com\/de-de\/wp-content\/uploads\/sites\/10\/2021\/12\/sixt.com-digitale-mobilitaetsservices-fuer-reisende-mobilitaetsservices-reisende-1.jpeg\" alt=\"SIXT DIENSTWAGENALTERNATIVEN\">\n\t\t    <\/div>\n    <div class=\"sxc-seo-link__body\">\n\t\t<div class=\"sxc-seo-link__body__headline\">SIXT DIENSTWAGENALTERNATIVEN<\/div>        <a class=\"sxc-link\"\n           href=\"https:\/\/corporate.sixt.com\/de-de\/dienstwagenalternativen-infos\/\">Infos zu SIXT Dienstwagenalternativen<\/a>\n    <\/div>\n<\/div>\n\n<div class=\"sxc-seo-link\">\n    <div class=\"sxc-seo-link__icon\">\n\t\t            <img src=\"https:\/\/corporate.sixt.com\/de-de\/wp-content\/uploads\/sites\/10\/2019\/08\/sixt.com-mobility-as-a-service-maas-sixt-autoschluessel.jpg\" alt=\"SIXT AUTOVERMIETUNG\">\n\t\t    <\/div>\n    <div class=\"sxc-seo-link__body\">\n\t\t<div class=\"sxc-seo-link__body__headline\">SIXT AUTOVERMIETUNG<\/div>        <a class=\"sxc-link\"\n           href=\"https:\/\/corporate.sixt.com\/de-de\/b2b-autovermietung\/\">Infos zur SIXT B2B Autovermietung<\/a>\n    <\/div>\n<\/div>\n\n    <\/div>\n<\/div>\n\n","protected":false},"excerpt":{"rendered":"","protected":false},"author":48,"featured_media":0,"parent":0,"menu_order":0,"comment_status":"closed","ping_status":"closed","template":"","meta":[],"categories":[],"tags":[],"yst_prominent_words":[],"_links":{"self":[{"href":"https:\/\/corporate.sixt.com\/de-de\/wp-json\/wp\/v2\/pages\/17015"}],"collection":[{"href":"https:\/\/corporate.sixt.com\/de-de\/wp-json\/wp\/v2\/pages"}],"about":[{"href":"https:\/\/corporate.sixt.com\/de-de\/wp-json\/wp\/v2\/types\/page"}],"author":[{"embeddable":true,"href":"https:\/\/corporate.sixt.com\/de-de\/wp-json\/wp\/v2\/users\/48"}],"replies":[{"embeddable":true,"href":"https:\/\/corporate.sixt.com\/de-de\/wp-json\/wp\/v2\/comments?post=17015"}],"version-history":[{"count":0,"href":"https:\/\/corporate.sixt.com\/de-de\/wp-json\/wp\/v2\/pages\/17015\/revisions"}],"wp:attachment":[{"href":"https:\/\/corporate.sixt.com\/de-de\/wp-json\/wp\/v2\/media?parent=17015"}],"wp:term":[{"taxonomy":"category","embeddable":true,"href":"https:\/\/corporate.sixt.com\/de-de\/wp-json\/wp\/v2\/categories?post=17015"},{"taxonomy":"post_tag","embeddable":true,"href":"https:\/\/corporate.sixt.com\/de-de\/wp-json\/wp\/v2\/tags?post=17015"},{"taxonomy":"yst_prominent_words","embeddable":true,"href":"https:\/\/corporate.sixt.com\/de-de\/wp-json\/wp\/v2\/yst_prominent_words?post=17015"}],"curies":[{"name":"wp","href":"https:\/\/api.w.org\/{rel}","templated":true}]}}