{"id":17013,"date":"2025-01-22T17:47:33","date_gmt":"2025-01-22T15:47:33","guid":{"rendered":"https:\/\/sixtcorpstage.wpengine.com\/de-de\/?page_id=17013"},"modified":"2025-10-20T11:36:28","modified_gmt":"2025-10-20T09:36:28","slug":"sixt-nutzfahrzeuge-mieten","status":"publish","type":"page","link":"https:\/\/corporate.sixt.com\/de-de\/sixt-nutzfahrzeuge-mieten\/","title":{"rendered":"SEA_Sixt-Nutzfahrzeuge-Mieten"},"content":{"rendered":"<div class=\"sxc-hero wbq_add_params_on_clickout\">\n    <img class=\"sxc-hero__image\" src=\"https:\/\/corporate.sixt.com\/de-de\/wp-content\/uploads\/sites\/10\/2021\/11\/sixt.com-transporter-und-lkw-mieten-hero-lkw-transporter.jpeg\"\n         alt=\"NUTZFAHRZEUG MIETEN: LKW, SPRINTER, TRANSPORTER\">\n    <div class=\"sxc-hero__inner\">\n\t\t<h1 class=\"sxc-hero__inner__headline\">NUTZFAHRZEUG MIETEN: LKW, SPRINTER, TRANSPORTER<\/h1>        <div class=\"sxc-hero__inner__overview\">Vom Kleintransporter bis zum 12 Tonner: Mit SIXT mieten Sie je nach Bedarf tage-, wochen- oder monatsweise. Die SIXT Nutzfahrzeuge f\u00fcr Firmenkunden k\u00f6nnen an zahlreichen Stationen angemietet und jederzeit wieder abgegeben werden. Und das alles zum Firmenkundentarif.<\/div>\n    <\/div>\n\t        <div class=\"sxc-hero__cta\">\n            <a href=\"https:\/\/corporate-signup.sixt.com\/?lang=de&amp;country_code=de&amp;product_type=truck\"\n               class=\"sxc-cta\">\n\t\t\t\tANGEBOT ERHALTEN            <\/a>\n        <\/div>\n\t<\/div>\n<div class=\"sxc-benefits-details\">\n    <div class=\"sxc-benefits-details__inner\">\n\t\t<h2 class=\"sxc-benefits-details__heading\">IHRE VORTEILE BEI DER NUTZFAHRZEUG MIETE<\/h2>        <div class=\"sxc-benefits-details__overview\">Egal welche Anforderungen Sie haben - SIXT ist immer mit dem passenden Nutzfahrzeug inklusive anforderungsgerechter Ausstattung f\u00fcr Sie zur Stelle. Alle Unternehmen profitieren von den SIXT Vorteilen bei der Nutzfahrzeug Miete f\u00fcr Firmen.<\/div>\n        <div class=\"sxc-benefits-details__columns\" style=\"grid-template-columns: repeat(4, 1fr)\">\n\t\t\t\n<div class=\"sxc-benefits-details-column__icon\">\n\t        <img src=\"https:\/\/corporate.sixt.com\/de-de\/wp-content\/uploads\/sites\/10\/2021\/06\/ico_transporter_40.svg\" alt=\"NUTZFAHRZEUGE F\u00dcR JEDEN BEDARF\">\n\t<\/div>\n<h3 class=\"sxc-benefits-details-column__heading\">NUTZFAHRZEUGE F\u00dcR JEDEN BEDARF<\/h3><div class=\"sxc-benefits-details-column__contents\">\n    <ul class=\"sxc-benefits-details-column__list\">\n\t\t\t\t\t                <li class=\"sxc-benefits-details-column__list-item\">Top-Marken mit aktuellster Austattung<\/li>\n\t\t\t                <li class=\"sxc-benefits-details-column__list-item\">Option spezieller Ausstattungsw\u00fcnsche<\/li>\n\t\t\t                <li class=\"sxc-benefits-details-column__list-item\">Nutzfahrzeuge in vielen Gr\u00f6\u00dfen und Varianten<\/li>\n\t\t\t\t\t    <\/ul>\n    <div class=\"sxc-benefits-details-column__link\">\n\t\t    <\/div>\n<\/div>\n<div class=\"sxc-benefits-details-column__icon\">\n\t        <img src=\"https:\/\/corporate.sixt.com\/de-de\/wp-content\/uploads\/sites\/10\/2021\/06\/ico_currency.svg\" alt=\"DER PASSENDE FIRMENTARIF\">\n\t<\/div>\n<h3 class=\"sxc-benefits-details-column__heading\">DER PASSENDE FIRMENTARIF<\/h3><div class=\"sxc-benefits-details-column__contents\">\n    <ul class=\"sxc-benefits-details-column__list\">\n\t\t\t\t\t                <li class=\"sxc-benefits-details-column__list-item\">Bis zu 15% Rabatt bei jeder Miete<\/li>\n\t\t\t                <li class=\"sxc-benefits-details-column__list-item\">Nutzfahrzeuge bedarfsgerecht einsetzen<\/li>\n\t\t\t                <li class=\"sxc-benefits-details-column__list-item\">Flexible R\u00fcckgabeoptionen<\/li>\n\t\t\t\t\t    <\/ul>\n    <div class=\"sxc-benefits-details-column__link\">\n\t\t    <\/div>\n<\/div>\n<div class=\"sxc-benefits-details-column__icon\">\n\t        <img src=\"https:\/\/corporate.sixt.com\/de-de\/wp-content\/uploads\/sites\/10\/2021\/06\/ico_desktop_smartphone_40.svg\" alt=\"SCHNELLE BUCHUNG LEICHT GEMACHT\">\n\t<\/div>\n<h3 class=\"sxc-benefits-details-column__heading\">SCHNELLE BUCHUNG LEICHT GEMACHT<\/h3><div class=\"sxc-benefits-details-column__contents\">\n    <ul class=\"sxc-benefits-details-column__list\">\n\t\t\t\t\t                <li class=\"sxc-benefits-details-column__list-item\">Einfache Buchung per Web &amp; App<\/li>\n\t\t\t                <li class=\"sxc-benefits-details-column__list-item\">Dichtes Stationsnetzwerk im In- und Ausland<\/li>\n\t\t\t                <li class=\"sxc-benefits-details-column__list-item\">Auch kurzfristig gute Verf\u00fcgbarkeit<\/li>\n\t\t\t\t\t    <\/ul>\n    <div class=\"sxc-benefits-details-column__link\">\n\t\t    <\/div>\n<\/div>\n<div class=\"sxc-benefits-details-column__icon\">\n\t        <img src=\"https:\/\/corporate.sixt.com\/de-de\/wp-content\/uploads\/sites\/10\/2021\/06\/ico_during_rental_40.svg\" alt=\"SORGLOS UNTERWEGS\">\n\t<\/div>\n<h3 class=\"sxc-benefits-details-column__heading\">SORGLOS UNTERWEGS<\/h3><div class=\"sxc-benefits-details-column__contents\">\n    <ul class=\"sxc-benefits-details-column__list\">\n\t\t\t\t\t                <li class=\"sxc-benefits-details-column__list-item\">Unterschiedlichste Schutz- und Kilometerpakete<\/li>\n\t\t\t                <li class=\"sxc-benefits-details-column__list-item\">Schneller Ersatz bei Ausfall<\/li>\n\t\t\t                <li class=\"sxc-benefits-details-column__list-item\">Einhaltung neuester Abgasnormen<\/li>\n\t\t\t\t\t    <\/ul>\n    <div class=\"sxc-benefits-details-column__link\">\n\t\t    <\/div>\n<\/div>\n        <\/div>\n    <\/div>\n\t<\/div>\n\n<div class=\"sxc-features-teasers wbq_add_params_on_clickout\" id=\"sxc_ft_69d12f416beb29_25911233\">\n\t<h2 class=\"sxc-features-teasers__heading\">KURZZEIT ODER LANGZEIT BEI DER NUTZFAHRZEUGMIETE?<\/h2>    <div class=\"sxc-features-teasers__list\">\n\t\t\n<div class=\"sxc-features-teasers-item\">\n    <div class=\"sxc-features-teasers-item__image\">\n\t\t            <img src=\"https:\/\/corporate.sixt.com\/de-de\/wp-content\/uploads\/sites\/10\/2021\/11\/sixt.com-transporter-und-lkw-mieten-lkw-kurzzeitmiete.jpg\" alt=\"KURZZEITMIETE F\u00dcR PUNKTUELLEN BEDARF\">\n\t\t    <\/div>\n\t<h3 class=\"sxc-features-teasers-item__heading\">KURZZEITMIETE F\u00dcR PUNKTUELLEN BEDARF<\/h3>    <div class=\"sxc-features-teasers-item__content\">\n        <div class=\"sxc-features-teasers-item__content-title\">\n            <img src=\"\/wp-content\/themes\/sixt\/images\/chevron-right.svg\" alt=\"Toggle\">\n            <div><\/div>\n        <\/div>\n        <div class=\"sxc-features-teasers-item__content-inner\">\n            <div class=\"sxc-features-teasers-item__text\">Mit der Nutzfahrzeug Miete f\u00fcr bis zu 27 Tage gleichen Sie aktuellen Mehrbedarf schnell und unkompliziert aus. Da ist der passende LKW oder Transporter einfach gebucht und abgeholt. Eine stressfreie Anmietung und R\u00fcckgabe sind besonders f\u00fcr den bevorstehenden Umzug, die Messe oder bei akutem Engpass an Lieferfahrzeugen von Vorteil.<\/div>\n\t\t\t        <\/div>\n    <\/div>\n\t        <div class=\"sxc-features-teasers-item__link\">\n            <a href=\"https:\/\/corporate-signup.sixt.com\/?lang=de&amp;country_code=de&amp;product_type=truck\" class=\"sxc-link\">\n\t\t\t\tJetzt unverbindlich anfragen            <\/a>\n        <\/div>\n\t<\/div>\n<div class=\"sxc-features-teasers-item\">\n    <div class=\"sxc-features-teasers-item__image\">\n\t\t            <img src=\"https:\/\/corporate.sixt.com\/de-de\/wp-content\/uploads\/sites\/10\/2021\/08\/sixt.com-lkw-langzeitmiete-investionsfreier-fuhrpark.jpeg\" alt=\"LANGZEITMIETE F\u00dcR L\u00c4NGERFRISTIGEN BEDARF\">\n\t\t    <\/div>\n\t<h3 class=\"sxc-features-teasers-item__heading\">LANGZEITMIETE F\u00dcR L\u00c4NGERFRISTIGEN BEDARF<\/h3>    <div class=\"sxc-features-teasers-item__content\">\n        <div class=\"sxc-features-teasers-item__content-title\">\n            <img src=\"\/wp-content\/themes\/sixt\/images\/chevron-right.svg\" alt=\"Toggle\">\n            <div><\/div>\n        <\/div>\n        <div class=\"sxc-features-teasers-item__content-inner\">\n            <div class=\"sxc-features-teasers-item__text\">Risikolos Nutzfahrzeuge in der Langzeitmiete statt Unterhalt eines eigenen Fuhrparks: die beste Alternative zu Leasing oder Kauf. Flexibel ab 28 Tage mieten f\u00fcr Firmen jeder Gr\u00f6\u00dfe, ohne Investitionskosten, ohne Fortzahlung bei Nichtnutzung. Das schont Ihr Betriebskapital. Ebenso unkompliziert: Flotten flexibel erweitern und mit bedarfsgerechten Modellen erg\u00e4nzen.<\/div>\n\t\t\t        <\/div>\n    <\/div>\n\t        <div class=\"sxc-features-teasers-item__link\">\n            <a href=\"https:\/\/corporate-signup.sixt.com\/?lang=de&amp;country_code=de&amp;product_type=truck\" class=\"sxc-link\">\n\t\t\t\tJetzt unverbindlich anfragen            <\/a>\n        <\/div>\n\t<\/div>\n<div class=\"sxc-features-teasers-item\">\n    <div class=\"sxc-features-teasers-item__image\">\n\t\t            <img src=\"https:\/\/corporate.sixt.com\/de-de\/wp-content\/uploads\/sites\/10\/2021\/08\/sixt.com-lkw-langzeitmiete-spontaner-mehrbedarf.jpeg\" alt=\"DIE KOSTENEFFIZIENTE LANGZEITL\u00d6SUNG AB 3 MONATEN\">\n\t\t    <\/div>\n\t<div class=\"sxc-features-teasers-item__heading\">DIE KOSTENEFFIZIENTE LANGZEITL\u00d6SUNG AB 3 MONATEN<\/div>    <div class=\"sxc-features-teasers-item__content\">\n        <div class=\"sxc-features-teasers-item__content-title\">\n            <img src=\"\/wp-content\/themes\/sixt\/images\/chevron-right.svg\" alt=\"Toggle\">\n            <div>More Info<\/div>\n        <\/div>\n        <div class=\"sxc-features-teasers-item__content-inner\">\n            <div class=\"sxc-features-teasers-item__text\">Stabile Kosten treffen auf optimales Preis-Leistungsverh\u00e4ltnis: Das ist Ihr SIXT Long-Term Fleet Tarif f\u00fcr die Firmenwagenmiete. W\u00e4hlen Sie zwischen 3, 6 oder 12 Monaten Laufzeit und k\u00fcndigen Sie flexibel t\u00e4glich nach der Mindestlaufzeit. F\u00fcr Ihren vorhersehbaren Bedarf an Fahrzeugen, eine optimale Auslastung des Fuhrparks mit verminderten Standzeiten und als perfekte Alternative zu Kauf oder Leasing.<\/div>\n\t\t\t        <\/div>\n    <\/div>\n\t        <div class=\"sxc-features-teasers-item__link\">\n            <a href=\"https:\/\/corporate-signup.sixt.com\/?lang=de&amp;country_code=de&amp;product_type=truck\" class=\"sxc-link\">\n\t\t\t\tJetzt unverbindlich anfragen            <\/a>\n        <\/div>\n\t<\/div>\n    <\/div>\n\t        <div class=\"sxc-features-teasers__footer\">\n\t\t\t<div class=\"sxc-features-teasers__footer-headline\">TRANSPORTER &amp; LKW ZUM FIRMENRABATT MIETEN<\/div>            <a href=\"https:\/\/corporate-signup.sixt.com\/?lang=de&amp;country_code=de&amp;product_type=truck\" class=\"sxc-cta\">Jetzt profitieren<\/a>\n        <\/div>\n\t<\/div>\n<script>\n  window.addEventListener('load', () => {\n    new SxcFeaturesTeasers(document.getElementById('sxc_ft_69d12f416beb29_25911233'));\n  });\n<\/script>\n<div class=\"sxc-seo-links\">\n    <div class=\"sxc-seo-links__text\">\n\t\t<div class=\"sxc-seo-links__text__title\">MEHR INFOS<\/div>        <div class=\"sxc-seo-links__text__overview\">Andere Besucher haben sich f\u00fcr diese Themen interessiert. Entdecken auch Sie die SIXT-Welt der Mobilit\u00e4t mit spannenden Infos rund um den Mietwagen und der Fuhrparkoptimierung.<\/div>\n    <\/div>\n    <div class=\"sxc-seo-links__inner\">\n\t\t\n<div class=\"sxc-seo-link\">\n    <div class=\"sxc-seo-link__icon\">\n\t\t            <img src=\"https:\/\/corporate.sixt.com\/de-de\/wp-content\/uploads\/sites\/10\/2021\/06\/BMW-3er-Limousine-2-1.jpg\" alt=\"SIXT BUSINESS VORTEILE\">\n\t\t    <\/div>\n    <div class=\"sxc-seo-link__body\">\n\t\t<div class=\"sxc-seo-link__body__headline\">SIXT BUSINESS VORTEILE<\/div>        <a class=\"sxc-link\"\n           href=\"https:\/\/corporate.sixt.com\/de-de\/sixt-business-vorteile\/\">Infos zu den SIXT business Vorteilen<\/a>\n    <\/div>\n<\/div>\n\n<div class=\"sxc-seo-link\">\n    <div class=\"sxc-seo-link__icon\">\n\t\t            <img src=\"https:\/\/corporate.sixt.com\/de-de\/wp-content\/uploads\/sites\/10\/2019\/10\/sixt.com-firmenwagen-privatnutzung.jpg\" alt=\"SIXT LANGZEITMIETE F\u00dcR AUTOS\">\n\t\t    <\/div>\n    <div class=\"sxc-seo-link__body\">\n\t\t<div class=\"sxc-seo-link__body__headline\">SIXT LANGZEITMIETE F\u00dcR AUTOS<\/div>        <a class=\"sxc-link\"\n           href=\"https:\/\/corporate.sixt.com\/de-de\/auto-langzeitmiete\/\">Infos zur Langzeitmiete<\/a>\n    <\/div>\n<\/div>\n\n<div class=\"sxc-seo-link\">\n    <div class=\"sxc-seo-link__icon\">\n\t\t            <img src=\"https:\/\/corporate.sixt.com\/de-de\/wp-content\/uploads\/sites\/10\/2019\/09\/sixt.com-cleveres-zum-arbeitsweg-alles-rund-ums-pendeln-arbeitsweg-pendeln.jpeg\" alt=\"SIXT NUTZFAHRZEUGE MIETEN\">\n\t\t    <\/div>\n    <div class=\"sxc-seo-link__body\">\n\t\t<div class=\"sxc-seo-link__body__headline\">SIXT NUTZFAHRZEUGE MIETEN<\/div>        <a class=\"sxc-link\"\n           href=\"https:\/\/corporate.sixt.com\/de-de\/sixt-nutzfahrzeuge-mieten\/\">Infos zu SIXT Nutzfahrzeugen<\/a>\n    <\/div>\n<\/div>\n\n<div class=\"sxc-seo-link\">\n    <div class=\"sxc-seo-link__icon\">\n\t\t            <img src=\"https:\/\/corporate.sixt.com\/de-de\/wp-content\/uploads\/sites\/10\/2019\/10\/sixt.com-fahrtenbuch.jpg\" alt=\"SIXT LKW LANGZEITMIETE\">\n\t\t    <\/div>\n    <div class=\"sxc-seo-link__body\">\n\t\t<div class=\"sxc-seo-link__body__headline\">SIXT LKW LANGZEITMIETE<\/div>        <a class=\"sxc-link\"\n           href=\"https:\/\/corporate.sixt.com\/de-de\/lkw-langzeitmiete-infos\">Infos zur SIXT LKW Langzeitmiete<\/a>\n    <\/div>\n<\/div>\n\n<div class=\"sxc-seo-link\">\n    <div class=\"sxc-seo-link__icon\">\n\t\t            <img src=\"https:\/\/corporate.sixt.com\/de-de\/wp-content\/uploads\/sites\/10\/2021\/12\/sixt.com-digitale-mobilitaetsservices-fuer-reisende-mobilitaetsservices-reisende-1.jpeg\" alt=\"SIXT DIENSTWAGENALTERNATIVEN\">\n\t\t    <\/div>\n    <div class=\"sxc-seo-link__body\">\n\t\t<div class=\"sxc-seo-link__body__headline\">SIXT DIENSTWAGENALTERNATIVEN<\/div>        <a class=\"sxc-link\"\n           href=\"https:\/\/corporate.sixt.com\/de-de\/dienstwagenalternativen-infos\/\">Infos zu SIXT Dienstwagenalternativen<\/a>\n    <\/div>\n<\/div>\n\n<div class=\"sxc-seo-link\">\n    <div class=\"sxc-seo-link__icon\">\n\t\t            <img src=\"https:\/\/corporate.sixt.com\/de-de\/wp-content\/uploads\/sites\/10\/2019\/08\/sixt.com-mobility-as-a-service-maas-sixt-autoschluessel.jpg\" alt=\"SIXT AUTOVERMIETUNG\">\n\t\t    <\/div>\n    <div class=\"sxc-seo-link__body\">\n\t\t<div class=\"sxc-seo-link__body__headline\">SIXT AUTOVERMIETUNG<\/div>        <a class=\"sxc-link\"\n           href=\"https:\/\/corporate.sixt.com\/de-de\/b2b-autovermietung\/\">Infos zur SIXT B2B Autovermietung<\/a>\n    <\/div>\n<\/div>\n\n    <\/div>\n<\/div>\n\n","protected":false},"excerpt":{"rendered":"","protected":false},"author":48,"featured_media":0,"parent":0,"menu_order":0,"comment_status":"closed","ping_status":"closed","template":"","meta":[],"categories":[],"tags":[],"yst_prominent_words":[],"_links":{"self":[{"href":"https:\/\/corporate.sixt.com\/de-de\/wp-json\/wp\/v2\/pages\/17013"}],"collection":[{"href":"https:\/\/corporate.sixt.com\/de-de\/wp-json\/wp\/v2\/pages"}],"about":[{"href":"https:\/\/corporate.sixt.com\/de-de\/wp-json\/wp\/v2\/types\/page"}],"author":[{"embeddable":true,"href":"https:\/\/corporate.sixt.com\/de-de\/wp-json\/wp\/v2\/users\/48"}],"replies":[{"embeddable":true,"href":"https:\/\/corporate.sixt.com\/de-de\/wp-json\/wp\/v2\/comments?post=17013"}],"version-history":[{"count":0,"href":"https:\/\/corporate.sixt.com\/de-de\/wp-json\/wp\/v2\/pages\/17013\/revisions"}],"wp:attachment":[{"href":"https:\/\/corporate.sixt.com\/de-de\/wp-json\/wp\/v2\/media?parent=17013"}],"wp:term":[{"taxonomy":"category","embeddable":true,"href":"https:\/\/corporate.sixt.com\/de-de\/wp-json\/wp\/v2\/categories?post=17013"},{"taxonomy":"post_tag","embeddable":true,"href":"https:\/\/corporate.sixt.com\/de-de\/wp-json\/wp\/v2\/tags?post=17013"},{"taxonomy":"yst_prominent_words","embeddable":true,"href":"https:\/\/corporate.sixt.com\/de-de\/wp-json\/wp\/v2\/yst_prominent_words?post=17013"}],"curies":[{"name":"wp","href":"https:\/\/api.w.org\/{rel}","templated":true}]}}