{"id":5942,"date":"2025-02-07T13:43:08","date_gmt":"2025-02-07T11:43:08","guid":{"rendered":"https:\/\/sixtcorpstage.wpengine.com\/de-ch\/?page_id=5942"},"modified":"2025-11-03T10:10:13","modified_gmt":"2025-11-03T08:10:13","slug":"sixt-plus-auto-abo","status":"publish","type":"page","link":"https:\/\/corporate.sixt.com\/de-ch\/sixt-plus-auto-abo\/","title":{"rendered":"SEA_Sixt-Plus-Auto-Abo"},"content":{"rendered":"<div class=\"sxc-hero wbq_add_params_on_clickout\">\n    <img class=\"sxc-hero__image\" src=\"https:\/\/corporate.sixt.com\/de-ch\/wp-content\/uploads\/sites\/11\/2023\/06\/sixt.com-sixt-plus-featured.jpg\"\n         alt=\"AUTO ABO F\u00dcR GESCH\u00c4FTSKUNDEN: SIXT+\">\n    <div class=\"sxc-hero__inner\">\n\t\t<h1 class=\"sxc-hero__inner__headline\">AUTO ABO F\u00dcR GESCH\u00c4FTSKUNDEN: SIXT+<\/h1>        <div class=\"sxc-hero__inner__overview\">Die flexible Alternative zu Leasing oder Kauf im alles-inklusive Auto Abo f\u00fcr Firmen. Sofort verf\u00fcgbar. Alles drin au\u00dfer tanken. Ab einem Monat Laufzeit mit anschlie\u00dfender monatlicher K\u00fcndigungsoption.<\/div>\n    <\/div>\n\t        <div class=\"sxc-hero__cta\">\n            <a href=\"https:\/\/corporate-signup.sixt.com\/?lang=de&amp;country_code=ch&amp;product_type=sixt_plus\"\n               class=\"sxc-cta\">\n\t\t\t\tAngebot anfordern            <\/a>\n        <\/div>\n\t<\/div>\n<div class=\"sxc-benefits-details\">\n    <div class=\"sxc-benefits-details__inner\">\n\t\t<h2 class=\"sxc-benefits-details__heading\">DIE VORTEILE EINES SIXT+ AUTO ABOS<\/h2>        <div class=\"sxc-benefits-details__overview\">SIXT+ ist die Alternative zu einem klassischen Dienstwagen. Mit k\u00fcrzerer Laufzeit als beim Leasing und ohne Ausfall bei Wartung oder Reparatur wie beim Kauf. Konfigurierbar nach Ihrem Bedarf.<\/div>\n        <div class=\"sxc-benefits-details__columns\" style=\"grid-template-columns: repeat(4, 1fr)\">\n\t\t\t\n<div class=\"sxc-benefits-details-column__icon\">\n\t<\/div>\n<h3 class=\"sxc-benefits-details-column__heading\">PASSGENAUE PAKETE<\/h3><div class=\"sxc-benefits-details-column__contents\">\n    <ul class=\"sxc-benefits-details-column__list\">\n\t\t\t\t\t                <li class=\"sxc-benefits-details-column__list-item\">Ohne Wartezeit verf\u00fcgbar<\/li>\n\t\t\t                <li class=\"sxc-benefits-details-column__list-item\">Monatlich k\u00fcndbar<\/li>\n\t\t\t                <li class=\"sxc-benefits-details-column__list-item\">Individuelle Kilometer- und Schutzoptionen<\/li>\n\t\t\t\t\t    <\/ul>\n    <div class=\"sxc-benefits-details-column__link\">\n\t\t    <\/div>\n<\/div>\n<div class=\"sxc-benefits-details-column__icon\">\n\t<\/div>\n<h3 class=\"sxc-benefits-details-column__heading\">WUNSCHKLASSE W\u00c4HLEN<\/h3><div class=\"sxc-benefits-details-column__contents\">\n    <ul class=\"sxc-benefits-details-column__list\">\n\t\t\t\t\t                <li class=\"sxc-benefits-details-column__list-item\">Neueste Modelle mit Assistenzsystemen<\/li>\n\t\t\t                <li class=\"sxc-benefits-details-column__list-item\">E- und Hybridmodelle verf\u00fcgbar<\/li>\n\t\t\t                <li class=\"sxc-benefits-details-column__list-item\">Fahrzeugwechsel innerhalb eines Monats<\/li>\n\t\t\t\t\t    <\/ul>\n    <div class=\"sxc-benefits-details-column__link\">\n\t\t    <\/div>\n<\/div>\n<div class=\"sxc-benefits-details-column__icon\">\n\t<\/div>\n<h3 class=\"sxc-benefits-details-column__heading\">SICHER UNTERWEGS<\/h3><div class=\"sxc-benefits-details-column__contents\">\n    <ul class=\"sxc-benefits-details-column__list\">\n\t\t\t\t\t                <li class=\"sxc-benefits-details-column__list-item\">Inklusive Haftpflicht<\/li>\n\t\t\t                <li class=\"sxc-benefits-details-column__list-item\">Vollkasko sowie Diebstahlschutz<\/li>\n\t\t\t                <li class=\"sxc-benefits-details-column__list-item\">Pannen- und Unfallservice<\/li>\n\t\t\t\t\t    <\/ul>\n    <div class=\"sxc-benefits-details-column__link\">\n\t\t    <\/div>\n<\/div>\n<div class=\"sxc-benefits-details-column__icon\">\n\t<\/div>\n<h3 class=\"sxc-benefits-details-column__heading\">ALLES DRIN<\/h3><div class=\"sxc-benefits-details-column__contents\">\n    <ul class=\"sxc-benefits-details-column__list\">\n\t\t\t\t\t                <li class=\"sxc-benefits-details-column__list-item\">KFZ-Steuer, Rundfunkbeitrag, Zulassung<\/li>\n\t\t\t                <li class=\"sxc-benefits-details-column__list-item\">T\u00dcV und Hauptuntersuchung<\/li>\n\t\t\t                <li class=\"sxc-benefits-details-column__list-item\">Wartung, Verschlei\u00df, saisonale Bereifung<\/li>\n\t\t\t\t\t    <\/ul>\n    <div class=\"sxc-benefits-details-column__link\">\n\t\t    <\/div>\n<\/div>\n        <\/div>\n    <\/div>\n\t<\/div>\n\n<div class=\"sxc-features-teasers wbq_add_params_on_clickout\" id=\"sxc_ft_69dccc599f0b02_73412280\">\n\t<h2 class=\"sxc-features-teasers__heading\">SIXT+ IST DAS AUTO ABO F\u00dcR ALLE F\u00c4LLE<\/h2>    <div class=\"sxc-features-teasers__list\">\n\t\t\n<div class=\"sxc-features-teasers-item\">\n    <div class=\"sxc-features-teasers-item__image\">\n\t\t            <img src=\"https:\/\/corporate.sixt.com\/de-ch\/wp-content\/uploads\/sites\/11\/2023\/07\/sixt.com-sixt-app-anschlussmobilitaet.jpeg\" alt=\"FLEXIBLE LEASINGALTERNATIVE\">\n\t\t    <\/div>\n\t<h3 class=\"sxc-features-teasers-item__heading\">FLEXIBLE LEASINGALTERNATIVE<\/h3>    <div class=\"sxc-features-teasers-item__content\">\n        <div class=\"sxc-features-teasers-item__content-title\">\n            <img src=\"\/wp-content\/themes\/sixt\/images\/chevron-right.svg\" alt=\"Toggle\">\n            <div><\/div>\n        <\/div>\n        <div class=\"sxc-features-teasers-item__content-inner\">\n            <div class=\"sxc-features-teasers-item__text\">Mit dem SIXT Auto Abo f\u00fcr Gesch\u00e4ftskunden bestimmen Sie \u00fcber die Laufzeit Ihres Firmenwagens. Dank der monatlichen K\u00fcndigungsoption reagieren Sie schnell auf betriebliche \u00c4nderungen bei K\u00fcndigungen und nicht planbaren Situationen sowie Minderbedarf. Bei Bedarf kann das Modell innerhalb von einem Monat gewechselt und so den Lebensumst\u00e4nden des Fahrers angepasst werden.<\/div>\n\t\t\t        <\/div>\n    <\/div>\n\t        <div class=\"sxc-features-teasers-item__link\">\n            <a href=\"https:\/\/corporate-signup.sixt.com\/?lang=de&amp;country_code=ch&amp;product_type=sixt_plus\" class=\"sxc-link\">\n\t\t\t\tFirmen Auto Abo anfragen            <\/a>\n        <\/div>\n\t<\/div>\n<div class=\"sxc-features-teasers-item\">\n    <div class=\"sxc-features-teasers-item__image\">\n\t\t            <img src=\"https:\/\/corporate.sixt.com\/de-ch\/wp-content\/uploads\/sites\/11\/2021\/08\/sixt.com-sixt-sixt-plus-elektro-hybrid.jpeg\" alt=\"E- ODER HYBRID AUTO ABONNIEREN UND MIT DER ZEIT GEHEN\">\n\t\t    <\/div>\n\t<h3 class=\"sxc-features-teasers-item__heading\">E- ODER HYBRID AUTO ABONNIEREN UND MIT DER ZEIT GEHEN<\/h3>    <div class=\"sxc-features-teasers-item__content\">\n        <div class=\"sxc-features-teasers-item__content-title\">\n            <img src=\"\/wp-content\/themes\/sixt\/images\/chevron-right.svg\" alt=\"Toggle\">\n            <div><\/div>\n        <\/div>\n        <div class=\"sxc-features-teasers-item__content-inner\">\n            <div class=\"sxc-features-teasers-item__text\">F\u00fcr Gesch\u00e4ftskunden ist das SIXT+ Auto Abo die optimale Gelegenheit, alternative Antriebe risikofrei auszuprobieren. Durch die niedrigeren Steuers\u00e4tze f\u00fcr Hybrid- und Elektrofahrzeuge sparen Sie Kosten bei der Versteuerung des Firmenwagens. Sind Sie von den Vorteilen von Elektro- oder Hybrid-Firmenwagen nicht \u00fcberzeugt, wechseln Sie dank flexibler Tauschoptionen einfach das Modell.<\/div>\n\t\t\t        <\/div>\n    <\/div>\n\t        <div class=\"sxc-features-teasers-item__link\">\n            <a href=\"https:\/\/corporate-signup.sixt.com\/?lang=de&amp;country_code=ch&amp;product_type=sixt_plus\" class=\"sxc-link\">\n\t\t\t\tAngebot sichern            <\/a>\n        <\/div>\n\t<\/div>\n<div class=\"sxc-features-teasers-item\">\n    <div class=\"sxc-features-teasers-item__image\">\n\t\t            <img src=\"https:\/\/corporate.sixt.com\/de-ch\/wp-content\/uploads\/sites\/11\/2021\/08\/sixt.com-sixt-sixt-plus-mitarbeitermotivation.jpeg\" alt=\"DER MOTIVATIONSSCHUB F\u00dcR ALLE MITARBEITER\">\n\t\t    <\/div>\n\t<h3 class=\"sxc-features-teasers-item__heading\">DER MOTIVATIONSSCHUB F\u00dcR ALLE MITARBEITER<\/h3>    <div class=\"sxc-features-teasers-item__content\">\n        <div class=\"sxc-features-teasers-item__content-title\">\n            <img src=\"\/wp-content\/themes\/sixt\/images\/chevron-right.svg\" alt=\"Toggle\">\n            <div><\/div>\n        <\/div>\n        <div class=\"sxc-features-teasers-item__content-inner\">\n            <div class=\"sxc-features-teasers-item__text\">Ob mit oder ohne Dienstwagenanspruch: Sie gewinnen neue und halten bestehende Mitarbeiter mit dem individuellen Auto Abo. Als Incentive oder Gehaltsbestandteil - die Option, Fahrzeug und Laufleistung monatlich zu \u00e4ndern, kommt immer gut an! Dank monatlicher Exit-Option f\u00fcr Ihre Firma ohne Risiko.<\/div>\n\t\t\t        <\/div>\n    <\/div>\n\t        <div class=\"sxc-features-teasers-item__link\">\n            <a href=\"https:\/\/corporate-signup.sixt.com\/?lang=de&amp;country_code=ch&amp;product_type=sixt_plus\" class=\"sxc-link\">\n\t\t\t\tJetzt durchstarten            <\/a>\n        <\/div>\n\t<\/div>\n<div class=\"sxc-features-teasers-item\">\n    <div class=\"sxc-features-teasers-item__image\">\n\t\t            <img src=\"https:\/\/corporate.sixt.com\/de-ch\/wp-content\/uploads\/sites\/11\/2021\/08\/sixt.com-sixt-sixt-plus-starthilfe.jpeg\" alt=\"UNB\u00dcROKRATISCHE STARTHILFE\">\n\t\t    <\/div>\n\t<h3 class=\"sxc-features-teasers-item__heading\">UNB\u00dcROKRATISCHE STARTHILFE<\/h3>    <div class=\"sxc-features-teasers-item__content\">\n        <div class=\"sxc-features-teasers-item__content-title\">\n            <img src=\"\/wp-content\/themes\/sixt\/images\/chevron-right.svg\" alt=\"Toggle\">\n            <div><\/div>\n        <\/div>\n        <div class=\"sxc-features-teasers-item__content-inner\">\n            <div class=\"sxc-features-teasers-item__text\">F\u00fcr Gr\u00fcnder und Start-ups die beste Wahl: Keine Kapitalbindung, monatliche Betriebsausgabe statt Abschreibung - so bleiben Sie liquide. Der monatliche Fixpreis ist f\u00fcr Investoren und Banken gut planbar und schafft volle Kostenkontrolle auf Ihrer Seite. Dank kurzfristiger Beendigung des Abos sind die Ausgaben schnell an die betriebliche Situation angepasst.<\/div>\n\t\t\t        <\/div>\n    <\/div>\n\t        <div class=\"sxc-features-teasers-item__link\">\n            <a href=\"https:\/\/corporate-signup.sixt.com\/?lang=de&amp;country_code=ch&amp;product_type=sixt_plus\" class=\"sxc-link\">\n\t\t\t\tFirmentarif sichern            <\/a>\n        <\/div>\n\t<\/div>\n    <\/div>\n\t        <div class=\"sxc-features-teasers__footer\">\n\t\t\t<div class=\"sxc-features-teasers__footer-headline\">Jetzt unverbindlich Angebot anfordern<\/div>            <a href=\"https:\/\/corporate-signup.sixt.com\/?lang=de&amp;country_code=ch&amp;product_type=sixt_plus\" class=\"sxc-cta\">Zur Anmeldung<\/a>\n        <\/div>\n\t<\/div>\n<script>\n  window.addEventListener('load', () => {\n    new SxcFeaturesTeasers(document.getElementById('sxc_ft_69dccc599f0b02_73412280'));\n  });\n<\/script>\n<div class=\"sxc-fleet-static main_color\">\n    <div class=\"sxc-fleet-static__details\">\n\t\t<h2 class=\"sxc-fleet-static__heading\">DAS PASSENDE MODELL IM AUTO ABO<\/h2>        <div class=\"sxc-fleet-static__overview\">Die SIXT Premiumflotte hat f\u00fcr jeden das Richtige: Limousinen, Kombis oder SUVs. W\u00e4hlen Sie aus mehr als 180 Fahrzeugmodellen mit einem Durchschnittsalter von 3 Monaten und neuester Ausstattung.<\/div>\n    <\/div>\n\t        <div class=\"sxc-fleet-static__products\">\n\t\t\t\n\n<div class=\"sxc-fleet-static__card\">\n    <div class=\"sxc-fleet-static__card-details\">\n\t\t<div class=\"sxc-fleet-static__card-title\">BMW 1er<\/div>\t\t    <\/div>\n\t        <div class=\"sxc-fleet-static__card-image\">\n            <img src=\"https:\/\/corporate.sixt.com\/de-ch\/wp-content\/uploads\/sites\/11\/2018\/08\/sixt.com-fahrzeugmodelle-clmx-bmw-1er-5d-weiss-2017.png\" alt=\"BMW 1er\">\n        <\/div>\n\t<\/div>\n\n\n<div class=\"sxc-fleet-static__card\">\n    <div class=\"sxc-fleet-static__card-details\">\n\t\t<div class=\"sxc-fleet-static__card-title\">Mercedes-Benz V-Klasse<\/div>\t\t    <\/div>\n\t        <div class=\"sxc-fleet-static__card-image\">\n            <img src=\"https:\/\/corporate.sixt.com\/de-ch\/wp-content\/uploads\/sites\/11\/2017\/05\/sixt.com-fleet-mb-v-klasse-van-grau-2014.png\" alt=\"Mercedes-Benz V-Klasse\">\n        <\/div>\n\t<\/div>\n\n\n<div class=\"sxc-fleet-static__card\">\n    <div class=\"sxc-fleet-static__card-details\">\n\t\t<div class=\"sxc-fleet-static__card-title\">Opel Grandland X<\/div>\t\t    <\/div>\n\t        <div class=\"sxc-fleet-static__card-image\">\n            <img src=\"https:\/\/corporate.sixt.com\/de-ch\/wp-content\/uploads\/sites\/11\/2018\/12\/sixt.com-mittelklasse-firmenwagen-opel-grandland-dienstwagen.png\" alt=\"Opel Grandland X\">\n        <\/div>\n\t<\/div>\n\n\n<div class=\"sxc-fleet-static__card\">\n    <div class=\"sxc-fleet-static__card-details\">\n\t\t<div class=\"sxc-fleet-static__card-title\">BMW X5<\/div>\t\t    <\/div>\n\t        <div class=\"sxc-fleet-static__card-image\">\n            <img src=\"https:\/\/corporate.sixt.com\/de-ch\/wp-content\/uploads\/sites\/11\/2017\/05\/sixt.com-fleet-bmw-x5m-50d-weiss-2015.png\" alt=\"BMW X5\">\n        <\/div>\n\t<\/div>\n\n        <\/div>\n\t\t<\/div>\n    <div class=\"sxc-advantages sxc-advantages--light sxc-advantages--layout-four sxc-advantages--headline-default\">\n\t\t\t\t<h2 class=\"sxc-advantages__headline\">DIE VORTEILE F\u00dcR ENTSCHEIDER UND FAHRER<\/h2>\t\t            <div class=\"sxc-advantages__tabs\">\n\t\t\t\t                    <div class=\"sxc-advantages__tabs__tab sxc-cta\">Entscheider<\/div>\n\t\t\t\t                    <div class=\"sxc-advantages__tabs__tab sxc-cta\">Fahrer<\/div>\n\t\t\t\t            <\/div>\n\t\t        <div class=\"sxc-advantages__inner\">\n    <div class=\"sxc-advantages-item hidden\" data-tab=\"1\">\n\t\t\t\t\t<h3 class=\"sxc-advantages-item__headline\">H\u00d6CHSTE FLEXIBILIT\u00c4T<\/h3>\t\t\t\t            <div class=\"sxc-advantages-item__list\">\n                <div class=\"sxc-advantages-item__list__toggler\">Mehr Infos<\/div>\n                <div class=\"sxc-advantages-item__list__inner\">\n\t\t\t\t\t                        <div class=\"sxc-advantages-item__list__inner__element\">Auf ver\u00e4nderten Mobilit\u00e4tsbedarf reagieren<\/div>\n\t\t\t\t\t                        <div class=\"sxc-advantages-item__list__inner__element\">Ab 1 Monat Laufzeit<\/div>\n\t\t\t\t\t                        <div class=\"sxc-advantages-item__list__inner__element\">Monatlich k\u00fcndbar<\/div>\n\t\t\t\t\t                        <div class=\"sxc-advantages-item__list__inner__element\">Kein Warten, kurzfristig abholen!<\/div>\n\t\t\t\t\t                <\/div>\n            <\/div>\n\t\t\t\t\t\t    <\/div>\n\n    <div class=\"sxc-advantages-item hidden\" data-tab=\"1\">\n\t\t\t\t\t<h3 class=\"sxc-advantages-item__headline\">VOLLE KOSTENKONTROLLE<\/h3>\t\t\t\t            <div class=\"sxc-advantages-item__list\">\n                <div class=\"sxc-advantages-item__list__toggler\">Mehr Infos<\/div>\n                <div class=\"sxc-advantages-item__list__inner\">\n\t\t\t\t\t                        <div class=\"sxc-advantages-item__list__inner__element\">Alles-inklusive in der fixen Monatsrate*<\/div>\n\t\t\t\t\t                        <div class=\"sxc-advantages-item__list__inner__element\">Geringer Kapitaleinsatz<\/div>\n\t\t\t\t\t                        <div class=\"sxc-advantages-item__list__inner__element\">Feste Rate schafft solide Finanzplanung<\/div>\n\t\t\t\t\t                        <div class=\"sxc-advantages-item__list__inner__element\">Monatlich anpassen bei \u00c4nderungen<\/div>\n\t\t\t\t\t                <\/div>\n            <\/div>\n\t\t\t\t\t\t    <\/div>\n\n    <div class=\"sxc-advantages-item hidden\" data-tab=\"1\">\n\t\t\t\t\t<h3 class=\"sxc-advantages-item__headline\">ZUFRIEDENE KOLLEGEN<\/h3>\t\t\t\t            <div class=\"sxc-advantages-item__list\">\n                <div class=\"sxc-advantages-item__list__toggler\">Mehr Infos<\/div>\n                <div class=\"sxc-advantages-item__list__inner\">\n\t\t\t\t\t                        <div class=\"sxc-advantages-item__list__inner__element\">Einfache Prozesse und Verwaltung<\/div>\n\t\t\t\t\t                        <div class=\"sxc-advantages-item__list__inner__element\">Dienstwagenrichtlinie flexibler gestalten (z.B. statt max. Audi A3 jetzt \u00bd Jahr VW Polo, \u00bd Jahr BMW X4)<\/div>\n\t\t\t\t\t                        <div class=\"sxc-advantages-item__list__inner__element\">Bilanzneutrale Fahrzeuge trotz IFRS 16<\/div>\n\t\t\t\t\t                <\/div>\n            <\/div>\n\t\t\t\t\t\t    <\/div>\n\n    <div class=\"sxc-advantages-item hidden\" data-tab=\"1\">\n\t\t\t\t\t<h3 class=\"sxc-advantages-item__headline\">GERINGERER AUFWAND<\/h3>\t\t\t\t            <div class=\"sxc-advantages-item__list\">\n                <div class=\"sxc-advantages-item__list__toggler\">Mehr Infos<\/div>\n                <div class=\"sxc-advantages-item__list__inner\">\n\t\t\t\t\t                        <div class=\"sxc-advantages-item__list__inner__element\">Weniger Verhandlungen mit Herstellern, H\u00e4ndlern und Leasinggebern<\/div>\n\t\t\t\t\t                        <div class=\"sxc-advantages-item__list__inner__element\">Unkomplizierter Vertragsabschluss<\/div>\n\t\t\t\t\t                        <div class=\"sxc-advantages-item__list__inner__element\">Einfache Administration dank SIXT Business Account<\/div>\n\t\t\t\t\t                        <div class=\"sxc-advantages-item__list__inner__element\">Alles in einer Abrechnungs\u00fcbersicht<\/div>\n\t\t\t\t\t                <\/div>\n            <\/div>\n\t\t\t\t\t\t    <\/div>\n\n    <div class=\"sxc-advantages-item hidden\" data-tab=\"2\">\n\t\t\t\t\t<h3 class=\"sxc-advantages-item__headline\">MAXIMALE ANPASSUNGSF\u00c4HIGKEIT<\/h3>\t\t\t\t            <div class=\"sxc-advantages-item__list\">\n                <div class=\"sxc-advantages-item__list__toggler\">Mehr Infos<\/div>\n                <div class=\"sxc-advantages-item__list__inner\">\n\t\t\t\t\t                        <div class=\"sxc-advantages-item__list__inner__element\">Abo passt sich der Lebenssituation an<\/div>\n\t\t\t\t\t                        <div class=\"sxc-advantages-item__list__inner__element\">Modellwechsel innerhalb eines Monats<\/div>\n\t\t\t\t\t                        <div class=\"sxc-advantages-item__list__inner__element\">Ohne lange Wartezeit sofort starten<\/div>\n\t\t\t\t\t                <\/div>\n            <\/div>\n\t\t\t\t\t\t    <\/div>\n\n    <div class=\"sxc-advantages-item hidden\" data-tab=\"2\">\n\t\t\t\t\t<h3 class=\"sxc-advantages-item__headline\">BEDARFSGERECHTE KOSTENSITUATION<\/h3>\t\t\t\t            <div class=\"sxc-advantages-item__list\">\n                <div class=\"sxc-advantages-item__list__toggler\">Mehr Infos<\/div>\n                <div class=\"sxc-advantages-item__list__inner\">\n\t\t\t\t\t                        <div class=\"sxc-advantages-item__list__inner__element\">Keine lange Bindung an ein bestimmtes Fahrzeugmodell<\/div>\n\t\t\t\t\t                        <div class=\"sxc-advantages-item__list__inner__element\">Versteuerungsbasis mit Fahrzeugklasse anpassbar<\/div>\n\t\t\t\t\t                        <div class=\"sxc-advantages-item__list__inner__element\">Innerhalb eines Monats k\u00fcndigen und Kosten eliminieren<\/div>\n\t\t\t\t\t                <\/div>\n            <\/div>\n\t\t\t\t\t\t    <\/div>\n\n    <div class=\"sxc-advantages-item hidden\" data-tab=\"2\">\n\t\t\t\t\t<h3 class=\"sxc-advantages-item__headline\">MINIMALER AUFWAND<\/h3>\t\t\t\t            <div class=\"sxc-advantages-item__list\">\n                <div class=\"sxc-advantages-item__list__toggler\">Mehr Infos<\/div>\n                <div class=\"sxc-advantages-item__list__inner\">\n\t\t\t\t\t                        <div class=\"sxc-advantages-item__list__inner__element\">Keine Verwaltung bei Beh\u00f6rden, Versicherung und GEZ<\/div>\n\t\t\t\t\t                        <div class=\"sxc-advantages-item__list__inner__element\">Keine Wartung (Reifenwechsel, Inspektion)<\/div>\n\t\t\t\t\t                        <div class=\"sxc-advantages-item__list__inner__element\">Mobilit\u00e4tsgarantie zubuchbar f\u00fcr Autotausch bei Schaden<\/div>\n\t\t\t\t\t                <\/div>\n            <\/div>\n\t\t\t\t\t\t    <\/div>\n\n    <div class=\"sxc-advantages-item hidden\" data-tab=\"2\">\n\t\t\t\t\t<h3 class=\"sxc-advantages-item__headline\">BESTES FAHRERLEBNIS<\/h3>\t\t\t\t            <div class=\"sxc-advantages-item__list\">\n                <div class=\"sxc-advantages-item__list__toggler\">Mehr Infos<\/div>\n                <div class=\"sxc-advantages-item__list__inner\">\n\t\t\t\t\t                        <div class=\"sxc-advantages-item__list__inner__element\">Neues Premiumauto nach maximal 6 Monaten<\/div>\n\t\t\t\t\t                        <div class=\"sxc-advantages-item__list__inner__element\">Sicherheitsstandards und Technologien immer auf dem aktuellesten Stand<\/div>\n\t\t\t\t\t                        <div class=\"sxc-advantages-item__list__inner__element\">Neufahrzeug versteuern und fahren!<\/div>\n\t\t\t\t\t                <\/div>\n            <\/div>\n\t\t\t\t\t\t    <\/div>\n\n<\/div>\n    <\/div>\n    <script>\n      window.addEventListener('load', () => {\n        new SxcAdvantages(\".sxc-advantages__tabs__tab\", \".sxc-advantages-item\",\n            \".sxc-advantages-item__list__toggler\", \".sxc-advantages-item__list__inner\");\n      });\n    <\/script>\n\n<div class=\"sxc-next-steps wbq_add_params_on_clickout\">\n\t<div class=\"sxc-next-steps__headline\">IN 4 SCHRITTEN ZU IHREM INDIVIDUELLEN AUTO ABO<\/div>    <div class=\"sxc-next-steps__inner\">\n\t\t\n<div class=\"sxc-next-steps-item\">\n    <div class=\"sxc-next-steps-item__icon\"><img src=\"https:\/\/corporate.sixt.com\/de-ch\/wp-content\/uploads\/sites\/11\/2023\/05\/sixt.com-vt-gastronomie-ico-desktop-smartphone-40.svg\" alt=\"\"><\/div>\n\t<div class=\"sxc-next-steps-item__headline\">ONLINE ANMELDEN<\/div>    <div class=\"sxc-next-steps-item__overview\">Schnell und einfach: Daten in das Onlineformular eingeben und den individuellen Bedarf angeben.<\/div>\n<\/div>\n<div class=\"sxc-next-steps-item\">\n    <div class=\"sxc-next-steps-item__icon\"><img src=\"https:\/\/corporate.sixt.com\/de-ch\/wp-content\/uploads\/sites\/11\/2023\/07\/sixt.com-digitale-mobilitaetsservices-fuer-reisende-ico-scan-documents-40.svg\" alt=\"\"><\/div>\n\t<div class=\"sxc-next-steps-item__headline\">ANGEBOT ERHALTEN<\/div>    <div class=\"sxc-next-steps-item__overview\">Sie erhalten umgehend ein Angebot, das perfekt auf Sie zugeschnitten ist. Bei weiteren Fragen melden sich unsere Experten telefonisch, um Ihren Bedarf zu ermitteln.<\/div>\n<\/div>\n<div class=\"sxc-next-steps-item\">\n    <div class=\"sxc-next-steps-item__icon\"><img src=\"https:\/\/corporate.sixt.com\/de-ch\/wp-content\/uploads\/sites\/11\/2021\/07\/sixt.com-sixt-fuer-firmenkunden-ico-box-percent-40.svg\" alt=\"\"><\/div>\n\t<div class=\"sxc-next-steps-item__headline\">BUSINESS PROFIL ANLEGEN<\/div>    <div class=\"sxc-next-steps-item__overview\">Legen Sie ein Fahrerprofil mit Hilfe unseres Registrierungslinks an. Mit dem SIXT Business Profil verwalten Sie Ihr Abo bequem online per Web und App.<\/div>\n<\/div>\n<div class=\"sxc-next-steps-item\">\n    <div class=\"sxc-next-steps-item__icon\"><img src=\"https:\/\/corporate.sixt.com\/de-ch\/wp-content\/uploads\/sites\/11\/2023\/07\/sixt.com-miettransporter-individualisieren-ico-passwordmanager.svg\" alt=\"\"><\/div>\n\t<div class=\"sxc-next-steps-item__headline\">ABHOLEN UND LOSFAHREN<\/div>    <div class=\"sxc-next-steps-item__overview\">Keine lange Wartezeit - Ihr Auto Abo ist umgehend verf\u00fcgbar. Jetzt hei\u00dft es: abholen und losfahren.<\/div>\n<\/div>\n    <\/div>\n    <div class=\"sxc-next-steps__cta\">\n        <a href=\"https:\/\/corporate-signup.sixt.com\/?lang=de&amp;country_code=ch&amp;product_type=sixt_plus\"\n           class=\"sxc-cta\">\n\t\t\tUnverbindlich anfragen        <\/a>\n    <\/div>\n<\/div>\n","protected":false},"excerpt":{"rendered":"","protected":false},"author":48,"featured_media":0,"parent":0,"menu_order":0,"comment_status":"closed","ping_status":"closed","template":"","meta":[],"categories":[],"tags":[],"yst_prominent_words":[],"_links":{"self":[{"href":"https:\/\/corporate.sixt.com\/de-ch\/wp-json\/wp\/v2\/pages\/5942"}],"collection":[{"href":"https:\/\/corporate.sixt.com\/de-ch\/wp-json\/wp\/v2\/pages"}],"about":[{"href":"https:\/\/corporate.sixt.com\/de-ch\/wp-json\/wp\/v2\/types\/page"}],"author":[{"embeddable":true,"href":"https:\/\/corporate.sixt.com\/de-ch\/wp-json\/wp\/v2\/users\/48"}],"replies":[{"embeddable":true,"href":"https:\/\/corporate.sixt.com\/de-ch\/wp-json\/wp\/v2\/comments?post=5942"}],"version-history":[{"count":0,"href":"https:\/\/corporate.sixt.com\/de-ch\/wp-json\/wp\/v2\/pages\/5942\/revisions"}],"wp:attachment":[{"href":"https:\/\/corporate.sixt.com\/de-ch\/wp-json\/wp\/v2\/media?parent=5942"}],"wp:term":[{"taxonomy":"category","embeddable":true,"href":"https:\/\/corporate.sixt.com\/de-ch\/wp-json\/wp\/v2\/categories?post=5942"},{"taxonomy":"post_tag","embeddable":true,"href":"https:\/\/corporate.sixt.com\/de-ch\/wp-json\/wp\/v2\/tags?post=5942"},{"taxonomy":"yst_prominent_words","embeddable":true,"href":"https:\/\/corporate.sixt.com\/de-ch\/wp-json\/wp\/v2\/yst_prominent_words?post=5942"}],"curies":[{"name":"wp","href":"https:\/\/api.w.org\/{rel}","templated":true}]}}