{"id":5928,"date":"2025-02-07T12:42:43","date_gmt":"2025-02-07T10:42:43","guid":{"rendered":"https:\/\/sixtcorpstage.wpengine.com\/de-ch\/?page_id=5928"},"modified":"2025-11-03T10:09:00","modified_gmt":"2025-11-03T08:09:00","slug":"auto-langzeitmiete","status":"publish","type":"page","link":"https:\/\/corporate.sixt.com\/de-ch\/auto-langzeitmiete\/","title":{"rendered":"SEA_Auto-Langzeitmiete"},"content":{"rendered":"<div class=\"sxc-hero wbq_add_params_on_clickout\">\n    <img class=\"sxc-hero__image\" src=\"https:\/\/corporate.sixt.com\/de-ch\/wp-content\/uploads\/sites\/11\/2021\/09\/sixt.com-langzeitmiete-sixt-long-term-classic-hero.jpg\"\n         alt=\"AUTO LANGZEITMIETE F\u00dcR FIRMEN\">\n    <div class=\"sxc-hero__inner\">\n\t\t<h1 class=\"sxc-hero__inner__headline\">AUTO LANGZEITMIETE F\u00dcR FIRMEN<\/h1>        <div class=\"sxc-hero__inner__overview\">Ihre flexibelste Fuhrparkl\u00f6sung ab 28 Tagen: die Langzeitmiete SIXT Long-Term Classic. Sofort verf\u00fcgbar, t\u00e4glich k\u00fcndbar. Zudem passen Sie das Modell und den Mietzeitraum jederzeit flexibel an. Da bleiben keine W\u00fcnsche offen.<\/div>\n    <\/div>\n\t        <div class=\"sxc-hero__cta\">\n            <a href=\"https:\/\/corporate-signup.sixt.com\/?lang=de&amp;country_code=ch&amp;product_type=sixt_plus\"\n               class=\"sxc-cta\">\n\t\t\t\tLangzeitmiete sichern            <\/a>\n        <\/div>\n\t<\/div>\n<div class=\"sxc-benefits-details\">\n    <div class=\"sxc-benefits-details__inner\">\n\t\t<h2 class=\"sxc-benefits-details__heading\">IHRE VORTEILE MIT DER AUTO LANGZEITMIETE<\/h2>        <div class=\"sxc-benefits-details__overview\">Da profitieren alle Firmen: Ganz ohne feste Laufzeit und immer zu den besten Konditionen buchen. Ob kleiner oder gro\u00dfer Fuhrpark, mit der Auto Langzeitmiete von SIXT bleibt die Flotte flexibel.<\/div>\n        <div class=\"sxc-benefits-details__columns\" style=\"grid-template-columns: repeat(4, 1fr)\">\n\t\t\t\n<div class=\"sxc-benefits-details-column__icon\">\n\t<\/div>\n<h3 class=\"sxc-benefits-details-column__heading\">MOBILIT\u00c4T ZUM FESTPREIS<\/h3><div class=\"sxc-benefits-details-column__contents\">\n    <ul class=\"sxc-benefits-details-column__list\">\n\t\t\t\t\t                <li class=\"sxc-benefits-details-column__list-item\">Planbarer Fixpreis mit tagesgenauer Abrechnung<\/li>\n\t\t\t                <li class=\"sxc-benefits-details-column__list-item\">Wechseloption bei Modell und Kategorie<\/li>\n\t\t\t                <li class=\"sxc-benefits-details-column__list-item\">Bis zu 15% Firmenkundenrabatt<\/li>\n\t\t\t\t\t    <\/ul>\n    <div class=\"sxc-benefits-details-column__link\">\n\t\t    <\/div>\n<\/div>\n<div class=\"sxc-benefits-details-column__icon\">\n\t<\/div>\n<h3 class=\"sxc-benefits-details-column__heading\">MEHR ZEIT F\u00dcR WICHTIGES<\/h3><div class=\"sxc-benefits-details-column__contents\">\n    <ul class=\"sxc-benefits-details-column__list\">\n\t\t\t\t\t                <li class=\"sxc-benefits-details-column__list-item\">All-Inclusive Produkt inkl. Steuern und Geb\u00fchren<\/li>\n\t\t\t                <li class=\"sxc-benefits-details-column__list-item\">Kein Aufwand f\u00fcr Wartung und Verschlei\u00df<\/li>\n\t\t\t                <li class=\"sxc-benefits-details-column__list-item\">Kein Aufwand f\u00fcr Reifenwechsel und -einlagerung<\/li>\n\t\t\t\t\t    <\/ul>\n    <div class=\"sxc-benefits-details-column__link\">\n\t\t    <\/div>\n<\/div>\n<div class=\"sxc-benefits-details-column__icon\">\n\t<\/div>\n<h3 class=\"sxc-benefits-details-column__heading\">MEHR FREUDE AM FAHREN<\/h3><div class=\"sxc-benefits-details-column__contents\">\n    <ul class=\"sxc-benefits-details-column__list\">\n\t\t\t\t\t                <li class=\"sxc-benefits-details-column__list-item\">Neueste Modelle \u2013 maximal 6 Monate jung<\/li>\n\t\t\t                <li class=\"sxc-benefits-details-column__list-item\">Breite Palette an Fahrzeugen der Premiummarken<\/li>\n\t\t\t                <li class=\"sxc-benefits-details-column__list-item\">Assistenzsysteme und Zusatzausstattungen<\/li>\n\t\t\t\t\t    <\/ul>\n    <div class=\"sxc-benefits-details-column__link\">\n\t\t    <\/div>\n<\/div>\n<div class=\"sxc-benefits-details-column__icon\">\n\t<\/div>\n<h3 class=\"sxc-benefits-details-column__heading\">FLEXBILE FIRMENFLOTTE<\/h3><div class=\"sxc-benefits-details-column__contents\">\n    <ul class=\"sxc-benefits-details-column__list\">\n\t\t\t\t\t                <li class=\"sxc-benefits-details-column__list-item\">Jederzeit Anpassen des agilen Miet-Fuhrparks m\u00f6glich<\/li>\n\t\t\t                <li class=\"sxc-benefits-details-column__list-item\">Keine Vertragsbindung \u2013 buchen nach Bedarf<\/li>\n\t\t\t                <li class=\"sxc-benefits-details-column__list-item\">Fahrzeuge sofort verf\u00fcgbar<\/li>\n\t\t\t\t\t    <\/ul>\n    <div class=\"sxc-benefits-details-column__link\">\n\t\t    <\/div>\n<\/div>\n        <\/div>\n    <\/div>\n\t<\/div>\n\n<div class=\"sxc-features-teasers wbq_add_params_on_clickout\" id=\"sxc_ft_69d0a638ac8241_57304938\">\n\t<h2 class=\"sxc-features-teasers__heading\">WANN LOHNT SICH DIE LANGZEITMIETE LONG-TERM CLASSIC?<\/h2>    <div class=\"sxc-features-teasers__list\">\n\t\t\n<div class=\"sxc-features-teasers-item\">\n    <div class=\"sxc-features-teasers-item__image\">\n\t\t            <img src=\"https:\/\/corporate.sixt.com\/de-ch\/wp-content\/uploads\/sites\/11\/2021\/09\/sixt.com-langzeitmiete-long-term-classic-planungssicherheit.jpg\" alt=\"PLANUNGSSICHERHEIT BEI \u00dcBERBR\u00dcCKUNG\">\n\t\t    <\/div>\n\t<h3 class=\"sxc-features-teasers-item__heading\">PLANUNGSSICHERHEIT BEI \u00dcBERBR\u00dcCKUNG<\/h3>    <div class=\"sxc-features-teasers-item__content\">\n        <div class=\"sxc-features-teasers-item__content-title\">\n            <img src=\"\/wp-content\/themes\/sixt\/images\/chevron-right.svg\" alt=\"Toggle\">\n            <div><\/div>\n        <\/div>\n        <div class=\"sxc-features-teasers-item__content-inner\">\n            <div class=\"sxc-features-teasers-item__text\">Sie m\u00f6chten Mitarbeiter, die auf die Lieferung des Leasingfahrzeugs warten, sich in der Probezeit befinden, bald in Elternzeit gehen, oder einen befristeten Arbeitsvertrag besitzen, mobil halten? Mit der SIXT Long-Term Classic Langzeitmiete kein Hindernis: ab 28 Tagen, ohne Risiko, ohne Mindestlaufzeit.<\/div>\n\t\t\t        <\/div>\n    <\/div>\n\t        <div class=\"sxc-features-teasers-item__link\">\n            <a href=\"https:\/\/corporate-signup.sixt.com\/?lang=de&amp;country_code=ch&amp;product_type=sixt_plus\" class=\"sxc-link\">\n\t\t\t\tFirmenrabatt sichern            <\/a>\n        <\/div>\n\t<\/div>\n<div class=\"sxc-features-teasers-item\">\n    <div class=\"sxc-features-teasers-item__image\">\n\t\t            <img src=\"https:\/\/corporate.sixt.com\/de-ch\/wp-content\/uploads\/sites\/11\/2021\/09\/sixt.com-langzeitmiete-long-term-classic-spontaner-mehrbedarf.jpeg\" alt=\"SPONTAN MEHRBEDARF DECKEN\">\n\t\t    <\/div>\n\t<h3 class=\"sxc-features-teasers-item__heading\">SPONTAN MEHRBEDARF DECKEN<\/h3>    <div class=\"sxc-features-teasers-item__content\">\n        <div class=\"sxc-features-teasers-item__content-title\">\n            <img src=\"\/wp-content\/themes\/sixt\/images\/chevron-right.svg\" alt=\"Toggle\">\n            <div><\/div>\n        <\/div>\n        <div class=\"sxc-features-teasers-item__content-inner\">\n            <div class=\"sxc-features-teasers-item__text\">Saisongesch\u00e4ft, Baustelle, Projekt: Die Flottengr\u00f6\u00dfe schwankt nach Auftragslage. Mit SIXT Long-Term Classic l\u00e4sst sich der spontane Bedarf nach Fahrzeugen, die f\u00fcr mehr als 28 Tage ben\u00f6tigt werden, schnell und unkompliziert auffangen. Verringert sich Ihr Bedarf an Firmenwagen wieder, geben Sie das Auto einfach an der n\u00e4chsten SIXT Station ab.<\/div>\n\t\t\t        <\/div>\n    <\/div>\n\t        <div class=\"sxc-features-teasers-item__link\">\n            <a href=\"https:\/\/corporate-signup.sixt.com\/?lang=de&amp;country_code=ch&amp;product_type=sixt_plus\" class=\"sxc-link\">\n\t\t\t\tJetzt registrieren            <\/a>\n        <\/div>\n\t<\/div>\n<div class=\"sxc-features-teasers-item\">\n    <div class=\"sxc-features-teasers-item__image\">\n\t\t            <img src=\"https:\/\/corporate.sixt.com\/de-ch\/wp-content\/uploads\/sites\/11\/2021\/09\/sixt.com-langzeitmiete-long-term-classic-poolfahrzeug.jpeg\" alt=\"DIE PERFEKTE POOLFAHRZEUG-L\u00d6SUNG\">\n\t\t    <\/div>\n\t<h3 class=\"sxc-features-teasers-item__heading\">DIE PERFEKTE POOLFAHRZEUG-L\u00d6SUNG<\/h3>    <div class=\"sxc-features-teasers-item__content\">\n        <div class=\"sxc-features-teasers-item__content-title\">\n            <img src=\"\/wp-content\/themes\/sixt\/images\/chevron-right.svg\" alt=\"Toggle\">\n            <div><\/div>\n        <\/div>\n        <div class=\"sxc-features-teasers-item__content-inner\">\n            <div class=\"sxc-features-teasers-item__text\">Mit SIXT Long-Term Classic ist auch die Nutzung ein- und desselben Fahrzeugs durch mehrere Mitarbeiter m\u00f6glich. Fahrzeuge in der Langzeitmiete lassen sich dauerhaft oder auch nur \u00fcbergangsweise f\u00fcr ein Event oder Projekt als Poolfahrzeuge einsetzen und optimieren so die Auslastung. Aus einem starren wird ein agiler Fahrzeug-Pool.<\/div>\n\t\t\t        <\/div>\n    <\/div>\n\t        <div class=\"sxc-features-teasers-item__link\">\n            <a href=\"https:\/\/corporate-signup.sixt.com\/?lang=de&amp;country_code=ch&amp;product_type=sixt_plus\" class=\"sxc-link\">\n\t\t\t\tJetzt anmelden            <\/a>\n        <\/div>\n\t<\/div>\n<div class=\"sxc-features-teasers-item\">\n    <div class=\"sxc-features-teasers-item__image\">\n\t\t            <img src=\"https:\/\/corporate.sixt.com\/de-ch\/wp-content\/uploads\/sites\/11\/2021\/09\/sixt.com-langzeitmiete-long-term-classic-fuhrparkergaenzung.jpeg\" alt=\"FUHRPARK ERG\u00c4NZUNG NACH BEDARF\">\n\t\t    <\/div>\n\t<h3 class=\"sxc-features-teasers-item__heading\">FUHRPARK ERG\u00c4NZUNG NACH BEDARF<\/h3>    <div class=\"sxc-features-teasers-item__content\">\n        <div class=\"sxc-features-teasers-item__content-title\">\n            <img src=\"\/wp-content\/themes\/sixt\/images\/chevron-right.svg\" alt=\"Toggle\">\n            <div><\/div>\n        <\/div>\n        <div class=\"sxc-features-teasers-item__content-inner\">\n            <div class=\"sxc-features-teasers-item__text\">Ihre geleasten und gekauften Firmenwagen reichen nicht aus oder sind Ihnen zu starr? Geben Sie Ihrem Fuhrpark Luft zum Atmen und ersetzen Sie einen Teil Ihrer Kauf- und Leasingfahrzeuge durch flexible Auto Langzeitmieten von SIXT. Oder als Erg\u00e4nzung \u2013 da ungenutzte Mietfahrzeuge sofort wieder ausgeflottet werden k\u00f6nnen.<\/div>\n\t\t\t        <\/div>\n    <\/div>\n\t        <div class=\"sxc-features-teasers-item__link\">\n            <a href=\"https:\/\/corporate-signup.sixt.com\/?lang=de&amp;country_code=ch&amp;product_type=sixt_plus\" class=\"sxc-link\">\n\t\t\t\tUnverbindlich anfragen            <\/a>\n        <\/div>\n\t<\/div>\n    <\/div>\n\t        <div class=\"sxc-features-teasers__footer\">\n\t\t\t<div class=\"sxc-features-teasers__footer-headline\">Ihr individuelles kostenloses Angebot <\/div>            <a href=\"https:\/\/corporate-signup.sixt.com\/?lang=de&amp;country_code=ch&amp;product_type=sixt_plus\" class=\"sxc-cta\">Jetzt anfordern<\/a>\n        <\/div>\n\t<\/div>\n<script>\n  window.addEventListener('load', () => {\n    new SxcFeaturesTeasers(document.getElementById('sxc_ft_69d0a638ac8241_57304938'));\n  });\n<\/script>\n    <div class=\"sxc-advantages sxc-advantages--light sxc-advantages--layout-four sxc-advantages--headline-default\">\n\t\t\t\t<h2 class=\"sxc-advantages__headline\">FAHRER UND ENTSCHEIDER PROFITIEREN MIT DER LANGZEITMIETE<\/h2>\t\t            <div class=\"sxc-advantages__tabs\">\n\t\t\t\t                    <div class=\"sxc-advantages__tabs__tab sxc-cta\">Entscheider<\/div>\n\t\t\t\t                    <div class=\"sxc-advantages__tabs__tab sxc-cta\">Fahrer<\/div>\n\t\t\t\t            <\/div>\n\t\t        <div class=\"sxc-advantages__inner\">\n    <div class=\"sxc-advantages-item hidden\" data-tab=\"1\">\n\t\t\t\t\t<h3 class=\"sxc-advantages-item__headline\">WENIGER VERWALTUNGSAUFWAND<\/h3>\t\t\t\t            <div class=\"sxc-advantages-item__list\">\n                <div class=\"sxc-advantages-item__list__toggler\">Mehr Infos<\/div>\n                <div class=\"sxc-advantages-item__list__inner\">\n\t\t\t\t\t                        <div class=\"sxc-advantages-item__list__inner__element\">Planung von Wartung, Reparatur und Inspektion entf\u00e4llt<\/div>\n\t\t\t\t\t                        <div class=\"sxc-advantages-item__list__inner__element\">Full-Service-Angebot inklusive Unfallschutz und Steuern<\/div>\n\t\t\t\t\t                        <div class=\"sxc-advantages-item__list__inner__element\">Schnelle, unkomplizierte Beschaffung<\/div>\n\t\t\t\t\t                <\/div>\n            <\/div>\n\t\t\t\t\t\t    <\/div>\n\n    <div class=\"sxc-advantages-item hidden\" data-tab=\"1\">\n\t\t\t\t\t<h3 class=\"sxc-advantages-item__headline\">VOLLE KOSTENTRANSPARENZ<\/h3>\t\t\t\t            <div class=\"sxc-advantages-item__list\">\n                <div class=\"sxc-advantages-item__list__toggler\">Mehr Infos<\/div>\n                <div class=\"sxc-advantages-item__list__inner\">\n\t\t\t\t\t                        <div class=\"sxc-advantages-item__list__inner__element\">Planbarer Festpreis mit tagesgenauer Abrechnung<\/div>\n\t\t\t\t\t                        <div class=\"sxc-advantages-item__list__inner__element\">Ohne vertragliche Bindung oder Mindestlaufzeit<\/div>\n\t\t\t\t\t                        <div class=\"sxc-advantages-item__list__inner__element\">Firmenkundenrabatt von bis zu 15%<\/div>\n\t\t\t\t\t                <\/div>\n            <\/div>\n\t\t\t\t\t\t    <\/div>\n\n    <div class=\"sxc-advantages-item hidden\" data-tab=\"1\">\n\t\t\t\t\t<h3 class=\"sxc-advantages-item__headline\">MAXIMAL FLEXIBILIT\u00c4T<\/h3>\t\t\t\t            <div class=\"sxc-advantages-item__list\">\n                <div class=\"sxc-advantages-item__list__toggler\">Mehr Infos<\/div>\n                <div class=\"sxc-advantages-item__list__inner\">\n\t\t\t\t\t                        <div class=\"sxc-advantages-item__list__inner__element\">Sofort verf\u00fcgbare Fahrzeuge<\/div>\n\t\t\t\t\t                        <div class=\"sxc-advantages-item__list__inner__element\">Jederzeit t\u00e4glich k\u00fcndbar<\/div>\n\t\t\t\t\t                        <div class=\"sxc-advantages-item__list__inner__element\">Poolfahrzeuge agil nutzen<\/div>\n\t\t\t\t\t                <\/div>\n            <\/div>\n\t\t\t\t\t\t    <\/div>\n\n    <div class=\"sxc-advantages-item hidden\" data-tab=\"1\">\n\t\t\t\t\t<h3 class=\"sxc-advantages-item__headline\">EINFACHE ADMINISTRATION<\/h3>\t\t\t\t            <div class=\"sxc-advantages-item__list\">\n                <div class=\"sxc-advantages-item__list__toggler\">Mehr Infos<\/div>\n                <div class=\"sxc-advantages-item__list__inner\">\n\t\t\t\t\t                        <div class=\"sxc-advantages-item__list__inner__element\">Abrechnung mit allen fahrzeugbezogenen Kosten<\/div>\n\t\t\t\t\t                        <div class=\"sxc-advantages-item__list__inner__element\">Detaillierte Reportings zu allen Buchungen<\/div>\n\t\t\t\t\t                        <div class=\"sxc-advantages-item__list__inner__element\">Self-Service mit 24\/7 Nutzeradministration<\/div>\n\t\t\t\t\t                <\/div>\n            <\/div>\n\t\t\t\t\t\t    <\/div>\n\n    <div class=\"sxc-advantages-item hidden\" data-tab=\"2\">\n\t\t\t\t\t<h3 class=\"sxc-advantages-item__headline\">MEHR GESTALTUNGSSPIELRAUM<\/h3>\t\t\t\t            <div class=\"sxc-advantages-item__list\">\n                <div class=\"sxc-advantages-item__list__toggler\">Mehr Infos<\/div>\n                <div class=\"sxc-advantages-item__list__inner\">\n\t\t\t\t\t                        <div class=\"sxc-advantages-item__list__inner__element\">Fahrzeugklasse nach Bedarf aussuchen<\/div>\n\t\t\t\t\t                        <div class=\"sxc-advantages-item__list__inner__element\">Jederzeit Fahrzeug wechseln oder wieder abgeben<\/div>\n\t\t\t\t\t                        <div class=\"sxc-advantages-item__list__inner__element\">H\u00f6he der Versteuerung mit beeinflussen<\/div>\n\t\t\t\t\t                <\/div>\n            <\/div>\n\t\t\t\t\t\t    <\/div>\n\n    <div class=\"sxc-advantages-item hidden\" data-tab=\"2\">\n\t\t\t\t\t<h3 class=\"sxc-advantages-item__headline\">OHNE LANGE WARTEZEIT<\/h3>\t\t\t\t            <div class=\"sxc-advantages-item__list\">\n                <div class=\"sxc-advantages-item__list__toggler\">Mehr Infos<\/div>\n                <div class=\"sxc-advantages-item__list__inner\">\n\t\t\t\t\t                        <div class=\"sxc-advantages-item__list__inner__element\">Viele sofort verf\u00fcgbare Fahrzeuge<\/div>\n\t\t\t\t\t                        <div class=\"sxc-advantages-item__list__inner__element\">Kurzer Weg zur \u00dcbernahme an einer von vielen SIXT Stationen<\/div>\n\t\t\t\t\t                        <div class=\"sxc-advantages-item__list__inner__element\">Zustell- und Abholservice m\u00f6glich<\/div>\n\t\t\t\t\t                <\/div>\n            <\/div>\n\t\t\t\t\t\t    <\/div>\n\n    <div class=\"sxc-advantages-item hidden\" data-tab=\"2\">\n\t\t\t\t\t<h3 class=\"sxc-advantages-item__headline\">HOHER WOHLF\u00dcHLFAKTOR<\/h3>\t\t\t\t            <div class=\"sxc-advantages-item__list\">\n                <div class=\"sxc-advantages-item__list__toggler\">Mehr Infos<\/div>\n                <div class=\"sxc-advantages-item__list__inner\">\n\t\t\t\t\t                        <div class=\"sxc-advantages-item__list__inner__element\">Neueste Fahrzeugmodelle fahren<\/div>\n\t\t\t\t\t                        <div class=\"sxc-advantages-item__list__inner__element\">Komfort und Ausstattung immer topaktuell<\/div>\n\t\t\t\t\t                        <div class=\"sxc-advantages-item__list__inner__element\">Exzellenter Service an den SIXT Stationen<\/div>\n\t\t\t\t\t                <\/div>\n            <\/div>\n\t\t\t\t\t\t    <\/div>\n\n    <div class=\"sxc-advantages-item hidden\" data-tab=\"2\">\n\t\t\t\t\t<h3 class=\"sxc-advantages-item__headline\">SIMPLE PROZESSE<\/h3>\t\t\t\t            <div class=\"sxc-advantages-item__list\">\n                <div class=\"sxc-advantages-item__list__toggler\">Mehr Infos<\/div>\n                <div class=\"sxc-advantages-item__list__inner\">\n\t\t\t\t\t                        <div class=\"sxc-advantages-item__list__inner__element\">Einfache und schnelle Buchung<\/div>\n\t\t\t\t\t                        <div class=\"sxc-advantages-item__list__inner__element\">Unkomplizierte Fahrzeug\u00fcbernahme<\/div>\n\t\t\t\t\t                        <div class=\"sxc-advantages-item__list__inner__element\">Auto jederzeit wieder an der Station abgeben<\/div>\n\t\t\t\t\t                <\/div>\n            <\/div>\n\t\t\t\t\t\t    <\/div>\n\n<\/div>\n    <\/div>\n    <script>\n      window.addEventListener('load', () => {\n        new SxcAdvantages(\".sxc-advantages__tabs__tab\", \".sxc-advantages-item\",\n            \".sxc-advantages-item__list__toggler\", \".sxc-advantages-item__list__inner\");\n      });\n    <\/script>\n\n<div class=\"sxc-next-steps wbq_add_params_on_clickout\">\n\t<div class=\"sxc-next-steps__headline\">SO GEHT ES: WENIGE SCHRITTE ZUR AUTO LANGZEITMIETE<\/div>    <div class=\"sxc-next-steps__inner\">\n\t\t\n<div class=\"sxc-next-steps-item\">\n    <div class=\"sxc-next-steps-item__icon\"><img src=\"https:\/\/corporate.sixt.com\/de-ch\/wp-content\/uploads\/sites\/11\/2023\/05\/sixt.com-vt-gastronomie-ico-desktop-smartphone-40.svg\" alt=\"\"><\/div>\n\t<div class=\"sxc-next-steps-item__headline\">ONLINE ANMELDEN<\/div>    <div class=\"sxc-next-steps-item__overview\">Geben Sie Ihre Daten online ein und machen Sie einige wenige Angaben zu Ihrem Mobilit\u00e4tsbedarf, sodass wir das perfekte Angebot f\u00fcr Sie zusammenstellen k\u00f6nnen. Ihre Raten sehen Sie entweder direkt ein oder unser Expertenteam meldet sich bei Ihnen f\u00fcr eine individuelle Mobilit\u00e4tsberatung.<\/div>\n<\/div>\n<div class=\"sxc-next-steps-item\">\n    <div class=\"sxc-next-steps-item__icon\"><img src=\"https:\/\/corporate.sixt.com\/de-ch\/wp-content\/uploads\/sites\/11\/2023\/07\/sixt.com-digitale-mobilitaetsservices-fuer-reisende-ico-car-phone-radio-waves-40.svg\" alt=\"\"><\/div>\n\t<div class=\"sxc-next-steps-item__headline\">ANGEBOT ERHALTEN<\/div>    <div class=\"sxc-next-steps-item__overview\">Ihre Raten best\u00e4tigen Sie mit nur einem Klick - und schon k\u00f6nnen Sie Ihre verg\u00fcnstigten Firmenkonditionen nutzen. Bei R\u00fcckfragen meldet sich unser Fachteam bei Ihnen.<\/div>\n<\/div>\n<div class=\"sxc-next-steps-item\">\n    <div class=\"sxc-next-steps-item__icon\"><img src=\"https:\/\/corporate.sixt.com\/de-ch\/wp-content\/uploads\/sites\/11\/2023\/05\/sixt.com-vt-gastronomie-ico-cars-vans-40.svg\" alt=\"\"><\/div>\n\t<div class=\"sxc-next-steps-item__headline\">FAHRZEUG BEDARFSGERECHT BUCHEN<\/div>    <div class=\"sxc-next-steps-item__overview\">Gewohnten Buchungskanal nutzen und Firmenwagen Langzeitmiete mit SIXT per Web, App, oder einen externen Buchungskanal reservieren.<\/div>\n<\/div>\n<div class=\"sxc-next-steps-item\">\n    <div class=\"sxc-next-steps-item__icon\"><img src=\"https:\/\/corporate.sixt.com\/de-ch\/wp-content\/uploads\/sites\/11\/2023\/07\/sixt.com-miettransporter-individualisieren-ico-passwordmanager.svg\" alt=\"\"><\/div>\n\t<div class=\"sxc-next-steps-item__headline\">AUTO ABHOLEN UND LOSFAHREN<\/div>    <div class=\"sxc-next-steps-item__overview\">Auto an der SIXT Station abholen oder per Zustellservice liefern lassen, einsteigen und los geht\u2019s.<\/div>\n<\/div>\n    <\/div>\n    <div class=\"sxc-next-steps__cta\">\n        <a href=\"https:\/\/corporate-signup.sixt.com\/?lang=de&amp;country_code=ch&amp;product_type=sixt_plus\"\n           class=\"sxc-cta\">\n\t\t\tAngebot anfordern        <\/a>\n    <\/div>\n<\/div>\n","protected":false},"excerpt":{"rendered":"","protected":false},"author":48,"featured_media":0,"parent":0,"menu_order":0,"comment_status":"closed","ping_status":"closed","template":"","meta":[],"categories":[],"tags":[],"yst_prominent_words":[],"_links":{"self":[{"href":"https:\/\/corporate.sixt.com\/de-ch\/wp-json\/wp\/v2\/pages\/5928"}],"collection":[{"href":"https:\/\/corporate.sixt.com\/de-ch\/wp-json\/wp\/v2\/pages"}],"about":[{"href":"https:\/\/corporate.sixt.com\/de-ch\/wp-json\/wp\/v2\/types\/page"}],"author":[{"embeddable":true,"href":"https:\/\/corporate.sixt.com\/de-ch\/wp-json\/wp\/v2\/users\/48"}],"replies":[{"embeddable":true,"href":"https:\/\/corporate.sixt.com\/de-ch\/wp-json\/wp\/v2\/comments?post=5928"}],"version-history":[{"count":0,"href":"https:\/\/corporate.sixt.com\/de-ch\/wp-json\/wp\/v2\/pages\/5928\/revisions"}],"wp:attachment":[{"href":"https:\/\/corporate.sixt.com\/de-ch\/wp-json\/wp\/v2\/media?parent=5928"}],"wp:term":[{"taxonomy":"category","embeddable":true,"href":"https:\/\/corporate.sixt.com\/de-ch\/wp-json\/wp\/v2\/categories?post=5928"},{"taxonomy":"post_tag","embeddable":true,"href":"https:\/\/corporate.sixt.com\/de-ch\/wp-json\/wp\/v2\/tags?post=5928"},{"taxonomy":"yst_prominent_words","embeddable":true,"href":"https:\/\/corporate.sixt.com\/de-ch\/wp-json\/wp\/v2\/yst_prominent_words?post=5928"}],"curies":[{"name":"wp","href":"https:\/\/api.w.org\/{rel}","templated":true}]}}