{"id":6766,"date":"2025-01-09T14:32:38","date_gmt":"2025-01-09T12:32:38","guid":{"rendered":"https:\/\/sixtcorpstage.wpengine.com\/de-at\/?page_id=6766"},"modified":"2025-01-20T16:55:11","modified_gmt":"2025-01-20T14:55:11","slug":"lkw-langzeitmiete-infos","status":"publish","type":"page","link":"https:\/\/corporate.sixt.com\/de-at\/lkw-langzeitmiete-infos\/","title":{"rendered":"SEA_LKW-Langzeitmiete-infos"},"content":{"rendered":"<div class=\"sxc-hero wbq_add_params_on_clickout\">\n    <img class=\"sxc-hero__image\" src=\"https:\/\/corporate.sixt.com\/de-at\/wp-content\/uploads\/sites\/12\/2018\/12\/sixt.com-transporter-mieten-firmenkunden-hero-2-003.jpg\"\n         alt=\"TRANSPORTER UND LKW LANGZEITMIETE MIT SIXT\">\n    <div class=\"sxc-hero__inner\">\n\t\t<h1 class=\"sxc-hero__inner__headline\">TRANSPORTER UND LKW LANGZEITMIETE MIT SIXT<\/h1>        <div class=\"sxc-hero__inner__overview\">Mit der Nutzfahrzeug-Langzeitmiete ab 28 Tagen bietet SIXT eine optimale Alternative zu Kauf oder Leasing - und das ohne langfristige Bindung. Mit Transportern und LKWs in allen Gr\u00f6\u00dfen halten Sie Ihren Nutzfahrzeug-Fuhrpark flexibel.<\/div>\n    <\/div>\n\t        <div class=\"sxc-hero__cta\">\n            <a href=\"https:\/\/corporate-signup.sixt.com\/?lang=de&amp;country_code=at&amp;product_type=truck\"\n               class=\"sxc-cta\">\n\t\t\t\tJetzt Vorteile sichern            <\/a>\n        <\/div>\n\t<\/div>\n<div class=\"sxc-benefits-details sxc-benefits-details--behind-white\">\n    <div class=\"sxc-benefits-details__inner\">\n\t\t<h2 class=\"sxc-benefits-details__heading\">VORTEILE DER TRANSPORTER UND LKW LANGZEITMIETE<\/h2>        <div class=\"sxc-benefits-details__overview\">Die SIXT Nutzfahrzeugflotte steht Ihnen als \u00dcbergangs- oder Dauerl\u00f6sung zur Verf\u00fcgung. Erg\u00e4nzen Sie Ihren Fuhrpark oder stellen Sie vollst\u00e4ndig auf Langzeitmieten um und genie\u00dfen Sie unz\u00e4hlige Vorteile zu Kauf oder Leasing.<\/div>\n        <div class=\"sxc-benefits-details__columns\" style=\"grid-template-columns: repeat(4, 1fr)\">\n\t\t\t\n<div class=\"sxc-benefits-details-column__icon\">\n\t        <img src=\"https:\/\/corporate.sixt.com\/de-at\/wp-content\/uploads\/sites\/12\/2023\/05\/sixt.com-digitale-mobilitaetsservices-fuer-reisende-ico-during-rental-40.svg\" alt=\"AUF DIREKTEM WEG ZUM RICHTIGEN FAHRZEUG\">\n\t<\/div>\n<h3 class=\"sxc-benefits-details-column__heading\">AUF DIREKTEM WEG ZUM RICHTIGEN FAHRZEUG<\/h3><div class=\"sxc-benefits-details-column__contents\">\n    <ul class=\"sxc-benefits-details-column__list\">\n\t\t\t\t\t                <li class=\"sxc-benefits-details-column__list-item\">Nutzfahrzeuge an vielen Stationen verf\u00fcgbar<\/li>\n\t\t\t                <li class=\"sxc-benefits-details-column__list-item\">Modellgarantie nach Absprache<\/li>\n\t\t\t                <li class=\"sxc-benefits-details-column__list-item\">Transporter und LKWs aller Klassen<\/li>\n\t\t\t\t\t    <\/ul>\n    <div class=\"sxc-benefits-details-column__link\">\n\t\t    <\/div>\n<\/div>\n<div class=\"sxc-benefits-details-column__icon\">\n\t        <img src=\"https:\/\/corporate.sixt.com\/de-at\/wp-content\/uploads\/sites\/12\/2023\/05\/sixt.com-miettransporter-individualisieren-ico-currency.svg\" alt=\"BESTE FIRMENKONDITIONEN\">\n\t<\/div>\n<h3 class=\"sxc-benefits-details-column__heading\">BESTE FIRMENKONDITIONEN<\/h3><div class=\"sxc-benefits-details-column__contents\">\n    <ul class=\"sxc-benefits-details-column__list\">\n\t\t\t\t\t                <li class=\"sxc-benefits-details-column__list-item\">Transparente Preisstruktur<\/li>\n\t\t\t                <li class=\"sxc-benefits-details-column__list-item\">Keine Anschaffungskosten<\/li>\n\t\t\t                <li class=\"sxc-benefits-details-column__list-item\">Firmentarif mit bis zu 15% Rabatt<\/li>\n\t\t\t\t\t    <\/ul>\n    <div class=\"sxc-benefits-details-column__link\">\n\t\t    <\/div>\n<\/div>\n<div class=\"sxc-benefits-details-column__icon\">\n\t        <img src=\"https:\/\/corporate.sixt.com\/de-at\/wp-content\/uploads\/sites\/12\/2023\/05\/sixt.com-miettransporter-individualisieren-ico-stripedclock.svg\" alt=\"GEM\u00c4SS IHREM NUTZFAHRZEUGBEDARF\">\n\t<\/div>\n<h3 class=\"sxc-benefits-details-column__heading\">GEM\u00c4SS IHREM NUTZFAHRZEUGBEDARF<\/h3><div class=\"sxc-benefits-details-column__contents\">\n    <ul class=\"sxc-benefits-details-column__list\">\n\t\t\t\t\t                <li class=\"sxc-benefits-details-column__list-item\">Schutz- und Kilometerpakete w\u00e4hlbar<\/li>\n\t\t\t                <li class=\"sxc-benefits-details-column__list-item\">Ausstattung und Zubeh\u00f6roptionen<\/li>\n\t\t\t                <li class=\"sxc-benefits-details-column__list-item\">M\u00f6glichkeit der Fahrzeugbeklebung nach Ihren Vorgaben<\/li>\n\t\t\t\t\t    <\/ul>\n    <div class=\"sxc-benefits-details-column__link\">\n\t\t    <\/div>\n<\/div>\n<div class=\"sxc-benefits-details-column__icon\">\n\t        <img src=\"https:\/\/corporate.sixt.com\/de-at\/wp-content\/uploads\/sites\/12\/2021\/04\/sixt.com-sixt-plus-icon-premiumflotte-1.png\" alt=\"SORGLOS MIETEN\">\n\t<\/div>\n<h3 class=\"sxc-benefits-details-column__heading\">SORGLOS MIETEN<\/h3><div class=\"sxc-benefits-details-column__contents\">\n    <ul class=\"sxc-benefits-details-column__list\">\n\t\t\t\t\t                <li class=\"sxc-benefits-details-column__list-item\">Kein Reparatur-\/Wartungsaufwand<\/li>\n\t\t\t                <li class=\"sxc-benefits-details-column__list-item\">Ersatzfahrzeuge bei Ausfall<\/li>\n\t\t\t                <li class=\"sxc-benefits-details-column__list-item\">Entsprechen aktuellen Abgasnormen<\/li>\n\t\t\t\t\t    <\/ul>\n    <div class=\"sxc-benefits-details-column__link\">\n\t\t    <\/div>\n<\/div>\n        <\/div>\n    <\/div>\n\t<\/div>\n\n<div class=\"sxc-features-teasers wbq_add_params_on_clickout\" id=\"sxc_ft_69d0d273d50678_61873482\">\n\t<h2 class=\"sxc-features-teasers__heading\">VORTEILE F\u00dcR LOGISTIK UND TRANSPORT MIT DER SIXT FAHRZEUGMIETE<\/h2>    <div class=\"sxc-features-teasers__list\">\n\t\t\n<div class=\"sxc-features-teasers-item\">\n    <div class=\"sxc-features-teasers-item__image\">\n\t\t            <img src=\"https:\/\/corporate.sixt.com\/de-at\/wp-content\/uploads\/sites\/12\/2021\/08\/sixt.com-lkw-langzeitmiete-sixt.com-lieferdienst-gruenden-lieferdienst-gruenden-mit-sixt-1030x639-1.jpg\" alt=\"SPONTANER MEHRBEDARF AN NUTZFAHRZEUGEN\">\n\t\t    <\/div>\n\t<h3 class=\"sxc-features-teasers-item__heading\">SPONTANER MEHRBEDARF AN NUTZFAHRZEUGEN<\/h3>    <div class=\"sxc-features-teasers-item__content\">\n        <div class=\"sxc-features-teasers-item__content-title\">\n            <img src=\"\/wp-content\/themes\/sixt\/images\/chevron-right.svg\" alt=\"Toggle\">\n            <div><\/div>\n        <\/div>\n        <div class=\"sxc-features-teasers-item__content-inner\">\n            <div class=\"sxc-features-teasers-item__text\">Die Produktion l\u00e4uft auf Hochtouren - Sie haben Mehrbedarf an Nutzfahrzeugen zur Auslieferung Ihrer Waren. Kein Problem mit der Transporter und LKW Langzeitmiete von SIXT. Stocken Sie Ihren Fuhrpark auf - jederzeit und unkompliziert. Die optimale L\u00f6sung f\u00fcr Paketdienstleister, Landwirtschaftsbetriebe und Lieferdienste.<\/div>\n\t\t\t        <\/div>\n    <\/div>\n\t        <div class=\"sxc-features-teasers-item__link\">\n            <a href=\"https:\/\/corporate-signup.sixt.com\/?lang=de&amp;country_code=at&amp;product_type=truck\" class=\"sxc-link\">\n\t\t\t\tUnverbindlich anfragen            <\/a>\n        <\/div>\n\t<\/div>\n<div class=\"sxc-features-teasers-item\">\n    <div class=\"sxc-features-teasers-item__image\">\n\t\t            <img src=\"https:\/\/corporate.sixt.com\/de-at\/wp-content\/uploads\/sites\/12\/2021\/08\/sixt.com-lkw-langzeitmiete-saisongeschaeft.jpg\" alt=\"F\u00dcR DAS SAISONGESCH\u00c4FT GEWAPPNET\">\n\t\t    <\/div>\n\t<h3 class=\"sxc-features-teasers-item__heading\">F\u00dcR DAS SAISONGESCH\u00c4FT GEWAPPNET<\/h3>    <div class=\"sxc-features-teasers-item__content\">\n        <div class=\"sxc-features-teasers-item__content-title\">\n            <img src=\"\/wp-content\/themes\/sixt\/images\/chevron-right.svg\" alt=\"Toggle\">\n            <div><\/div>\n        <\/div>\n        <div class=\"sxc-features-teasers-item__content-inner\">\n            <div class=\"sxc-features-teasers-item__text\">Ihre Transportl\u00f6sung bei saisonalem Gesch\u00e4ft: keine ungenutzten Fahrzeuge au\u00dferhalb der Erntezeit, Messe-Saison oder bei Schlechtwetter im Baugewerbe. Mit der Nutzfahrzeug Langzeitmiete anstelle von eigenen Transportern oder LKWs geben Sie Ihr Fahrzeug zum Ende der Saison einfach wieder ab. Clevere Mobilit\u00e4t mit SIXT.<\/div>\n\t\t\t        <\/div>\n    <\/div>\n\t        <div class=\"sxc-features-teasers-item__link\">\n            <a href=\"https:\/\/corporate-signup.sixt.com\/?lang=de&amp;country_code=at&amp;product_type=truck\" class=\"sxc-link\">\n\t\t\t\tJetzt kostenlos registrieren            <\/a>\n        <\/div>\n\t<\/div>\n<div class=\"sxc-features-teasers-item\">\n    <div class=\"sxc-features-teasers-item__image\">\n\t\t            <img src=\"https:\/\/corporate.sixt.com\/de-at\/wp-content\/uploads\/sites\/12\/2021\/08\/sixt.com-lkw-langzeitmiete-investionsfreier-fuhrpark.jpeg\" alt=\"IHR RISIKO- UND INVESTIONSFREIER NUTZFAHRZEUG-FUHRPARK\">\n\t\t    <\/div>\n\t<h3 class=\"sxc-features-teasers-item__heading\">IHR RISIKO- UND INVESTIONSFREIER NUTZFAHRZEUG-FUHRPARK<\/h3>    <div class=\"sxc-features-teasers-item__content\">\n        <div class=\"sxc-features-teasers-item__content-title\">\n            <img src=\"\/wp-content\/themes\/sixt\/images\/chevron-right.svg\" alt=\"Toggle\">\n            <div><\/div>\n        <\/div>\n        <div class=\"sxc-features-teasers-item__content-inner\">\n            <div class=\"sxc-features-teasers-item__text\">Betriebsausgabe statt Bankkredit: Mit Nutzfahrzeugen zur Miete wird Ihre Bilanz nicht belastet. Der transparente monatliche Festpreis von Transporter und LKW Langzeitmieten erleichtert die finanzielle Planung. Die lange Haltedauer beim Leasing und die Investitionskosten f\u00fcr den Kauf eigener Fahrzeuge geh\u00f6ren damit der Vergangenheit an.<\/div>\n\t\t\t        <\/div>\n    <\/div>\n\t        <div class=\"sxc-features-teasers-item__link\">\n            <a href=\"https:\/\/corporate-signup.sixt.com\/?lang=de&amp;country_code=at&amp;product_type=truck\" class=\"sxc-link\">\n\t\t\t\tFirmentarif sichern             <\/a>\n        <\/div>\n\t<\/div>\n<div class=\"sxc-features-teasers-item\">\n    <div class=\"sxc-features-teasers-item__image\">\n\t\t            <img src=\"https:\/\/corporate.sixt.com\/de-at\/wp-content\/uploads\/sites\/12\/2021\/08\/sixt.com-lkw-langzeitmiete-spontaner-mehrbedarf.jpeg\" alt=\"SCHNELL ANMIETEN - FLEXIBEL ZUR\u00dcCKGEBEN\">\n\t\t    <\/div>\n\t<h3 class=\"sxc-features-teasers-item__heading\">SCHNELL ANMIETEN - FLEXIBEL ZUR\u00dcCKGEBEN<\/h3>    <div class=\"sxc-features-teasers-item__content\">\n        <div class=\"sxc-features-teasers-item__content-title\">\n            <img src=\"\/wp-content\/themes\/sixt\/images\/chevron-right.svg\" alt=\"Toggle\">\n            <div><\/div>\n        <\/div>\n        <div class=\"sxc-features-teasers-item__content-inner\">\n            <div class=\"sxc-features-teasers-item__text\">Sie m\u00f6chten Ihre Flotte einfach und schnell mit Transportern und LKWs ausstatten? Die Nutzfahrzeuge von SIXT sind in wenigen Tagen verf\u00fcgbar und k\u00f6nnen jederzeit ein- und wieder ausgeflottet werden. So entstehen keine l\u00e4ngeren Standzeiten.<\/div>\n\t\t\t        <\/div>\n    <\/div>\n\t        <div class=\"sxc-features-teasers-item__link\">\n            <a href=\"https:\/\/corporate-signup.sixt.com\/?lang=de&amp;country_code=at&amp;product_type=truck\" class=\"sxc-link\">\n\t\t\t\tJetzt Firmenkunde werden            <\/a>\n        <\/div>\n\t<\/div>\n    <\/div>\n\t<\/div>\n<script>\n  window.addEventListener('load', () => {\n    new SxcFeaturesTeasers(document.getElementById('sxc_ft_69d0d273d50678_61873482'));\n  });\n<\/script>\n    <div class=\"sxc-advantages sxc-advantages--light sxc-advantages--layout-four sxc-advantages--headline-default\">\n\t\t\t\t<h2 class=\"sxc-advantages__headline\">DIE VORTEILE F\u00dcR ENTSCHEIDER UND FAHRER<\/h2>\t\t            <div class=\"sxc-advantages__tabs\">\n\t\t\t\t                    <div class=\"sxc-advantages__tabs__tab sxc-cta\">Entscheider<\/div>\n\t\t\t\t                    <div class=\"sxc-advantages__tabs__tab sxc-cta\">Fahrer<\/div>\n\t\t\t\t            <\/div>\n\t\t        <div class=\"sxc-advantages__inner\">\n    <div class=\"sxc-advantages-item hidden\" data-tab=\"1\">\n\t\t\t\t\t<h3 class=\"sxc-advantages-item__headline\">ABSOLUTE VERL\u00c4SSLICHKEIT<\/h3>\t\t\t\t            <div class=\"sxc-advantages-item__list\">\n                <div class=\"sxc-advantages-item__list__toggler\">More Info<\/div>\n                <div class=\"sxc-advantages-item__list__inner\">\n\t\t\t\t\t                        <div class=\"sxc-advantages-item__list__inner__element\">Reparatur und Wartung inklusive<\/div>\n\t\t\t\t\t                        <div class=\"sxc-advantages-item__list__inner__element\">Sofort Ersatz bei Ausfall<\/div>\n\t\t\t\t\t                        <div class=\"sxc-advantages-item__list__inner__element\">Neueste Modelle von Premiummarken<\/div>\n\t\t\t\t\t                <\/div>\n            <\/div>\n\t\t\t\t\t\t    <\/div>\n\n    <div class=\"sxc-advantages-item hidden\" data-tab=\"1\">\n\t\t\t\t\t<h3 class=\"sxc-advantages-item__headline\">TRANSPARENTE KONDITIONEN<\/h3>\t\t\t\t            <div class=\"sxc-advantages-item__list\">\n                <div class=\"sxc-advantages-item__list__toggler\">More Info<\/div>\n                <div class=\"sxc-advantages-item__list__inner\">\n\t\t\t\t\t                        <div class=\"sxc-advantages-item__list__inner__element\">Bis zu 15% Firmenkundenrabatt<\/div>\n\t\t\t\t\t                        <div class=\"sxc-advantages-item__list__inner__element\">\u00dcbersichtliche Preisstruktur<\/div>\n\t\t\t\t\t                        <div class=\"sxc-advantages-item__list__inner__element\">Verschiedene Schutz- und Kilometerpakete<\/div>\n\t\t\t\t\t                <\/div>\n            <\/div>\n\t\t\t\t\t\t    <\/div>\n\n    <div class=\"sxc-advantages-item hidden\" data-tab=\"1\">\n\t\t\t\t\t<h3 class=\"sxc-advantages-item__headline\">GROSSE MODELLAUSWAHL<\/h3>\t\t\t\t            <div class=\"sxc-advantages-item__list\">\n                <div class=\"sxc-advantages-item__list__toggler\">More Info<\/div>\n                <div class=\"sxc-advantages-item__list__inner\">\n\t\t\t\t\t                        <div class=\"sxc-advantages-item__list__inner__element\">Alle Gr\u00f6\u00dfen von Kleintransporter bis 12-Tonner<\/div>\n\t\t\t\t\t                        <div class=\"sxc-advantages-item__list__inner__element\">Modellgarantie nach Absprache<\/div>\n\t\t\t\t\t                        <div class=\"sxc-advantages-item__list__inner__element\">Verschiedene Ausf\u00fchrungen verf\u00fcgbar<\/div>\n\t\t\t\t\t                <\/div>\n            <\/div>\n\t\t\t\t\t\t    <\/div>\n\n    <div class=\"sxc-advantages-item hidden\" data-tab=\"1\">\n\t\t\t\t\t<h3 class=\"sxc-advantages-item__headline\">INDIVIDUELLE L\u00d6SUNGEN<\/h3>\t\t\t\t            <div class=\"sxc-advantages-item__list\">\n                <div class=\"sxc-advantages-item__list__toggler\">More Info<\/div>\n                <div class=\"sxc-advantages-item__list__inner\">\n\t\t\t\t\t                        <div class=\"sxc-advantages-item__list__inner__element\">Firmenbeschriftung auf Anfrage m\u00f6glich<\/div>\n\t\t\t\t\t                        <div class=\"sxc-advantages-item__list__inner__element\">Ausstattung und Zubeh\u00f6r optional w\u00e4hlbar<\/div>\n\t\t\t\t\t                        <div class=\"sxc-advantages-item__list__inner__element\">Beratung durch pers\u00f6nlichen Ansprechpartner<\/div>\n\t\t\t\t\t                <\/div>\n            <\/div>\n\t\t\t\t\t\t    <\/div>\n\n    <div class=\"sxc-advantages-item hidden\" data-tab=\"2\">\n\t\t\t\t\t<h3 class=\"sxc-advantages-item__headline\">H\u00d6CHSTM\u00d6GLICHE SICHERHEIT<\/h3>\t\t\t\t            <div class=\"sxc-advantages-item__list\">\n                <div class=\"sxc-advantages-item__list__toggler\">More Info<\/div>\n                <div class=\"sxc-advantages-item__list__inner\">\n\t\t\t\t\t                        <div class=\"sxc-advantages-item__list__inner__element\">24\/7 Pannenservice<\/div>\n\t\t\t\t\t                        <div class=\"sxc-advantages-item__list__inner__element\">Individuelle Schutzpakete<\/div>\n\t\t\t\t\t                        <div class=\"sxc-advantages-item__list__inner__element\">Aktuellste Sicherheitstechnologien<\/div>\n\t\t\t\t\t                <\/div>\n            <\/div>\n\t\t\t\t\t\t    <\/div>\n\n    <div class=\"sxc-advantages-item hidden\" data-tab=\"2\">\n\t\t\t\t\t<h3 class=\"sxc-advantages-item__headline\">MODERNE FAHRZEUGFLOTTE<\/h3>\t\t\t\t            <div class=\"sxc-advantages-item__list\">\n                <div class=\"sxc-advantages-item__list__toggler\">More Info<\/div>\n                <div class=\"sxc-advantages-item__list__inner\">\n\t\t\t\t\t                        <div class=\"sxc-advantages-item__list__inner__element\">Neueste Modelle der Premiummarken<\/div>\n\t\t\t\t\t                        <div class=\"sxc-advantages-item__list__inner__element\">Automatikgetriebe m\u00f6glich<\/div>\n\t\t\t\t\t                        <div class=\"sxc-advantages-item__list__inner__element\">Klimaanlage, Zusatzmaterial, Hebeb\u00fchne verf\u00fcgbar<\/div>\n\t\t\t\t\t                <\/div>\n            <\/div>\n\t\t\t\t\t\t    <\/div>\n\n    <div class=\"sxc-advantages-item hidden\" data-tab=\"2\">\n\t\t\t\t\t<h3 class=\"sxc-advantages-item__headline\">PRAKTISCHE HILFESTELLUNGEN<\/h3>\t\t\t\t            <div class=\"sxc-advantages-item__list\">\n                <div class=\"sxc-advantages-item__list__toggler\">More Info<\/div>\n                <div class=\"sxc-advantages-item__list__inner\">\n\t\t\t\t\t                        <div class=\"sxc-advantages-item__list__inner__element\">Fahrzeugeinweisung auf Wunsch<\/div>\n\t\t\t\t\t                        <div class=\"sxc-advantages-item__list__inner__element\">Anleitung bei Schadensmeldungen<\/div>\n\t\t\t\t\t                        <div class=\"sxc-advantages-item__list__inner__element\">Zahlreiche Assistenzsysteme<\/div>\n\t\t\t\t\t                <\/div>\n            <\/div>\n\t\t\t\t\t\t    <\/div>\n\n    <div class=\"sxc-advantages-item hidden\" data-tab=\"2\">\n\t\t\t\t\t<h3 class=\"sxc-advantages-item__headline\"> KEINE L\u00c4STIGEN H\u00dcRDEN<\/h3>\t\t\t\t            <div class=\"sxc-advantages-item__list\">\n                <div class=\"sxc-advantages-item__list__toggler\">More Info<\/div>\n                <div class=\"sxc-advantages-item__list__inner\">\n\t\t\t\t\t                        <div class=\"sxc-advantages-item__list__inner__element\">Transporter bis 3,5 Tonnen mit normalem F\u00fchrerschein fahren<\/div>\n\t\t\t\t\t                        <div class=\"sxc-advantages-item__list__inner__element\">100% der Fahrzeuge entsprechen Euro-6-Norm f\u00fcr Umweltzonen<\/div>\n\t\t\t\t\t                        <div class=\"sxc-advantages-item__list__inner__element\">Einfacher R\u00fcckgabe-Prozess<\/div>\n\t\t\t\t\t                <\/div>\n            <\/div>\n\t\t\t\t\t\t    <\/div>\n\n<\/div>\n    <\/div>\n    <script>\n      window.addEventListener('load', () => {\n        new SxcAdvantages(\".sxc-advantages__tabs__tab\", \".sxc-advantages-item\",\n            \".sxc-advantages-item__list__toggler\", \".sxc-advantages-item__list__inner\");\n      });\n    <\/script>\n\n<div class=\"sxc-next-steps\">\n\t<div class=\"sxc-next-steps__headline\">IN 4 SCHRITTEN ZU IHRER TRANSPORTER &amp; LKW LANGZEITMIETE<\/div>    <div class=\"sxc-next-steps__inner\">\n\t\t\n<div class=\"sxc-next-steps-item\">\n    <div class=\"sxc-next-steps-item__icon\"><img src=\"\" alt=\"\"><\/div>\n\t<div class=\"sxc-next-steps-item__headline\">EINFACH ANMELDEN<\/div>    <div class=\"sxc-next-steps-item__overview\">Schnell und einfach: Daten in das Onlineformular eingeben und den individuellen Bedarf angeben. Sie bleiben dabei absolut unverbindlich.<\/div>\n<\/div>\n<div class=\"sxc-next-steps-item\">\n    <div class=\"sxc-next-steps-item__icon\"><img src=\"\" alt=\"\"><\/div>\n\t<div class=\"sxc-next-steps-item__headline\">ANGEBOT ERHALTEN<\/div>    <div class=\"sxc-next-steps-item__overview\">Sie erhalten umgehend ein Angebot, das auf Ihren Bedarf ma\u00dfgeschneidert ist. Einfach best\u00e4tigen und los geht\u2019s.<\/div>\n<\/div>\n<div class=\"sxc-next-steps-item\">\n    <div class=\"sxc-next-steps-item__icon\"><img src=\"\" alt=\"\"><\/div>\n\t<div class=\"sxc-next-steps-item__headline\">MIT FIRMENRABATT BUCHEN<\/div>    <div class=\"sxc-next-steps-item__overview\">Ihre Transporter und LKWs buchen Sie ab sofort zum individuellen Firmentarif mit bis zu 15% Rabatt auf den Privatkundenpreis.<\/div>\n<\/div>\n<div class=\"sxc-next-steps-item\">\n    <div class=\"sxc-next-steps-item__icon\"><img src=\"\" alt=\"\"><\/div>\n\t<div class=\"sxc-next-steps-item__headline\">ABHOLEN UND LOSFAHREN<\/div>    <div class=\"sxc-next-steps-item__overview\">LKW oder Transporter an der SIXT Station abholen, einsteigen und solange nutzen, wie Sie ihn brauchen.<\/div>\n<\/div>\n    <\/div>\n    <div class=\"sxc-next-steps__cta\">\n        <a href=\"https:\/\/corporate-signup.sixt.com\/?lang=de&amp;country_code=at&amp;product_type=truck\"\n           class=\"sxc-cta\">\n\t\t\tJetzt profitieren        <\/a>\n    <\/div>\n<\/div>\n<div class=\"sxc-seo-links\">\n    <div class=\"sxc-seo-links__text\">\n\t\t<div class=\"sxc-seo-links__text__title\">MEHR INFOS<\/div>        <div class=\"sxc-seo-links__text__overview\"><\/div>\n    <\/div>\n    <div class=\"sxc-seo-links__inner\">\n\t\t\n<div class=\"sxc-seo-link\">\n    <div class=\"sxc-seo-link__icon\">\n\t\t            <img src=\"https:\/\/corporate.sixt.com\/de-at\/wp-content\/uploads\/sites\/12\/2021\/08\/sixt.com-bmw-3er-limousine-2-1.jpg\" alt=\"DIE SIXT BUSINESS VORTEILE\">\n\t\t    <\/div>\n    <div class=\"sxc-seo-link__body\">\n\t\t<div class=\"sxc-seo-link__body__headline\">DIE SIXT BUSINESS VORTEILE<\/div>        <a class=\"sxc-link\"\n           href=\"https:\/\/corporate.sixt.com\/de-at\/sixt-business-vorteile\/\">Infos zu B2B Vorteilen<\/a>\n    <\/div>\n<\/div>\n\n<div class=\"sxc-seo-link\">\n    <div class=\"sxc-seo-link__icon\">\n\t\t            <img src=\"https:\/\/corporate.sixt.com\/de-at\/wp-content\/uploads\/sites\/12\/2019\/10\/sixt.com-firmenwagen-privatnutzung.jpg\" alt=\"SIXT AUTO LANGZEITMIETE\">\n\t\t    <\/div>\n    <div class=\"sxc-seo-link__body\">\n\t\t<div class=\"sxc-seo-link__body__headline\">SIXT AUTO LANGZEITMIETE<\/div>        <a class=\"sxc-link\"\n           href=\"https:\/\/corporate.sixt.com\/de-at\/auto-langzeitmiete\/\">Infos zur SIXT Langzeitmiete<\/a>\n    <\/div>\n<\/div>\n\n<div class=\"sxc-seo-link\">\n    <div class=\"sxc-seo-link__icon\">\n\t\t            <img src=\"https:\/\/corporate.sixt.com\/de-at\/wp-content\/uploads\/sites\/12\/2022\/11\/sixt.com-cleveres-zum-arbeitsweg-alles-rund-ums-pendeln-sixt.com-cleveres-zum-arbeitsweg-alles-rund-ums-pendeln-arbeitsweg-pendeln.jpeg\" alt=\"SIXT PLUS AUTO ABO\">\n\t\t    <\/div>\n    <div class=\"sxc-seo-link__body\">\n\t\t<div class=\"sxc-seo-link__body__headline\">SIXT PLUS AUTO ABO<\/div>        <a class=\"sxc-link\"\n           href=\"https:\/\/corporate.sixt.com\/de-at\/sixt-plus-auto-abo\/\">Infos zum SIXT Auto Abo<\/a>\n    <\/div>\n<\/div>\n\n<div class=\"sxc-seo-link\">\n    <div class=\"sxc-seo-link__icon\">\n\t\t            <img src=\"https:\/\/corporate.sixt.com\/de-at\/wp-content\/uploads\/sites\/12\/2019\/10\/sixt.com-fahrtenbuch-fahrtenbuch.jpg\" alt=\"SIXT NUTZFAHRZEUGE MIETEN\">\n\t\t    <\/div>\n    <div class=\"sxc-seo-link__body\">\n\t\t<div class=\"sxc-seo-link__body__headline\">SIXT NUTZFAHRZEUGE MIETEN<\/div>        <a class=\"sxc-link\"\n           href=\"https:\/\/corporate.sixt.com\/de-at\/sixt-nutzfahrzeuge-mieten\/\">Infos zu SIXT Nutzfahrzeugen<\/a>\n    <\/div>\n<\/div>\n\n<div class=\"sxc-seo-link\">\n    <div class=\"sxc-seo-link__icon\">\n\t\t            <img src=\"https:\/\/corporate.sixt.com\/de-at\/wp-content\/uploads\/sites\/12\/2020\/10\/sixt.com-betriebliche-mobilitaet-betriebliche-mobilitaet.jpeg\" alt=\"SIXT LKW LANGZEITMIETE\">\n\t\t    <\/div>\n    <div class=\"sxc-seo-link__body\">\n\t\t<div class=\"sxc-seo-link__body__headline\">SIXT LKW LANGZEITMIETE<\/div>        <a class=\"sxc-link\"\n           href=\"https:\/\/corporate.sixt.com\/de-at\/lkw-langzeitmiete-infos\">Infos zur SIXT LKW Langzeitmiete<\/a>\n    <\/div>\n<\/div>\n\n<div class=\"sxc-seo-link\">\n    <div class=\"sxc-seo-link__icon\">\n\t\t            <img src=\"https:\/\/corporate.sixt.com\/de-at\/wp-content\/uploads\/sites\/12\/2019\/08\/sixt.com-mobility-as-a-service-mobility-as-a-service-maas-sixt-autoschluessel.jpg\" alt=\"SIXT DIENSTWAGENALTERNATIVEN\">\n\t\t    <\/div>\n    <div class=\"sxc-seo-link__body\">\n\t\t<div class=\"sxc-seo-link__body__headline\">SIXT DIENSTWAGENALTERNATIVEN<\/div>        <a class=\"sxc-link\"\n           href=\"https:\/\/corporate.sixt.com\/de-at\/dienstwagenalternativen-infos\/\">Infos zu SIXT Dienstwagenalternativen<\/a>\n    <\/div>\n<\/div>\n\n    <\/div>\n<\/div>\n\n","protected":false},"excerpt":{"rendered":"","protected":false},"author":48,"featured_media":0,"parent":0,"menu_order":0,"comment_status":"closed","ping_status":"closed","template":"","meta":[],"categories":[],"tags":[],"yst_prominent_words":[],"_links":{"self":[{"href":"https:\/\/corporate.sixt.com\/de-at\/wp-json\/wp\/v2\/pages\/6766"}],"collection":[{"href":"https:\/\/corporate.sixt.com\/de-at\/wp-json\/wp\/v2\/pages"}],"about":[{"href":"https:\/\/corporate.sixt.com\/de-at\/wp-json\/wp\/v2\/types\/page"}],"author":[{"embeddable":true,"href":"https:\/\/corporate.sixt.com\/de-at\/wp-json\/wp\/v2\/users\/48"}],"replies":[{"embeddable":true,"href":"https:\/\/corporate.sixt.com\/de-at\/wp-json\/wp\/v2\/comments?post=6766"}],"version-history":[{"count":0,"href":"https:\/\/corporate.sixt.com\/de-at\/wp-json\/wp\/v2\/pages\/6766\/revisions"}],"wp:attachment":[{"href":"https:\/\/corporate.sixt.com\/de-at\/wp-json\/wp\/v2\/media?parent=6766"}],"wp:term":[{"taxonomy":"category","embeddable":true,"href":"https:\/\/corporate.sixt.com\/de-at\/wp-json\/wp\/v2\/categories?post=6766"},{"taxonomy":"post_tag","embeddable":true,"href":"https:\/\/corporate.sixt.com\/de-at\/wp-json\/wp\/v2\/tags?post=6766"},{"taxonomy":"yst_prominent_words","embeddable":true,"href":"https:\/\/corporate.sixt.com\/de-at\/wp-json\/wp\/v2\/yst_prominent_words?post=6766"}],"curies":[{"name":"wp","href":"https:\/\/api.w.org\/{rel}","templated":true}]}}